{"id":26745,"date":"2021-12-20T10:19:08","date_gmt":"2021-12-20T10:19:08","guid":{"rendered":"https:\/\/www.glyphosate.eu\/useful-information\/"},"modified":"2022-01-14T15:14:46","modified_gmt":"2022-01-14T15:14:46","slug":"useful-information","status":"publish","type":"page","link":"https:\/\/www.glyphosate.eu\/sv\/useful-information\/","title":{"rendered":"Praktisk information"},"content":{"rendered":"<p>Glyfosatbaserade v\u00e4xtskyddsmedel \u00e4r, n\u00e4r de anv\u00e4nds enligt anvisningarna p\u00e5 etiketten, ett s\u00e4kert och effektivt verktyg f\u00f6r att bek\u00e4mpa ogr\u00e4s som skulle \u00e4ventyra jordbruksproduktion, s\u00e4rskilt genom att begr\u00e4nsa gr\u00f6dors produktivitet och kvalitet, men \u00e4ven v\u00e4xter som skulle skada s\u00e4kerhet, stabilitet och anv\u00e4ndbarhet f\u00f6r j\u00e4rnv\u00e4gssp\u00e5r, motorv\u00e4gar, dammar, v\u00e4gbroar med mera. Om ogr\u00e4s inte bek\u00e4mpas p\u00e5 ett effektivt s\u00e4tt kan det leda till h\u00f6gre produktionskostnader eller mindre sk\u00f6rdar, vilket p\u00e5verkar jordbrukares inkomster negativt.<\/p>\n<p>Glyfosatbaserade v\u00e4xtskyddsmedel presenterades f\u00f6rsta g\u00e5ngen 1974 och har sedan dess anv\u00e4nts p\u00e5 ett s\u00e4kert s\u00e4tt. Inom jordbruket anv\u00e4nds de f\u00f6r en l\u00e5ng rad olika gr\u00f6dor och gr\u00e4smarker.<\/p>\n<p>Glyfosat har ett l\u00e5ngt f\u00f6rflutet av att bidra till b\u00e4ttre markh\u00e4lsa och biologisk m\u00e5ngfald i marken, genom att medge odlingsmetoder utan eller med begr\u00e4nsad jordbearbetning. Anv\u00e4ndning av glyfosat bidrar ocks\u00e5 till att f\u00f6rhindra markerosion, begr\u00e4nsa utsl\u00e4ppen av v\u00e4xthusgaser och bevara mer mark f\u00f6r ursprungliga livsmilj\u00f6er.<\/p>\n","protected":false},"excerpt":{"rendered":"<p>Glyfosatbaserade v\u00e4xtskyddsmedel \u00e4r, n\u00e4r de anv\u00e4nds enligt anvisningarna p\u00e5 etiketten, ett s\u00e4kert och effektivt verktyg f\u00f6r att bek\u00e4mpa ogr\u00e4s som skulle \u00e4ventyra jordbruksproduktion, s\u00e4rskilt genom att begr\u00e4nsa gr\u00f6dors produktivitet och kvalitet, men \u00e4ven v\u00e4xter som skulle skada s\u00e4kerhet, stabilitet och anv\u00e4ndbarhet f\u00f6r j\u00e4rnv\u00e4gssp\u00e5r, motorv\u00e4gar, dammar, v\u00e4gbroar med mera. Om ogr\u00e4s inte bek\u00e4mpas p\u00e5 ett effektivt&hellip;<\/p>\n","protected":false},"author":1,"featured_media":0,"parent":0,"menu_order":516,"comment_status":"closed","ping_status":"closed","template":"views\/template-transparency.blade.php","meta":{"_acf_changed":false,"inline_featured_image":false,"footnotes":""},"class_list":["post-26745","page","type-page","status-publish","hentry"],"acf":[],"yoast_head":"<!-- This site is optimized with the Yoast SEO plugin v27.3 - https:\/\/yoast.com\/product\/yoast-seo-wordpress\/ -->\n<title>Information | Glyphosate Renewal Group<\/title>\n<meta name=\"description\" content=\"Glyphosate is a chemical substance, when used as indicated by the label, is a safe and effective tool to control weeds. Learn more information with GRG.\" \/>\n<meta name=\"robots\" content=\"index, follow, max-snippet:-1, max-image-preview:large, max-video-preview:-1\" \/>\n<link rel=\"canonical\" href=\"https:\/\/www.glyphosate.eu\/sv\/useful-information\/\" \/>\n<meta property=\"og:locale\" content=\"sv_SE\" \/>\n<meta property=\"og:type\" content=\"article\" \/>\n<meta property=\"og:title\" content=\"Information | Glyphosate Renewal Group\" \/>\n<meta property=\"og:description\" content=\"Glyphosate is a chemical substance, when used as indicated by the label, is a safe and effective tool to control weeds. Learn more information with GRG.\" \/>\n<meta property=\"og:url\" content=\"https:\/\/www.glyphosate.eu\/sv\/useful-information\/\" \/>\n<meta property=\"og:site_name\" content=\"Glyphosate Renewal Group\" \/>\n<meta property=\"article:modified_time\" content=\"2022-01-14T15:14:46+00:00\" \/>\n<meta name=\"twitter:card\" content=\"summary_large_image\" \/>\n<meta name=\"twitter:label1\" content=\"Est. reading time\" \/>\n\t<meta name=\"twitter:data1\" content=\"1 minute\" \/>\n<script type=\"application\/ld+json\" class=\"yoast-schema-graph\">{\"@context\":\"https:\\\/\\\/schema.org\",\"@graph\":[{\"@type\":\"WebPage\",\"@id\":\"https:\\\/\\\/www.glyphosate.eu\\\/sv\\\/useful-information\\\/\",\"url\":\"https:\\\/\\\/www.glyphosate.eu\\\/sv\\\/useful-information\\\/\",\"name\":\"Information | Glyphosate Renewal Group\",\"isPartOf\":{\"@id\":\"https:\\\/\\\/www.glyphosate.eu\\\/#website\"},\"datePublished\":\"2021-12-20T10:19:08+00:00\",\"dateModified\":\"2022-01-14T15:14:46+00:00\",\"description\":\"Glyphosate is a chemical substance, when used as indicated by the label, is a safe and effective tool to control weeds. Learn more information with GRG.\",\"inLanguage\":\"sv-SE\",\"potentialAction\":[{\"@type\":\"ReadAction\",\"target\":[\"https:\\\/\\\/www.glyphosate.eu\\\/sv\\\/useful-information\\\/\"]}]},{\"@type\":\"WebSite\",\"@id\":\"https:\\\/\\\/www.glyphosate.eu\\\/#website\",\"url\":\"https:\\\/\\\/www.glyphosate.eu\\\/\",\"name\":\"Glyphosate Renewal Group\",\"description\":\"Just another WordPress site\",\"potentialAction\":[{\"@type\":\"SearchAction\",\"target\":{\"@type\":\"EntryPoint\",\"urlTemplate\":\"https:\\\/\\\/www.glyphosate.eu\\\/?s={search_term_string}\"},\"query-input\":{\"@type\":\"PropertyValueSpecification\",\"valueRequired\":true,\"valueName\":\"search_term_string\"}}],\"inLanguage\":\"sv-SE\"}]}<\/script>\n<!-- \/ Yoast SEO plugin. -->","yoast_head_json":{"title":"Information | Glyphosate Renewal Group","description":"Glyphosate is a chemical substance, when used as indicated by the label, is a safe and effective tool to control weeds. Learn more information with GRG.","robots":{"index":"index","follow":"follow","max-snippet":"max-snippet:-1","max-image-preview":"max-image-preview:large","max-video-preview":"max-video-preview:-1"},"canonical":"https:\/\/www.glyphosate.eu\/sv\/useful-information\/","og_locale":"sv_SE","og_type":"article","og_title":"Information | Glyphosate Renewal Group","og_description":"Glyphosate is a chemical substance, when used as indicated by the label, is a safe and effective tool to control weeds. Learn more information with GRG.","og_url":"https:\/\/www.glyphosate.eu\/sv\/useful-information\/","og_site_name":"Glyphosate Renewal Group","article_modified_time":"2022-01-14T15:14:46+00:00","twitter_card":"summary_large_image","twitter_misc":{"Est. reading time":"1 minute"},"schema":{"@context":"https:\/\/schema.org","@graph":[{"@type":"WebPage","@id":"https:\/\/www.glyphosate.eu\/sv\/useful-information\/","url":"https:\/\/www.glyphosate.eu\/sv\/useful-information\/","name":"Information | Glyphosate Renewal Group","isPartOf":{"@id":"https:\/\/www.glyphosate.eu\/#website"},"datePublished":"2021-12-20T10:19:08+00:00","dateModified":"2022-01-14T15:14:46+00:00","description":"Glyphosate is a chemical substance, when used as indicated by the label, is a safe and effective tool to control weeds. Learn more information with GRG.","inLanguage":"sv-SE","potentialAction":[{"@type":"ReadAction","target":["https:\/\/www.glyphosate.eu\/sv\/useful-information\/"]}]},{"@type":"WebSite","@id":"https:\/\/www.glyphosate.eu\/#website","url":"https:\/\/www.glyphosate.eu\/","name":"Glyphosate Renewal Group","description":"Just another WordPress site","potentialAction":[{"@type":"SearchAction","target":{"@type":"EntryPoint","urlTemplate":"https:\/\/www.glyphosate.eu\/?s={search_term_string}"},"query-input":{"@type":"PropertyValueSpecification","valueRequired":true,"valueName":"search_term_string"}}],"inLanguage":"sv-SE"}]}},"_links":{"self":[{"href":"https:\/\/www.glyphosate.eu\/sv\/wp-json\/wp\/v2\/pages\/26745","targetHints":{"allow":["GET"]}}],"collection":[{"href":"https:\/\/www.glyphosate.eu\/sv\/wp-json\/wp\/v2\/pages"}],"about":[{"href":"https:\/\/www.glyphosate.eu\/sv\/wp-json\/wp\/v2\/types\/page"}],"author":[{"embeddable":true,"href":"https:\/\/www.glyphosate.eu\/sv\/wp-json\/wp\/v2\/users\/1"}],"replies":[{"embeddable":true,"href":"https:\/\/www.glyphosate.eu\/sv\/wp-json\/wp\/v2\/comments?post=26745"}],"version-history":[{"count":5,"href":"https:\/\/www.glyphosate.eu\/sv\/wp-json\/wp\/v2\/pages\/26745\/revisions"}],"predecessor-version":[{"id":28290,"href":"https:\/\/www.glyphosate.eu\/sv\/wp-json\/wp\/v2\/pages\/26745\/revisions\/28290"}],"wp:attachment":[{"href":"https:\/\/www.glyphosate.eu\/sv\/wp-json\/wp\/v2\/media?parent=26745"}],"curies":[{"name":"wp","href":"https:\/\/api.w.org\/{rel}","templated":true}]}}