{"id":26742,"date":"2021-12-20T10:18:39","date_gmt":"2021-12-20T10:18:39","guid":{"rendered":"https:\/\/www.glyphosate.eu\/authorisation-process\/"},"modified":"2022-01-04T11:03:46","modified_gmt":"2022-01-04T11:03:46","slug":"authorisation-process","status":"publish","type":"page","link":"https:\/\/www.glyphosate.eu\/sv\/authorisation-process\/","title":{"rendered":"Godk\u00e4nnandeprocess"},"content":{"rendered":"<p>Den 12 december 2017 f\u00f6rl\u00e4ngde kommissionen EU-godk\u00e4nnandet av glyfosat med fem \u00e5r, efter att en kvalificerad majoritet av medlemsstaterna r\u00f6stat f\u00f6r det. Det betyder att glyfosat fram till den 15 december 2022 kan anv\u00e4ndas i EU som en verksam best\u00e5ndsdel i v\u00e4xtskyddsprodukter (Plant Protection Products, PPP). Men varje enskild v\u00e4xtskyddsprodukt m\u00e5ste godk\u00e4nnas av beh\u00f6riga myndigheter i EU-l\u00e4nder sedan deras s\u00e4kerhet har bed\u00f6mts. V\u00e4xtskyddsprodukter kallas \u00e4ven pesticider.<\/p>\n<p>Enligt EU-r\u00e4tt m\u00e5ste godk\u00e4nnandet av alla verksamma \u00e4mnen \u00e5terkommande granskas. Normalt ansvarar en EU-medlemsstat (s\u00e5 kallad rapport\u00f6r) f\u00f6r den vetenskapliga bed\u00f6mningen av det verksamma \u00e4mnet. Denna bed\u00f6mning valideras sedan av beh\u00f6riga myndigheter i alla andra EU-medlemsstater, samtidigt som Europeiska myndigheten f\u00f6r livsmedelss\u00e4kerhet (Efsa) \u00f6verinser hela denna process. En fullst\u00e4ndig beskrivning av EU-processen f\u00f6r att godk\u00e4nna verksamma \u00e4mnen och produktgodk\u00e4nnanden av v\u00e4xtskyddsprodukter \u00e5terfinns <a style=\"color: #239c00;\" href=\"https:\/\/ec.europa.eu\/assets\/sante\/food\/plants\/pesticides\/lop\/index.html\" target=\"_blank\" rel=\"noopener noreferrer\">h\u00e4r<\/a>.<\/p>\n<p>I fallet med glyfosat beslutade medlemsstaterna, p\u00e5 grund av det mycket stora antalet vetenskapliga studier som skulle utv\u00e4rderas och den stora arbetsbelastning det medf\u00f6r, att en grupp av dem gemensamt skulle fungera som rapporterande: Frankrike, Ungern, Nederl\u00e4nderna och Sverige. Dessa l\u00e4nder bildade i april 2019 den s\u00e5 kallade utv\u00e4rderingsgruppen om glyfosat (Assessment Group on Glyphosate, AGG)..<\/p>\n<p>Enligt EU-best\u00e4mmelser m\u00e5ste f\u00f6retag som vill ha kvar godk\u00e4nnandet av glyfosat minst tre \u00e5r innan ett godk\u00e4nnande l\u00f6per ut (dvs. senast den 15 december 2019), l\u00e4mna in en ans\u00f6kan om f\u00f6rl\u00e4ngt godk\u00e4nnande. F\u00f6ljaktligen l\u00e4mnades f\u00f6re den 15 juni 2020 dokumentation in som omfattar hundratals studier och tusentals vetenskapliga artiklar om glyfosat, dess s\u00e4kerhet och dess anv\u00e4ndning till de utv\u00e4rderande medlemsstaterna (AGG) och Europeiska myndigheten f\u00f6r livsmedelss\u00e4kerhet (Efsa). Efter att ha kontrollerat att underlaget \u00e4r fullst\u00e4ndigt, kommer beh\u00f6riga nationella myndigheter i AGG-medlemsstaterna att utv\u00e4rdera de studier och vetenskapliga artiklar som ing\u00e5r i dokumentationen och utarbeta ett f\u00f6rslag till f\u00f6rnyad bed\u00f6mningsrapport (Report on the Assessment of the Renewal, RAR). Med beaktande av tidsplanen enligt EU-best\u00e4mmelserna borde i fallet glyfosat RAR vara klar i juli 2021. I det l\u00e4get vidtar en period av offentligt samr\u00e5d, d\u00e5 vem som helst har m\u00f6jlighet att kommentera inneh\u00e5llet i RAR online.<\/p>\n<p>Rapporten skickas d\u00e4refter till Efsa och de andra medlemsstaterna f\u00f6r att granskas av respektive beh\u00f6riga myndigheter. Efter denna \u00f6vning publicerar Efsa sina slutsatser om glyfosats s\u00e4kerhet och skickar dem till Europeiska kommissionens generaldirektorat f\u00f6r h\u00e4lsa och livsmedelss\u00e4kerhet.<\/p>\n<p>Europeiska kommissionen bygger p\u00e5 Efsas vetenskapliga slutsatser och utarbetar ett f\u00f6rslag till lagstiftning r\u00f6rande f\u00f6rl\u00e4ngning eller icke-f\u00f6rl\u00e4ngning av godk\u00e4nnandet av glyfosat. Lagstiftningsf\u00f6rslaget diskuteras i en kommitt\u00e9 under ordf\u00f6randeskap av Europeiska kommissionen, d\u00e4r experter fr\u00e5n EU:s alla medlemsstater deltar. Slutligen h\u00e5ller dessa experter en omr\u00f6stning om huruvida glyfosat borde medges f\u00f6rl\u00e4ngt godk\u00e4nnande i EU. F\u00f6r att fatta beslut kr\u00e4vs att en kvalificerad majoritet av medlemsstaterna r\u00f6star f\u00f6r det verksamma \u00e4mnet glyfosat. Information om kraven f\u00f6r godk\u00e4nnande \u00e5terfinns \u00e4ven <span style=\"color: #00ff00;\"><a style=\"color: #239c00;\" href=\"https:\/\/www.consilium.europa.eu\/en\/council-eu\/voting-system\/qualified-majority\/\" target=\"_blank\" rel=\"noopener noreferrer\">h\u00e4r<\/a><\/span>.<\/p>\n<p>F\u00f6rst sedan ett verksamt \u00e4mne erh\u00e5llit f\u00f6rl\u00e4ngt godk\u00e4nnande kan de produkter som inneh\u00e5ller detta verksamma \u00e4mne (\u00e5ter) f\u00e5 produktgodk\u00e4nnande i respektive medlemsstat f\u00f6r sina avsedda anv\u00e4ndningar.<\/p>\n","protected":false},"excerpt":{"rendered":"<p>Den 12 december 2017 f\u00f6rl\u00e4ngde kommissionen EU-godk\u00e4nnandet av glyfosat med fem \u00e5r, efter att en kvalificerad majoritet av medlemsstaterna r\u00f6stat f\u00f6r det. Det betyder att glyfosat fram till den 15 december 2022 kan anv\u00e4ndas i EU som en verksam best\u00e5ndsdel i v\u00e4xtskyddsprodukter (Plant Protection Products, PPP). Men varje enskild v\u00e4xtskyddsprodukt m\u00e5ste godk\u00e4nnas av beh\u00f6riga myndigheter&hellip;<\/p>\n","protected":false},"author":1,"featured_media":0,"parent":0,"menu_order":476,"comment_status":"closed","ping_status":"closed","template":"views\/template-auth-process.blade.php","meta":{"_acf_changed":false,"inline_featured_image":false,"footnotes":""},"class_list":["post-26742","page","type-page","status-publish","hentry"],"acf":[],"yoast_head":"<!-- This site is optimized with the Yoast SEO plugin v27.3 - https:\/\/yoast.com\/product\/yoast-seo-wordpress\/ -->\n<title>Authorisation Process | Glyphosate Renewal Group<\/title>\n<meta name=\"description\" content=\"In 2017 the Commission renewed the EU approval of glyphosate for 5 years until 2020. By law the approval of active substances must be periodically reviewed.\" \/>\n<meta name=\"robots\" content=\"index, follow, max-snippet:-1, max-image-preview:large, max-video-preview:-1\" \/>\n<link rel=\"canonical\" href=\"https:\/\/www.glyphosate.eu\/sv\/authorisation-process\/\" \/>\n<meta property=\"og:locale\" content=\"sv_SE\" \/>\n<meta property=\"og:type\" content=\"article\" \/>\n<meta property=\"og:title\" content=\"Authorisation Process | Glyphosate Renewal Group\" \/>\n<meta property=\"og:description\" content=\"In 2017 the Commission renewed the EU approval of glyphosate for 5 years until 2020. By law the approval of active substances must be periodically reviewed.\" \/>\n<meta property=\"og:url\" content=\"https:\/\/www.glyphosate.eu\/sv\/authorisation-process\/\" \/>\n<meta property=\"og:site_name\" content=\"Glyphosate Renewal Group\" \/>\n<meta property=\"article:modified_time\" content=\"2022-01-04T11:03:46+00:00\" \/>\n<meta name=\"twitter:card\" content=\"summary_large_image\" \/>\n<meta name=\"twitter:label1\" content=\"Est. reading time\" \/>\n\t<meta name=\"twitter:data1\" content=\"3 minutes\" \/>\n<script type=\"application\/ld+json\" class=\"yoast-schema-graph\">{\"@context\":\"https:\\\/\\\/schema.org\",\"@graph\":[{\"@type\":\"WebPage\",\"@id\":\"https:\\\/\\\/www.glyphosate.eu\\\/sv\\\/authorisation-process\\\/\",\"url\":\"https:\\\/\\\/www.glyphosate.eu\\\/sv\\\/authorisation-process\\\/\",\"name\":\"Authorisation Process | Glyphosate Renewal Group\",\"isPartOf\":{\"@id\":\"https:\\\/\\\/www.glyphosate.eu\\\/#website\"},\"datePublished\":\"2021-12-20T10:18:39+00:00\",\"dateModified\":\"2022-01-04T11:03:46+00:00\",\"description\":\"In 2017 the Commission renewed the EU approval of glyphosate for 5 years until 2020. By law the approval of active substances must be periodically reviewed.\",\"inLanguage\":\"sv-SE\",\"potentialAction\":[{\"@type\":\"ReadAction\",\"target\":[\"https:\\\/\\\/www.glyphosate.eu\\\/sv\\\/authorisation-process\\\/\"]}]},{\"@type\":\"WebSite\",\"@id\":\"https:\\\/\\\/www.glyphosate.eu\\\/#website\",\"url\":\"https:\\\/\\\/www.glyphosate.eu\\\/\",\"name\":\"Glyphosate Renewal Group\",\"description\":\"Just another WordPress site\",\"potentialAction\":[{\"@type\":\"SearchAction\",\"target\":{\"@type\":\"EntryPoint\",\"urlTemplate\":\"https:\\\/\\\/www.glyphosate.eu\\\/?s={search_term_string}\"},\"query-input\":{\"@type\":\"PropertyValueSpecification\",\"valueRequired\":true,\"valueName\":\"search_term_string\"}}],\"inLanguage\":\"sv-SE\"}]}<\/script>\n<!-- \/ Yoast SEO plugin. -->","yoast_head_json":{"title":"Authorisation Process | Glyphosate Renewal Group","description":"In 2017 the Commission renewed the EU approval of glyphosate for 5 years until 2020. By law the approval of active substances must be periodically reviewed.","robots":{"index":"index","follow":"follow","max-snippet":"max-snippet:-1","max-image-preview":"max-image-preview:large","max-video-preview":"max-video-preview:-1"},"canonical":"https:\/\/www.glyphosate.eu\/sv\/authorisation-process\/","og_locale":"sv_SE","og_type":"article","og_title":"Authorisation Process | Glyphosate Renewal Group","og_description":"In 2017 the Commission renewed the EU approval of glyphosate for 5 years until 2020. By law the approval of active substances must be periodically reviewed.","og_url":"https:\/\/www.glyphosate.eu\/sv\/authorisation-process\/","og_site_name":"Glyphosate Renewal Group","article_modified_time":"2022-01-04T11:03:46+00:00","twitter_card":"summary_large_image","twitter_misc":{"Est. reading time":"3 minutes"},"schema":{"@context":"https:\/\/schema.org","@graph":[{"@type":"WebPage","@id":"https:\/\/www.glyphosate.eu\/sv\/authorisation-process\/","url":"https:\/\/www.glyphosate.eu\/sv\/authorisation-process\/","name":"Authorisation Process | Glyphosate Renewal Group","isPartOf":{"@id":"https:\/\/www.glyphosate.eu\/#website"},"datePublished":"2021-12-20T10:18:39+00:00","dateModified":"2022-01-04T11:03:46+00:00","description":"In 2017 the Commission renewed the EU approval of glyphosate for 5 years until 2020. By law the approval of active substances must be periodically reviewed.","inLanguage":"sv-SE","potentialAction":[{"@type":"ReadAction","target":["https:\/\/www.glyphosate.eu\/sv\/authorisation-process\/"]}]},{"@type":"WebSite","@id":"https:\/\/www.glyphosate.eu\/#website","url":"https:\/\/www.glyphosate.eu\/","name":"Glyphosate Renewal Group","description":"Just another WordPress site","potentialAction":[{"@type":"SearchAction","target":{"@type":"EntryPoint","urlTemplate":"https:\/\/www.glyphosate.eu\/?s={search_term_string}"},"query-input":{"@type":"PropertyValueSpecification","valueRequired":true,"valueName":"search_term_string"}}],"inLanguage":"sv-SE"}]}},"_links":{"self":[{"href":"https:\/\/www.glyphosate.eu\/sv\/wp-json\/wp\/v2\/pages\/26742","targetHints":{"allow":["GET"]}}],"collection":[{"href":"https:\/\/www.glyphosate.eu\/sv\/wp-json\/wp\/v2\/pages"}],"about":[{"href":"https:\/\/www.glyphosate.eu\/sv\/wp-json\/wp\/v2\/types\/page"}],"author":[{"embeddable":true,"href":"https:\/\/www.glyphosate.eu\/sv\/wp-json\/wp\/v2\/users\/1"}],"replies":[{"embeddable":true,"href":"https:\/\/www.glyphosate.eu\/sv\/wp-json\/wp\/v2\/comments?post=26742"}],"version-history":[{"count":3,"href":"https:\/\/www.glyphosate.eu\/sv\/wp-json\/wp\/v2\/pages\/26742\/revisions"}],"predecessor-version":[{"id":27615,"href":"https:\/\/www.glyphosate.eu\/sv\/wp-json\/wp\/v2\/pages\/26742\/revisions\/27615"}],"wp:attachment":[{"href":"https:\/\/www.glyphosate.eu\/sv\/wp-json\/wp\/v2\/media?parent=26742"}],"curies":[{"name":"wp","href":"https:\/\/api.w.org\/{rel}","templated":true}]}}