{"id":26725,"date":"2021-12-20T10:17:53","date_gmt":"2021-12-20T10:17:53","guid":{"rendered":"https:\/\/www.glyphosate.eu\/safety\/"},"modified":"2021-12-22T09:11:16","modified_gmt":"2021-12-22T09:11:16","slug":"safety","status":"publish","type":"page","link":"https:\/\/www.glyphosate.eu\/sv\/useful-information\/safety\/","title":{"rendered":"S\u00e4kerhet"},"content":{"rendered":"<p>Alla v\u00e4xtskyddsprodukter, inbegripet s\u00e5dana som inneh\u00e5ller det verksamma \u00e4mnet glyfosat, \u00e4r underkastade rigor\u00f6sa och omfattande provningar. Det sker under \u00f6verinseende av tillsynsmyndigheter \u00f6ver hela v\u00e4rlden. <strong>Ledande h\u00e4lsoskyddsorgan runt om i v\u00e4rlden har upprepade g\u00e5nger kommit till slutsatsen att glyfosatbaserade produkter kan anv\u00e4ndas p\u00e5 ett s\u00e4kert s\u00e4tt om de anv\u00e4nds enligt anvisningarna p\u00e5 etiketten. <\/strong>Glyfosat \u00e4r, mot bakgrund av dess effektivitet och omfattande anv\u00e4ndning, en av v\u00e4rldens b\u00e4st studerade herbicider.<\/p>\n","protected":false},"excerpt":{"rendered":"<p>Alla v\u00e4xtskyddsprodukter, inbegripet s\u00e5dana som inneh\u00e5ller det verksamma \u00e4mnet glyfosat, \u00e4r underkastade rigor\u00f6sa och omfattande provningar. Det sker under \u00f6verinseende av tillsynsmyndigheter \u00f6ver hela v\u00e4rlden. Ledande h\u00e4lsoskyddsorgan runt om i v\u00e4rlden har upprepade g\u00e5nger kommit till slutsatsen att glyfosatbaserade produkter kan anv\u00e4ndas p\u00e5 ett s\u00e4kert s\u00e4tt om de anv\u00e4nds enligt anvisningarna p\u00e5 etiketten. Glyfosat \u00e4r,&hellip;<\/p>\n","protected":false},"author":1,"featured_media":0,"parent":26745,"menu_order":602,"comment_status":"closed","ping_status":"closed","template":"views\/template-content-listing.blade.php","meta":{"_acf_changed":false,"inline_featured_image":false,"footnotes":""},"class_list":["post-26725","page","type-page","status-publish","hentry"],"acf":[],"yoast_head":"<!-- This site is optimized with the Yoast SEO plugin v27.3 - https:\/\/yoast.com\/product\/yoast-seo-wordpress\/ -->\n<title>Safety | Glyphosate Renewal Group<\/title>\n<meta name=\"description\" content=\"Glyphosate-based products can be used safely as directed. All crop protection products, including glyphosate based ones, are subject to rigorous testing.\" \/>\n<meta name=\"robots\" content=\"index, follow, max-snippet:-1, max-image-preview:large, max-video-preview:-1\" \/>\n<link rel=\"canonical\" href=\"https:\/\/www.glyphosate.eu\/sv\/useful-information\/safety\/\" \/>\n<meta property=\"og:locale\" content=\"sv_SE\" \/>\n<meta property=\"og:type\" content=\"article\" \/>\n<meta property=\"og:title\" content=\"Safety | Glyphosate Renewal Group\" \/>\n<meta property=\"og:description\" content=\"Glyphosate-based products can be used safely as directed. All crop protection products, including glyphosate based ones, are subject to rigorous testing.\" \/>\n<meta property=\"og:url\" content=\"https:\/\/www.glyphosate.eu\/sv\/useful-information\/safety\/\" \/>\n<meta property=\"og:site_name\" content=\"Glyphosate Renewal Group\" \/>\n<meta property=\"article:modified_time\" content=\"2021-12-22T09:11:16+00:00\" \/>\n<meta name=\"twitter:card\" content=\"summary_large_image\" \/>\n<script type=\"application\/ld+json\" class=\"yoast-schema-graph\">{\"@context\":\"https:\\\/\\\/schema.org\",\"@graph\":[{\"@type\":\"WebPage\",\"@id\":\"https:\\\/\\\/www.glyphosate.eu\\\/sv\\\/useful-information\\\/safety\\\/\",\"url\":\"https:\\\/\\\/www.glyphosate.eu\\\/sv\\\/useful-information\\\/safety\\\/\",\"name\":\"Safety | Glyphosate Renewal Group\",\"isPartOf\":{\"@id\":\"https:\\\/\\\/www.glyphosate.eu\\\/#website\"},\"datePublished\":\"2021-12-20T10:17:53+00:00\",\"dateModified\":\"2021-12-22T09:11:16+00:00\",\"description\":\"Glyphosate-based products can be used safely as directed. All crop protection products, including glyphosate based ones, are subject to rigorous testing.\",\"breadcrumb\":{\"@id\":\"https:\\\/\\\/www.glyphosate.eu\\\/sv\\\/useful-information\\\/safety\\\/#breadcrumb\"},\"inLanguage\":\"sv-SE\",\"potentialAction\":[{\"@type\":\"ReadAction\",\"target\":[\"https:\\\/\\\/www.glyphosate.eu\\\/sv\\\/useful-information\\\/safety\\\/\"]}]},{\"@type\":\"BreadcrumbList\",\"@id\":\"https:\\\/\\\/www.glyphosate.eu\\\/sv\\\/useful-information\\\/safety\\\/#breadcrumb\",\"itemListElement\":[{\"@type\":\"ListItem\",\"position\":1,\"name\":\"Praktisk information\",\"item\":\"https:\\\/\\\/www.glyphosate.eu\\\/sv\\\/useful-information\\\/\"},{\"@type\":\"ListItem\",\"position\":2,\"name\":\"S\u00e4kerhet\"}]},{\"@type\":\"WebSite\",\"@id\":\"https:\\\/\\\/www.glyphosate.eu\\\/#website\",\"url\":\"https:\\\/\\\/www.glyphosate.eu\\\/\",\"name\":\"Glyphosate Renewal Group\",\"description\":\"Just another WordPress site\",\"potentialAction\":[{\"@type\":\"SearchAction\",\"target\":{\"@type\":\"EntryPoint\",\"urlTemplate\":\"https:\\\/\\\/www.glyphosate.eu\\\/?s={search_term_string}\"},\"query-input\":{\"@type\":\"PropertyValueSpecification\",\"valueRequired\":true,\"valueName\":\"search_term_string\"}}],\"inLanguage\":\"sv-SE\"}]}<\/script>\n<!-- \/ Yoast SEO plugin. -->","yoast_head_json":{"title":"Safety | Glyphosate Renewal Group","description":"Glyphosate-based products can be used safely as directed. All crop protection products, including glyphosate based ones, are subject to rigorous testing.","robots":{"index":"index","follow":"follow","max-snippet":"max-snippet:-1","max-image-preview":"max-image-preview:large","max-video-preview":"max-video-preview:-1"},"canonical":"https:\/\/www.glyphosate.eu\/sv\/useful-information\/safety\/","og_locale":"sv_SE","og_type":"article","og_title":"Safety | Glyphosate Renewal Group","og_description":"Glyphosate-based products can be used safely as directed. All crop protection products, including glyphosate based ones, are subject to rigorous testing.","og_url":"https:\/\/www.glyphosate.eu\/sv\/useful-information\/safety\/","og_site_name":"Glyphosate Renewal Group","article_modified_time":"2021-12-22T09:11:16+00:00","twitter_card":"summary_large_image","schema":{"@context":"https:\/\/schema.org","@graph":[{"@type":"WebPage","@id":"https:\/\/www.glyphosate.eu\/sv\/useful-information\/safety\/","url":"https:\/\/www.glyphosate.eu\/sv\/useful-information\/safety\/","name":"Safety | Glyphosate Renewal Group","isPartOf":{"@id":"https:\/\/www.glyphosate.eu\/#website"},"datePublished":"2021-12-20T10:17:53+00:00","dateModified":"2021-12-22T09:11:16+00:00","description":"Glyphosate-based products can be used safely as directed. All crop protection products, including glyphosate based ones, are subject to rigorous testing.","breadcrumb":{"@id":"https:\/\/www.glyphosate.eu\/sv\/useful-information\/safety\/#breadcrumb"},"inLanguage":"sv-SE","potentialAction":[{"@type":"ReadAction","target":["https:\/\/www.glyphosate.eu\/sv\/useful-information\/safety\/"]}]},{"@type":"BreadcrumbList","@id":"https:\/\/www.glyphosate.eu\/sv\/useful-information\/safety\/#breadcrumb","itemListElement":[{"@type":"ListItem","position":1,"name":"Praktisk information","item":"https:\/\/www.glyphosate.eu\/sv\/useful-information\/"},{"@type":"ListItem","position":2,"name":"S\u00e4kerhet"}]},{"@type":"WebSite","@id":"https:\/\/www.glyphosate.eu\/#website","url":"https:\/\/www.glyphosate.eu\/","name":"Glyphosate Renewal Group","description":"Just another WordPress site","potentialAction":[{"@type":"SearchAction","target":{"@type":"EntryPoint","urlTemplate":"https:\/\/www.glyphosate.eu\/?s={search_term_string}"},"query-input":{"@type":"PropertyValueSpecification","valueRequired":true,"valueName":"search_term_string"}}],"inLanguage":"sv-SE"}]}},"_links":{"self":[{"href":"https:\/\/www.glyphosate.eu\/sv\/wp-json\/wp\/v2\/pages\/26725","targetHints":{"allow":["GET"]}}],"collection":[{"href":"https:\/\/www.glyphosate.eu\/sv\/wp-json\/wp\/v2\/pages"}],"about":[{"href":"https:\/\/www.glyphosate.eu\/sv\/wp-json\/wp\/v2\/types\/page"}],"author":[{"embeddable":true,"href":"https:\/\/www.glyphosate.eu\/sv\/wp-json\/wp\/v2\/users\/1"}],"replies":[{"embeddable":true,"href":"https:\/\/www.glyphosate.eu\/sv\/wp-json\/wp\/v2\/comments?post=26725"}],"version-history":[{"count":2,"href":"https:\/\/www.glyphosate.eu\/sv\/wp-json\/wp\/v2\/pages\/26725\/revisions"}],"predecessor-version":[{"id":27117,"href":"https:\/\/www.glyphosate.eu\/sv\/wp-json\/wp\/v2\/pages\/26725\/revisions\/27117"}],"up":[{"embeddable":true,"href":"https:\/\/www.glyphosate.eu\/sv\/wp-json\/wp\/v2\/pages\/26745"}],"wp:attachment":[{"href":"https:\/\/www.glyphosate.eu\/sv\/wp-json\/wp\/v2\/media?parent=26725"}],"curies":[{"name":"wp","href":"https:\/\/api.w.org\/{rel}","templated":true}]}}