{"id":26704,"date":"2021-12-20T09:43:33","date_gmt":"2021-12-20T09:43:33","guid":{"rendered":"https:\/\/www.glyphosate.eu\/meeting-minutes\/"},"modified":"2022-01-04T11:06:35","modified_gmt":"2022-01-04T11:06:35","slug":"meeting-minutes","status":"publish","type":"page","link":"https:\/\/www.glyphosate.eu\/sv\/transparency\/meeting-minutes\/","title":{"rendered":"M\u00f6tesprotokoll"},"content":{"rendered":"<p>Innan ans\u00f6kan l\u00e4mnas in om godk\u00e4nnande av ett verksamt \u00e4mne har den s\u00f6kande m\u00f6jlighet att tr\u00e4ffa de rapporterande medlemsstaterna (AGG) och Efsa f\u00f6r att diskutera f\u00f6rfarande- och vetenskapliga fr\u00e5gor och f\u00e5 v\u00e4gledning.<\/p>\n<p>Dessa s\u00e5 kallade \u201dm\u00f6ten f\u00f6re inl\u00e4mnande\u201d \u00e4gde rum i form av konferenssamtal eller genom personliga m\u00f6ten. Europeiska myndigheten f\u00f6r livsmedelss\u00e4kerhet (Efsa) deltar som observat\u00f6r i dessa m\u00f6ten och st\u00f6djer vid behov utv\u00e4rderingsgruppen om glyfosat (Assessment Group on Glyphosate. Glyphosate Renewal Group har hittills haft fyra konferenssamtal och tv\u00e5 personliga m\u00f6ten med utv\u00e4rderingsgruppen. Presentationer som diskuterades p\u00e5 dessa m\u00f6ten publiceras, tillsammans med protokoll, p\u00e5 denna webbplats och parallellt p\u00e5 webbplatsen f\u00f6r utv\u00e4rderingsgruppen om glyfosat, vilken n\u00e5s via denna <a href=\"https:\/\/ec.europa.eu\/food\/plants\/pesticides\/approval-active-substances\/renewal-approval\/glyphosate\/assessment-group_en\">l\u00e4nk.<\/a><\/p>\n<p>Den s\u00f6kande kan beg\u00e4ra ett m\u00f6te f\u00f6re inl\u00e4mnande f\u00f6r att diskutera tekniska aspekter av f\u00f6rl\u00e4ngningsprocessen och f\u00f6r att f\u00e5 v\u00e4gledning om hur dokumentationens kvalitet kan f\u00f6rb\u00e4ttras.<\/p>\n","protected":false},"excerpt":{"rendered":"<p>Innan ans\u00f6kan l\u00e4mnas in om godk\u00e4nnande av ett verksamt \u00e4mne har den s\u00f6kande m\u00f6jlighet att tr\u00e4ffa de rapporterande medlemsstaterna (AGG) och Efsa f\u00f6r att diskutera f\u00f6rfarande- och vetenskapliga fr\u00e5gor och f\u00e5 v\u00e4gledning. Dessa s\u00e5 kallade \u201dm\u00f6ten f\u00f6re inl\u00e4mnande\u201d \u00e4gde rum i form av konferenssamtal eller genom personliga m\u00f6ten. Europeiska myndigheten f\u00f6r livsmedelss\u00e4kerhet (Efsa) deltar som&hellip;<\/p>\n","protected":false},"author":1,"featured_media":0,"parent":27265,"menu_order":422,"comment_status":"closed","ping_status":"closed","template":"views\/template-minutes.blade.php","meta":{"_acf_changed":false,"inline_featured_image":false,"footnotes":""},"class_list":["post-26704","page","type-page","status-publish","hentry"],"acf":[],"yoast_head":"<!-- This site is optimized with the Yoast SEO plugin v27.4 - https:\/\/yoast.com\/product\/yoast-seo-wordpress\/ -->\n<title>M\u00f6tesprotokoll - Glyphosate Renewal Group<\/title>\n<meta name=\"robots\" content=\"index, follow, max-snippet:-1, max-image-preview:large, max-video-preview:-1\" \/>\n<link rel=\"canonical\" href=\"https:\/\/www.glyphosate.eu\/sv\/transparency\/meeting-minutes\/\" \/>\n<meta property=\"og:locale\" content=\"sv_SE\" \/>\n<meta property=\"og:type\" content=\"article\" \/>\n<meta property=\"og:title\" content=\"M\u00f6tesprotokoll - Glyphosate Renewal Group\" \/>\n<meta property=\"og:description\" content=\"Innan ans\u00f6kan l\u00e4mnas in om godk\u00e4nnande av ett verksamt \u00e4mne har den s\u00f6kande m\u00f6jlighet att tr\u00e4ffa de rapporterande medlemsstaterna (AGG) och Efsa f\u00f6r att diskutera f\u00f6rfarande- och vetenskapliga fr\u00e5gor och f\u00e5 v\u00e4gledning. Dessa s\u00e5 kallade \u201dm\u00f6ten f\u00f6re inl\u00e4mnande\u201d \u00e4gde rum i form av konferenssamtal eller genom personliga m\u00f6ten. Europeiska myndigheten f\u00f6r livsmedelss\u00e4kerhet (Efsa) deltar som&hellip;\" \/>\n<meta property=\"og:url\" content=\"https:\/\/www.glyphosate.eu\/sv\/transparency\/meeting-minutes\/\" \/>\n<meta property=\"og:site_name\" content=\"Glyphosate Renewal Group\" \/>\n<meta property=\"article:modified_time\" content=\"2022-01-04T11:06:35+00:00\" \/>\n<meta name=\"twitter:card\" content=\"summary_large_image\" \/>\n<meta name=\"twitter:label1\" content=\"Est. reading time\" \/>\n\t<meta name=\"twitter:data1\" content=\"1 minute\" \/>\n<script type=\"application\/ld+json\" class=\"yoast-schema-graph\">{\"@context\":\"https:\\\/\\\/schema.org\",\"@graph\":[{\"@type\":\"WebPage\",\"@id\":\"https:\\\/\\\/www.glyphosate.eu\\\/sv\\\/transparency\\\/meeting-minutes\\\/\",\"url\":\"https:\\\/\\\/www.glyphosate.eu\\\/sv\\\/transparency\\\/meeting-minutes\\\/\",\"name\":\"M\u00f6tesprotokoll - Glyphosate Renewal Group\",\"isPartOf\":{\"@id\":\"https:\\\/\\\/www.glyphosate.eu\\\/#website\"},\"datePublished\":\"2021-12-20T09:43:33+00:00\",\"dateModified\":\"2022-01-04T11:06:35+00:00\",\"breadcrumb\":{\"@id\":\"https:\\\/\\\/www.glyphosate.eu\\\/sv\\\/transparency\\\/meeting-minutes\\\/#breadcrumb\"},\"inLanguage\":\"sv-SE\",\"potentialAction\":[{\"@type\":\"ReadAction\",\"target\":[\"https:\\\/\\\/www.glyphosate.eu\\\/sv\\\/transparency\\\/meeting-minutes\\\/\"]}]},{\"@type\":\"BreadcrumbList\",\"@id\":\"https:\\\/\\\/www.glyphosate.eu\\\/sv\\\/transparency\\\/meeting-minutes\\\/#breadcrumb\",\"itemListElement\":[{\"@type\":\"ListItem\",\"position\":1,\"name\":\"Transparens\",\"item\":\"https:\\\/\\\/www.glyphosate.eu\\\/sv\\\/transparency\\\/\"},{\"@type\":\"ListItem\",\"position\":2,\"name\":\"M\u00f6tesprotokoll\"}]},{\"@type\":\"WebSite\",\"@id\":\"https:\\\/\\\/www.glyphosate.eu\\\/#website\",\"url\":\"https:\\\/\\\/www.glyphosate.eu\\\/\",\"name\":\"Glyphosate Renewal Group\",\"description\":\"Just another WordPress site\",\"potentialAction\":[{\"@type\":\"SearchAction\",\"target\":{\"@type\":\"EntryPoint\",\"urlTemplate\":\"https:\\\/\\\/www.glyphosate.eu\\\/?s={search_term_string}\"},\"query-input\":{\"@type\":\"PropertyValueSpecification\",\"valueRequired\":true,\"valueName\":\"search_term_string\"}}],\"inLanguage\":\"sv-SE\"}]}<\/script>\n<!-- \/ Yoast SEO plugin. -->","yoast_head_json":{"title":"M\u00f6tesprotokoll - Glyphosate Renewal Group","robots":{"index":"index","follow":"follow","max-snippet":"max-snippet:-1","max-image-preview":"max-image-preview:large","max-video-preview":"max-video-preview:-1"},"canonical":"https:\/\/www.glyphosate.eu\/sv\/transparency\/meeting-minutes\/","og_locale":"sv_SE","og_type":"article","og_title":"M\u00f6tesprotokoll - Glyphosate Renewal Group","og_description":"Innan ans\u00f6kan l\u00e4mnas in om godk\u00e4nnande av ett verksamt \u00e4mne har den s\u00f6kande m\u00f6jlighet att tr\u00e4ffa de rapporterande medlemsstaterna (AGG) och Efsa f\u00f6r att diskutera f\u00f6rfarande- och vetenskapliga fr\u00e5gor och f\u00e5 v\u00e4gledning. Dessa s\u00e5 kallade \u201dm\u00f6ten f\u00f6re inl\u00e4mnande\u201d \u00e4gde rum i form av konferenssamtal eller genom personliga m\u00f6ten. Europeiska myndigheten f\u00f6r livsmedelss\u00e4kerhet (Efsa) deltar som&hellip;","og_url":"https:\/\/www.glyphosate.eu\/sv\/transparency\/meeting-minutes\/","og_site_name":"Glyphosate Renewal Group","article_modified_time":"2022-01-04T11:06:35+00:00","twitter_card":"summary_large_image","twitter_misc":{"Est. reading time":"1 minute"},"schema":{"@context":"https:\/\/schema.org","@graph":[{"@type":"WebPage","@id":"https:\/\/www.glyphosate.eu\/sv\/transparency\/meeting-minutes\/","url":"https:\/\/www.glyphosate.eu\/sv\/transparency\/meeting-minutes\/","name":"M\u00f6tesprotokoll - Glyphosate Renewal Group","isPartOf":{"@id":"https:\/\/www.glyphosate.eu\/#website"},"datePublished":"2021-12-20T09:43:33+00:00","dateModified":"2022-01-04T11:06:35+00:00","breadcrumb":{"@id":"https:\/\/www.glyphosate.eu\/sv\/transparency\/meeting-minutes\/#breadcrumb"},"inLanguage":"sv-SE","potentialAction":[{"@type":"ReadAction","target":["https:\/\/www.glyphosate.eu\/sv\/transparency\/meeting-minutes\/"]}]},{"@type":"BreadcrumbList","@id":"https:\/\/www.glyphosate.eu\/sv\/transparency\/meeting-minutes\/#breadcrumb","itemListElement":[{"@type":"ListItem","position":1,"name":"Transparens","item":"https:\/\/www.glyphosate.eu\/sv\/transparency\/"},{"@type":"ListItem","position":2,"name":"M\u00f6tesprotokoll"}]},{"@type":"WebSite","@id":"https:\/\/www.glyphosate.eu\/#website","url":"https:\/\/www.glyphosate.eu\/","name":"Glyphosate Renewal Group","description":"Just another WordPress site","potentialAction":[{"@type":"SearchAction","target":{"@type":"EntryPoint","urlTemplate":"https:\/\/www.glyphosate.eu\/?s={search_term_string}"},"query-input":{"@type":"PropertyValueSpecification","valueRequired":true,"valueName":"search_term_string"}}],"inLanguage":"sv-SE"}]}},"_links":{"self":[{"href":"https:\/\/www.glyphosate.eu\/sv\/wp-json\/wp\/v2\/pages\/26704","targetHints":{"allow":["GET"]}}],"collection":[{"href":"https:\/\/www.glyphosate.eu\/sv\/wp-json\/wp\/v2\/pages"}],"about":[{"href":"https:\/\/www.glyphosate.eu\/sv\/wp-json\/wp\/v2\/types\/page"}],"author":[{"embeddable":true,"href":"https:\/\/www.glyphosate.eu\/sv\/wp-json\/wp\/v2\/users\/1"}],"replies":[{"embeddable":true,"href":"https:\/\/www.glyphosate.eu\/sv\/wp-json\/wp\/v2\/comments?post=26704"}],"version-history":[{"count":4,"href":"https:\/\/www.glyphosate.eu\/sv\/wp-json\/wp\/v2\/pages\/26704\/revisions"}],"predecessor-version":[{"id":27616,"href":"https:\/\/www.glyphosate.eu\/sv\/wp-json\/wp\/v2\/pages\/26704\/revisions\/27616"}],"up":[{"embeddable":true,"href":"https:\/\/www.glyphosate.eu\/sv\/wp-json\/wp\/v2\/pages\/27265"}],"wp:attachment":[{"href":"https:\/\/www.glyphosate.eu\/sv\/wp-json\/wp\/v2\/media?parent=26704"}],"curies":[{"name":"wp","href":"https:\/\/api.w.org\/{rel}","templated":true}]}}