{"id":26697,"date":"2021-12-20T09:43:10","date_gmt":"2021-12-20T09:43:10","guid":{"rendered":"https:\/\/www.glyphosate.eu\/scientific-dossier\/"},"modified":"2024-07-01T13:20:37","modified_gmt":"2024-07-01T12:20:37","slug":"scientific-dossier","status":"publish","type":"page","link":"https:\/\/www.glyphosate.eu\/sv\/transparency\/scientific-dossier\/","title":{"rendered":"Den vetenskapliga dokumentationen"},"content":{"rendered":"<p>En central del av godk\u00e4nnandeprocessen f\u00f6r att erh\u00e5lla ett produktgodk\u00e4nnande f\u00f6r att anv\u00e4nda och marknadsf\u00f6ra glyfosat i EU best\u00e5r i att l\u00e4mna in vetenskapliga bel\u00e4gg f\u00f6r dess s\u00e4kerhet till beh\u00f6riga nationella och europeiska myndigheter.<\/p>\n<p>Glyphosate Renewal Group (GRG) l\u00e4mnade den vetenskapliga dokumentationen till utv\u00e4rderingsgruppen om glyfosat (Assessment Group on Glyphosate, AGG), vilken best\u00e5r av tillsynsorgan fr\u00e5n Frankrike, Ungern, Nederl\u00e4nderna och Sverige, f\u00f6r att de skulle g\u00f6ra en granskning och riskbed\u00f6mning. Denna dokumentation omfattar 100 nya studier, relevant offentlig litteratur och sammanfattningar av de studier som styrker att glyfosat \u00e4r s\u00e4kert. Dessa nya vetenskapliga publikationer st\u00e4rker ytterligare de bel\u00e4gg som lagts fram under f\u00f6reg\u00e5ende f\u00f6rl\u00e4ngningsprocess (2012-2017), vilken resulterade i att glyfosat erh\u00f6ll f\u00f6rl\u00e4ngt godk\u00e4nnande i EU p\u00e5 fem \u00e5r.<\/p>\n<p>Glyphosate Renewal Group \u00e4r engagerade i transparens och har gjort listorna \u00f6ver studierapporter som l\u00e4mnades in 2012 och 2020 offentligt tillg\u00e4ngliga.<br \/>\nF\u00f6r att f\u00e5 tillg\u00e5ng till dessa rapporter, v\u00e4nligen h\u00e4nvisa till webbplatsen f\u00f6r <span style=\"color: #0000ff;\"><a style=\"color: #0000ff;\" href=\"https:\/\/open.efsa.europa.eu\/questions\" target=\"_new\" rel=\"noreferrer noopener\">Europeiska myndigheten f\u00f6r livsmedelss\u00e4kerhet (EFSA)<\/a> <\/span>d\u00e4r du kan beg\u00e4ra de n\u00f6dv\u00e4ndiga dokumenten. Detta s\u00e4kerst\u00e4ller att alla intressenter kan f\u00e5 n\u00f6dv\u00e4ndiga data och insikter.<\/p>\n<p><span style=\"font-size: 10pt;\"><a href=\"https:\/\/eur-lex.europa.eu\/legal-content\/EN\/TXT\/?uri=celex%3A32009R1107\">* Europaparlamentets och r\u00e5dets f\u00f6rordning (EG) nr 1107\/2009 av den 21 oktober 2009 om utsl\u00e4ppande av v\u00e4xtskyddsmedel p\u00e5 marknaden.<\/a><\/span><\/p>\n<p><strong>_____________________________________________________________________<\/strong><\/p>\n<p><em><strong>G\u00e5 till presentationen om inneh\u00e5llet i glyfosat AIR5 dokumentation om f\u00f6rl\u00e4ngning (p\u00e5 engelska) genom att klicka p\u00e5 bilden nedan:\u00a0<\/strong><\/em><\/p>\n<p><a href=\"https:\/\/www.glyphosate.eu\/app\/uploads\/2021\/07\/2021-June-July-Glyphosate-Renewal-Group-presentation_content-of-the-glyphosate-AIR5-renewal-dossier_pre-read_small.pdf\"><img loading=\"lazy\" decoding=\"async\" class=\" wp-image-26021 aligncenter\" src=\"https:\/\/www.glyphosate.eu\/app\/uploads\/2021\/07\/dossier-and-paper--300x193.jpg\" alt=\"\" width=\"374\" height=\"241\" srcset=\"https:\/\/www.glyphosate.eu\/app\/uploads\/2021\/07\/dossier-and-paper--300x193.jpg 300w, https:\/\/www.glyphosate.eu\/app\/uploads\/2021\/07\/dossier-and-paper--1024x659.jpg 1024w, https:\/\/www.glyphosate.eu\/app\/uploads\/2021\/07\/dossier-and-paper--768x494.jpg 768w, https:\/\/www.glyphosate.eu\/app\/uploads\/2021\/07\/dossier-and-paper--1536x988.jpg 1536w, https:\/\/www.glyphosate.eu\/app\/uploads\/2021\/07\/dossier-and-paper--2048x1318.jpg 2048w\" sizes=\"auto, (max-width: 374px) 100vw, 374px\" \/><\/a><\/p>\n","protected":false},"excerpt":{"rendered":"<p>En central del av godk\u00e4nnandeprocessen f\u00f6r att erh\u00e5lla ett produktgodk\u00e4nnande f\u00f6r att anv\u00e4nda och marknadsf\u00f6ra glyfosat i EU best\u00e5r i att l\u00e4mna in vetenskapliga bel\u00e4gg f\u00f6r dess s\u00e4kerhet till beh\u00f6riga nationella och europeiska myndigheter. Glyphosate Renewal Group (GRG) l\u00e4mnade den vetenskapliga dokumentationen till utv\u00e4rderingsgruppen om glyfosat (Assessment Group on Glyphosate, AGG), vilken best\u00e5r av tillsynsorgan&hellip;<\/p>\n","protected":false},"author":1,"featured_media":0,"parent":27265,"menu_order":424,"comment_status":"closed","ping_status":"closed","template":"views\/template-transparency.blade.php","meta":{"_acf_changed":false,"inline_featured_image":false,"footnotes":""},"class_list":["post-26697","page","type-page","status-publish","hentry"],"acf":[],"yoast_head":"<!-- This site is optimized with the Yoast SEO plugin v27.3 - https:\/\/yoast.com\/product\/yoast-seo-wordpress\/ -->\n<title>Den vetenskapliga dokumentationen - Glyphosate Renewal Group<\/title>\n<meta name=\"robots\" content=\"index, follow, max-snippet:-1, max-image-preview:large, max-video-preview:-1\" \/>\n<link rel=\"canonical\" href=\"https:\/\/www.glyphosate.eu\/sv\/transparency\/scientific-dossier\/\" \/>\n<meta property=\"og:locale\" content=\"sv_SE\" \/>\n<meta property=\"og:type\" content=\"article\" \/>\n<meta property=\"og:title\" content=\"Den vetenskapliga dokumentationen - Glyphosate Renewal Group\" \/>\n<meta property=\"og:description\" content=\"En central del av godk\u00e4nnandeprocessen f\u00f6r att erh\u00e5lla ett produktgodk\u00e4nnande f\u00f6r att anv\u00e4nda och marknadsf\u00f6ra glyfosat i EU best\u00e5r i att l\u00e4mna in vetenskapliga bel\u00e4gg f\u00f6r dess s\u00e4kerhet till beh\u00f6riga nationella och europeiska myndigheter. Glyphosate Renewal Group (GRG) l\u00e4mnade den vetenskapliga dokumentationen till utv\u00e4rderingsgruppen om glyfosat (Assessment Group on Glyphosate, AGG), vilken best\u00e5r av tillsynsorgan&hellip;\" \/>\n<meta property=\"og:url\" content=\"https:\/\/www.glyphosate.eu\/sv\/transparency\/scientific-dossier\/\" \/>\n<meta property=\"og:site_name\" content=\"Glyphosate Renewal Group\" \/>\n<meta property=\"article:modified_time\" content=\"2024-07-01T12:20:37+00:00\" \/>\n<meta property=\"og:image\" content=\"https:\/\/www.glyphosate.eu\/app\/uploads\/2021\/07\/dossier-and-paper--300x193.jpg\" \/>\n<meta name=\"twitter:card\" content=\"summary_large_image\" \/>\n<meta name=\"twitter:label1\" content=\"Est. reading time\" \/>\n\t<meta name=\"twitter:data1\" content=\"2 minutes\" \/>\n<script type=\"application\/ld+json\" class=\"yoast-schema-graph\">{\"@context\":\"https:\\\/\\\/schema.org\",\"@graph\":[{\"@type\":\"WebPage\",\"@id\":\"https:\\\/\\\/www.glyphosate.eu\\\/sv\\\/transparency\\\/scientific-dossier\\\/\",\"url\":\"https:\\\/\\\/www.glyphosate.eu\\\/sv\\\/transparency\\\/scientific-dossier\\\/\",\"name\":\"Den vetenskapliga dokumentationen - Glyphosate Renewal Group\",\"isPartOf\":{\"@id\":\"https:\\\/\\\/www.glyphosate.eu\\\/#website\"},\"primaryImageOfPage\":{\"@id\":\"https:\\\/\\\/www.glyphosate.eu\\\/sv\\\/transparency\\\/scientific-dossier\\\/#primaryimage\"},\"image\":{\"@id\":\"https:\\\/\\\/www.glyphosate.eu\\\/sv\\\/transparency\\\/scientific-dossier\\\/#primaryimage\"},\"thumbnailUrl\":\"https:\\\/\\\/www.glyphosate.eu\\\/app\\\/uploads\\\/2021\\\/07\\\/dossier-and-paper--300x193.jpg\",\"datePublished\":\"2021-12-20T09:43:10+00:00\",\"dateModified\":\"2024-07-01T12:20:37+00:00\",\"breadcrumb\":{\"@id\":\"https:\\\/\\\/www.glyphosate.eu\\\/sv\\\/transparency\\\/scientific-dossier\\\/#breadcrumb\"},\"inLanguage\":\"sv-SE\",\"potentialAction\":[{\"@type\":\"ReadAction\",\"target\":[\"https:\\\/\\\/www.glyphosate.eu\\\/sv\\\/transparency\\\/scientific-dossier\\\/\"]}]},{\"@type\":\"ImageObject\",\"inLanguage\":\"sv-SE\",\"@id\":\"https:\\\/\\\/www.glyphosate.eu\\\/sv\\\/transparency\\\/scientific-dossier\\\/#primaryimage\",\"url\":\"https:\\\/\\\/www.glyphosate.eu\\\/app\\\/uploads\\\/2021\\\/07\\\/dossier-and-paper--300x193.jpg\",\"contentUrl\":\"https:\\\/\\\/www.glyphosate.eu\\\/app\\\/uploads\\\/2021\\\/07\\\/dossier-and-paper--300x193.jpg\"},{\"@type\":\"BreadcrumbList\",\"@id\":\"https:\\\/\\\/www.glyphosate.eu\\\/sv\\\/transparency\\\/scientific-dossier\\\/#breadcrumb\",\"itemListElement\":[{\"@type\":\"ListItem\",\"position\":1,\"name\":\"Transparens\",\"item\":\"https:\\\/\\\/www.glyphosate.eu\\\/sv\\\/transparency\\\/\"},{\"@type\":\"ListItem\",\"position\":2,\"name\":\"Den vetenskapliga dokumentationen\"}]},{\"@type\":\"WebSite\",\"@id\":\"https:\\\/\\\/www.glyphosate.eu\\\/#website\",\"url\":\"https:\\\/\\\/www.glyphosate.eu\\\/\",\"name\":\"Glyphosate Renewal Group\",\"description\":\"Just another WordPress site\",\"potentialAction\":[{\"@type\":\"SearchAction\",\"target\":{\"@type\":\"EntryPoint\",\"urlTemplate\":\"https:\\\/\\\/www.glyphosate.eu\\\/?s={search_term_string}\"},\"query-input\":{\"@type\":\"PropertyValueSpecification\",\"valueRequired\":true,\"valueName\":\"search_term_string\"}}],\"inLanguage\":\"sv-SE\"}]}<\/script>\n<!-- \/ Yoast SEO plugin. -->","yoast_head_json":{"title":"Den vetenskapliga dokumentationen - Glyphosate Renewal Group","robots":{"index":"index","follow":"follow","max-snippet":"max-snippet:-1","max-image-preview":"max-image-preview:large","max-video-preview":"max-video-preview:-1"},"canonical":"https:\/\/www.glyphosate.eu\/sv\/transparency\/scientific-dossier\/","og_locale":"sv_SE","og_type":"article","og_title":"Den vetenskapliga dokumentationen - Glyphosate Renewal Group","og_description":"En central del av godk\u00e4nnandeprocessen f\u00f6r att erh\u00e5lla ett produktgodk\u00e4nnande f\u00f6r att anv\u00e4nda och marknadsf\u00f6ra glyfosat i EU best\u00e5r i att l\u00e4mna in vetenskapliga bel\u00e4gg f\u00f6r dess s\u00e4kerhet till beh\u00f6riga nationella och europeiska myndigheter. Glyphosate Renewal Group (GRG) l\u00e4mnade den vetenskapliga dokumentationen till utv\u00e4rderingsgruppen om glyfosat (Assessment Group on Glyphosate, AGG), vilken best\u00e5r av tillsynsorgan&hellip;","og_url":"https:\/\/www.glyphosate.eu\/sv\/transparency\/scientific-dossier\/","og_site_name":"Glyphosate Renewal Group","article_modified_time":"2024-07-01T12:20:37+00:00","og_image":[{"url":"https:\/\/www.glyphosate.eu\/app\/uploads\/2021\/07\/dossier-and-paper--300x193.jpg","type":"","width":"","height":""}],"twitter_card":"summary_large_image","twitter_misc":{"Est. reading time":"2 minutes"},"schema":{"@context":"https:\/\/schema.org","@graph":[{"@type":"WebPage","@id":"https:\/\/www.glyphosate.eu\/sv\/transparency\/scientific-dossier\/","url":"https:\/\/www.glyphosate.eu\/sv\/transparency\/scientific-dossier\/","name":"Den vetenskapliga dokumentationen - Glyphosate Renewal Group","isPartOf":{"@id":"https:\/\/www.glyphosate.eu\/#website"},"primaryImageOfPage":{"@id":"https:\/\/www.glyphosate.eu\/sv\/transparency\/scientific-dossier\/#primaryimage"},"image":{"@id":"https:\/\/www.glyphosate.eu\/sv\/transparency\/scientific-dossier\/#primaryimage"},"thumbnailUrl":"https:\/\/www.glyphosate.eu\/app\/uploads\/2021\/07\/dossier-and-paper--300x193.jpg","datePublished":"2021-12-20T09:43:10+00:00","dateModified":"2024-07-01T12:20:37+00:00","breadcrumb":{"@id":"https:\/\/www.glyphosate.eu\/sv\/transparency\/scientific-dossier\/#breadcrumb"},"inLanguage":"sv-SE","potentialAction":[{"@type":"ReadAction","target":["https:\/\/www.glyphosate.eu\/sv\/transparency\/scientific-dossier\/"]}]},{"@type":"ImageObject","inLanguage":"sv-SE","@id":"https:\/\/www.glyphosate.eu\/sv\/transparency\/scientific-dossier\/#primaryimage","url":"https:\/\/www.glyphosate.eu\/app\/uploads\/2021\/07\/dossier-and-paper--300x193.jpg","contentUrl":"https:\/\/www.glyphosate.eu\/app\/uploads\/2021\/07\/dossier-and-paper--300x193.jpg"},{"@type":"BreadcrumbList","@id":"https:\/\/www.glyphosate.eu\/sv\/transparency\/scientific-dossier\/#breadcrumb","itemListElement":[{"@type":"ListItem","position":1,"name":"Transparens","item":"https:\/\/www.glyphosate.eu\/sv\/transparency\/"},{"@type":"ListItem","position":2,"name":"Den vetenskapliga dokumentationen"}]},{"@type":"WebSite","@id":"https:\/\/www.glyphosate.eu\/#website","url":"https:\/\/www.glyphosate.eu\/","name":"Glyphosate Renewal Group","description":"Just another WordPress site","potentialAction":[{"@type":"SearchAction","target":{"@type":"EntryPoint","urlTemplate":"https:\/\/www.glyphosate.eu\/?s={search_term_string}"},"query-input":{"@type":"PropertyValueSpecification","valueRequired":true,"valueName":"search_term_string"}}],"inLanguage":"sv-SE"}]}},"_links":{"self":[{"href":"https:\/\/www.glyphosate.eu\/sv\/wp-json\/wp\/v2\/pages\/26697","targetHints":{"allow":["GET"]}}],"collection":[{"href":"https:\/\/www.glyphosate.eu\/sv\/wp-json\/wp\/v2\/pages"}],"about":[{"href":"https:\/\/www.glyphosate.eu\/sv\/wp-json\/wp\/v2\/types\/page"}],"author":[{"embeddable":true,"href":"https:\/\/www.glyphosate.eu\/sv\/wp-json\/wp\/v2\/users\/1"}],"replies":[{"embeddable":true,"href":"https:\/\/www.glyphosate.eu\/sv\/wp-json\/wp\/v2\/comments?post=26697"}],"version-history":[{"count":8,"href":"https:\/\/www.glyphosate.eu\/sv\/wp-json\/wp\/v2\/pages\/26697\/revisions"}],"predecessor-version":[{"id":35267,"href":"https:\/\/www.glyphosate.eu\/sv\/wp-json\/wp\/v2\/pages\/26697\/revisions\/35267"}],"up":[{"embeddable":true,"href":"https:\/\/www.glyphosate.eu\/sv\/wp-json\/wp\/v2\/pages\/27265"}],"wp:attachment":[{"href":"https:\/\/www.glyphosate.eu\/sv\/wp-json\/wp\/v2\/media?parent=26697"}],"curies":[{"name":"wp","href":"https:\/\/api.w.org\/{rel}","templated":true}]}}