{"id":26677,"date":"2021-12-20T09:42:11","date_gmt":"2021-12-20T09:42:11","guid":{"rendered":"https:\/\/www.glyphosate.eu\/application\/"},"modified":"2022-04-20T09:56:41","modified_gmt":"2022-04-20T08:56:41","slug":"application","status":"publish","type":"page","link":"https:\/\/www.glyphosate.eu\/sv\/transparency\/application\/","title":{"rendered":"Ans\u00f6kan"},"content":{"rendered":"<p>Ans\u00f6kan om f\u00f6rl\u00e4ngning f\u00f6r det verksamma \u00e4mnet glyfosat l\u00e4mnades f\u00f6rst in den 12 december av GRG till de utv\u00e4rderande medlemsstaterna (AGG), Efsa och Europeiska kommissionen. Fristen f\u00f6r att l\u00e4mna in ans\u00f6kan l\u00f6pte fram till den 15 december 2019, tre \u00e5r innan g\u00e4llande godk\u00e4nnande av glyfosat l\u00f6per ut (den 15 december 2022). Den f\u00f6rsta ans\u00f6kningshandlingen, som du finner f\u00f6r nedladdning p\u00e5 denna webbplats, inneh\u00f6ll information om nya och p\u00e5g\u00e5ende studier. Vidare l\u00e4mnade GRG in en beg\u00e4ran om uppgiftsskydd enligt artikel 59 i f\u00f6rordning (EU) nr 1107\/2009. Format f\u00f6r denna ans\u00f6kan framg\u00e5r av bilagan till f\u00f6rordning (EU) nr 844\/2012.<br \/>\nEfter granskning beg\u00e4rde AGG-medlemsstaterna vissa \u00e4ndringar i ans\u00f6kningshandlingen. Den 23 januari 2020 l\u00e4mnade Glyphosate Renewal Group en ny ans\u00f6kningshandling som reviderats enligt AGG:s kommentarer till var och en av de fyra AGG-medlemsstaterna. \u00c4ven detta dokument \u00e5terfinner du f\u00f6r nedladdning p\u00e5 denna webbplats. Efter granskning bekr\u00e4ftade AGG-medlemsstaterna att ans\u00f6kan var fullst\u00e4ndig och kunde godtas. Glyphosate Renewal Group delgav senare, i maj och juli, AGG-medlemsstaterna tv\u00e5 uppdaterade versioner av ans\u00f6kan. I dessa versioner tillhandah\u00e5lls AGG:s tillsynsmyndigheter uppdaterad information om tidsplanen f\u00f6r nya studier som fortfarande h\u00e5ller p\u00e5 att genomf\u00f6ras. Dessa tv\u00e5 uppdaterade versioner av ans\u00f6kan finns f\u00f6r nedladdning p\u00e5 denna sida.<\/p>\n<p><strong>Bakgrund<\/strong><\/p>\n<p>Glyfosat \u00e4r godk\u00e4nt f\u00f6r att fram till den 15 december 2022 anv\u00e4ndas i Europeiska unionen som ett verksamt \u00e4mne i v\u00e4xtskyddsprodukter. En ans\u00f6kan om f\u00f6rl\u00e4ngning m\u00e5ste l\u00e4mnas in tre \u00e5r f\u00f6re detta slutdatum (15 december 2019) och f\u00f6ljas av fullst\u00e4ndig dokumentation l\u00e4mnas in senast sex m\u00e5nader senare (15 juni 2020). Utv\u00e4rderingsgruppen om glyfosat (Assessment Group on Glyphosate, AGG), som tillsammans fungerar som rapporterande medlemsstat, inleder sedan en omfattande vetenskaplig utv\u00e4rdering.<br \/>\nUtv\u00e4rderingsgruppen beaktar framsteg inom vetenskap och teknik och erfarenheter som inh\u00e4mtats sedan det verksamma \u00e4mnet senast granskats. Glyfosat kommer att utv\u00e4rderas i fr\u00e5ga om hur s\u00e4kert det \u00e4r f\u00f6r m\u00e4nniskor, djur och milj\u00f6n.<\/p>\n","protected":false},"excerpt":{"rendered":"<p>Ans\u00f6kan om f\u00f6rl\u00e4ngning f\u00f6r det verksamma \u00e4mnet glyfosat l\u00e4mnades f\u00f6rst in den 12 december av GRG till de utv\u00e4rderande medlemsstaterna (AGG), Efsa och Europeiska kommissionen. Fristen f\u00f6r att l\u00e4mna in ans\u00f6kan l\u00f6pte fram till den 15 december 2019, tre \u00e5r innan g\u00e4llande godk\u00e4nnande av glyfosat l\u00f6per ut (den 15 december 2022). Den f\u00f6rsta ans\u00f6kningshandlingen, som&hellip;<\/p>\n","protected":false},"author":1,"featured_media":0,"parent":27265,"menu_order":388,"comment_status":"closed","ping_status":"closed","template":"views\/template-application.blade.php","meta":{"_acf_changed":false,"inline_featured_image":false,"footnotes":""},"class_list":["post-26677","page","type-page","status-publish","hentry"],"acf":[],"yoast_head":"<!-- This site is optimized with the Yoast SEO plugin v27.3 - https:\/\/yoast.com\/product\/yoast-seo-wordpress\/ -->\n<title>Ans\u00f6kan - Glyphosate Renewal Group<\/title>\n<meta name=\"robots\" content=\"index, follow, max-snippet:-1, max-image-preview:large, max-video-preview:-1\" \/>\n<link rel=\"canonical\" href=\"https:\/\/www.glyphosate.eu\/sv\/transparency\/application\/\" \/>\n<meta property=\"og:locale\" content=\"sv_SE\" \/>\n<meta property=\"og:type\" content=\"article\" \/>\n<meta property=\"og:title\" content=\"Ans\u00f6kan - Glyphosate Renewal Group\" \/>\n<meta property=\"og:description\" content=\"Ans\u00f6kan om f\u00f6rl\u00e4ngning f\u00f6r det verksamma \u00e4mnet glyfosat l\u00e4mnades f\u00f6rst in den 12 december av GRG till de utv\u00e4rderande medlemsstaterna (AGG), Efsa och Europeiska kommissionen. Fristen f\u00f6r att l\u00e4mna in ans\u00f6kan l\u00f6pte fram till den 15 december 2019, tre \u00e5r innan g\u00e4llande godk\u00e4nnande av glyfosat l\u00f6per ut (den 15 december 2022). Den f\u00f6rsta ans\u00f6kningshandlingen, som&hellip;\" \/>\n<meta property=\"og:url\" content=\"https:\/\/www.glyphosate.eu\/sv\/transparency\/application\/\" \/>\n<meta property=\"og:site_name\" content=\"Glyphosate Renewal Group\" \/>\n<meta property=\"article:modified_time\" content=\"2022-04-20T08:56:41+00:00\" \/>\n<meta name=\"twitter:card\" content=\"summary_large_image\" \/>\n<meta name=\"twitter:label1\" content=\"Est. reading time\" \/>\n\t<meta name=\"twitter:data1\" content=\"2 minutes\" \/>\n<script type=\"application\/ld+json\" class=\"yoast-schema-graph\">{\"@context\":\"https:\\\/\\\/schema.org\",\"@graph\":[{\"@type\":\"WebPage\",\"@id\":\"https:\\\/\\\/www.glyphosate.eu\\\/sv\\\/transparency\\\/application\\\/\",\"url\":\"https:\\\/\\\/www.glyphosate.eu\\\/sv\\\/transparency\\\/application\\\/\",\"name\":\"Ans\u00f6kan - Glyphosate Renewal Group\",\"isPartOf\":{\"@id\":\"https:\\\/\\\/www.glyphosate.eu\\\/#website\"},\"datePublished\":\"2021-12-20T09:42:11+00:00\",\"dateModified\":\"2022-04-20T08:56:41+00:00\",\"breadcrumb\":{\"@id\":\"https:\\\/\\\/www.glyphosate.eu\\\/sv\\\/transparency\\\/application\\\/#breadcrumb\"},\"inLanguage\":\"sv-SE\",\"potentialAction\":[{\"@type\":\"ReadAction\",\"target\":[\"https:\\\/\\\/www.glyphosate.eu\\\/sv\\\/transparency\\\/application\\\/\"]}]},{\"@type\":\"BreadcrumbList\",\"@id\":\"https:\\\/\\\/www.glyphosate.eu\\\/sv\\\/transparency\\\/application\\\/#breadcrumb\",\"itemListElement\":[{\"@type\":\"ListItem\",\"position\":1,\"name\":\"Transparens\",\"item\":\"https:\\\/\\\/www.glyphosate.eu\\\/sv\\\/transparency\\\/\"},{\"@type\":\"ListItem\",\"position\":2,\"name\":\"Ans\u00f6kan\"}]},{\"@type\":\"WebSite\",\"@id\":\"https:\\\/\\\/www.glyphosate.eu\\\/#website\",\"url\":\"https:\\\/\\\/www.glyphosate.eu\\\/\",\"name\":\"Glyphosate Renewal Group\",\"description\":\"Just another WordPress site\",\"potentialAction\":[{\"@type\":\"SearchAction\",\"target\":{\"@type\":\"EntryPoint\",\"urlTemplate\":\"https:\\\/\\\/www.glyphosate.eu\\\/?s={search_term_string}\"},\"query-input\":{\"@type\":\"PropertyValueSpecification\",\"valueRequired\":true,\"valueName\":\"search_term_string\"}}],\"inLanguage\":\"sv-SE\"}]}<\/script>\n<!-- \/ Yoast SEO plugin. -->","yoast_head_json":{"title":"Ans\u00f6kan - Glyphosate Renewal Group","robots":{"index":"index","follow":"follow","max-snippet":"max-snippet:-1","max-image-preview":"max-image-preview:large","max-video-preview":"max-video-preview:-1"},"canonical":"https:\/\/www.glyphosate.eu\/sv\/transparency\/application\/","og_locale":"sv_SE","og_type":"article","og_title":"Ans\u00f6kan - Glyphosate Renewal Group","og_description":"Ans\u00f6kan om f\u00f6rl\u00e4ngning f\u00f6r det verksamma \u00e4mnet glyfosat l\u00e4mnades f\u00f6rst in den 12 december av GRG till de utv\u00e4rderande medlemsstaterna (AGG), Efsa och Europeiska kommissionen. Fristen f\u00f6r att l\u00e4mna in ans\u00f6kan l\u00f6pte fram till den 15 december 2019, tre \u00e5r innan g\u00e4llande godk\u00e4nnande av glyfosat l\u00f6per ut (den 15 december 2022). Den f\u00f6rsta ans\u00f6kningshandlingen, som&hellip;","og_url":"https:\/\/www.glyphosate.eu\/sv\/transparency\/application\/","og_site_name":"Glyphosate Renewal Group","article_modified_time":"2022-04-20T08:56:41+00:00","twitter_card":"summary_large_image","twitter_misc":{"Est. reading time":"2 minutes"},"schema":{"@context":"https:\/\/schema.org","@graph":[{"@type":"WebPage","@id":"https:\/\/www.glyphosate.eu\/sv\/transparency\/application\/","url":"https:\/\/www.glyphosate.eu\/sv\/transparency\/application\/","name":"Ans\u00f6kan - Glyphosate Renewal Group","isPartOf":{"@id":"https:\/\/www.glyphosate.eu\/#website"},"datePublished":"2021-12-20T09:42:11+00:00","dateModified":"2022-04-20T08:56:41+00:00","breadcrumb":{"@id":"https:\/\/www.glyphosate.eu\/sv\/transparency\/application\/#breadcrumb"},"inLanguage":"sv-SE","potentialAction":[{"@type":"ReadAction","target":["https:\/\/www.glyphosate.eu\/sv\/transparency\/application\/"]}]},{"@type":"BreadcrumbList","@id":"https:\/\/www.glyphosate.eu\/sv\/transparency\/application\/#breadcrumb","itemListElement":[{"@type":"ListItem","position":1,"name":"Transparens","item":"https:\/\/www.glyphosate.eu\/sv\/transparency\/"},{"@type":"ListItem","position":2,"name":"Ans\u00f6kan"}]},{"@type":"WebSite","@id":"https:\/\/www.glyphosate.eu\/#website","url":"https:\/\/www.glyphosate.eu\/","name":"Glyphosate Renewal Group","description":"Just another WordPress site","potentialAction":[{"@type":"SearchAction","target":{"@type":"EntryPoint","urlTemplate":"https:\/\/www.glyphosate.eu\/?s={search_term_string}"},"query-input":{"@type":"PropertyValueSpecification","valueRequired":true,"valueName":"search_term_string"}}],"inLanguage":"sv-SE"}]}},"_links":{"self":[{"href":"https:\/\/www.glyphosate.eu\/sv\/wp-json\/wp\/v2\/pages\/26677","targetHints":{"allow":["GET"]}}],"collection":[{"href":"https:\/\/www.glyphosate.eu\/sv\/wp-json\/wp\/v2\/pages"}],"about":[{"href":"https:\/\/www.glyphosate.eu\/sv\/wp-json\/wp\/v2\/types\/page"}],"author":[{"embeddable":true,"href":"https:\/\/www.glyphosate.eu\/sv\/wp-json\/wp\/v2\/users\/1"}],"replies":[{"embeddable":true,"href":"https:\/\/www.glyphosate.eu\/sv\/wp-json\/wp\/v2\/comments?post=26677"}],"version-history":[{"count":4,"href":"https:\/\/www.glyphosate.eu\/sv\/wp-json\/wp\/v2\/pages\/26677\/revisions"}],"predecessor-version":[{"id":31693,"href":"https:\/\/www.glyphosate.eu\/sv\/wp-json\/wp\/v2\/pages\/26677\/revisions\/31693"}],"up":[{"embeddable":true,"href":"https:\/\/www.glyphosate.eu\/sv\/wp-json\/wp\/v2\/pages\/27265"}],"wp:attachment":[{"href":"https:\/\/www.glyphosate.eu\/sv\/wp-json\/wp\/v2\/media?parent=26677"}],"curies":[{"name":"wp","href":"https:\/\/api.w.org\/{rel}","templated":true}]}}