{"id":26670,"date":"2021-12-20T09:40:43","date_gmt":"2021-12-20T09:40:43","guid":{"rendered":"https:\/\/www.glyphosate.eu\/what-is-the-glyphosate-renewal-group\/"},"modified":"2024-10-14T14:15:07","modified_gmt":"2024-10-14T13:15:07","slug":"what-is-the-glyphosate-renewal-group","status":"publish","type":"page","link":"https:\/\/www.glyphosate.eu\/sv\/what-is-the-glyphosate-renewal-group\/","title":{"rendered":"What is the Glyphosate Renewal Group"},"content":{"rendered":"<p>Denna dokumentation l\u00e4mnas till de utv\u00e4rderande medlemsstaterna och Europeiska myndigheten f\u00f6r livsmedelss\u00e4kerhet (EFSA) som en del av EU:s reglerande f\u00f6rfarande f\u00f6r att forts\u00e4tta godk\u00e4nnandet av glyfosat och glyfosathaltiga produkter p\u00e5 EU-marknaden.<\/p>\n<p>GRG bytte namn fr\u00e5n Glyphosat Task Force 2 i slutet av 2019 f\u00f6r att undvika f\u00f6rv\u00e4xling med tidigare glyfosatinl\u00e4mningar.<\/p>\n<p>Medlemmar i GRG \u00e4r Albaugh Europe SARL, Barclay Chemicals Manufacturing Ltd., <span data-teams=\"true\"><span class=\"ui-provider a b c d e f g h i j k l m n o p q r s t u v w x y z ab ac ae af ag ah ai aj ak\" dir=\"ltr\">Bayer Agriculture BV<\/span><\/span>, <span data-teams=\"true\"><span class=\"ui-provider a b c d e f g h i j k l m n o p q r s t u v w x y z ab ac ae af ag ah ai aj ak\" dir=\"ltr\">QEMETICA Agricultural Solutions Poland S.A.<\/span><\/span>, Nufarm GMBH &amp; Co.KG, Sinon Corporation, Syngenta Crop Protection AG.\u00a0\u00a0<\/p>\n","protected":false},"excerpt":{"rendered":"<p>Denna dokumentation l\u00e4mnas till de utv\u00e4rderande medlemsstaterna och Europeiska myndigheten f\u00f6r livsmedelss\u00e4kerhet (EFSA) som en del av EU:s reglerande f\u00f6rfarande f\u00f6r att forts\u00e4tta godk\u00e4nnandet av glyfosat och glyfosathaltiga produkter p\u00e5 EU-marknaden. GRG bytte namn fr\u00e5n Glyphosat Task Force 2 i slutet av 2019 f\u00f6r att undvika f\u00f6rv\u00e4xling med tidigare glyfosatinl\u00e4mningar. Medlemmar i GRG \u00e4r Albaugh&hellip;<\/p>\n","protected":false},"author":1,"featured_media":0,"parent":0,"menu_order":874,"comment_status":"closed","ping_status":"closed","template":"views\/template-auth-process.blade.php","meta":{"_acf_changed":false,"inline_featured_image":false,"footnotes":""},"class_list":["post-26670","page","type-page","status-publish","hentry"],"acf":[],"yoast_head":"<!-- This site is optimized with the Yoast SEO plugin v27.4 - https:\/\/yoast.com\/product\/yoast-seo-wordpress\/ -->\n<title>What is the Glyphosate Renewal Group - Glyphosate Renewal Group<\/title>\n<meta name=\"robots\" content=\"index, follow, max-snippet:-1, max-image-preview:large, max-video-preview:-1\" \/>\n<link rel=\"canonical\" href=\"https:\/\/www.glyphosate.eu\/sv\/what-is-the-glyphosate-renewal-group\/\" \/>\n<meta property=\"og:locale\" content=\"sv_SE\" \/>\n<meta property=\"og:type\" content=\"article\" \/>\n<meta property=\"og:title\" content=\"What is the Glyphosate Renewal Group - Glyphosate Renewal Group\" \/>\n<meta property=\"og:description\" content=\"Denna dokumentation l\u00e4mnas till de utv\u00e4rderande medlemsstaterna och Europeiska myndigheten f\u00f6r livsmedelss\u00e4kerhet (EFSA) som en del av EU:s reglerande f\u00f6rfarande f\u00f6r att forts\u00e4tta godk\u00e4nnandet av glyfosat och glyfosathaltiga produkter p\u00e5 EU-marknaden. GRG bytte namn fr\u00e5n Glyphosat Task Force 2 i slutet av 2019 f\u00f6r att undvika f\u00f6rv\u00e4xling med tidigare glyfosatinl\u00e4mningar. Medlemmar i GRG \u00e4r Albaugh&hellip;\" \/>\n<meta property=\"og:url\" content=\"https:\/\/www.glyphosate.eu\/sv\/what-is-the-glyphosate-renewal-group\/\" \/>\n<meta property=\"og:site_name\" content=\"Glyphosate Renewal Group\" \/>\n<meta property=\"article:modified_time\" content=\"2024-10-14T13:15:07+00:00\" \/>\n<meta name=\"twitter:card\" content=\"summary_large_image\" \/>\n<meta name=\"twitter:label1\" content=\"Est. reading time\" \/>\n\t<meta name=\"twitter:data1\" content=\"1 minute\" \/>\n<script type=\"application\/ld+json\" class=\"yoast-schema-graph\">{\"@context\":\"https:\\\/\\\/schema.org\",\"@graph\":[{\"@type\":\"WebPage\",\"@id\":\"https:\\\/\\\/www.glyphosate.eu\\\/sv\\\/what-is-the-glyphosate-renewal-group\\\/\",\"url\":\"https:\\\/\\\/www.glyphosate.eu\\\/sv\\\/what-is-the-glyphosate-renewal-group\\\/\",\"name\":\"What is the Glyphosate Renewal Group - Glyphosate Renewal Group\",\"isPartOf\":{\"@id\":\"https:\\\/\\\/www.glyphosate.eu\\\/#website\"},\"datePublished\":\"2021-12-20T09:40:43+00:00\",\"dateModified\":\"2024-10-14T13:15:07+00:00\",\"inLanguage\":\"sv-SE\",\"potentialAction\":[{\"@type\":\"ReadAction\",\"target\":[\"https:\\\/\\\/www.glyphosate.eu\\\/sv\\\/what-is-the-glyphosate-renewal-group\\\/\"]}]},{\"@type\":\"WebSite\",\"@id\":\"https:\\\/\\\/www.glyphosate.eu\\\/#website\",\"url\":\"https:\\\/\\\/www.glyphosate.eu\\\/\",\"name\":\"Glyphosate Renewal Group\",\"description\":\"Just another WordPress site\",\"potentialAction\":[{\"@type\":\"SearchAction\",\"target\":{\"@type\":\"EntryPoint\",\"urlTemplate\":\"https:\\\/\\\/www.glyphosate.eu\\\/?s={search_term_string}\"},\"query-input\":{\"@type\":\"PropertyValueSpecification\",\"valueRequired\":true,\"valueName\":\"search_term_string\"}}],\"inLanguage\":\"sv-SE\"}]}<\/script>\n<!-- \/ Yoast SEO plugin. -->","yoast_head_json":{"title":"What is the Glyphosate Renewal Group - Glyphosate Renewal Group","robots":{"index":"index","follow":"follow","max-snippet":"max-snippet:-1","max-image-preview":"max-image-preview:large","max-video-preview":"max-video-preview:-1"},"canonical":"https:\/\/www.glyphosate.eu\/sv\/what-is-the-glyphosate-renewal-group\/","og_locale":"sv_SE","og_type":"article","og_title":"What is the Glyphosate Renewal Group - Glyphosate Renewal Group","og_description":"Denna dokumentation l\u00e4mnas till de utv\u00e4rderande medlemsstaterna och Europeiska myndigheten f\u00f6r livsmedelss\u00e4kerhet (EFSA) som en del av EU:s reglerande f\u00f6rfarande f\u00f6r att forts\u00e4tta godk\u00e4nnandet av glyfosat och glyfosathaltiga produkter p\u00e5 EU-marknaden. GRG bytte namn fr\u00e5n Glyphosat Task Force 2 i slutet av 2019 f\u00f6r att undvika f\u00f6rv\u00e4xling med tidigare glyfosatinl\u00e4mningar. Medlemmar i GRG \u00e4r Albaugh&hellip;","og_url":"https:\/\/www.glyphosate.eu\/sv\/what-is-the-glyphosate-renewal-group\/","og_site_name":"Glyphosate Renewal Group","article_modified_time":"2024-10-14T13:15:07+00:00","twitter_card":"summary_large_image","twitter_misc":{"Est. reading time":"1 minute"},"schema":{"@context":"https:\/\/schema.org","@graph":[{"@type":"WebPage","@id":"https:\/\/www.glyphosate.eu\/sv\/what-is-the-glyphosate-renewal-group\/","url":"https:\/\/www.glyphosate.eu\/sv\/what-is-the-glyphosate-renewal-group\/","name":"What is the Glyphosate Renewal Group - Glyphosate Renewal Group","isPartOf":{"@id":"https:\/\/www.glyphosate.eu\/#website"},"datePublished":"2021-12-20T09:40:43+00:00","dateModified":"2024-10-14T13:15:07+00:00","inLanguage":"sv-SE","potentialAction":[{"@type":"ReadAction","target":["https:\/\/www.glyphosate.eu\/sv\/what-is-the-glyphosate-renewal-group\/"]}]},{"@type":"WebSite","@id":"https:\/\/www.glyphosate.eu\/#website","url":"https:\/\/www.glyphosate.eu\/","name":"Glyphosate Renewal Group","description":"Just another WordPress site","potentialAction":[{"@type":"SearchAction","target":{"@type":"EntryPoint","urlTemplate":"https:\/\/www.glyphosate.eu\/?s={search_term_string}"},"query-input":{"@type":"PropertyValueSpecification","valueRequired":true,"valueName":"search_term_string"}}],"inLanguage":"sv-SE"}]}},"_links":{"self":[{"href":"https:\/\/www.glyphosate.eu\/sv\/wp-json\/wp\/v2\/pages\/26670","targetHints":{"allow":["GET"]}}],"collection":[{"href":"https:\/\/www.glyphosate.eu\/sv\/wp-json\/wp\/v2\/pages"}],"about":[{"href":"https:\/\/www.glyphosate.eu\/sv\/wp-json\/wp\/v2\/types\/page"}],"author":[{"embeddable":true,"href":"https:\/\/www.glyphosate.eu\/sv\/wp-json\/wp\/v2\/users\/1"}],"replies":[{"embeddable":true,"href":"https:\/\/www.glyphosate.eu\/sv\/wp-json\/wp\/v2\/comments?post=26670"}],"version-history":[{"count":5,"href":"https:\/\/www.glyphosate.eu\/sv\/wp-json\/wp\/v2\/pages\/26670\/revisions"}],"predecessor-version":[{"id":35320,"href":"https:\/\/www.glyphosate.eu\/sv\/wp-json\/wp\/v2\/pages\/26670\/revisions\/35320"}],"wp:attachment":[{"href":"https:\/\/www.glyphosate.eu\/sv\/wp-json\/wp\/v2\/media?parent=26670"}],"curies":[{"name":"wp","href":"https:\/\/api.w.org\/{rel}","templated":true}]}}