{"id":26669,"date":"2021-12-20T09:40:32","date_gmt":"2021-12-20T09:40:32","guid":{"rendered":"https:\/\/www.glyphosate.eu\/our-commitment-to-transparency\/"},"modified":"2022-01-13T11:22:33","modified_gmt":"2022-01-13T11:22:33","slug":"our-commitment-to-transparency","status":"publish","type":"page","link":"https:\/\/www.glyphosate.eu\/sv\/our-commitment-to-transparency\/","title":{"rendered":"V\u00e5rt \u00e5tagande f\u00f6r transparens"},"content":{"rendered":"<p>F\u00f6r att reagera p\u00e5 kravet p\u00e5 st\u00f6rre transparens och informera om processen och alla delar den best\u00e5r av, ger Glyphosate Renewal Group tillg\u00e5ng till den vetenskapliga dokumentation som l\u00e4mnades in 2012 och till de nya studier som lades till de vetenskapliga bevis som lades fram 2012 och ing\u00e5r som en del av den nya dokumentation som l\u00e4mnades in i juni 2020. Glyphosate Renewal Group lever aktivt upp till de nya best\u00e4mmelserna i EU:s allm\u00e4nna livsmedelslagstiftning innan lagstiftningen tr\u00e4der i kraft den 27 mars 2021.<\/p>\n<p>Det g\u00f6r Glyphosate Renewal Group genom att ge allm\u00e4n tillg\u00e5ng till listan \u00f6ver nya studier som genomf\u00f6rs och till protokollen fr\u00e5n m\u00f6tena med tillsynsorgan som \u00e4r inblandade i den nya utv\u00e4rderingen av glyfosat, dvs. Europeiska myndigheten f\u00f6r livsmedelss\u00e4kerhet (Efsa) och utv\u00e4rderingsgruppen om glyfosat (Assessment Group on Glyphosate, AGG). Utv\u00e4rderingsgruppen best\u00e5r av f\u00f6ljande fyra tillsynsmyndigheter i de fyra medlemsstaterna: ANSES (Frankrike), Nebih (Ungern), ctgb (Nederl\u00e4nderna) och KEMI (Sverige).<\/p>\n<p>Ans\u00f6kan om f\u00f6rl\u00e4ngning av glyfosat, inklusive listan \u00f6ver nya studier f\u00f6r att efterleva g\u00e4llande tillsynskrav, g\u00f6rs allm\u00e4nt tillg\u00e4nglig p\u00e5 denna webbplats, liksom korrespondensen med \u00e5terkoppling om ans\u00f6kan fr\u00e5n utv\u00e4rderingsgruppen om glyfosat (Assessment Group on Glyphosate, AGG).<\/p>\n<p>Vidare ges \u00e4ven p\u00e5 denna webbplats enkel tillg\u00e5ng till den offentliga delen (dvs. utom konfidentiell f\u00f6retagsinformation) av den dokumentation om f\u00f6rl\u00e4ngt godk\u00e4nnande som l\u00e4mnades in 2012. Tillg\u00e5ng till fullst\u00e4ndiga rapporter fr\u00e5n studier som l\u00e4mnades in vid detta tillf\u00e4lle och d\u00e4r Glyphosate Renewal Group har tillg\u00e5ng till och r\u00e4tt att r\u00f6ja dem, finns via ett enkelt best\u00e4llningsf\u00f6rfarande online (med ett begr\u00e4nsat undantag f\u00f6r dokument som inneh\u00e5ller konfidentiella, produktions- och k\u00e4llrelaterade uppgifter samt dokument som inte \u00e4r s\u00e4kerhetsrelevanta) att erh\u00e5lla f\u00f6r den som \u00e4r intresserad.<\/p>\n<p>Efter inl\u00e4mnandet ges tillg\u00e5ng till hela den offentliga delen av 2020 \u00e5rs dokumentation om glyfosat, inklusive nya studierapporter, via denna webbplats (med ett begr\u00e4nsat undantag f\u00f6r s\u00e5dana dokument som inneh\u00e5ller viss produktionsinformation, som inte \u00e4r s\u00e4kerhetsrelevant).<\/p>\n<p>Ansvarsfriskrivning: F\u00f6r att skydda dataintegritet och i enlighet med befintlig r\u00e4tt kommer alla personuppgifter och provningsanl\u00e4ggningar f\u00f6r studier p\u00e5 ryggradsdjur, att ha avl\u00e4gsnats fr\u00e5n dokument som g\u00f6rs allm\u00e4nt tillg\u00e4ngliga av Glyphosate Renewal Group.<br \/>\nGlyphosate Renewal Group har anslutit sig till EU:s \u00f6ppenhetsregister \u2013 n\u00e4rmare upplysningar om detta finns p\u00e5 denna <strong><span style=\"color: #339966;\"><a href=\"https:\/\/ec.europa.eu\/transparencyregister\/public\/consultation\/displaylobbyist.do?id=720197936300-30\"><span style=\"color: #000000;\">l\u00e4nk.<\/span><\/a>\u00a0<\/span><\/strong><\/p>\n","protected":false},"excerpt":{"rendered":"<p>F\u00f6r att reagera p\u00e5 kravet p\u00e5 st\u00f6rre transparens och informera om processen och alla delar den best\u00e5r av, ger Glyphosate Renewal Group tillg\u00e5ng till den vetenskapliga dokumentation som l\u00e4mnades in 2012 och till de nya studier som lades till de vetenskapliga bevis som lades fram 2012 och ing\u00e5r som en del av den nya dokumentation&hellip;<\/p>\n","protected":false},"author":1,"featured_media":0,"parent":0,"menu_order":709,"comment_status":"closed","ping_status":"closed","template":"views\/template-auth-process.blade.php","meta":{"_acf_changed":false,"inline_featured_image":false,"footnotes":""},"class_list":["post-26669","page","type-page","status-publish","hentry"],"acf":[],"yoast_head":"<!-- This site is optimized with the Yoast SEO plugin v27.3 - https:\/\/yoast.com\/product\/yoast-seo-wordpress\/ -->\n<title>V\u00e5rt \u00e5tagande f\u00f6r transparens - Glyphosate Renewal Group<\/title>\n<meta name=\"robots\" content=\"index, follow, max-snippet:-1, max-image-preview:large, max-video-preview:-1\" \/>\n<link rel=\"canonical\" href=\"https:\/\/www.glyphosate.eu\/sv\/our-commitment-to-transparency\/\" \/>\n<meta property=\"og:locale\" content=\"sv_SE\" \/>\n<meta property=\"og:type\" content=\"article\" \/>\n<meta property=\"og:title\" content=\"V\u00e5rt \u00e5tagande f\u00f6r transparens - Glyphosate Renewal Group\" \/>\n<meta property=\"og:description\" content=\"F\u00f6r att reagera p\u00e5 kravet p\u00e5 st\u00f6rre transparens och informera om processen och alla delar den best\u00e5r av, ger Glyphosate Renewal Group tillg\u00e5ng till den vetenskapliga dokumentation som l\u00e4mnades in 2012 och till de nya studier som lades till de vetenskapliga bevis som lades fram 2012 och ing\u00e5r som en del av den nya dokumentation&hellip;\" \/>\n<meta property=\"og:url\" content=\"https:\/\/www.glyphosate.eu\/sv\/our-commitment-to-transparency\/\" \/>\n<meta property=\"og:site_name\" content=\"Glyphosate Renewal Group\" \/>\n<meta property=\"article:modified_time\" content=\"2022-01-13T11:22:33+00:00\" \/>\n<meta name=\"twitter:card\" content=\"summary_large_image\" \/>\n<meta name=\"twitter:label1\" content=\"Est. reading time\" \/>\n\t<meta name=\"twitter:data1\" content=\"2 minutes\" \/>\n<script type=\"application\/ld+json\" class=\"yoast-schema-graph\">{\"@context\":\"https:\\\/\\\/schema.org\",\"@graph\":[{\"@type\":\"WebPage\",\"@id\":\"https:\\\/\\\/www.glyphosate.eu\\\/sv\\\/our-commitment-to-transparency\\\/\",\"url\":\"https:\\\/\\\/www.glyphosate.eu\\\/sv\\\/our-commitment-to-transparency\\\/\",\"name\":\"V\u00e5rt \u00e5tagande f\u00f6r transparens - Glyphosate Renewal Group\",\"isPartOf\":{\"@id\":\"https:\\\/\\\/www.glyphosate.eu\\\/#website\"},\"datePublished\":\"2021-12-20T09:40:32+00:00\",\"dateModified\":\"2022-01-13T11:22:33+00:00\",\"inLanguage\":\"sv-SE\",\"potentialAction\":[{\"@type\":\"ReadAction\",\"target\":[\"https:\\\/\\\/www.glyphosate.eu\\\/sv\\\/our-commitment-to-transparency\\\/\"]}]},{\"@type\":\"WebSite\",\"@id\":\"https:\\\/\\\/www.glyphosate.eu\\\/#website\",\"url\":\"https:\\\/\\\/www.glyphosate.eu\\\/\",\"name\":\"Glyphosate Renewal Group\",\"description\":\"Just another WordPress site\",\"potentialAction\":[{\"@type\":\"SearchAction\",\"target\":{\"@type\":\"EntryPoint\",\"urlTemplate\":\"https:\\\/\\\/www.glyphosate.eu\\\/?s={search_term_string}\"},\"query-input\":{\"@type\":\"PropertyValueSpecification\",\"valueRequired\":true,\"valueName\":\"search_term_string\"}}],\"inLanguage\":\"sv-SE\"}]}<\/script>\n<!-- \/ Yoast SEO plugin. -->","yoast_head_json":{"title":"V\u00e5rt \u00e5tagande f\u00f6r transparens - Glyphosate Renewal Group","robots":{"index":"index","follow":"follow","max-snippet":"max-snippet:-1","max-image-preview":"max-image-preview:large","max-video-preview":"max-video-preview:-1"},"canonical":"https:\/\/www.glyphosate.eu\/sv\/our-commitment-to-transparency\/","og_locale":"sv_SE","og_type":"article","og_title":"V\u00e5rt \u00e5tagande f\u00f6r transparens - Glyphosate Renewal Group","og_description":"F\u00f6r att reagera p\u00e5 kravet p\u00e5 st\u00f6rre transparens och informera om processen och alla delar den best\u00e5r av, ger Glyphosate Renewal Group tillg\u00e5ng till den vetenskapliga dokumentation som l\u00e4mnades in 2012 och till de nya studier som lades till de vetenskapliga bevis som lades fram 2012 och ing\u00e5r som en del av den nya dokumentation&hellip;","og_url":"https:\/\/www.glyphosate.eu\/sv\/our-commitment-to-transparency\/","og_site_name":"Glyphosate Renewal Group","article_modified_time":"2022-01-13T11:22:33+00:00","twitter_card":"summary_large_image","twitter_misc":{"Est. reading time":"2 minutes"},"schema":{"@context":"https:\/\/schema.org","@graph":[{"@type":"WebPage","@id":"https:\/\/www.glyphosate.eu\/sv\/our-commitment-to-transparency\/","url":"https:\/\/www.glyphosate.eu\/sv\/our-commitment-to-transparency\/","name":"V\u00e5rt \u00e5tagande f\u00f6r transparens - Glyphosate Renewal Group","isPartOf":{"@id":"https:\/\/www.glyphosate.eu\/#website"},"datePublished":"2021-12-20T09:40:32+00:00","dateModified":"2022-01-13T11:22:33+00:00","inLanguage":"sv-SE","potentialAction":[{"@type":"ReadAction","target":["https:\/\/www.glyphosate.eu\/sv\/our-commitment-to-transparency\/"]}]},{"@type":"WebSite","@id":"https:\/\/www.glyphosate.eu\/#website","url":"https:\/\/www.glyphosate.eu\/","name":"Glyphosate Renewal Group","description":"Just another WordPress site","potentialAction":[{"@type":"SearchAction","target":{"@type":"EntryPoint","urlTemplate":"https:\/\/www.glyphosate.eu\/?s={search_term_string}"},"query-input":{"@type":"PropertyValueSpecification","valueRequired":true,"valueName":"search_term_string"}}],"inLanguage":"sv-SE"}]}},"_links":{"self":[{"href":"https:\/\/www.glyphosate.eu\/sv\/wp-json\/wp\/v2\/pages\/26669","targetHints":{"allow":["GET"]}}],"collection":[{"href":"https:\/\/www.glyphosate.eu\/sv\/wp-json\/wp\/v2\/pages"}],"about":[{"href":"https:\/\/www.glyphosate.eu\/sv\/wp-json\/wp\/v2\/types\/page"}],"author":[{"embeddable":true,"href":"https:\/\/www.glyphosate.eu\/sv\/wp-json\/wp\/v2\/users\/1"}],"replies":[{"embeddable":true,"href":"https:\/\/www.glyphosate.eu\/sv\/wp-json\/wp\/v2\/comments?post=26669"}],"version-history":[{"count":3,"href":"https:\/\/www.glyphosate.eu\/sv\/wp-json\/wp\/v2\/pages\/26669\/revisions"}],"predecessor-version":[{"id":27270,"href":"https:\/\/www.glyphosate.eu\/sv\/wp-json\/wp\/v2\/pages\/26669\/revisions\/27270"}],"wp:attachment":[{"href":"https:\/\/www.glyphosate.eu\/sv\/wp-json\/wp\/v2\/media?parent=26669"}],"curies":[{"name":"wp","href":"https:\/\/api.w.org\/{rel}","templated":true}]}}