{"id":26585,"date":"2021-12-20T09:34:22","date_gmt":"2021-12-20T09:34:22","guid":{"rendered":"https:\/\/www.glyphosate.eu\/privacy-cookie-statement\/"},"modified":"2021-12-23T11:45:26","modified_gmt":"2021-12-23T11:45:26","slug":"privacy-cookie-statement","status":"publish","type":"page","link":"https:\/\/www.glyphosate.eu\/sv\/privacy-cookie-statement\/","title":{"rendered":"F\u00f6rklaring om integritet och cookies"},"content":{"rendered":"<p>Denna webbplats <strong>(Webbplatsen)<\/strong> tillhandah\u00e5lls av Glyphosate Renewal Group (vi eller oss). Du finner mer information om den som tillhandah\u00e5ller Webbplatsen i v\u00e5rt <a href=\"https:\/\/glyphosate.eu\/imprint\/\">impressum<\/a>.<\/p>\n<p><strong>A. Hantering av personuppgifter <\/strong><\/p>\n<p>Vi vill nedan ge dig information om hur vi hanterar dina personuppgifter n\u00e4r du anv\u00e4nder v\u00e5r Webbplats.<\/p>\n<p><strong><em>A.1\u00a0\u00a0 Anv\u00e4nda v\u00e5r webbplats<\/em><\/strong><\/p>\n<p>(i)\u00a0\u00a0\u00a0\u00a0 \u00c5tkomst av v\u00e5r Webbplats<\/p>\n<p>N\u00e4r du bes\u00f6ker v\u00e5r Webbplats kommer din webbl\u00e4sare att \u00f6verf\u00f6ra vissa data till v\u00e5r webbserver. Det g\u00f6rs av tekniska orsaker och kr\u00e4vs f\u00f6r att den information du beg\u00e4r ska bli tillg\u00e4nglig f\u00f6r dig.<\/p>\n<p>Nedanst\u00e5ende information samlas in, sparas under kort tid och anv\u00e4nds:<\/p>\n<ul>\n<li>Datum och klockslag f\u00f6r \u00e5tkomsten<\/li>\n<li>Tidszonens skillnad i f\u00f6rh\u00e5llande till medelsoltid vid Greenwich (Greenwich Mean Time, GMT)<\/li>\n<li>Inneh\u00e5llet i beg\u00e4ran (specifik sida)<\/li>\n<li>Status f\u00f6r \u00e5tkomst\/HTTP statuskod<\/li>\n<li>Webbplats som beg\u00e4r \u00e5tkomst<\/li>\n<li>Webbl\u00e4sare, spr\u00e5kinst\u00e4llningar, version av webbl\u00e4sarprogramvarans operativsystem och yta<\/li>\n<\/ul>\n<p>Den r\u00e4ttsliga grunden f\u00f6r att hantera dessa data f\u00f6ljer av det faktum att s\u00e5dan hantering kr\u00e4vs f\u00f6r att g\u00f6ra funktionerna p\u00e5 den webbplats du beg\u00e4r \u00e5tkomst av tillg\u00e4ngliga f\u00f6r dig (art. 6.1 b) i allm\u00e4nna dataskyddsf\u00f6rordningen). F\u00f6r att skydda dina legitima intressen sparar vi vidare s\u00e5dana uppgifter under en begr\u00e4nsad tid f\u00f6r att kunna initiera en sp\u00e5rning av personuppgifter i h\u00e4ndelse av faktisk eller f\u00f6rs\u00f6k till obeh\u00f6rig \u00e5tkomst av v\u00e5ra servrar (art. 6.1 f) i allm\u00e4nna dataskyddsf\u00f6rordningen).<\/p>\n<p>(ii)\u00a0\u00a0\u00a0 Placering av cookies<\/p>\n<p>Denna Webbplats anv\u00e4nder s\u00e5 kallade cookies. Cookies \u00e4r sm\u00e5 textfiler som via din webbl\u00e4sare sparas i din terminals minne. De sparar vissa data (t.ex. vilket spr\u00e5k du f\u00f6redrar eller platsinst\u00e4llningar) som din webbl\u00e4sare kanske (beroende p\u00e5 cookiens livstid) vidares\u00e4nder till oss vid ditt n\u00e4sta bes\u00f6k p\u00e5 v\u00e5r Webbplats.<\/p>\n<p><u>List of Cookies<\/u><\/p>\n<table>\n<tbody>\n<tr>\n<td width=\"121\"><strong>Name<\/strong><\/td>\n<td width=\"121\"><strong>Purpose<\/strong><\/td>\n<td width=\"121\"><strong>Lifespan<\/strong><\/td>\n<td width=\"121\"><strong>Provider<\/strong><\/td>\n<td width=\"121\"><strong>Type<\/strong><\/td>\n<\/tr>\n<tr>\n<td width=\"121\">visid_incap&#8230;<\/td>\n<td width=\"121\">cookies are part of the web application firewall<\/td>\n<td width=\"121\">1 month<\/td>\n<td width=\"121\">WordPress<\/td>\n<td width=\"121\">Necessary<\/td>\n<\/tr>\n<tr>\n<td width=\"121\">incap_ses&#8230;<\/td>\n<td width=\"121\">Wordfence in WordPress.<\/td>\n<td width=\"121\">Session<\/td>\n<td width=\"121\">WordPress<\/td>\n<td width=\"121\">Necessary<\/td>\n<\/tr>\n<tr>\n<td width=\"121\">_ga<\/td>\n<td width=\"121\">Google analytics<\/td>\n<td width=\"121\">2 years<\/td>\n<td width=\"121\">Google<\/td>\n<td width=\"121\">Non-necessary<\/td>\n<\/tr>\n<\/tbody>\n<\/table>\n<p>&nbsp;<\/p>\n<p>Vi delar in cookies f\u00f6r denna Webbplats i (1) n\u00f6dv\u00e4ndiga cookies som kr\u00e4vs f\u00f6r webbplatsens grundl\u00e4ggande funktioner och (2) icke-n\u00f6dv\u00e4ndiga cookies som kan v\u00e4ljas bort och som hj\u00e4lper oss att analysera och f\u00f6rst\u00e5 hur du anv\u00e4nder denna Webbplats.<br \/>\nIcke-n\u00f6dv\u00e4ndiga cookies \u00e4r som standard avst\u00e4ngda. Du kan l\u00e4mna ditt samtycke (art. 6.1 a) i allm\u00e4nna dataskyddsf\u00f6rordningen) f\u00f6r till att aktivera dem med hj\u00e4lp av dialogrutan Cookie-inst\u00e4llningar p\u00e5 denna Webbplats. Du kan anv\u00e4nda samma dialogruta f\u00f6r att \u00e5terkalla ditt samtycke och st\u00e4nga av icke-n\u00f6dv\u00e4ndiga cookies.<br \/>\nDu kan \u00e4ven anv\u00e4nda v\u00e5r Webbplats utan att n\u00e5gra cookies placeras. Du kan i din webbl\u00e4sare n\u00e4r som helst konfigurera eller helt st\u00e4nga av anv\u00e4ndning av cookies. Det kan emellertid leda till begr\u00e4nsad funktion eller g\u00f6ra att v\u00e5r Webbplats blir mindre anv\u00e4ndarv\u00e4nlig.<\/p>\n<p>(iii)\u00a0\u00a0 Webbplatsanalys med Google<\/p>\n<p>F\u00f6rutsatt att du l\u00e4mnar ditt samtycke (art. 6.1 a) i allm\u00e4nna dataskyddsf\u00f6rordningen) anv\u00e4nder v\u00e5r Webbplats en webbanalystj\u00e4nst fr\u00e5n Google Inc., 1600 Amphitheatre Parkway, Mountain Visa, CA 94043, USA (Google).<br \/>\nGoogle analyserar din anv\u00e4ndning av v\u00e5r Webbplats \u00e5 v\u00e5ra v\u00e4gnar. Vi anv\u00e4nder i detta syfte de cookies som beskrivs n\u00e4rmare i ovanst\u00e5ende tabell. De data som Google samlar in i anslutning till din anv\u00e4ndning av v\u00e5r Webbplats (t.ex. h\u00e4nvisande URL, vilka av v\u00e5ra webbsidor du bes\u00f6ker, vilken typ av webbl\u00e4sare du anv\u00e4nder, dina spr\u00e5kinst\u00e4llningar, ditt operativsystem, din sk\u00e4rmuppl\u00f6sning) \u00f6verf\u00f6rs till en server som tillh\u00f6r i USA, d\u00e4r de sparas och analyseras. D\u00e4refter f\u00e5r vi tillg\u00e5ng till de olika resultaten i anonymiserad form. Under denna process knyts inte dina anv\u00e4ndardata till din fullst\u00e4ndiga IP-adress. Vi har p\u00e5 v\u00e5r Webbplats aktiverat den f\u00f6r IP-anonymisering som Google erbjuder, som raderar de sista \u00e5tta bitarna (typ IPv4) eller de sista 80 bitarna (typ IPv6) av din IP-adress efter varje data\u00f6verf\u00f6ring till Google.<br \/>\nDu kan n\u00e4r som helst \u00e5terkalla ditt samtycke till att anv\u00e4nda webbanalys, antingen genom att ladda ned och installera det insticksprogram till webbl\u00e4sare Google erbjuder eller genom att anv\u00e4nda dialogrutan Cookie-inst\u00e4llningar p\u00e5 denna Webbplats.<\/p>\n<p>(iv)\u00a0\u00a0 Anv\u00e4ndning av kontaktformul\u00e4r<\/p>\n<p>Du kan kontakta oss direkt via de kontaktformul\u00e4r som finns p\u00e5 v\u00e5r Webbplats. Du kan ge oss f\u00f6ljande uppgifter:<\/p>\n<ul>\n<li>Namn<\/li>\n<li>E-postadress<\/li>\n<li>Meddelande<\/li>\n<\/ul>\n<p>Vi behandlar information vi f\u00e5r av dig via kontaktformul\u00e4r uteslutande f\u00f6r att behandla din specifika f\u00f6rfr\u00e5gan (art. 6.1 b) i allm\u00e4nna dataskyddsf\u00f6rordningen). Vi raderar dessa data s\u00e5 snart de inte l\u00e4ngre kr\u00e4vs f\u00f6r att behandla eller f\u00f6lja upp din f\u00f6rfr\u00e5gan.<\/p>\n<p><strong><em>A.2\u00a0\u00a0 \u00d6verf\u00f6ring av personuppgifter f\u00f6r uppdragsbehandling<\/em><\/strong><\/p>\n<p>(i)\u00a0\u00a0\u00a0\u00a0 \u00d6verf\u00f6ring av data till tredje man<\/p>\n<p>F\u00f6r att behandla dina personuppgifter kommer vi i viss utstr\u00e4ckning att anv\u00e4nda s\u00e4rskilda underleverant\u00f6rer av tj\u00e4nster. Dessa underleverant\u00f6rer av tj\u00e4nster \u00e4r noga utvalda och \u00f6vervakas regelbundet av oss. P\u00e5 grundval av respektive avtal om personuppgiftsbitr\u00e4de kommer de endast att behandla personuppgifter enligt v\u00e5ra anvisningar och uteslutande i enlighet med v\u00e5ra f\u00f6rh\u00e5llningsorder.<\/p>\n<p>Vi delar dina personuppgifter med f\u00f6ljande tredje m\u00e4n:<\/p>\n<table>\n<tbody>\n<tr>\n<td width=\"302\"><strong>Tredje man<\/strong><\/td>\n<td width=\"302\"><strong>\u00d6verf\u00f6ringens omfattning och syfte<\/strong><\/td>\n<\/tr>\n<tr>\n<td width=\"302\">Hume Brophy Communications<\/td>\n<td width=\"302\">V\u00e4rdtj\u00e4nst f\u00f6r och underh\u00e5ll av webbplats<\/td>\n<\/tr>\n<tr>\n<td width=\"302\">knoell Germany GmbH<\/td>\n<td width=\"302\">Hantering av webbplatsrelaterad kommunikation och best\u00e4llning av studier<\/p>\n<\/td>\n<\/tr>\n<\/tbody>\n<\/table>\n<p>&nbsp;<\/p>\n<p>(ii)\u00a0\u00a0\u00a0 Behandling av personuppgifter utanf\u00f6r EU\/EES<\/p>\n<p>Dina personuppgifter kan delvis ocks\u00e5 komma att behandlas i l\u00e4nder utanf\u00f6r Europeiska unionen (EU) och Europeiska ekonomiska samarbetsomr\u00e5det (EES), som kan ha en l\u00e4gre grad av uppgiftsskydd \u00e4n l\u00e4nder i Europa. I s\u00e5dana fall kommer vi att s\u00e4kerst\u00e4lla att en tillr\u00e4cklig grad av skydd tillhandah\u00e5lls av dina personuppgifter, t.ex. genom att ing\u00e5 s\u00e4rskilda avtal med v\u00e5ra avtalspartner (kopia kan erh\u00e5llas p\u00e5 beg\u00e4ran), eller ber vi dig om ditt uttryckliga samtycke till s\u00e5dan behandling.<\/p>\n<p><strong>B. Information r\u00f6rande dina r\u00e4ttigheter <\/strong><\/p>\n<p>Du har i allm\u00e4nhet f\u00f6ljande r\u00e4ttigheter enligt g\u00e4llande dataskyddslagstiftning:<\/p>\n<ul>\n<li>R\u00e4tt till information om dina personuppgifter som sparas av oss;<\/li>\n<li>R\u00e4tt att beg\u00e4ra korrigering, radering eller begr\u00e4nsad behandling av dina personuppgifter;<\/li>\n<li>R\u00e4tt att inv\u00e4nda mot behandling av sk\u00e4l grundade p\u00e5 ditt legitima intresse, allm\u00e4nt intresse eller profilering, med mindre vi kan bevisa att tvingande ber\u00e4ttigade sk\u00e4l f\u00f6r behandlingen som v\u00e4ger tyngre \u00e4n dina intressen, r\u00e4ttigheter och friheter f\u00f6religger eller s\u00e5dan behandling sker f\u00f6r fastst\u00e4llande, ut\u00f6vande eller f\u00f6rsvar av r\u00e4ttsliga anspr\u00e5k;<\/li>\n<li>R\u00e4tt till dataportabilitet;<\/li>\n<li>R\u00e4tt att framf\u00f6ra klagom\u00e5l till en dataskyddsmyndighet;<\/li>\n<li>Du kan n\u00e4r som helst med framtida verkan \u00e5terkalla ditt samtycke till behandling av dina personuppgifter. Mer information \u00e5terfinns i ovanst\u00e5ende kapitel med redog\u00f6relse f\u00f6r behandling av personuppgifter som grundas p\u00e5 ditt samtycke.<\/li>\n<\/ul>\n<p>V\u00e4nd dig med din beg\u00e4ran till nedan angiven kontaktperson om du vill ut\u00f6va dina r\u00e4ttigheter.<\/p>\n<p><strong>C. Kontakt <\/strong><\/p>\n<p>Har du n\u00e5gra fr\u00e5gor som r\u00f6r dataintegritet ber vi dig skicka ett e-brev till  <a href=\"mailto:privacy@glyphosate.eu\">privacy@glyphosate.eu<\/a><\/p>\n<p>Vill du ta kontakt med enskilda medlemmar av Glyphosate Renewal Group \u00e5terfinner du kontaktuppgifterna i v\u00e5rt <a href=\"https:\/\/glyphosate.eu\/imprint\/\">impressum<\/a>.<\/p>\n<p><strong>D. \u00c4ndring av f\u00f6rklaringen om integritet<\/strong><\/p>\n<p>Vi kan ibland uppdatera v\u00e5r f\u00f6rklaring om integritet. Uppdateringar av v\u00e5r f\u00f6rklaring om integritet kommer att publiceras p\u00e5 v\u00e5r Webbplats. Eventuella \u00e4ndringar tr\u00e4der i kraft n\u00e4r de publiceras p\u00e5 v\u00e5r Webbplats. Vi rekommenderar d\u00e4rf\u00f6r att du regelbundet bes\u00f6ker webbplatsen f\u00f6r att h\u00e5lla dig informerad om eventuella uppdateringar.<\/p>\n<p>Senast uppdaterad: 25.06.2020.<\/p>\n","protected":false},"excerpt":{"rendered":"<p>Denna webbplats (Webbplatsen) tillhandah\u00e5lls av Glyphosate Renewal Group (vi eller oss). Du finner mer information om den som tillhandah\u00e5ller Webbplatsen i v\u00e5rt impressum. A. Hantering av personuppgifter Vi vill nedan ge dig information om hur vi hanterar dina personuppgifter n\u00e4r du anv\u00e4nder v\u00e5r Webbplats. A.1\u00a0\u00a0 Anv\u00e4nda v\u00e5r webbplats (i)\u00a0\u00a0\u00a0\u00a0 \u00c5tkomst av v\u00e5r Webbplats N\u00e4r du&hellip;<\/p>\n","protected":false},"author":1,"featured_media":0,"parent":0,"menu_order":719,"comment_status":"closed","ping_status":"closed","template":"","meta":{"_acf_changed":false,"inline_featured_image":false,"footnotes":""},"class_list":["post-26585","page","type-page","status-publish","hentry"],"acf":[],"yoast_head":"<!-- This site is optimized with the Yoast SEO plugin v27.3 - https:\/\/yoast.com\/product\/yoast-seo-wordpress\/ -->\n<title>F\u00f6rklaring om integritet och cookies - Glyphosate Renewal Group<\/title>\n<meta name=\"robots\" content=\"index, follow, max-snippet:-1, max-image-preview:large, max-video-preview:-1\" \/>\n<link rel=\"canonical\" href=\"https:\/\/www.glyphosate.eu\/sv\/privacy-cookie-statement\/\" \/>\n<meta property=\"og:locale\" content=\"sv_SE\" \/>\n<meta property=\"og:type\" content=\"article\" \/>\n<meta property=\"og:title\" content=\"F\u00f6rklaring om integritet och cookies - Glyphosate Renewal Group\" \/>\n<meta property=\"og:description\" content=\"Denna webbplats (Webbplatsen) tillhandah\u00e5lls av Glyphosate Renewal Group (vi eller oss). Du finner mer information om den som tillhandah\u00e5ller Webbplatsen i v\u00e5rt impressum. A. Hantering av personuppgifter Vi vill nedan ge dig information om hur vi hanterar dina personuppgifter n\u00e4r du anv\u00e4nder v\u00e5r Webbplats. A.1\u00a0\u00a0 Anv\u00e4nda v\u00e5r webbplats (i)\u00a0\u00a0\u00a0\u00a0 \u00c5tkomst av v\u00e5r Webbplats N\u00e4r du&hellip;\" \/>\n<meta property=\"og:url\" content=\"https:\/\/www.glyphosate.eu\/sv\/privacy-cookie-statement\/\" \/>\n<meta property=\"og:site_name\" content=\"Glyphosate Renewal Group\" \/>\n<meta property=\"article:modified_time\" content=\"2021-12-23T11:45:26+00:00\" \/>\n<meta name=\"twitter:card\" content=\"summary_large_image\" \/>\n<meta name=\"twitter:label1\" content=\"Est. reading time\" \/>\n\t<meta name=\"twitter:data1\" content=\"7 minutes\" \/>\n<script type=\"application\/ld+json\" class=\"yoast-schema-graph\">{\"@context\":\"https:\\\/\\\/schema.org\",\"@graph\":[{\"@type\":\"WebPage\",\"@id\":\"https:\\\/\\\/www.glyphosate.eu\\\/sv\\\/privacy-cookie-statement\\\/\",\"url\":\"https:\\\/\\\/www.glyphosate.eu\\\/sv\\\/privacy-cookie-statement\\\/\",\"name\":\"F\u00f6rklaring om integritet och cookies - Glyphosate Renewal Group\",\"isPartOf\":{\"@id\":\"https:\\\/\\\/www.glyphosate.eu\\\/#website\"},\"datePublished\":\"2021-12-20T09:34:22+00:00\",\"dateModified\":\"2021-12-23T11:45:26+00:00\",\"inLanguage\":\"sv-SE\",\"potentialAction\":[{\"@type\":\"ReadAction\",\"target\":[\"https:\\\/\\\/www.glyphosate.eu\\\/sv\\\/privacy-cookie-statement\\\/\"]}]},{\"@type\":\"WebSite\",\"@id\":\"https:\\\/\\\/www.glyphosate.eu\\\/#website\",\"url\":\"https:\\\/\\\/www.glyphosate.eu\\\/\",\"name\":\"Glyphosate Renewal Group\",\"description\":\"Just another WordPress site\",\"potentialAction\":[{\"@type\":\"SearchAction\",\"target\":{\"@type\":\"EntryPoint\",\"urlTemplate\":\"https:\\\/\\\/www.glyphosate.eu\\\/?s={search_term_string}\"},\"query-input\":{\"@type\":\"PropertyValueSpecification\",\"valueRequired\":true,\"valueName\":\"search_term_string\"}}],\"inLanguage\":\"sv-SE\"}]}<\/script>\n<!-- \/ Yoast SEO plugin. -->","yoast_head_json":{"title":"F\u00f6rklaring om integritet och cookies - Glyphosate Renewal Group","robots":{"index":"index","follow":"follow","max-snippet":"max-snippet:-1","max-image-preview":"max-image-preview:large","max-video-preview":"max-video-preview:-1"},"canonical":"https:\/\/www.glyphosate.eu\/sv\/privacy-cookie-statement\/","og_locale":"sv_SE","og_type":"article","og_title":"F\u00f6rklaring om integritet och cookies - Glyphosate Renewal Group","og_description":"Denna webbplats (Webbplatsen) tillhandah\u00e5lls av Glyphosate Renewal Group (vi eller oss). Du finner mer information om den som tillhandah\u00e5ller Webbplatsen i v\u00e5rt impressum. A. Hantering av personuppgifter Vi vill nedan ge dig information om hur vi hanterar dina personuppgifter n\u00e4r du anv\u00e4nder v\u00e5r Webbplats. A.1\u00a0\u00a0 Anv\u00e4nda v\u00e5r webbplats (i)\u00a0\u00a0\u00a0\u00a0 \u00c5tkomst av v\u00e5r Webbplats N\u00e4r du&hellip;","og_url":"https:\/\/www.glyphosate.eu\/sv\/privacy-cookie-statement\/","og_site_name":"Glyphosate Renewal Group","article_modified_time":"2021-12-23T11:45:26+00:00","twitter_card":"summary_large_image","twitter_misc":{"Est. reading time":"7 minutes"},"schema":{"@context":"https:\/\/schema.org","@graph":[{"@type":"WebPage","@id":"https:\/\/www.glyphosate.eu\/sv\/privacy-cookie-statement\/","url":"https:\/\/www.glyphosate.eu\/sv\/privacy-cookie-statement\/","name":"F\u00f6rklaring om integritet och cookies - Glyphosate Renewal Group","isPartOf":{"@id":"https:\/\/www.glyphosate.eu\/#website"},"datePublished":"2021-12-20T09:34:22+00:00","dateModified":"2021-12-23T11:45:26+00:00","inLanguage":"sv-SE","potentialAction":[{"@type":"ReadAction","target":["https:\/\/www.glyphosate.eu\/sv\/privacy-cookie-statement\/"]}]},{"@type":"WebSite","@id":"https:\/\/www.glyphosate.eu\/#website","url":"https:\/\/www.glyphosate.eu\/","name":"Glyphosate Renewal Group","description":"Just another WordPress site","potentialAction":[{"@type":"SearchAction","target":{"@type":"EntryPoint","urlTemplate":"https:\/\/www.glyphosate.eu\/?s={search_term_string}"},"query-input":{"@type":"PropertyValueSpecification","valueRequired":true,"valueName":"search_term_string"}}],"inLanguage":"sv-SE"}]}},"_links":{"self":[{"href":"https:\/\/www.glyphosate.eu\/sv\/wp-json\/wp\/v2\/pages\/26585","targetHints":{"allow":["GET"]}}],"collection":[{"href":"https:\/\/www.glyphosate.eu\/sv\/wp-json\/wp\/v2\/pages"}],"about":[{"href":"https:\/\/www.glyphosate.eu\/sv\/wp-json\/wp\/v2\/types\/page"}],"author":[{"embeddable":true,"href":"https:\/\/www.glyphosate.eu\/sv\/wp-json\/wp\/v2\/users\/1"}],"replies":[{"embeddable":true,"href":"https:\/\/www.glyphosate.eu\/sv\/wp-json\/wp\/v2\/comments?post=26585"}],"version-history":[{"count":2,"href":"https:\/\/www.glyphosate.eu\/sv\/wp-json\/wp\/v2\/pages\/26585\/revisions"}],"predecessor-version":[{"id":27383,"href":"https:\/\/www.glyphosate.eu\/sv\/wp-json\/wp\/v2\/pages\/26585\/revisions\/27383"}],"wp:attachment":[{"href":"https:\/\/www.glyphosate.eu\/sv\/wp-json\/wp\/v2\/media?parent=26585"}],"curies":[{"name":"wp","href":"https:\/\/api.w.org\/{rel}","templated":true}]}}