{"id":26541,"date":"2021-12-20T09:31:52","date_gmt":"2021-12-20T09:31:52","guid":{"rendered":"https:\/\/www.glyphosate.eu\/authority-communication\/"},"modified":"2021-12-22T17:16:34","modified_gmt":"2021-12-22T17:16:34","slug":"authority-communication","status":"publish","type":"page","link":"https:\/\/www.glyphosate.eu\/sv\/transparency\/authority-communication\/","title":{"rendered":"Kommunikation med myndigheter"},"content":{"rendered":"<p>P\u00e5 den h\u00e4r sidan finner du kopior av korrespondensen mellan Glyphosate Renewal Group och tillsynsmyndigheter som \u00e4r inblandade i processen f\u00f6r att f\u00f6rl\u00e4nga EU-godk\u00e4nnandet av glyfosat.<\/p>\n<p>\u00c5terkommande kommunikation mellan ber\u00f6rda parter \u00e4r normal praxis i godk\u00e4nnandeprocesser. Ibland kr\u00e4vs skriftutv\u00e4xling f\u00f6r att n\u00e5 klarg\u00f6rande utan att beh\u00f6va v\u00e4nta till formella m\u00f6ten. I linje med sitt \u00e5tagande f\u00f6r transparens kommer Glyphosate Renewal Group att offentligg\u00f6ra korrespondensen med utv\u00e4rderingsgruppen om glyfosat (Assessment Group on Glyphosate, AGG) och andra tillsynsmyndigheter.<\/p>\n","protected":false},"excerpt":{"rendered":"<p>P\u00e5 den h\u00e4r sidan finner du kopior av korrespondensen mellan Glyphosate Renewal Group och tillsynsmyndigheter som \u00e4r inblandade i processen f\u00f6r att f\u00f6rl\u00e4nga EU-godk\u00e4nnandet av glyfosat. \u00c5terkommande kommunikation mellan ber\u00f6rda parter \u00e4r normal praxis i godk\u00e4nnandeprocesser. Ibland kr\u00e4vs skriftutv\u00e4xling f\u00f6r att n\u00e5 klarg\u00f6rande utan att beh\u00f6va v\u00e4nta till formella m\u00f6ten. I linje med sitt \u00e5tagande&hellip;<\/p>\n","protected":false},"author":1,"featured_media":0,"parent":27265,"menu_order":406,"comment_status":"closed","ping_status":"closed","template":"views\/template-authority-communications.blade.php","meta":{"_acf_changed":false,"inline_featured_image":false,"footnotes":""},"class_list":["post-26541","page","type-page","status-publish","hentry"],"acf":[],"yoast_head":"<!-- This site is optimized with the Yoast SEO plugin v27.3 - https:\/\/yoast.com\/product\/yoast-seo-wordpress\/ -->\n<title>Kommunikation med myndigheter - Glyphosate Renewal Group<\/title>\n<meta name=\"robots\" content=\"index, follow, max-snippet:-1, max-image-preview:large, max-video-preview:-1\" \/>\n<link rel=\"canonical\" href=\"https:\/\/www.glyphosate.eu\/sv\/transparency\/authority-communication\/\" \/>\n<meta property=\"og:locale\" content=\"sv_SE\" \/>\n<meta property=\"og:type\" content=\"article\" \/>\n<meta property=\"og:title\" content=\"Kommunikation med myndigheter - Glyphosate Renewal Group\" \/>\n<meta property=\"og:description\" content=\"P\u00e5 den h\u00e4r sidan finner du kopior av korrespondensen mellan Glyphosate Renewal Group och tillsynsmyndigheter som \u00e4r inblandade i processen f\u00f6r att f\u00f6rl\u00e4nga EU-godk\u00e4nnandet av glyfosat. \u00c5terkommande kommunikation mellan ber\u00f6rda parter \u00e4r normal praxis i godk\u00e4nnandeprocesser. Ibland kr\u00e4vs skriftutv\u00e4xling f\u00f6r att n\u00e5 klarg\u00f6rande utan att beh\u00f6va v\u00e4nta till formella m\u00f6ten. I linje med sitt \u00e5tagande&hellip;\" \/>\n<meta property=\"og:url\" content=\"https:\/\/www.glyphosate.eu\/sv\/transparency\/authority-communication\/\" \/>\n<meta property=\"og:site_name\" content=\"Glyphosate Renewal Group\" \/>\n<meta property=\"article:modified_time\" content=\"2021-12-22T17:16:34+00:00\" \/>\n<meta name=\"twitter:card\" content=\"summary_large_image\" \/>\n<script type=\"application\/ld+json\" class=\"yoast-schema-graph\">{\"@context\":\"https:\\\/\\\/schema.org\",\"@graph\":[{\"@type\":\"WebPage\",\"@id\":\"https:\\\/\\\/www.glyphosate.eu\\\/sv\\\/transparency\\\/authority-communication\\\/\",\"url\":\"https:\\\/\\\/www.glyphosate.eu\\\/sv\\\/transparency\\\/authority-communication\\\/\",\"name\":\"Kommunikation med myndigheter - Glyphosate Renewal Group\",\"isPartOf\":{\"@id\":\"https:\\\/\\\/www.glyphosate.eu\\\/#website\"},\"datePublished\":\"2021-12-20T09:31:52+00:00\",\"dateModified\":\"2021-12-22T17:16:34+00:00\",\"breadcrumb\":{\"@id\":\"https:\\\/\\\/www.glyphosate.eu\\\/sv\\\/transparency\\\/authority-communication\\\/#breadcrumb\"},\"inLanguage\":\"sv-SE\",\"potentialAction\":[{\"@type\":\"ReadAction\",\"target\":[\"https:\\\/\\\/www.glyphosate.eu\\\/sv\\\/transparency\\\/authority-communication\\\/\"]}]},{\"@type\":\"BreadcrumbList\",\"@id\":\"https:\\\/\\\/www.glyphosate.eu\\\/sv\\\/transparency\\\/authority-communication\\\/#breadcrumb\",\"itemListElement\":[{\"@type\":\"ListItem\",\"position\":1,\"name\":\"Transparens\",\"item\":\"https:\\\/\\\/www.glyphosate.eu\\\/sv\\\/transparency\\\/\"},{\"@type\":\"ListItem\",\"position\":2,\"name\":\"Kommunikation med myndigheter\"}]},{\"@type\":\"WebSite\",\"@id\":\"https:\\\/\\\/www.glyphosate.eu\\\/#website\",\"url\":\"https:\\\/\\\/www.glyphosate.eu\\\/\",\"name\":\"Glyphosate Renewal Group\",\"description\":\"Just another WordPress site\",\"potentialAction\":[{\"@type\":\"SearchAction\",\"target\":{\"@type\":\"EntryPoint\",\"urlTemplate\":\"https:\\\/\\\/www.glyphosate.eu\\\/?s={search_term_string}\"},\"query-input\":{\"@type\":\"PropertyValueSpecification\",\"valueRequired\":true,\"valueName\":\"search_term_string\"}}],\"inLanguage\":\"sv-SE\"}]}<\/script>\n<!-- \/ Yoast SEO plugin. -->","yoast_head_json":{"title":"Kommunikation med myndigheter - Glyphosate Renewal Group","robots":{"index":"index","follow":"follow","max-snippet":"max-snippet:-1","max-image-preview":"max-image-preview:large","max-video-preview":"max-video-preview:-1"},"canonical":"https:\/\/www.glyphosate.eu\/sv\/transparency\/authority-communication\/","og_locale":"sv_SE","og_type":"article","og_title":"Kommunikation med myndigheter - Glyphosate Renewal Group","og_description":"P\u00e5 den h\u00e4r sidan finner du kopior av korrespondensen mellan Glyphosate Renewal Group och tillsynsmyndigheter som \u00e4r inblandade i processen f\u00f6r att f\u00f6rl\u00e4nga EU-godk\u00e4nnandet av glyfosat. \u00c5terkommande kommunikation mellan ber\u00f6rda parter \u00e4r normal praxis i godk\u00e4nnandeprocesser. Ibland kr\u00e4vs skriftutv\u00e4xling f\u00f6r att n\u00e5 klarg\u00f6rande utan att beh\u00f6va v\u00e4nta till formella m\u00f6ten. I linje med sitt \u00e5tagande&hellip;","og_url":"https:\/\/www.glyphosate.eu\/sv\/transparency\/authority-communication\/","og_site_name":"Glyphosate Renewal Group","article_modified_time":"2021-12-22T17:16:34+00:00","twitter_card":"summary_large_image","schema":{"@context":"https:\/\/schema.org","@graph":[{"@type":"WebPage","@id":"https:\/\/www.glyphosate.eu\/sv\/transparency\/authority-communication\/","url":"https:\/\/www.glyphosate.eu\/sv\/transparency\/authority-communication\/","name":"Kommunikation med myndigheter - Glyphosate Renewal Group","isPartOf":{"@id":"https:\/\/www.glyphosate.eu\/#website"},"datePublished":"2021-12-20T09:31:52+00:00","dateModified":"2021-12-22T17:16:34+00:00","breadcrumb":{"@id":"https:\/\/www.glyphosate.eu\/sv\/transparency\/authority-communication\/#breadcrumb"},"inLanguage":"sv-SE","potentialAction":[{"@type":"ReadAction","target":["https:\/\/www.glyphosate.eu\/sv\/transparency\/authority-communication\/"]}]},{"@type":"BreadcrumbList","@id":"https:\/\/www.glyphosate.eu\/sv\/transparency\/authority-communication\/#breadcrumb","itemListElement":[{"@type":"ListItem","position":1,"name":"Transparens","item":"https:\/\/www.glyphosate.eu\/sv\/transparency\/"},{"@type":"ListItem","position":2,"name":"Kommunikation med myndigheter"}]},{"@type":"WebSite","@id":"https:\/\/www.glyphosate.eu\/#website","url":"https:\/\/www.glyphosate.eu\/","name":"Glyphosate Renewal Group","description":"Just another WordPress site","potentialAction":[{"@type":"SearchAction","target":{"@type":"EntryPoint","urlTemplate":"https:\/\/www.glyphosate.eu\/?s={search_term_string}"},"query-input":{"@type":"PropertyValueSpecification","valueRequired":true,"valueName":"search_term_string"}}],"inLanguage":"sv-SE"}]}},"_links":{"self":[{"href":"https:\/\/www.glyphosate.eu\/sv\/wp-json\/wp\/v2\/pages\/26541","targetHints":{"allow":["GET"]}}],"collection":[{"href":"https:\/\/www.glyphosate.eu\/sv\/wp-json\/wp\/v2\/pages"}],"about":[{"href":"https:\/\/www.glyphosate.eu\/sv\/wp-json\/wp\/v2\/types\/page"}],"author":[{"embeddable":true,"href":"https:\/\/www.glyphosate.eu\/sv\/wp-json\/wp\/v2\/users\/1"}],"replies":[{"embeddable":true,"href":"https:\/\/www.glyphosate.eu\/sv\/wp-json\/wp\/v2\/comments?post=26541"}],"version-history":[{"count":3,"href":"https:\/\/www.glyphosate.eu\/sv\/wp-json\/wp\/v2\/pages\/26541\/revisions"}],"predecessor-version":[{"id":27285,"href":"https:\/\/www.glyphosate.eu\/sv\/wp-json\/wp\/v2\/pages\/26541\/revisions\/27285"}],"up":[{"embeddable":true,"href":"https:\/\/www.glyphosate.eu\/sv\/wp-json\/wp\/v2\/pages\/27265"}],"wp:attachment":[{"href":"https:\/\/www.glyphosate.eu\/sv\/wp-json\/wp\/v2\/media?parent=26541"}],"curies":[{"name":"wp","href":"https:\/\/api.w.org\/{rel}","templated":true}]}}