{"id":26380,"date":"2021-12-20T09:25:31","date_gmt":"2021-12-20T09:25:31","guid":{"rendered":"https:\/\/www.glyphosate.eu\/access-to-studies-for-non-grg-members\/"},"modified":"2022-01-13T09:58:35","modified_gmt":"2022-01-13T09:58:35","slug":"access-to-studies-for-non-grg-members","status":"publish","type":"page","link":"https:\/\/www.glyphosate.eu\/sv\/transparency\/scientific-dossier\/access-to-studies-for-non-grg-members\/","title":{"rendered":"Tillg\u00e5ng till studier f\u00f6r andra \u00e4n medlemmar av GRG"},"content":{"rendered":"<p><strong>D\u00e4rf\u00f6r beh\u00f6ver andra \u00e4n medlemmar av GRG f\u00e5 tillg\u00e5ng till glyfosatstudier<\/strong><\/p>\n<p>F\u00f6r att sl\u00e4ppa ut en v\u00e4xtskyddsprodukt (PPP) p\u00e5 marknaden kan andra \u00e4n medlemmar av GRG beh\u00f6va f\u00e5 tillg\u00e5ng till glyfosatstudier som best\u00e4llts (och gemensamt \u00e4gs) av GRG-medlemmar f\u00f6r 2020 \u00e5rs vetenskapliga dokumentation eller som \u00e4gs av medlemmar av Glyphosate Task Force f\u00f6r 2012 \u00e5rs vetenskapliga dokumentation.  Tillg\u00e5ng till vissa av dessa studier och att anv\u00e4nda en del av deras data kommer att kr\u00e4vas f\u00f6r att st\u00f6dja ett godk\u00e4nnande av andra \u00e4n GRG-medlemmars glyfosat-PPP av beh\u00f6rig myndighet i en medlemsstat.<\/p>\n<p><strong>Uppgiftsskydd f\u00f6r studier som inl\u00e4mnats f\u00f6r godk\u00e4nnandet av glyfosat<\/strong><\/p>\n<p>Vissa av de glyfosatstudier som l\u00e4mnats in f\u00f6r godk\u00e4nnandet av glyfosat omfattas av uppgiftsskydd enligt best\u00e4mmelserna i f\u00f6rordning (EG) nr 1107\/2009.  Uppgiftsskyddsperioden f\u00f6r studier som erfordrades f\u00f6r f\u00f6rl\u00e4ngning av glyfosat kommer p\u00e5 medlemsstatsniv\u00e5 att l\u00f6pa tills upp till 30 m\u00e5nader g\u00e5tt efter dagen f\u00f6r det f\u00f6rsta nya godk\u00e4nnandet av en glyfosat-PPP. Under denna tid f\u00e5r tredje man inte utan data\u00e4garens till\u00e5telse anv\u00e4nda skyddade uppgifter till st\u00f6d f\u00f6r en ans\u00f6kan om godk\u00e4nnande av sin produkt. \u00a0 Det enda s\u00e4ttet f\u00f6r annan \u00e4n en medlem av GRG att f\u00e5 citera dessa data f\u00f6r godk\u00e4nnande av sin PPP \u00e4r genom att beg\u00e4ra en till\u00e5telse till data\u00e5tkomst fr\u00e5n den eller de GRG-medlemmar som \u00e4ger studien.  I till\u00e5telsen till data\u00e5tkomst m\u00e5ste data\u00e4garen uttryckligen bekr\u00e4fta att den s\u00f6kande kan st\u00f6dja sig p\u00e5 data f\u00f6r sin egen beg\u00e4ran om godk\u00e4nnande.<\/p>\n<p>GRG-medlemmar har yrkat p\u00e5 dataskydd r\u00f6rande samtliga studier som \u00e4gs gemensamt av dem och som l\u00e4mnats in som en del av 2020 \u00e5rs vetenskapliga dokumentation.  F\u00f6r att st\u00f6dja sig p\u00e5 n\u00e5gon av dessa studier m\u00e5ste d\u00e4rf\u00f6r en beg\u00e4ran om till\u00e5telse till data\u00e5tkomst g\u00f6ras av n\u00e5gon som inte \u00e4r medlem av GRG.<br \/>\nN\u00e4r dessa studier inte l\u00e4ngre omfattas av uppgiftsskyddet kan de anv\u00e4ndas av tredje man utan att ha f\u00e5tt till\u00e5telse att g\u00f6ra det fr\u00e5n data\u00e4garen, och d\u00e4rf\u00f6r kr\u00e4vs inte n\u00e5gon till\u00e5telse till data\u00e5tkomst.  Uppgiftsskydd har inte yrkats f\u00f6r de produktomsorgsstudier som l\u00e4mnats in, eftersom de inte klassas som godk\u00e4nnandestudier enligt f\u00f6rordning (EG) nr 1107\/2009.<\/p>\n<p>Om den 30 m\u00e5nader l\u00e5nga uppgiftsskyddsperiod som kr\u00e4vs f\u00f6r f\u00f6rl\u00e4ngning av glyfosats godk\u00e4nnande har l\u00f6pt ut kanske vissa av de glyfosatstudier som best\u00e4llts av medlemmar av Glyphosate Task Force f\u00f6r 2012 \u00e5s vetenskapliga dokumentation inte l\u00e4ngre omfattas av skyddet.  Dessutom \u00e4r uppgiftsskyddsperioden f\u00f6r nya studier tio \u00e5r f\u00f6r medlemsstaters produktgodk\u00e4nnanden, varf\u00f6r det kan h\u00e4nda att enskilda studier fortfarande \u00e4r skyddade i vissa medlemsstater.  F\u00f6r s\u00e5dana studier skulle d\u00e4rf\u00f6r en beg\u00e4ran om till\u00e5telse till data\u00e5tkomst till en \u00e4gare av studien fortfarande kr\u00e4vas.<\/p>\n<p><strong>Process f\u00f6r att andra \u00e4n medlemmar av GRG ska f\u00e5 tillg\u00e5ng till studier<\/strong><\/p>\n<p>Process f\u00f6r att andra \u00e4n medlemmar av GRG ska f\u00e5 tillg\u00e5ng till studier<br \/>\nVetenskapliga studier som l\u00e4mnas in f\u00f6r godk\u00e4nnande av glyfosat \u00e4gs antingen gemensamt av de enskilda f\u00f6retag som \u00e4r medlemmar av GRG eller \u00e4gs av medlemmar av Glyphosate Task Force.  GRG \u00e4ger, i egenskap av en grupp av f\u00f6retag, inte n\u00e5gon av de studier som l\u00e4mnats in f\u00f6r att erh\u00e5lla godk\u00e4nnande och kan d\u00e4rf\u00f6r enligt f\u00f6rordning (EG) nr 1107\/2009 inte ge \u00e5tkomst till s\u00e5dana studier.<\/p>\n<p>Andra \u00e4n medlemmar av GRG som \u00e4r intresserade av att f\u00e5 en till\u00e5telse till data\u00e5tkomst f\u00f6r en studie kan skicka en beg\u00e4ran om till\u00e5telse till data\u00e5tkomst till n\u00e5gon eller n\u00e5gra av GRG:s enskilda medlemmar.<br \/>\nEnligt f\u00f6rordning (EG) nr 1107\/2009 ska studier, n\u00e4r de delas av enskilda GRG-medlemmar, delas p\u00e5 ett r\u00e4ttvist, insynsv\u00e4nligt och icke-diskriminerande s\u00e4tt.<\/p>\n<p>Den som inte \u00e4r medlem av GRG kan f\u00f6rhandla med den enskilde GRG-medlemmen om villkoren f\u00f6r \u00e5tkomst och, d\u00e4r s\u00e5 \u00e4r l\u00e4mpligt, om betalning f\u00f6r s\u00e5dan till\u00e5telse till data\u00e5tkomst.  Eventuella avgifter som debiteras f\u00f6r att medge \u00e5tkomst av studierna ska fastst\u00e4llas p\u00e5 ett r\u00e4ttvist, insynsv\u00e4nligt och icke-diskriminerande s\u00e4tt och ska vara rimliga.<\/p>\n<p>Den som inte \u00e4r medlem av GRG kan finna \u00e4garen eller \u00e4garna av de studier som l\u00e4mnats in f\u00f6r 2020 och 2012 \u00e5rs vetenskapliga dokumentation i Referenslistor f\u00f6r att best\u00e4lla glyfosatstudier, vilken kan laddas ned fr\u00e5n <a href=\"https:\/\/www.glyphosate.eu\/transparency\/scientific-dossier\/glyphosate-study-reports\/\">\u2018sidan Av oss \u00e4gda studier<\/a>. Man b\u00f6r observera att Referenslistan f\u00f6r 2020 \u00e5rs vetenskapliga dokumentation \u00e4ven inkluderar studier som l\u00e4mnats in f\u00f6r produktgodk\u00e4nnandet av Bayers egenutvecklade glyfosat-PPP som referensformulering.  \u00a0 <\/p>\n<p>Dessa studier tillhandah\u00e5lls av Bayer f\u00f6r att st\u00f6dja 2020 \u00e5rs vetenskapliga dokumentation.  Tredje man som \u00e4r intresserad av att st\u00f6dja sig p\u00e5 data fr\u00e5n dessa studier f\u00f6r produktgodk\u00e4nnande av sin glyfosat-PPP m\u00e5ste beg\u00e4ra en till\u00e5telse till data\u00e5tkomst fr\u00e5n Bayer.<\/p>\n","protected":false},"excerpt":{"rendered":"<p>D\u00e4rf\u00f6r beh\u00f6ver andra \u00e4n medlemmar av GRG f\u00e5 tillg\u00e5ng till glyfosatstudier F\u00f6r att sl\u00e4ppa ut en v\u00e4xtskyddsprodukt (PPP) p\u00e5 marknaden kan andra \u00e4n medlemmar av GRG beh\u00f6va f\u00e5 tillg\u00e5ng till glyfosatstudier som best\u00e4llts (och gemensamt \u00e4gs) av GRG-medlemmar f\u00f6r 2020 \u00e5rs vetenskapliga dokumentation eller som \u00e4gs av medlemmar av Glyphosate Task Force f\u00f6r 2012 \u00e5rs&hellip;<\/p>\n","protected":false},"author":3,"featured_media":0,"parent":26697,"menu_order":401,"comment_status":"closed","ping_status":"closed","template":"","meta":{"_acf_changed":false,"inline_featured_image":false,"footnotes":""},"class_list":["post-26380","page","type-page","status-publish","hentry"],"acf":[],"yoast_head":"<!-- This site is optimized with the Yoast SEO plugin v27.3 - https:\/\/yoast.com\/product\/yoast-seo-wordpress\/ -->\n<title>Tillg\u00e5ng till studier f\u00f6r andra \u00e4n medlemmar av GRG - Glyphosate Renewal Group<\/title>\n<meta name=\"robots\" content=\"index, follow, max-snippet:-1, max-image-preview:large, max-video-preview:-1\" \/>\n<link rel=\"canonical\" href=\"https:\/\/www.glyphosate.eu\/sv\/transparency\/scientific-dossier\/access-to-studies-for-non-grg-members\/\" \/>\n<meta property=\"og:locale\" content=\"sv_SE\" \/>\n<meta property=\"og:type\" content=\"article\" \/>\n<meta property=\"og:title\" content=\"Tillg\u00e5ng till studier f\u00f6r andra \u00e4n medlemmar av GRG - Glyphosate Renewal Group\" \/>\n<meta property=\"og:description\" content=\"D\u00e4rf\u00f6r beh\u00f6ver andra \u00e4n medlemmar av GRG f\u00e5 tillg\u00e5ng till glyfosatstudier F\u00f6r att sl\u00e4ppa ut en v\u00e4xtskyddsprodukt (PPP) p\u00e5 marknaden kan andra \u00e4n medlemmar av GRG beh\u00f6va f\u00e5 tillg\u00e5ng till glyfosatstudier som best\u00e4llts (och gemensamt \u00e4gs) av GRG-medlemmar f\u00f6r 2020 \u00e5rs vetenskapliga dokumentation eller som \u00e4gs av medlemmar av Glyphosate Task Force f\u00f6r 2012 \u00e5rs&hellip;\" \/>\n<meta property=\"og:url\" content=\"https:\/\/www.glyphosate.eu\/sv\/transparency\/scientific-dossier\/access-to-studies-for-non-grg-members\/\" \/>\n<meta property=\"og:site_name\" content=\"Glyphosate Renewal Group\" \/>\n<meta property=\"article:modified_time\" content=\"2022-01-13T09:58:35+00:00\" \/>\n<meta name=\"twitter:card\" content=\"summary_large_image\" \/>\n<meta name=\"twitter:label1\" content=\"Est. reading time\" \/>\n\t<meta name=\"twitter:data1\" content=\"4 minutes\" \/>\n<script type=\"application\/ld+json\" class=\"yoast-schema-graph\">{\"@context\":\"https:\\\/\\\/schema.org\",\"@graph\":[{\"@type\":\"WebPage\",\"@id\":\"https:\\\/\\\/www.glyphosate.eu\\\/sv\\\/transparency\\\/scientific-dossier\\\/access-to-studies-for-non-grg-members\\\/\",\"url\":\"https:\\\/\\\/www.glyphosate.eu\\\/sv\\\/transparency\\\/scientific-dossier\\\/access-to-studies-for-non-grg-members\\\/\",\"name\":\"Tillg\u00e5ng till studier f\u00f6r andra \u00e4n medlemmar av GRG - Glyphosate Renewal Group\",\"isPartOf\":{\"@id\":\"https:\\\/\\\/www.glyphosate.eu\\\/#website\"},\"datePublished\":\"2021-12-20T09:25:31+00:00\",\"dateModified\":\"2022-01-13T09:58:35+00:00\",\"breadcrumb\":{\"@id\":\"https:\\\/\\\/www.glyphosate.eu\\\/sv\\\/transparency\\\/scientific-dossier\\\/access-to-studies-for-non-grg-members\\\/#breadcrumb\"},\"inLanguage\":\"sv-SE\",\"potentialAction\":[{\"@type\":\"ReadAction\",\"target\":[\"https:\\\/\\\/www.glyphosate.eu\\\/sv\\\/transparency\\\/scientific-dossier\\\/access-to-studies-for-non-grg-members\\\/\"]}]},{\"@type\":\"BreadcrumbList\",\"@id\":\"https:\\\/\\\/www.glyphosate.eu\\\/sv\\\/transparency\\\/scientific-dossier\\\/access-to-studies-for-non-grg-members\\\/#breadcrumb\",\"itemListElement\":[{\"@type\":\"ListItem\",\"position\":1,\"name\":\"Transparens\",\"item\":\"https:\\\/\\\/www.glyphosate.eu\\\/sv\\\/transparency\\\/\"},{\"@type\":\"ListItem\",\"position\":2,\"name\":\"Den vetenskapliga dokumentationen\",\"item\":\"https:\\\/\\\/www.glyphosate.eu\\\/sv\\\/transparency\\\/scientific-dossier\\\/\"},{\"@type\":\"ListItem\",\"position\":3,\"name\":\"Tillg\u00e5ng till studier f\u00f6r andra \u00e4n medlemmar av GRG\"}]},{\"@type\":\"WebSite\",\"@id\":\"https:\\\/\\\/www.glyphosate.eu\\\/#website\",\"url\":\"https:\\\/\\\/www.glyphosate.eu\\\/\",\"name\":\"Glyphosate Renewal Group\",\"description\":\"Just another WordPress site\",\"potentialAction\":[{\"@type\":\"SearchAction\",\"target\":{\"@type\":\"EntryPoint\",\"urlTemplate\":\"https:\\\/\\\/www.glyphosate.eu\\\/?s={search_term_string}\"},\"query-input\":{\"@type\":\"PropertyValueSpecification\",\"valueRequired\":true,\"valueName\":\"search_term_string\"}}],\"inLanguage\":\"sv-SE\"}]}<\/script>\n<!-- \/ Yoast SEO plugin. -->","yoast_head_json":{"title":"Tillg\u00e5ng till studier f\u00f6r andra \u00e4n medlemmar av GRG - Glyphosate Renewal Group","robots":{"index":"index","follow":"follow","max-snippet":"max-snippet:-1","max-image-preview":"max-image-preview:large","max-video-preview":"max-video-preview:-1"},"canonical":"https:\/\/www.glyphosate.eu\/sv\/transparency\/scientific-dossier\/access-to-studies-for-non-grg-members\/","og_locale":"sv_SE","og_type":"article","og_title":"Tillg\u00e5ng till studier f\u00f6r andra \u00e4n medlemmar av GRG - Glyphosate Renewal Group","og_description":"D\u00e4rf\u00f6r beh\u00f6ver andra \u00e4n medlemmar av GRG f\u00e5 tillg\u00e5ng till glyfosatstudier F\u00f6r att sl\u00e4ppa ut en v\u00e4xtskyddsprodukt (PPP) p\u00e5 marknaden kan andra \u00e4n medlemmar av GRG beh\u00f6va f\u00e5 tillg\u00e5ng till glyfosatstudier som best\u00e4llts (och gemensamt \u00e4gs) av GRG-medlemmar f\u00f6r 2020 \u00e5rs vetenskapliga dokumentation eller som \u00e4gs av medlemmar av Glyphosate Task Force f\u00f6r 2012 \u00e5rs&hellip;","og_url":"https:\/\/www.glyphosate.eu\/sv\/transparency\/scientific-dossier\/access-to-studies-for-non-grg-members\/","og_site_name":"Glyphosate Renewal Group","article_modified_time":"2022-01-13T09:58:35+00:00","twitter_card":"summary_large_image","twitter_misc":{"Est. reading time":"4 minutes"},"schema":{"@context":"https:\/\/schema.org","@graph":[{"@type":"WebPage","@id":"https:\/\/www.glyphosate.eu\/sv\/transparency\/scientific-dossier\/access-to-studies-for-non-grg-members\/","url":"https:\/\/www.glyphosate.eu\/sv\/transparency\/scientific-dossier\/access-to-studies-for-non-grg-members\/","name":"Tillg\u00e5ng till studier f\u00f6r andra \u00e4n medlemmar av GRG - Glyphosate Renewal Group","isPartOf":{"@id":"https:\/\/www.glyphosate.eu\/#website"},"datePublished":"2021-12-20T09:25:31+00:00","dateModified":"2022-01-13T09:58:35+00:00","breadcrumb":{"@id":"https:\/\/www.glyphosate.eu\/sv\/transparency\/scientific-dossier\/access-to-studies-for-non-grg-members\/#breadcrumb"},"inLanguage":"sv-SE","potentialAction":[{"@type":"ReadAction","target":["https:\/\/www.glyphosate.eu\/sv\/transparency\/scientific-dossier\/access-to-studies-for-non-grg-members\/"]}]},{"@type":"BreadcrumbList","@id":"https:\/\/www.glyphosate.eu\/sv\/transparency\/scientific-dossier\/access-to-studies-for-non-grg-members\/#breadcrumb","itemListElement":[{"@type":"ListItem","position":1,"name":"Transparens","item":"https:\/\/www.glyphosate.eu\/sv\/transparency\/"},{"@type":"ListItem","position":2,"name":"Den vetenskapliga dokumentationen","item":"https:\/\/www.glyphosate.eu\/sv\/transparency\/scientific-dossier\/"},{"@type":"ListItem","position":3,"name":"Tillg\u00e5ng till studier f\u00f6r andra \u00e4n medlemmar av GRG"}]},{"@type":"WebSite","@id":"https:\/\/www.glyphosate.eu\/#website","url":"https:\/\/www.glyphosate.eu\/","name":"Glyphosate Renewal Group","description":"Just another WordPress site","potentialAction":[{"@type":"SearchAction","target":{"@type":"EntryPoint","urlTemplate":"https:\/\/www.glyphosate.eu\/?s={search_term_string}"},"query-input":{"@type":"PropertyValueSpecification","valueRequired":true,"valueName":"search_term_string"}}],"inLanguage":"sv-SE"}]}},"_links":{"self":[{"href":"https:\/\/www.glyphosate.eu\/sv\/wp-json\/wp\/v2\/pages\/26380","targetHints":{"allow":["GET"]}}],"collection":[{"href":"https:\/\/www.glyphosate.eu\/sv\/wp-json\/wp\/v2\/pages"}],"about":[{"href":"https:\/\/www.glyphosate.eu\/sv\/wp-json\/wp\/v2\/types\/page"}],"author":[{"embeddable":true,"href":"https:\/\/www.glyphosate.eu\/sv\/wp-json\/wp\/v2\/users\/3"}],"replies":[{"embeddable":true,"href":"https:\/\/www.glyphosate.eu\/sv\/wp-json\/wp\/v2\/comments?post=26380"}],"version-history":[{"count":2,"href":"https:\/\/www.glyphosate.eu\/sv\/wp-json\/wp\/v2\/pages\/26380\/revisions"}],"predecessor-version":[{"id":27818,"href":"https:\/\/www.glyphosate.eu\/sv\/wp-json\/wp\/v2\/pages\/26380\/revisions\/27818"}],"up":[{"embeddable":true,"href":"https:\/\/www.glyphosate.eu\/sv\/wp-json\/wp\/v2\/pages\/26697"}],"wp:attachment":[{"href":"https:\/\/www.glyphosate.eu\/sv\/wp-json\/wp\/v2\/media?parent=26380"}],"curies":[{"name":"wp","href":"https:\/\/api.w.org\/{rel}","templated":true}]}}