{"id":34400,"date":"2022-12-14T13:41:08","date_gmt":"2022-12-14T13:41:08","guid":{"rendered":"https:\/\/www.glyphosate.eu\/proces-udzielania-zezwolenia\/setting-environmental-quality-standard-for-glyphosate\/grg-statement-on-the-setting-eqs-for-glyphosate\/"},"modified":"2023-02-09T16:42:26","modified_gmt":"2023-02-09T16:42:26","slug":"grg-statement-on-the-setting-eqs-for-glyphosate","status":"publish","type":"page","link":"https:\/\/www.glyphosate.eu\/pl\/proces-udzielania-zezwolenia\/setting-environmental-quality-standard-for-glyphosate\/grg-statement-on-the-setting-eqs-for-glyphosate\/","title":{"rendered":"O\u015bwiadczenie GRG w sprawie ustanowienia \u015brodowiskowych norm jako\u015bci dla glifosatu"},"content":{"rendered":"","protected":false},"excerpt":{"rendered":"","protected":false},"author":3,"featured_media":34204,"parent":34376,"menu_order":69,"comment_status":"closed","ping_status":"closed","template":"views\/template-content-page.blade.php","meta":{"_acf_changed":false,"inline_featured_image":false,"footnotes":""},"class_list":["post-34400","page","type-page","status-publish","has-post-thumbnail","hentry"],"acf":[],"yoast_head":"<!-- This site is optimized with the Yoast SEO plugin v27.3 - https:\/\/yoast.com\/product\/yoast-seo-wordpress\/ -->\n<title>O\u015bwiadczenie GRG w sprawie ustanowienia \u015brodowiskowych norm jako\u015bci dla glifosatu - Glyphosate Renewal Group<\/title>\n<meta name=\"robots\" content=\"index, follow, max-snippet:-1, max-image-preview:large, max-video-preview:-1\" \/>\n<link rel=\"canonical\" href=\"https:\/\/www.glyphosate.eu\/pl\/proces-udzielania-zezwolenia\/setting-environmental-quality-standard-for-glyphosate\/grg-statement-on-the-setting-eqs-for-glyphosate\/\" \/>\n<meta property=\"og:locale\" content=\"pl_PL\" \/>\n<meta property=\"og:type\" content=\"article\" \/>\n<meta property=\"og:title\" content=\"O\u015bwiadczenie GRG w sprawie ustanowienia \u015brodowiskowych norm jako\u015bci dla glifosatu - Glyphosate Renewal Group\" \/>\n<meta property=\"og:url\" content=\"https:\/\/www.glyphosate.eu\/pl\/proces-udzielania-zezwolenia\/setting-environmental-quality-standard-for-glyphosate\/grg-statement-on-the-setting-eqs-for-glyphosate\/\" \/>\n<meta property=\"og:site_name\" content=\"Glyphosate Renewal Group\" \/>\n<meta property=\"article:modified_time\" content=\"2023-02-09T16:42:26+00:00\" \/>\n<meta property=\"og:image\" content=\"https:\/\/www.glyphosate.eu\/app\/uploads\/2022\/12\/Drinking-water-treatment-Gly-residues-scaled.jpg\" \/>\n\t<meta property=\"og:image:width\" content=\"2560\" \/>\n\t<meta property=\"og:image:height\" content=\"1707\" \/>\n\t<meta property=\"og:image:type\" content=\"image\/jpeg\" \/>\n<meta name=\"twitter:card\" content=\"summary_large_image\" \/>\n<script type=\"application\/ld+json\" class=\"yoast-schema-graph\">{\"@context\":\"https:\\\/\\\/schema.org\",\"@graph\":[{\"@type\":\"WebPage\",\"@id\":\"https:\\\/\\\/www.glyphosate.eu\\\/pl\\\/proces-udzielania-zezwolenia\\\/setting-environmental-quality-standard-for-glyphosate\\\/grg-statement-on-the-setting-eqs-for-glyphosate\\\/\",\"url\":\"https:\\\/\\\/www.glyphosate.eu\\\/pl\\\/proces-udzielania-zezwolenia\\\/setting-environmental-quality-standard-for-glyphosate\\\/grg-statement-on-the-setting-eqs-for-glyphosate\\\/\",\"name\":\"O\u015bwiadczenie GRG w sprawie ustanowienia \u015brodowiskowych norm jako\u015bci dla glifosatu - Glyphosate Renewal Group\",\"isPartOf\":{\"@id\":\"https:\\\/\\\/www.glyphosate.eu\\\/#website\"},\"primaryImageOfPage\":{\"@id\":\"https:\\\/\\\/www.glyphosate.eu\\\/pl\\\/proces-udzielania-zezwolenia\\\/setting-environmental-quality-standard-for-glyphosate\\\/grg-statement-on-the-setting-eqs-for-glyphosate\\\/#primaryimage\"},\"image\":{\"@id\":\"https:\\\/\\\/www.glyphosate.eu\\\/pl\\\/proces-udzielania-zezwolenia\\\/setting-environmental-quality-standard-for-glyphosate\\\/grg-statement-on-the-setting-eqs-for-glyphosate\\\/#primaryimage\"},\"thumbnailUrl\":\"https:\\\/\\\/www.glyphosate.eu\\\/app\\\/uploads\\\/2022\\\/12\\\/Drinking-water-treatment-Gly-residues-scaled.jpg\",\"datePublished\":\"2022-12-14T13:41:08+00:00\",\"dateModified\":\"2023-02-09T16:42:26+00:00\",\"breadcrumb\":{\"@id\":\"https:\\\/\\\/www.glyphosate.eu\\\/pl\\\/proces-udzielania-zezwolenia\\\/setting-environmental-quality-standard-for-glyphosate\\\/grg-statement-on-the-setting-eqs-for-glyphosate\\\/#breadcrumb\"},\"inLanguage\":\"pl-PL\",\"potentialAction\":[{\"@type\":\"ReadAction\",\"target\":[\"https:\\\/\\\/www.glyphosate.eu\\\/pl\\\/proces-udzielania-zezwolenia\\\/setting-environmental-quality-standard-for-glyphosate\\\/grg-statement-on-the-setting-eqs-for-glyphosate\\\/\"]}]},{\"@type\":\"ImageObject\",\"inLanguage\":\"pl-PL\",\"@id\":\"https:\\\/\\\/www.glyphosate.eu\\\/pl\\\/proces-udzielania-zezwolenia\\\/setting-environmental-quality-standard-for-glyphosate\\\/grg-statement-on-the-setting-eqs-for-glyphosate\\\/#primaryimage\",\"url\":\"https:\\\/\\\/www.glyphosate.eu\\\/app\\\/uploads\\\/2022\\\/12\\\/Drinking-water-treatment-Gly-residues-scaled.jpg\",\"contentUrl\":\"https:\\\/\\\/www.glyphosate.eu\\\/app\\\/uploads\\\/2022\\\/12\\\/Drinking-water-treatment-Gly-residues-scaled.jpg\",\"width\":2560,\"height\":1707},{\"@type\":\"BreadcrumbList\",\"@id\":\"https:\\\/\\\/www.glyphosate.eu\\\/pl\\\/proces-udzielania-zezwolenia\\\/setting-environmental-quality-standard-for-glyphosate\\\/grg-statement-on-the-setting-eqs-for-glyphosate\\\/#breadcrumb\",\"itemListElement\":[{\"@type\":\"ListItem\",\"position\":1,\"name\":\"Proces udzielania zezwolenia\",\"item\":\"https:\\\/\\\/www.glyphosate.eu\\\/pl\\\/proces-udzielania-zezwolenia\\\/\"},{\"@type\":\"ListItem\",\"position\":2,\"name\":\"Ustalenie \u015brodowiskowych norm jako\u015bci dla glifosatu\",\"item\":\"https:\\\/\\\/www.glyphosate.eu\\\/pl\\\/proces-udzielania-zezwolenia\\\/setting-environmental-quality-standard-for-glyphosate\\\/\"},{\"@type\":\"ListItem\",\"position\":3,\"name\":\"O\u015bwiadczenie GRG w sprawie ustanowienia \u015brodowiskowych norm jako\u015bci dla glifosatu\"}]},{\"@type\":\"WebSite\",\"@id\":\"https:\\\/\\\/www.glyphosate.eu\\\/#website\",\"url\":\"https:\\\/\\\/www.glyphosate.eu\\\/\",\"name\":\"Glyphosate Renewal Group\",\"description\":\"Just another WordPress site\",\"potentialAction\":[{\"@type\":\"SearchAction\",\"target\":{\"@type\":\"EntryPoint\",\"urlTemplate\":\"https:\\\/\\\/www.glyphosate.eu\\\/?s={search_term_string}\"},\"query-input\":{\"@type\":\"PropertyValueSpecification\",\"valueRequired\":true,\"valueName\":\"search_term_string\"}}],\"inLanguage\":\"pl-PL\"}]}<\/script>\n<!-- \/ Yoast SEO plugin. -->","yoast_head_json":{"title":"O\u015bwiadczenie GRG w sprawie ustanowienia \u015brodowiskowych norm jako\u015bci dla glifosatu - Glyphosate Renewal Group","robots":{"index":"index","follow":"follow","max-snippet":"max-snippet:-1","max-image-preview":"max-image-preview:large","max-video-preview":"max-video-preview:-1"},"canonical":"https:\/\/www.glyphosate.eu\/pl\/proces-udzielania-zezwolenia\/setting-environmental-quality-standard-for-glyphosate\/grg-statement-on-the-setting-eqs-for-glyphosate\/","og_locale":"pl_PL","og_type":"article","og_title":"O\u015bwiadczenie GRG w sprawie ustanowienia \u015brodowiskowych norm jako\u015bci dla glifosatu - Glyphosate Renewal Group","og_url":"https:\/\/www.glyphosate.eu\/pl\/proces-udzielania-zezwolenia\/setting-environmental-quality-standard-for-glyphosate\/grg-statement-on-the-setting-eqs-for-glyphosate\/","og_site_name":"Glyphosate Renewal Group","article_modified_time":"2023-02-09T16:42:26+00:00","og_image":[{"width":2560,"height":1707,"url":"https:\/\/www.glyphosate.eu\/app\/uploads\/2022\/12\/Drinking-water-treatment-Gly-residues-scaled.jpg","type":"image\/jpeg"}],"twitter_card":"summary_large_image","schema":{"@context":"https:\/\/schema.org","@graph":[{"@type":"WebPage","@id":"https:\/\/www.glyphosate.eu\/pl\/proces-udzielania-zezwolenia\/setting-environmental-quality-standard-for-glyphosate\/grg-statement-on-the-setting-eqs-for-glyphosate\/","url":"https:\/\/www.glyphosate.eu\/pl\/proces-udzielania-zezwolenia\/setting-environmental-quality-standard-for-glyphosate\/grg-statement-on-the-setting-eqs-for-glyphosate\/","name":"O\u015bwiadczenie GRG w sprawie ustanowienia \u015brodowiskowych norm jako\u015bci dla glifosatu - Glyphosate Renewal Group","isPartOf":{"@id":"https:\/\/www.glyphosate.eu\/#website"},"primaryImageOfPage":{"@id":"https:\/\/www.glyphosate.eu\/pl\/proces-udzielania-zezwolenia\/setting-environmental-quality-standard-for-glyphosate\/grg-statement-on-the-setting-eqs-for-glyphosate\/#primaryimage"},"image":{"@id":"https:\/\/www.glyphosate.eu\/pl\/proces-udzielania-zezwolenia\/setting-environmental-quality-standard-for-glyphosate\/grg-statement-on-the-setting-eqs-for-glyphosate\/#primaryimage"},"thumbnailUrl":"https:\/\/www.glyphosate.eu\/app\/uploads\/2022\/12\/Drinking-water-treatment-Gly-residues-scaled.jpg","datePublished":"2022-12-14T13:41:08+00:00","dateModified":"2023-02-09T16:42:26+00:00","breadcrumb":{"@id":"https:\/\/www.glyphosate.eu\/pl\/proces-udzielania-zezwolenia\/setting-environmental-quality-standard-for-glyphosate\/grg-statement-on-the-setting-eqs-for-glyphosate\/#breadcrumb"},"inLanguage":"pl-PL","potentialAction":[{"@type":"ReadAction","target":["https:\/\/www.glyphosate.eu\/pl\/proces-udzielania-zezwolenia\/setting-environmental-quality-standard-for-glyphosate\/grg-statement-on-the-setting-eqs-for-glyphosate\/"]}]},{"@type":"ImageObject","inLanguage":"pl-PL","@id":"https:\/\/www.glyphosate.eu\/pl\/proces-udzielania-zezwolenia\/setting-environmental-quality-standard-for-glyphosate\/grg-statement-on-the-setting-eqs-for-glyphosate\/#primaryimage","url":"https:\/\/www.glyphosate.eu\/app\/uploads\/2022\/12\/Drinking-water-treatment-Gly-residues-scaled.jpg","contentUrl":"https:\/\/www.glyphosate.eu\/app\/uploads\/2022\/12\/Drinking-water-treatment-Gly-residues-scaled.jpg","width":2560,"height":1707},{"@type":"BreadcrumbList","@id":"https:\/\/www.glyphosate.eu\/pl\/proces-udzielania-zezwolenia\/setting-environmental-quality-standard-for-glyphosate\/grg-statement-on-the-setting-eqs-for-glyphosate\/#breadcrumb","itemListElement":[{"@type":"ListItem","position":1,"name":"Proces udzielania zezwolenia","item":"https:\/\/www.glyphosate.eu\/pl\/proces-udzielania-zezwolenia\/"},{"@type":"ListItem","position":2,"name":"Ustalenie \u015brodowiskowych norm jako\u015bci dla glifosatu","item":"https:\/\/www.glyphosate.eu\/pl\/proces-udzielania-zezwolenia\/setting-environmental-quality-standard-for-glyphosate\/"},{"@type":"ListItem","position":3,"name":"O\u015bwiadczenie GRG w sprawie ustanowienia \u015brodowiskowych norm jako\u015bci dla glifosatu"}]},{"@type":"WebSite","@id":"https:\/\/www.glyphosate.eu\/#website","url":"https:\/\/www.glyphosate.eu\/","name":"Glyphosate Renewal Group","description":"Just another WordPress site","potentialAction":[{"@type":"SearchAction","target":{"@type":"EntryPoint","urlTemplate":"https:\/\/www.glyphosate.eu\/?s={search_term_string}"},"query-input":{"@type":"PropertyValueSpecification","valueRequired":true,"valueName":"search_term_string"}}],"inLanguage":"pl-PL"}]}},"_links":{"self":[{"href":"https:\/\/www.glyphosate.eu\/pl\/wp-json\/wp\/v2\/pages\/34400","targetHints":{"allow":["GET"]}}],"collection":[{"href":"https:\/\/www.glyphosate.eu\/pl\/wp-json\/wp\/v2\/pages"}],"about":[{"href":"https:\/\/www.glyphosate.eu\/pl\/wp-json\/wp\/v2\/types\/page"}],"author":[{"embeddable":true,"href":"https:\/\/www.glyphosate.eu\/pl\/wp-json\/wp\/v2\/users\/3"}],"replies":[{"embeddable":true,"href":"https:\/\/www.glyphosate.eu\/pl\/wp-json\/wp\/v2\/comments?post=34400"}],"version-history":[{"count":2,"href":"https:\/\/www.glyphosate.eu\/pl\/wp-json\/wp\/v2\/pages\/34400\/revisions"}],"predecessor-version":[{"id":34402,"href":"https:\/\/www.glyphosate.eu\/pl\/wp-json\/wp\/v2\/pages\/34400\/revisions\/34402"}],"up":[{"embeddable":true,"href":"https:\/\/www.glyphosate.eu\/pl\/wp-json\/wp\/v2\/pages\/34376"}],"wp:featuredmedia":[{"embeddable":true,"href":"https:\/\/www.glyphosate.eu\/pl\/wp-json\/wp\/v2\/media\/34204"}],"wp:attachment":[{"href":"https:\/\/www.glyphosate.eu\/pl\/wp-json\/wp\/v2\/media?parent=34400"}],"curies":[{"name":"wp","href":"https:\/\/api.w.org\/{rel}","templated":true}]}}