{"id":34394,"date":"2022-12-05T07:48:20","date_gmt":"2022-12-05T07:48:20","guid":{"rendered":"https:\/\/www.glyphosate.eu\/grg\/co-nowego\/the-commission-adopted-a-one-year-authorisation-extension\/"},"modified":"2023-02-09T15:07:00","modified_gmt":"2023-02-09T15:07:00","slug":"the-commission-adopted-a-one-year-authorisation-extension","status":"publish","type":"page","link":"https:\/\/www.glyphosate.eu\/pl\/grg\/co-nowego\/the-commission-adopted-a-one-year-authorisation-extension\/","title":{"rendered":"Komisja Europejska przyj\u0119\u0142a roczne przed\u0142u\u017cenie zatwierdzenia"},"content":{"rendered":"","protected":false},"excerpt":{"rendered":"","protected":false},"author":3,"featured_media":28596,"parent":16560,"menu_order":87,"comment_status":"closed","ping_status":"closed","template":"views\/template-content-page.blade.php","meta":{"_acf_changed":false,"inline_featured_image":false,"footnotes":""},"class_list":["post-34394","page","type-page","status-publish","has-post-thumbnail","hentry"],"acf":[],"yoast_head":"<!-- This site is optimized with the Yoast SEO plugin v27.4 - https:\/\/yoast.com\/product\/yoast-seo-wordpress\/ -->\n<title>Komisja Europejska przyj\u0119\u0142a roczne przed\u0142u\u017cenie zatwierdzenia - Glyphosate Renewal Group<\/title>\n<meta name=\"robots\" content=\"index, follow, max-snippet:-1, max-image-preview:large, max-video-preview:-1\" \/>\n<link rel=\"canonical\" href=\"https:\/\/www.glyphosate.eu\/pl\/grg\/co-nowego\/the-commission-adopted-a-one-year-authorisation-extension\/\" \/>\n<meta property=\"og:locale\" content=\"pl_PL\" \/>\n<meta property=\"og:type\" content=\"article\" \/>\n<meta property=\"og:title\" content=\"Komisja Europejska przyj\u0119\u0142a roczne przed\u0142u\u017cenie zatwierdzenia - Glyphosate Renewal Group\" \/>\n<meta property=\"og:url\" content=\"https:\/\/www.glyphosate.eu\/pl\/grg\/co-nowego\/the-commission-adopted-a-one-year-authorisation-extension\/\" \/>\n<meta property=\"og:site_name\" content=\"Glyphosate Renewal Group\" \/>\n<meta property=\"article:modified_time\" content=\"2023-02-09T15:07:00+00:00\" \/>\n<meta property=\"og:image\" content=\"https:\/\/www.glyphosate.eu\/app\/uploads\/2022\/03\/notification-.png\" \/>\n\t<meta property=\"og:image:width\" content=\"417\" \/>\n\t<meta property=\"og:image:height\" content=\"417\" \/>\n\t<meta property=\"og:image:type\" content=\"image\/png\" \/>\n<meta name=\"twitter:card\" content=\"summary_large_image\" \/>\n<script type=\"application\/ld+json\" class=\"yoast-schema-graph\">{\"@context\":\"https:\\\/\\\/schema.org\",\"@graph\":[{\"@type\":\"WebPage\",\"@id\":\"https:\\\/\\\/www.glyphosate.eu\\\/pl\\\/grg\\\/co-nowego\\\/the-commission-adopted-a-one-year-authorisation-extension\\\/\",\"url\":\"https:\\\/\\\/www.glyphosate.eu\\\/pl\\\/grg\\\/co-nowego\\\/the-commission-adopted-a-one-year-authorisation-extension\\\/\",\"name\":\"Komisja Europejska przyj\u0119\u0142a roczne przed\u0142u\u017cenie zatwierdzenia - Glyphosate Renewal Group\",\"isPartOf\":{\"@id\":\"https:\\\/\\\/www.glyphosate.eu\\\/#website\"},\"primaryImageOfPage\":{\"@id\":\"https:\\\/\\\/www.glyphosate.eu\\\/pl\\\/grg\\\/co-nowego\\\/the-commission-adopted-a-one-year-authorisation-extension\\\/#primaryimage\"},\"image\":{\"@id\":\"https:\\\/\\\/www.glyphosate.eu\\\/pl\\\/grg\\\/co-nowego\\\/the-commission-adopted-a-one-year-authorisation-extension\\\/#primaryimage\"},\"thumbnailUrl\":\"https:\\\/\\\/www.glyphosate.eu\\\/app\\\/uploads\\\/2022\\\/03\\\/notification-.png\",\"datePublished\":\"2022-12-05T07:48:20+00:00\",\"dateModified\":\"2023-02-09T15:07:00+00:00\",\"breadcrumb\":{\"@id\":\"https:\\\/\\\/www.glyphosate.eu\\\/pl\\\/grg\\\/co-nowego\\\/the-commission-adopted-a-one-year-authorisation-extension\\\/#breadcrumb\"},\"inLanguage\":\"pl-PL\",\"potentialAction\":[{\"@type\":\"ReadAction\",\"target\":[\"https:\\\/\\\/www.glyphosate.eu\\\/pl\\\/grg\\\/co-nowego\\\/the-commission-adopted-a-one-year-authorisation-extension\\\/\"]}]},{\"@type\":\"ImageObject\",\"inLanguage\":\"pl-PL\",\"@id\":\"https:\\\/\\\/www.glyphosate.eu\\\/pl\\\/grg\\\/co-nowego\\\/the-commission-adopted-a-one-year-authorisation-extension\\\/#primaryimage\",\"url\":\"https:\\\/\\\/www.glyphosate.eu\\\/app\\\/uploads\\\/2022\\\/03\\\/notification-.png\",\"contentUrl\":\"https:\\\/\\\/www.glyphosate.eu\\\/app\\\/uploads\\\/2022\\\/03\\\/notification-.png\",\"width\":417,\"height\":417},{\"@type\":\"BreadcrumbList\",\"@id\":\"https:\\\/\\\/www.glyphosate.eu\\\/pl\\\/grg\\\/co-nowego\\\/the-commission-adopted-a-one-year-authorisation-extension\\\/#breadcrumb\",\"itemListElement\":[{\"@type\":\"ListItem\",\"position\":1,\"name\":\"What&#8217;s New Temp &#8211; DONT delete\",\"item\":\"https:\\\/\\\/www.glyphosate.eu\\\/pl\\\/grg\\\/\"},{\"@type\":\"ListItem\",\"position\":2,\"name\":\"Co nowego\",\"item\":\"https:\\\/\\\/www.glyphosate.eu\\\/pl\\\/grg\\\/co-nowego\\\/\"},{\"@type\":\"ListItem\",\"position\":3,\"name\":\"Komisja Europejska przyj\u0119\u0142a roczne przed\u0142u\u017cenie zatwierdzenia\"}]},{\"@type\":\"WebSite\",\"@id\":\"https:\\\/\\\/www.glyphosate.eu\\\/#website\",\"url\":\"https:\\\/\\\/www.glyphosate.eu\\\/\",\"name\":\"Glyphosate Renewal Group\",\"description\":\"Just another WordPress site\",\"potentialAction\":[{\"@type\":\"SearchAction\",\"target\":{\"@type\":\"EntryPoint\",\"urlTemplate\":\"https:\\\/\\\/www.glyphosate.eu\\\/?s={search_term_string}\"},\"query-input\":{\"@type\":\"PropertyValueSpecification\",\"valueRequired\":true,\"valueName\":\"search_term_string\"}}],\"inLanguage\":\"pl-PL\"}]}<\/script>\n<!-- \/ Yoast SEO plugin. -->","yoast_head_json":{"title":"Komisja Europejska przyj\u0119\u0142a roczne przed\u0142u\u017cenie zatwierdzenia - Glyphosate Renewal Group","robots":{"index":"index","follow":"follow","max-snippet":"max-snippet:-1","max-image-preview":"max-image-preview:large","max-video-preview":"max-video-preview:-1"},"canonical":"https:\/\/www.glyphosate.eu\/pl\/grg\/co-nowego\/the-commission-adopted-a-one-year-authorisation-extension\/","og_locale":"pl_PL","og_type":"article","og_title":"Komisja Europejska przyj\u0119\u0142a roczne przed\u0142u\u017cenie zatwierdzenia - Glyphosate Renewal Group","og_url":"https:\/\/www.glyphosate.eu\/pl\/grg\/co-nowego\/the-commission-adopted-a-one-year-authorisation-extension\/","og_site_name":"Glyphosate Renewal Group","article_modified_time":"2023-02-09T15:07:00+00:00","og_image":[{"width":417,"height":417,"url":"https:\/\/www.glyphosate.eu\/app\/uploads\/2022\/03\/notification-.png","type":"image\/png"}],"twitter_card":"summary_large_image","schema":{"@context":"https:\/\/schema.org","@graph":[{"@type":"WebPage","@id":"https:\/\/www.glyphosate.eu\/pl\/grg\/co-nowego\/the-commission-adopted-a-one-year-authorisation-extension\/","url":"https:\/\/www.glyphosate.eu\/pl\/grg\/co-nowego\/the-commission-adopted-a-one-year-authorisation-extension\/","name":"Komisja Europejska przyj\u0119\u0142a roczne przed\u0142u\u017cenie zatwierdzenia - Glyphosate Renewal Group","isPartOf":{"@id":"https:\/\/www.glyphosate.eu\/#website"},"primaryImageOfPage":{"@id":"https:\/\/www.glyphosate.eu\/pl\/grg\/co-nowego\/the-commission-adopted-a-one-year-authorisation-extension\/#primaryimage"},"image":{"@id":"https:\/\/www.glyphosate.eu\/pl\/grg\/co-nowego\/the-commission-adopted-a-one-year-authorisation-extension\/#primaryimage"},"thumbnailUrl":"https:\/\/www.glyphosate.eu\/app\/uploads\/2022\/03\/notification-.png","datePublished":"2022-12-05T07:48:20+00:00","dateModified":"2023-02-09T15:07:00+00:00","breadcrumb":{"@id":"https:\/\/www.glyphosate.eu\/pl\/grg\/co-nowego\/the-commission-adopted-a-one-year-authorisation-extension\/#breadcrumb"},"inLanguage":"pl-PL","potentialAction":[{"@type":"ReadAction","target":["https:\/\/www.glyphosate.eu\/pl\/grg\/co-nowego\/the-commission-adopted-a-one-year-authorisation-extension\/"]}]},{"@type":"ImageObject","inLanguage":"pl-PL","@id":"https:\/\/www.glyphosate.eu\/pl\/grg\/co-nowego\/the-commission-adopted-a-one-year-authorisation-extension\/#primaryimage","url":"https:\/\/www.glyphosate.eu\/app\/uploads\/2022\/03\/notification-.png","contentUrl":"https:\/\/www.glyphosate.eu\/app\/uploads\/2022\/03\/notification-.png","width":417,"height":417},{"@type":"BreadcrumbList","@id":"https:\/\/www.glyphosate.eu\/pl\/grg\/co-nowego\/the-commission-adopted-a-one-year-authorisation-extension\/#breadcrumb","itemListElement":[{"@type":"ListItem","position":1,"name":"What&#8217;s New Temp &#8211; DONT delete","item":"https:\/\/www.glyphosate.eu\/pl\/grg\/"},{"@type":"ListItem","position":2,"name":"Co nowego","item":"https:\/\/www.glyphosate.eu\/pl\/grg\/co-nowego\/"},{"@type":"ListItem","position":3,"name":"Komisja Europejska przyj\u0119\u0142a roczne przed\u0142u\u017cenie zatwierdzenia"}]},{"@type":"WebSite","@id":"https:\/\/www.glyphosate.eu\/#website","url":"https:\/\/www.glyphosate.eu\/","name":"Glyphosate Renewal Group","description":"Just another WordPress site","potentialAction":[{"@type":"SearchAction","target":{"@type":"EntryPoint","urlTemplate":"https:\/\/www.glyphosate.eu\/?s={search_term_string}"},"query-input":{"@type":"PropertyValueSpecification","valueRequired":true,"valueName":"search_term_string"}}],"inLanguage":"pl-PL"}]}},"_links":{"self":[{"href":"https:\/\/www.glyphosate.eu\/pl\/wp-json\/wp\/v2\/pages\/34394","targetHints":{"allow":["GET"]}}],"collection":[{"href":"https:\/\/www.glyphosate.eu\/pl\/wp-json\/wp\/v2\/pages"}],"about":[{"href":"https:\/\/www.glyphosate.eu\/pl\/wp-json\/wp\/v2\/types\/page"}],"author":[{"embeddable":true,"href":"https:\/\/www.glyphosate.eu\/pl\/wp-json\/wp\/v2\/users\/3"}],"replies":[{"embeddable":true,"href":"https:\/\/www.glyphosate.eu\/pl\/wp-json\/wp\/v2\/comments?post=34394"}],"version-history":[{"count":2,"href":"https:\/\/www.glyphosate.eu\/pl\/wp-json\/wp\/v2\/pages\/34394\/revisions"}],"predecessor-version":[{"id":34396,"href":"https:\/\/www.glyphosate.eu\/pl\/wp-json\/wp\/v2\/pages\/34394\/revisions\/34396"}],"up":[{"embeddable":true,"href":"https:\/\/www.glyphosate.eu\/pl\/wp-json\/wp\/v2\/pages\/16560"}],"wp:featuredmedia":[{"embeddable":true,"href":"https:\/\/www.glyphosate.eu\/pl\/wp-json\/wp\/v2\/media\/28596"}],"wp:attachment":[{"href":"https:\/\/www.glyphosate.eu\/pl\/wp-json\/wp\/v2\/media?parent=34394"}],"curies":[{"name":"wp","href":"https:\/\/api.w.org\/{rel}","templated":true}]}}