{"id":34390,"date":"2022-10-14T14:41:31","date_gmt":"2022-10-14T13:41:31","guid":{"rendered":"https:\/\/www.glyphosate.eu\/grg\/co-nowego\/scopaff-reached-no-opinion-in-the-vote-on-the-extension-of-the-current-approval-of-glyphosate\/"},"modified":"2023-02-09T14:54:32","modified_gmt":"2023-02-09T14:54:32","slug":"scopaff-reached-no-opinion-in-the-vote-on-the-extension-of-the-current-approval-of-glyphosate","status":"publish","type":"page","link":"https:\/\/www.glyphosate.eu\/pl\/grg\/co-nowego\/scopaff-reached-no-opinion-in-the-vote-on-the-extension-of-the-current-approval-of-glyphosate\/","title":{"rendered":"SCoPAFF nie wyda\u0142 opinii w g\u0142osowaniu nad przed\u0142u\u017ceniem obecnego zatwierdzenia dla glifosatu"},"content":{"rendered":"","protected":false},"excerpt":{"rendered":"","protected":false},"author":3,"featured_media":33700,"parent":16560,"menu_order":137,"comment_status":"closed","ping_status":"closed","template":"views\/template-content-page.blade.php","meta":{"_acf_changed":false,"inline_featured_image":false,"footnotes":""},"class_list":["post-34390","page","type-page","status-publish","has-post-thumbnail","hentry"],"acf":[],"yoast_head":"<!-- This site is optimized with the Yoast SEO plugin v27.3 - https:\/\/yoast.com\/product\/yoast-seo-wordpress\/ -->\n<title>SCoPAFF nie wyda\u0142 opinii w g\u0142osowaniu nad przed\u0142u\u017ceniem obecnego zatwierdzenia dla glifosatu - Glyphosate Renewal Group<\/title>\n<meta name=\"robots\" content=\"index, follow, max-snippet:-1, max-image-preview:large, max-video-preview:-1\" \/>\n<link rel=\"canonical\" href=\"https:\/\/www.glyphosate.eu\/pl\/grg\/co-nowego\/scopaff-reached-no-opinion-in-the-vote-on-the-extension-of-the-current-approval-of-glyphosate\/\" \/>\n<meta property=\"og:locale\" content=\"pl_PL\" \/>\n<meta property=\"og:type\" content=\"article\" \/>\n<meta property=\"og:title\" content=\"SCoPAFF nie wyda\u0142 opinii w g\u0142osowaniu nad przed\u0142u\u017ceniem obecnego zatwierdzenia dla glifosatu - Glyphosate Renewal Group\" \/>\n<meta property=\"og:url\" content=\"https:\/\/www.glyphosate.eu\/pl\/grg\/co-nowego\/scopaff-reached-no-opinion-in-the-vote-on-the-extension-of-the-current-approval-of-glyphosate\/\" \/>\n<meta property=\"og:site_name\" content=\"Glyphosate Renewal Group\" \/>\n<meta property=\"article:modified_time\" content=\"2023-02-09T14:54:32+00:00\" \/>\n<meta property=\"og:image\" content=\"https:\/\/www.glyphosate.eu\/app\/uploads\/2022\/10\/EU-vector.png\" \/>\n\t<meta property=\"og:image:width\" content=\"481\" \/>\n\t<meta property=\"og:image:height\" content=\"481\" \/>\n\t<meta property=\"og:image:type\" content=\"image\/png\" \/>\n<meta name=\"twitter:card\" content=\"summary_large_image\" \/>\n<script type=\"application\/ld+json\" class=\"yoast-schema-graph\">{\"@context\":\"https:\\\/\\\/schema.org\",\"@graph\":[{\"@type\":\"WebPage\",\"@id\":\"https:\\\/\\\/www.glyphosate.eu\\\/pl\\\/grg\\\/co-nowego\\\/scopaff-reached-no-opinion-in-the-vote-on-the-extension-of-the-current-approval-of-glyphosate\\\/\",\"url\":\"https:\\\/\\\/www.glyphosate.eu\\\/pl\\\/grg\\\/co-nowego\\\/scopaff-reached-no-opinion-in-the-vote-on-the-extension-of-the-current-approval-of-glyphosate\\\/\",\"name\":\"SCoPAFF nie wyda\u0142 opinii w g\u0142osowaniu nad przed\u0142u\u017ceniem obecnego zatwierdzenia dla glifosatu - Glyphosate Renewal Group\",\"isPartOf\":{\"@id\":\"https:\\\/\\\/www.glyphosate.eu\\\/#website\"},\"primaryImageOfPage\":{\"@id\":\"https:\\\/\\\/www.glyphosate.eu\\\/pl\\\/grg\\\/co-nowego\\\/scopaff-reached-no-opinion-in-the-vote-on-the-extension-of-the-current-approval-of-glyphosate\\\/#primaryimage\"},\"image\":{\"@id\":\"https:\\\/\\\/www.glyphosate.eu\\\/pl\\\/grg\\\/co-nowego\\\/scopaff-reached-no-opinion-in-the-vote-on-the-extension-of-the-current-approval-of-glyphosate\\\/#primaryimage\"},\"thumbnailUrl\":\"https:\\\/\\\/www.glyphosate.eu\\\/app\\\/uploads\\\/2022\\\/10\\\/EU-vector.png\",\"datePublished\":\"2022-10-14T13:41:31+00:00\",\"dateModified\":\"2023-02-09T14:54:32+00:00\",\"breadcrumb\":{\"@id\":\"https:\\\/\\\/www.glyphosate.eu\\\/pl\\\/grg\\\/co-nowego\\\/scopaff-reached-no-opinion-in-the-vote-on-the-extension-of-the-current-approval-of-glyphosate\\\/#breadcrumb\"},\"inLanguage\":\"pl-PL\",\"potentialAction\":[{\"@type\":\"ReadAction\",\"target\":[\"https:\\\/\\\/www.glyphosate.eu\\\/pl\\\/grg\\\/co-nowego\\\/scopaff-reached-no-opinion-in-the-vote-on-the-extension-of-the-current-approval-of-glyphosate\\\/\"]}]},{\"@type\":\"ImageObject\",\"inLanguage\":\"pl-PL\",\"@id\":\"https:\\\/\\\/www.glyphosate.eu\\\/pl\\\/grg\\\/co-nowego\\\/scopaff-reached-no-opinion-in-the-vote-on-the-extension-of-the-current-approval-of-glyphosate\\\/#primaryimage\",\"url\":\"https:\\\/\\\/www.glyphosate.eu\\\/app\\\/uploads\\\/2022\\\/10\\\/EU-vector.png\",\"contentUrl\":\"https:\\\/\\\/www.glyphosate.eu\\\/app\\\/uploads\\\/2022\\\/10\\\/EU-vector.png\",\"width\":481,\"height\":481},{\"@type\":\"BreadcrumbList\",\"@id\":\"https:\\\/\\\/www.glyphosate.eu\\\/pl\\\/grg\\\/co-nowego\\\/scopaff-reached-no-opinion-in-the-vote-on-the-extension-of-the-current-approval-of-glyphosate\\\/#breadcrumb\",\"itemListElement\":[{\"@type\":\"ListItem\",\"position\":1,\"name\":\"What&#8217;s New Temp &#8211; DONT delete\",\"item\":\"https:\\\/\\\/www.glyphosate.eu\\\/pl\\\/grg\\\/\"},{\"@type\":\"ListItem\",\"position\":2,\"name\":\"Co nowego\",\"item\":\"https:\\\/\\\/www.glyphosate.eu\\\/pl\\\/grg\\\/co-nowego\\\/\"},{\"@type\":\"ListItem\",\"position\":3,\"name\":\"SCoPAFF nie wyda\u0142 opinii w g\u0142osowaniu nad przed\u0142u\u017ceniem obecnego zatwierdzenia dla glifosatu\"}]},{\"@type\":\"WebSite\",\"@id\":\"https:\\\/\\\/www.glyphosate.eu\\\/#website\",\"url\":\"https:\\\/\\\/www.glyphosate.eu\\\/\",\"name\":\"Glyphosate Renewal Group\",\"description\":\"Just another WordPress site\",\"potentialAction\":[{\"@type\":\"SearchAction\",\"target\":{\"@type\":\"EntryPoint\",\"urlTemplate\":\"https:\\\/\\\/www.glyphosate.eu\\\/?s={search_term_string}\"},\"query-input\":{\"@type\":\"PropertyValueSpecification\",\"valueRequired\":true,\"valueName\":\"search_term_string\"}}],\"inLanguage\":\"pl-PL\"}]}<\/script>\n<!-- \/ Yoast SEO plugin. -->","yoast_head_json":{"title":"SCoPAFF nie wyda\u0142 opinii w g\u0142osowaniu nad przed\u0142u\u017ceniem obecnego zatwierdzenia dla glifosatu - Glyphosate Renewal Group","robots":{"index":"index","follow":"follow","max-snippet":"max-snippet:-1","max-image-preview":"max-image-preview:large","max-video-preview":"max-video-preview:-1"},"canonical":"https:\/\/www.glyphosate.eu\/pl\/grg\/co-nowego\/scopaff-reached-no-opinion-in-the-vote-on-the-extension-of-the-current-approval-of-glyphosate\/","og_locale":"pl_PL","og_type":"article","og_title":"SCoPAFF nie wyda\u0142 opinii w g\u0142osowaniu nad przed\u0142u\u017ceniem obecnego zatwierdzenia dla glifosatu - Glyphosate Renewal Group","og_url":"https:\/\/www.glyphosate.eu\/pl\/grg\/co-nowego\/scopaff-reached-no-opinion-in-the-vote-on-the-extension-of-the-current-approval-of-glyphosate\/","og_site_name":"Glyphosate Renewal Group","article_modified_time":"2023-02-09T14:54:32+00:00","og_image":[{"width":481,"height":481,"url":"https:\/\/www.glyphosate.eu\/app\/uploads\/2022\/10\/EU-vector.png","type":"image\/png"}],"twitter_card":"summary_large_image","schema":{"@context":"https:\/\/schema.org","@graph":[{"@type":"WebPage","@id":"https:\/\/www.glyphosate.eu\/pl\/grg\/co-nowego\/scopaff-reached-no-opinion-in-the-vote-on-the-extension-of-the-current-approval-of-glyphosate\/","url":"https:\/\/www.glyphosate.eu\/pl\/grg\/co-nowego\/scopaff-reached-no-opinion-in-the-vote-on-the-extension-of-the-current-approval-of-glyphosate\/","name":"SCoPAFF nie wyda\u0142 opinii w g\u0142osowaniu nad przed\u0142u\u017ceniem obecnego zatwierdzenia dla glifosatu - Glyphosate Renewal Group","isPartOf":{"@id":"https:\/\/www.glyphosate.eu\/#website"},"primaryImageOfPage":{"@id":"https:\/\/www.glyphosate.eu\/pl\/grg\/co-nowego\/scopaff-reached-no-opinion-in-the-vote-on-the-extension-of-the-current-approval-of-glyphosate\/#primaryimage"},"image":{"@id":"https:\/\/www.glyphosate.eu\/pl\/grg\/co-nowego\/scopaff-reached-no-opinion-in-the-vote-on-the-extension-of-the-current-approval-of-glyphosate\/#primaryimage"},"thumbnailUrl":"https:\/\/www.glyphosate.eu\/app\/uploads\/2022\/10\/EU-vector.png","datePublished":"2022-10-14T13:41:31+00:00","dateModified":"2023-02-09T14:54:32+00:00","breadcrumb":{"@id":"https:\/\/www.glyphosate.eu\/pl\/grg\/co-nowego\/scopaff-reached-no-opinion-in-the-vote-on-the-extension-of-the-current-approval-of-glyphosate\/#breadcrumb"},"inLanguage":"pl-PL","potentialAction":[{"@type":"ReadAction","target":["https:\/\/www.glyphosate.eu\/pl\/grg\/co-nowego\/scopaff-reached-no-opinion-in-the-vote-on-the-extension-of-the-current-approval-of-glyphosate\/"]}]},{"@type":"ImageObject","inLanguage":"pl-PL","@id":"https:\/\/www.glyphosate.eu\/pl\/grg\/co-nowego\/scopaff-reached-no-opinion-in-the-vote-on-the-extension-of-the-current-approval-of-glyphosate\/#primaryimage","url":"https:\/\/www.glyphosate.eu\/app\/uploads\/2022\/10\/EU-vector.png","contentUrl":"https:\/\/www.glyphosate.eu\/app\/uploads\/2022\/10\/EU-vector.png","width":481,"height":481},{"@type":"BreadcrumbList","@id":"https:\/\/www.glyphosate.eu\/pl\/grg\/co-nowego\/scopaff-reached-no-opinion-in-the-vote-on-the-extension-of-the-current-approval-of-glyphosate\/#breadcrumb","itemListElement":[{"@type":"ListItem","position":1,"name":"What&#8217;s New Temp &#8211; DONT delete","item":"https:\/\/www.glyphosate.eu\/pl\/grg\/"},{"@type":"ListItem","position":2,"name":"Co nowego","item":"https:\/\/www.glyphosate.eu\/pl\/grg\/co-nowego\/"},{"@type":"ListItem","position":3,"name":"SCoPAFF nie wyda\u0142 opinii w g\u0142osowaniu nad przed\u0142u\u017ceniem obecnego zatwierdzenia dla glifosatu"}]},{"@type":"WebSite","@id":"https:\/\/www.glyphosate.eu\/#website","url":"https:\/\/www.glyphosate.eu\/","name":"Glyphosate Renewal Group","description":"Just another WordPress site","potentialAction":[{"@type":"SearchAction","target":{"@type":"EntryPoint","urlTemplate":"https:\/\/www.glyphosate.eu\/?s={search_term_string}"},"query-input":{"@type":"PropertyValueSpecification","valueRequired":true,"valueName":"search_term_string"}}],"inLanguage":"pl-PL"}]}},"_links":{"self":[{"href":"https:\/\/www.glyphosate.eu\/pl\/wp-json\/wp\/v2\/pages\/34390","targetHints":{"allow":["GET"]}}],"collection":[{"href":"https:\/\/www.glyphosate.eu\/pl\/wp-json\/wp\/v2\/pages"}],"about":[{"href":"https:\/\/www.glyphosate.eu\/pl\/wp-json\/wp\/v2\/types\/page"}],"author":[{"embeddable":true,"href":"https:\/\/www.glyphosate.eu\/pl\/wp-json\/wp\/v2\/users\/3"}],"replies":[{"embeddable":true,"href":"https:\/\/www.glyphosate.eu\/pl\/wp-json\/wp\/v2\/comments?post=34390"}],"version-history":[{"count":2,"href":"https:\/\/www.glyphosate.eu\/pl\/wp-json\/wp\/v2\/pages\/34390\/revisions"}],"predecessor-version":[{"id":34393,"href":"https:\/\/www.glyphosate.eu\/pl\/wp-json\/wp\/v2\/pages\/34390\/revisions\/34393"}],"up":[{"embeddable":true,"href":"https:\/\/www.glyphosate.eu\/pl\/wp-json\/wp\/v2\/pages\/16560"}],"wp:featuredmedia":[{"embeddable":true,"href":"https:\/\/www.glyphosate.eu\/pl\/wp-json\/wp\/v2\/media\/33700"}],"wp:attachment":[{"href":"https:\/\/www.glyphosate.eu\/pl\/wp-json\/wp\/v2\/media?parent=34390"}],"curies":[{"name":"wp","href":"https:\/\/api.w.org\/{rel}","templated":true}]}}