{"id":34385,"date":"2022-11-15T14:55:54","date_gmt":"2022-11-15T14:55:54","guid":{"rendered":"https:\/\/www.glyphosate.eu\/grg\/co-nowego\/the-appeal-committee-reached-no-opinion-in-the-vote-on-the-extension-of-the-approval-period-for-glyphosate\/"},"modified":"2023-02-09T12:16:17","modified_gmt":"2023-02-09T12:16:17","slug":"the-appeal-committee-reached-no-opinion-in-the-vote-on-the-extension-of-the-approval-period-for-glyphosate","status":"publish","type":"page","link":"https:\/\/www.glyphosate.eu\/pl\/grg\/co-nowego\/the-appeal-committee-reached-no-opinion-in-the-vote-on-the-extension-of-the-approval-period-for-glyphosate\/","title":{"rendered":"Komitet odwo\u0142awczy nie wyda\u0142 opinii w g\u0142osowaniu nad przed\u0142u\u017ceniem okresu zatwierdzenia dla glifosatu"},"content":{"rendered":"","protected":false},"excerpt":{"rendered":"","protected":false},"author":1,"featured_media":33292,"parent":16560,"menu_order":127,"comment_status":"closed","ping_status":"closed","template":"views\/template-content-page.blade.php","meta":{"_acf_changed":false,"inline_featured_image":false,"footnotes":""},"class_list":["post-34385","page","type-page","status-publish","has-post-thumbnail","hentry"],"acf":[],"yoast_head":"<!-- This site is optimized with the Yoast SEO plugin v27.3 - https:\/\/yoast.com\/product\/yoast-seo-wordpress\/ -->\n<title>Komitet odwo\u0142awczy nie wyda\u0142 opinii w g\u0142osowaniu nad przed\u0142u\u017ceniem okresu zatwierdzenia dla glifosatu - Glyphosate Renewal Group<\/title>\n<meta name=\"robots\" content=\"index, follow, max-snippet:-1, max-image-preview:large, max-video-preview:-1\" \/>\n<link rel=\"canonical\" href=\"https:\/\/www.glyphosate.eu\/pl\/grg\/co-nowego\/the-appeal-committee-reached-no-opinion-in-the-vote-on-the-extension-of-the-approval-period-for-glyphosate\/\" \/>\n<meta property=\"og:locale\" content=\"pl_PL\" \/>\n<meta property=\"og:type\" content=\"article\" \/>\n<meta property=\"og:title\" content=\"Komitet odwo\u0142awczy nie wyda\u0142 opinii w g\u0142osowaniu nad przed\u0142u\u017ceniem okresu zatwierdzenia dla glifosatu - Glyphosate Renewal Group\" \/>\n<meta property=\"og:url\" content=\"https:\/\/www.glyphosate.eu\/pl\/grg\/co-nowego\/the-appeal-committee-reached-no-opinion-in-the-vote-on-the-extension-of-the-approval-period-for-glyphosate\/\" \/>\n<meta property=\"og:site_name\" content=\"Glyphosate Renewal Group\" \/>\n<meta property=\"article:modified_time\" content=\"2023-02-09T12:16:17+00:00\" \/>\n<meta property=\"og:image\" content=\"https:\/\/www.glyphosate.eu\/app\/uploads\/2022\/07\/information-icon-.png\" \/>\n\t<meta property=\"og:image:width\" content=\"2550\" \/>\n\t<meta property=\"og:image:height\" content=\"2550\" \/>\n\t<meta property=\"og:image:type\" content=\"image\/png\" \/>\n<meta name=\"twitter:card\" content=\"summary_large_image\" \/>\n<script type=\"application\/ld+json\" class=\"yoast-schema-graph\">{\"@context\":\"https:\\\/\\\/schema.org\",\"@graph\":[{\"@type\":\"WebPage\",\"@id\":\"https:\\\/\\\/www.glyphosate.eu\\\/pl\\\/grg\\\/co-nowego\\\/the-appeal-committee-reached-no-opinion-in-the-vote-on-the-extension-of-the-approval-period-for-glyphosate\\\/\",\"url\":\"https:\\\/\\\/www.glyphosate.eu\\\/pl\\\/grg\\\/co-nowego\\\/the-appeal-committee-reached-no-opinion-in-the-vote-on-the-extension-of-the-approval-period-for-glyphosate\\\/\",\"name\":\"Komitet odwo\u0142awczy nie wyda\u0142 opinii w g\u0142osowaniu nad przed\u0142u\u017ceniem okresu zatwierdzenia dla glifosatu - Glyphosate Renewal Group\",\"isPartOf\":{\"@id\":\"https:\\\/\\\/www.glyphosate.eu\\\/#website\"},\"primaryImageOfPage\":{\"@id\":\"https:\\\/\\\/www.glyphosate.eu\\\/pl\\\/grg\\\/co-nowego\\\/the-appeal-committee-reached-no-opinion-in-the-vote-on-the-extension-of-the-approval-period-for-glyphosate\\\/#primaryimage\"},\"image\":{\"@id\":\"https:\\\/\\\/www.glyphosate.eu\\\/pl\\\/grg\\\/co-nowego\\\/the-appeal-committee-reached-no-opinion-in-the-vote-on-the-extension-of-the-approval-period-for-glyphosate\\\/#primaryimage\"},\"thumbnailUrl\":\"https:\\\/\\\/www.glyphosate.eu\\\/app\\\/uploads\\\/2022\\\/07\\\/information-icon-.png\",\"datePublished\":\"2022-11-15T14:55:54+00:00\",\"dateModified\":\"2023-02-09T12:16:17+00:00\",\"breadcrumb\":{\"@id\":\"https:\\\/\\\/www.glyphosate.eu\\\/pl\\\/grg\\\/co-nowego\\\/the-appeal-committee-reached-no-opinion-in-the-vote-on-the-extension-of-the-approval-period-for-glyphosate\\\/#breadcrumb\"},\"inLanguage\":\"pl-PL\",\"potentialAction\":[{\"@type\":\"ReadAction\",\"target\":[\"https:\\\/\\\/www.glyphosate.eu\\\/pl\\\/grg\\\/co-nowego\\\/the-appeal-committee-reached-no-opinion-in-the-vote-on-the-extension-of-the-approval-period-for-glyphosate\\\/\"]}]},{\"@type\":\"ImageObject\",\"inLanguage\":\"pl-PL\",\"@id\":\"https:\\\/\\\/www.glyphosate.eu\\\/pl\\\/grg\\\/co-nowego\\\/the-appeal-committee-reached-no-opinion-in-the-vote-on-the-extension-of-the-approval-period-for-glyphosate\\\/#primaryimage\",\"url\":\"https:\\\/\\\/www.glyphosate.eu\\\/app\\\/uploads\\\/2022\\\/07\\\/information-icon-.png\",\"contentUrl\":\"https:\\\/\\\/www.glyphosate.eu\\\/app\\\/uploads\\\/2022\\\/07\\\/information-icon-.png\",\"width\":2550,\"height\":2550},{\"@type\":\"BreadcrumbList\",\"@id\":\"https:\\\/\\\/www.glyphosate.eu\\\/pl\\\/grg\\\/co-nowego\\\/the-appeal-committee-reached-no-opinion-in-the-vote-on-the-extension-of-the-approval-period-for-glyphosate\\\/#breadcrumb\",\"itemListElement\":[{\"@type\":\"ListItem\",\"position\":1,\"name\":\"What&#8217;s New Temp &#8211; DONT delete\",\"item\":\"https:\\\/\\\/www.glyphosate.eu\\\/pl\\\/grg\\\/\"},{\"@type\":\"ListItem\",\"position\":2,\"name\":\"Co nowego\",\"item\":\"https:\\\/\\\/www.glyphosate.eu\\\/pl\\\/grg\\\/co-nowego\\\/\"},{\"@type\":\"ListItem\",\"position\":3,\"name\":\"Komitet odwo\u0142awczy nie wyda\u0142 opinii w g\u0142osowaniu nad przed\u0142u\u017ceniem okresu zatwierdzenia dla glifosatu\"}]},{\"@type\":\"WebSite\",\"@id\":\"https:\\\/\\\/www.glyphosate.eu\\\/#website\",\"url\":\"https:\\\/\\\/www.glyphosate.eu\\\/\",\"name\":\"Glyphosate Renewal Group\",\"description\":\"Just another WordPress site\",\"potentialAction\":[{\"@type\":\"SearchAction\",\"target\":{\"@type\":\"EntryPoint\",\"urlTemplate\":\"https:\\\/\\\/www.glyphosate.eu\\\/?s={search_term_string}\"},\"query-input\":{\"@type\":\"PropertyValueSpecification\",\"valueRequired\":true,\"valueName\":\"search_term_string\"}}],\"inLanguage\":\"pl-PL\"}]}<\/script>\n<!-- \/ Yoast SEO plugin. -->","yoast_head_json":{"title":"Komitet odwo\u0142awczy nie wyda\u0142 opinii w g\u0142osowaniu nad przed\u0142u\u017ceniem okresu zatwierdzenia dla glifosatu - Glyphosate Renewal Group","robots":{"index":"index","follow":"follow","max-snippet":"max-snippet:-1","max-image-preview":"max-image-preview:large","max-video-preview":"max-video-preview:-1"},"canonical":"https:\/\/www.glyphosate.eu\/pl\/grg\/co-nowego\/the-appeal-committee-reached-no-opinion-in-the-vote-on-the-extension-of-the-approval-period-for-glyphosate\/","og_locale":"pl_PL","og_type":"article","og_title":"Komitet odwo\u0142awczy nie wyda\u0142 opinii w g\u0142osowaniu nad przed\u0142u\u017ceniem okresu zatwierdzenia dla glifosatu - Glyphosate Renewal Group","og_url":"https:\/\/www.glyphosate.eu\/pl\/grg\/co-nowego\/the-appeal-committee-reached-no-opinion-in-the-vote-on-the-extension-of-the-approval-period-for-glyphosate\/","og_site_name":"Glyphosate Renewal Group","article_modified_time":"2023-02-09T12:16:17+00:00","og_image":[{"width":2550,"height":2550,"url":"https:\/\/www.glyphosate.eu\/app\/uploads\/2022\/07\/information-icon-.png","type":"image\/png"}],"twitter_card":"summary_large_image","schema":{"@context":"https:\/\/schema.org","@graph":[{"@type":"WebPage","@id":"https:\/\/www.glyphosate.eu\/pl\/grg\/co-nowego\/the-appeal-committee-reached-no-opinion-in-the-vote-on-the-extension-of-the-approval-period-for-glyphosate\/","url":"https:\/\/www.glyphosate.eu\/pl\/grg\/co-nowego\/the-appeal-committee-reached-no-opinion-in-the-vote-on-the-extension-of-the-approval-period-for-glyphosate\/","name":"Komitet odwo\u0142awczy nie wyda\u0142 opinii w g\u0142osowaniu nad przed\u0142u\u017ceniem okresu zatwierdzenia dla glifosatu - Glyphosate Renewal Group","isPartOf":{"@id":"https:\/\/www.glyphosate.eu\/#website"},"primaryImageOfPage":{"@id":"https:\/\/www.glyphosate.eu\/pl\/grg\/co-nowego\/the-appeal-committee-reached-no-opinion-in-the-vote-on-the-extension-of-the-approval-period-for-glyphosate\/#primaryimage"},"image":{"@id":"https:\/\/www.glyphosate.eu\/pl\/grg\/co-nowego\/the-appeal-committee-reached-no-opinion-in-the-vote-on-the-extension-of-the-approval-period-for-glyphosate\/#primaryimage"},"thumbnailUrl":"https:\/\/www.glyphosate.eu\/app\/uploads\/2022\/07\/information-icon-.png","datePublished":"2022-11-15T14:55:54+00:00","dateModified":"2023-02-09T12:16:17+00:00","breadcrumb":{"@id":"https:\/\/www.glyphosate.eu\/pl\/grg\/co-nowego\/the-appeal-committee-reached-no-opinion-in-the-vote-on-the-extension-of-the-approval-period-for-glyphosate\/#breadcrumb"},"inLanguage":"pl-PL","potentialAction":[{"@type":"ReadAction","target":["https:\/\/www.glyphosate.eu\/pl\/grg\/co-nowego\/the-appeal-committee-reached-no-opinion-in-the-vote-on-the-extension-of-the-approval-period-for-glyphosate\/"]}]},{"@type":"ImageObject","inLanguage":"pl-PL","@id":"https:\/\/www.glyphosate.eu\/pl\/grg\/co-nowego\/the-appeal-committee-reached-no-opinion-in-the-vote-on-the-extension-of-the-approval-period-for-glyphosate\/#primaryimage","url":"https:\/\/www.glyphosate.eu\/app\/uploads\/2022\/07\/information-icon-.png","contentUrl":"https:\/\/www.glyphosate.eu\/app\/uploads\/2022\/07\/information-icon-.png","width":2550,"height":2550},{"@type":"BreadcrumbList","@id":"https:\/\/www.glyphosate.eu\/pl\/grg\/co-nowego\/the-appeal-committee-reached-no-opinion-in-the-vote-on-the-extension-of-the-approval-period-for-glyphosate\/#breadcrumb","itemListElement":[{"@type":"ListItem","position":1,"name":"What&#8217;s New Temp &#8211; DONT delete","item":"https:\/\/www.glyphosate.eu\/pl\/grg\/"},{"@type":"ListItem","position":2,"name":"Co nowego","item":"https:\/\/www.glyphosate.eu\/pl\/grg\/co-nowego\/"},{"@type":"ListItem","position":3,"name":"Komitet odwo\u0142awczy nie wyda\u0142 opinii w g\u0142osowaniu nad przed\u0142u\u017ceniem okresu zatwierdzenia dla glifosatu"}]},{"@type":"WebSite","@id":"https:\/\/www.glyphosate.eu\/#website","url":"https:\/\/www.glyphosate.eu\/","name":"Glyphosate Renewal Group","description":"Just another WordPress site","potentialAction":[{"@type":"SearchAction","target":{"@type":"EntryPoint","urlTemplate":"https:\/\/www.glyphosate.eu\/?s={search_term_string}"},"query-input":{"@type":"PropertyValueSpecification","valueRequired":true,"valueName":"search_term_string"}}],"inLanguage":"pl-PL"}]}},"_links":{"self":[{"href":"https:\/\/www.glyphosate.eu\/pl\/wp-json\/wp\/v2\/pages\/34385","targetHints":{"allow":["GET"]}}],"collection":[{"href":"https:\/\/www.glyphosate.eu\/pl\/wp-json\/wp\/v2\/pages"}],"about":[{"href":"https:\/\/www.glyphosate.eu\/pl\/wp-json\/wp\/v2\/types\/page"}],"author":[{"embeddable":true,"href":"https:\/\/www.glyphosate.eu\/pl\/wp-json\/wp\/v2\/users\/1"}],"replies":[{"embeddable":true,"href":"https:\/\/www.glyphosate.eu\/pl\/wp-json\/wp\/v2\/comments?post=34385"}],"version-history":[{"count":4,"href":"https:\/\/www.glyphosate.eu\/pl\/wp-json\/wp\/v2\/pages\/34385\/revisions"}],"predecessor-version":[{"id":34389,"href":"https:\/\/www.glyphosate.eu\/pl\/wp-json\/wp\/v2\/pages\/34385\/revisions\/34389"}],"up":[{"embeddable":true,"href":"https:\/\/www.glyphosate.eu\/pl\/wp-json\/wp\/v2\/pages\/16560"}],"wp:featuredmedia":[{"embeddable":true,"href":"https:\/\/www.glyphosate.eu\/pl\/wp-json\/wp\/v2\/media\/33292"}],"wp:attachment":[{"href":"https:\/\/www.glyphosate.eu\/pl\/wp-json\/wp\/v2\/media?parent=34385"}],"curies":[{"name":"wp","href":"https:\/\/api.w.org\/{rel}","templated":true}]}}