{"id":27633,"date":"2021-11-15T13:57:52","date_gmt":"2021-11-15T13:57:52","guid":{"rendered":"https:\/\/www.glyphosate.eu\/grg\/co-nowego\/a-policy-dialogue-can-glyphosate-play-a-role-in-achieving-greater-biodiversity\/"},"modified":"2022-01-05T08:31:43","modified_gmt":"2022-01-05T08:31:43","slug":"a-policy-dialogue-can-glyphosate-play-a-role-in-achieving-greater-biodiversity","status":"publish","type":"page","link":"https:\/\/www.glyphosate.eu\/pl\/grg\/co-nowego\/a-policy-dialogue-can-glyphosate-play-a-role-in-achieving-greater-biodiversity\/","title":{"rendered":"Dialog polityczny: Czy glifosat mo\u017ce przyczyni\u0107 si\u0119 do zwi\u0119kszenia r\u00f3\u017cno-rodno\u015bci biologicznej?"},"content":{"rendered":"","protected":false},"excerpt":{"rendered":"","protected":false},"author":3,"featured_media":25523,"parent":16560,"menu_order":225,"comment_status":"closed","ping_status":"closed","template":"views\/template-content-page.blade.php","meta":{"_acf_changed":false,"inline_featured_image":false,"footnotes":""},"class_list":["post-27633","page","type-page","status-publish","has-post-thumbnail","hentry"],"acf":[],"yoast_head":"<!-- This site is optimized with the Yoast SEO plugin v27.3 - https:\/\/yoast.com\/product\/yoast-seo-wordpress\/ -->\n<title>Dialog polityczny: Czy glifosat mo\u017ce przyczyni\u0107 si\u0119 do zwi\u0119kszenia r\u00f3\u017cno-rodno\u015bci biologicznej? - Glyphosate Renewal Group<\/title>\n<meta name=\"robots\" content=\"index, follow, max-snippet:-1, max-image-preview:large, max-video-preview:-1\" \/>\n<link rel=\"canonical\" href=\"https:\/\/www.glyphosate.eu\/pl\/grg\/co-nowego\/a-policy-dialogue-can-glyphosate-play-a-role-in-achieving-greater-biodiversity\/\" \/>\n<meta property=\"og:locale\" content=\"pl_PL\" \/>\n<meta property=\"og:type\" content=\"article\" \/>\n<meta property=\"og:title\" content=\"Dialog polityczny: Czy glifosat mo\u017ce przyczyni\u0107 si\u0119 do zwi\u0119kszenia r\u00f3\u017cno-rodno\u015bci biologicznej? - Glyphosate Renewal Group\" \/>\n<meta property=\"og:url\" content=\"https:\/\/www.glyphosate.eu\/pl\/grg\/co-nowego\/a-policy-dialogue-can-glyphosate-play-a-role-in-achieving-greater-biodiversity\/\" \/>\n<meta property=\"og:site_name\" content=\"Glyphosate Renewal Group\" \/>\n<meta property=\"article:modified_time\" content=\"2022-01-05T08:31:43+00:00\" \/>\n<meta property=\"og:image\" content=\"https:\/\/www.glyphosate.eu\/app\/uploads\/2021\/11\/webinar-page.png\" \/>\n\t<meta property=\"og:image:width\" content=\"936\" \/>\n\t<meta property=\"og:image:height\" content=\"531\" \/>\n\t<meta property=\"og:image:type\" content=\"image\/png\" \/>\n<meta name=\"twitter:card\" content=\"summary_large_image\" \/>\n<script type=\"application\/ld+json\" class=\"yoast-schema-graph\">{\"@context\":\"https:\\\/\\\/schema.org\",\"@graph\":[{\"@type\":\"WebPage\",\"@id\":\"https:\\\/\\\/www.glyphosate.eu\\\/pl\\\/grg\\\/co-nowego\\\/a-policy-dialogue-can-glyphosate-play-a-role-in-achieving-greater-biodiversity\\\/\",\"url\":\"https:\\\/\\\/www.glyphosate.eu\\\/pl\\\/grg\\\/co-nowego\\\/a-policy-dialogue-can-glyphosate-play-a-role-in-achieving-greater-biodiversity\\\/\",\"name\":\"Dialog polityczny: Czy glifosat mo\u017ce przyczyni\u0107 si\u0119 do zwi\u0119kszenia r\u00f3\u017cno-rodno\u015bci biologicznej? - Glyphosate Renewal Group\",\"isPartOf\":{\"@id\":\"https:\\\/\\\/www.glyphosate.eu\\\/#website\"},\"primaryImageOfPage\":{\"@id\":\"https:\\\/\\\/www.glyphosate.eu\\\/pl\\\/grg\\\/co-nowego\\\/a-policy-dialogue-can-glyphosate-play-a-role-in-achieving-greater-biodiversity\\\/#primaryimage\"},\"image\":{\"@id\":\"https:\\\/\\\/www.glyphosate.eu\\\/pl\\\/grg\\\/co-nowego\\\/a-policy-dialogue-can-glyphosate-play-a-role-in-achieving-greater-biodiversity\\\/#primaryimage\"},\"thumbnailUrl\":\"https:\\\/\\\/www.glyphosate.eu\\\/app\\\/uploads\\\/2021\\\/11\\\/webinar-page.png\",\"datePublished\":\"2021-11-15T13:57:52+00:00\",\"dateModified\":\"2022-01-05T08:31:43+00:00\",\"breadcrumb\":{\"@id\":\"https:\\\/\\\/www.glyphosate.eu\\\/pl\\\/grg\\\/co-nowego\\\/a-policy-dialogue-can-glyphosate-play-a-role-in-achieving-greater-biodiversity\\\/#breadcrumb\"},\"inLanguage\":\"pl-PL\",\"potentialAction\":[{\"@type\":\"ReadAction\",\"target\":[\"https:\\\/\\\/www.glyphosate.eu\\\/pl\\\/grg\\\/co-nowego\\\/a-policy-dialogue-can-glyphosate-play-a-role-in-achieving-greater-biodiversity\\\/\"]}]},{\"@type\":\"ImageObject\",\"inLanguage\":\"pl-PL\",\"@id\":\"https:\\\/\\\/www.glyphosate.eu\\\/pl\\\/grg\\\/co-nowego\\\/a-policy-dialogue-can-glyphosate-play-a-role-in-achieving-greater-biodiversity\\\/#primaryimage\",\"url\":\"https:\\\/\\\/www.glyphosate.eu\\\/app\\\/uploads\\\/2021\\\/11\\\/webinar-page.png\",\"contentUrl\":\"https:\\\/\\\/www.glyphosate.eu\\\/app\\\/uploads\\\/2021\\\/11\\\/webinar-page.png\",\"width\":936,\"height\":531},{\"@type\":\"BreadcrumbList\",\"@id\":\"https:\\\/\\\/www.glyphosate.eu\\\/pl\\\/grg\\\/co-nowego\\\/a-policy-dialogue-can-glyphosate-play-a-role-in-achieving-greater-biodiversity\\\/#breadcrumb\",\"itemListElement\":[{\"@type\":\"ListItem\",\"position\":1,\"name\":\"What&#8217;s New Temp &#8211; DONT delete\",\"item\":\"https:\\\/\\\/www.glyphosate.eu\\\/pl\\\/grg\\\/\"},{\"@type\":\"ListItem\",\"position\":2,\"name\":\"Co nowego\",\"item\":\"https:\\\/\\\/www.glyphosate.eu\\\/pl\\\/grg\\\/co-nowego\\\/\"},{\"@type\":\"ListItem\",\"position\":3,\"name\":\"Dialog polityczny: Czy glifosat mo\u017ce przyczyni\u0107 si\u0119 do zwi\u0119kszenia r\u00f3\u017cno-rodno\u015bci biologicznej?\"}]},{\"@type\":\"WebSite\",\"@id\":\"https:\\\/\\\/www.glyphosate.eu\\\/#website\",\"url\":\"https:\\\/\\\/www.glyphosate.eu\\\/\",\"name\":\"Glyphosate Renewal Group\",\"description\":\"Just another WordPress site\",\"potentialAction\":[{\"@type\":\"SearchAction\",\"target\":{\"@type\":\"EntryPoint\",\"urlTemplate\":\"https:\\\/\\\/www.glyphosate.eu\\\/?s={search_term_string}\"},\"query-input\":{\"@type\":\"PropertyValueSpecification\",\"valueRequired\":true,\"valueName\":\"search_term_string\"}}],\"inLanguage\":\"pl-PL\"}]}<\/script>\n<!-- \/ Yoast SEO plugin. -->","yoast_head_json":{"title":"Dialog polityczny: Czy glifosat mo\u017ce przyczyni\u0107 si\u0119 do zwi\u0119kszenia r\u00f3\u017cno-rodno\u015bci biologicznej? - Glyphosate Renewal Group","robots":{"index":"index","follow":"follow","max-snippet":"max-snippet:-1","max-image-preview":"max-image-preview:large","max-video-preview":"max-video-preview:-1"},"canonical":"https:\/\/www.glyphosate.eu\/pl\/grg\/co-nowego\/a-policy-dialogue-can-glyphosate-play-a-role-in-achieving-greater-biodiversity\/","og_locale":"pl_PL","og_type":"article","og_title":"Dialog polityczny: Czy glifosat mo\u017ce przyczyni\u0107 si\u0119 do zwi\u0119kszenia r\u00f3\u017cno-rodno\u015bci biologicznej? - Glyphosate Renewal Group","og_url":"https:\/\/www.glyphosate.eu\/pl\/grg\/co-nowego\/a-policy-dialogue-can-glyphosate-play-a-role-in-achieving-greater-biodiversity\/","og_site_name":"Glyphosate Renewal Group","article_modified_time":"2022-01-05T08:31:43+00:00","og_image":[{"width":936,"height":531,"url":"https:\/\/www.glyphosate.eu\/app\/uploads\/2021\/11\/webinar-page.png","type":"image\/png"}],"twitter_card":"summary_large_image","schema":{"@context":"https:\/\/schema.org","@graph":[{"@type":"WebPage","@id":"https:\/\/www.glyphosate.eu\/pl\/grg\/co-nowego\/a-policy-dialogue-can-glyphosate-play-a-role-in-achieving-greater-biodiversity\/","url":"https:\/\/www.glyphosate.eu\/pl\/grg\/co-nowego\/a-policy-dialogue-can-glyphosate-play-a-role-in-achieving-greater-biodiversity\/","name":"Dialog polityczny: Czy glifosat mo\u017ce przyczyni\u0107 si\u0119 do zwi\u0119kszenia r\u00f3\u017cno-rodno\u015bci biologicznej? - Glyphosate Renewal Group","isPartOf":{"@id":"https:\/\/www.glyphosate.eu\/#website"},"primaryImageOfPage":{"@id":"https:\/\/www.glyphosate.eu\/pl\/grg\/co-nowego\/a-policy-dialogue-can-glyphosate-play-a-role-in-achieving-greater-biodiversity\/#primaryimage"},"image":{"@id":"https:\/\/www.glyphosate.eu\/pl\/grg\/co-nowego\/a-policy-dialogue-can-glyphosate-play-a-role-in-achieving-greater-biodiversity\/#primaryimage"},"thumbnailUrl":"https:\/\/www.glyphosate.eu\/app\/uploads\/2021\/11\/webinar-page.png","datePublished":"2021-11-15T13:57:52+00:00","dateModified":"2022-01-05T08:31:43+00:00","breadcrumb":{"@id":"https:\/\/www.glyphosate.eu\/pl\/grg\/co-nowego\/a-policy-dialogue-can-glyphosate-play-a-role-in-achieving-greater-biodiversity\/#breadcrumb"},"inLanguage":"pl-PL","potentialAction":[{"@type":"ReadAction","target":["https:\/\/www.glyphosate.eu\/pl\/grg\/co-nowego\/a-policy-dialogue-can-glyphosate-play-a-role-in-achieving-greater-biodiversity\/"]}]},{"@type":"ImageObject","inLanguage":"pl-PL","@id":"https:\/\/www.glyphosate.eu\/pl\/grg\/co-nowego\/a-policy-dialogue-can-glyphosate-play-a-role-in-achieving-greater-biodiversity\/#primaryimage","url":"https:\/\/www.glyphosate.eu\/app\/uploads\/2021\/11\/webinar-page.png","contentUrl":"https:\/\/www.glyphosate.eu\/app\/uploads\/2021\/11\/webinar-page.png","width":936,"height":531},{"@type":"BreadcrumbList","@id":"https:\/\/www.glyphosate.eu\/pl\/grg\/co-nowego\/a-policy-dialogue-can-glyphosate-play-a-role-in-achieving-greater-biodiversity\/#breadcrumb","itemListElement":[{"@type":"ListItem","position":1,"name":"What&#8217;s New Temp &#8211; DONT delete","item":"https:\/\/www.glyphosate.eu\/pl\/grg\/"},{"@type":"ListItem","position":2,"name":"Co nowego","item":"https:\/\/www.glyphosate.eu\/pl\/grg\/co-nowego\/"},{"@type":"ListItem","position":3,"name":"Dialog polityczny: Czy glifosat mo\u017ce przyczyni\u0107 si\u0119 do zwi\u0119kszenia r\u00f3\u017cno-rodno\u015bci biologicznej?"}]},{"@type":"WebSite","@id":"https:\/\/www.glyphosate.eu\/#website","url":"https:\/\/www.glyphosate.eu\/","name":"Glyphosate Renewal Group","description":"Just another WordPress site","potentialAction":[{"@type":"SearchAction","target":{"@type":"EntryPoint","urlTemplate":"https:\/\/www.glyphosate.eu\/?s={search_term_string}"},"query-input":{"@type":"PropertyValueSpecification","valueRequired":true,"valueName":"search_term_string"}}],"inLanguage":"pl-PL"}]}},"_links":{"self":[{"href":"https:\/\/www.glyphosate.eu\/pl\/wp-json\/wp\/v2\/pages\/27633","targetHints":{"allow":["GET"]}}],"collection":[{"href":"https:\/\/www.glyphosate.eu\/pl\/wp-json\/wp\/v2\/pages"}],"about":[{"href":"https:\/\/www.glyphosate.eu\/pl\/wp-json\/wp\/v2\/types\/page"}],"author":[{"embeddable":true,"href":"https:\/\/www.glyphosate.eu\/pl\/wp-json\/wp\/v2\/users\/3"}],"replies":[{"embeddable":true,"href":"https:\/\/www.glyphosate.eu\/pl\/wp-json\/wp\/v2\/comments?post=27633"}],"version-history":[{"count":3,"href":"https:\/\/www.glyphosate.eu\/pl\/wp-json\/wp\/v2\/pages\/27633\/revisions"}],"predecessor-version":[{"id":27636,"href":"https:\/\/www.glyphosate.eu\/pl\/wp-json\/wp\/v2\/pages\/27633\/revisions\/27636"}],"up":[{"embeddable":true,"href":"https:\/\/www.glyphosate.eu\/pl\/wp-json\/wp\/v2\/pages\/16560"}],"wp:featuredmedia":[{"embeddable":true,"href":"https:\/\/www.glyphosate.eu\/pl\/wp-json\/wp\/v2\/media\/25523"}],"wp:attachment":[{"href":"https:\/\/www.glyphosate.eu\/pl\/wp-json\/wp\/v2\/media?parent=27633"}],"curies":[{"name":"wp","href":"https:\/\/api.w.org\/{rel}","templated":true}]}}