{"id":20774,"date":"2021-09-15T09:42:41","date_gmt":"2021-09-15T08:42:41","guid":{"rendered":"https:\/\/www.glyphosate.eu\/?page_id=20774"},"modified":"2021-09-26T18:00:26","modified_gmt":"2021-09-26T17:00:26","slug":"dostep-do-badan-dla-podmiotow-niebedacych-czlonkami-grg","status":"publish","type":"page","link":"https:\/\/www.glyphosate.eu\/pl\/transparency\/scientific-dossier\/dostep-do-badan-dla-podmiotow-niebedacych-czlonkami-grg\/","title":{"rendered":"Dost\u0119p do bada\u0144 dla podmiot\u00f3w nieb\u0119d\u0105cych cz\u0142onkami GRG"},"content":{"rendered":"<p class=\"p1\"><b>Dlaczego podmioty nieb\u0119d\u0105ce cz\u0142onkami GRG powinny mie\u0107 dost\u0119p do bada\u0144 nad glifosatem<\/b><\/p>\n<p class=\"p1\">Aby wprowadzi\u0107 na rynek zawieraj\u0105cy glifosat \u015brodek ochrony ro\u015blin (PPP), podmioty nieb\u0119d\u0105ce cz\u0142onkami GRG <br \/>\nmog\u0105 potrzebowa\u0107 dost\u0119pu do bada\u0144<span class=\"Apple-converted-space\">\u00a0<\/span>nad glifosatem, kt\u00f3re zosta\u0142y zlecone przez cz\u0142onk\u00f3w GRG (i s\u0105 ich wsp\u00f3ln\u0105 w\u0142asno\u015bci\u0105) w kontek\u015bcie Dokumentacji naukowej z 2020 r. lub s\u0105 w\u0142asno\u015bci\u0105 cz\u0142onk\u00f3w Grupy zadaniowej ds. glifosatu (GTF) w kontek\u015bcie Dokumentacji naukowej z 2012 r.\u00a0 Konieczne b\u0119dzie uzyskanie dost\u0119pu do niekt\u00f3rych z tych bada\u0144 <br \/>\ni wykorzystanie zawartych w nich danych, aby poprze\u0107 uzyskanie<span class=\"Apple-converted-space\">\u00a0<\/span>we w\u0142a\u015bciwym organie pa\u0144stwa cz\u0142onkowskiego zezwolenia na stosowanie zawieraj\u0105cego glifosat PPP przez podmiot nieb\u0119d\u0105cy cz\u0142onkiem GRG.<\/p>\n<p class=\"p1\"><b>Ochrona danych w przypadku bada\u0144 przed\u0142o\u017conych w celu uzyskania zezwolenia na stosowanie glifosatu<\/b><\/p>\n<p class=\"p2\">Niekt\u00f3re z bada\u0144 dotycz\u0105cych glifosatu przed\u0142o\u017cone w celu uzyskania zezwolenia na jego stosowanie korzystaj\u0105<br \/>\nz ochrony danych na mocy przepis\u00f3w rozporz\u0105dzenia (WE) nr 1107\/2009.\u00a0 <br \/>\nOkres ochrony danych w przypadku bada\u0144, kt\u00f3re by\u0142y niezb\u0119dne w celu odnowienia zezwolenia na stosowanie glifosatu, b\u0119dzie trwa\u0142 do momentu up\u0142ywu 30 miesi\u0119cy od daty uzyskania pierwszego ponownego zezwolenia na zawieraj\u0105cy glifosat PPP \u2013 na poziomie pa\u0144stwa cz\u0142onkowskiego. W tym okresie osoby trzecie nie mog\u0105 wykorzystywa\u0107 chronionych danych w celu poparcia wniosku o zezwolenie na stosowanie swojego produkt bez zgody w\u0142a\u015bciciela danych.<\/p>\n<p class=\"p1\">Jedynym sposobem na to, \u017ceby podmiot nieb\u0119d\u0105cy cz\u0142onkiem GRG m\u00f3g\u0142 powo\u0142a\u0107 si\u0119 na te dane w celu uzyskania zezwolenia na sw\u00f3j PPP, jest z\u0142o\u017cenie wniosku<span class=\"Apple-converted-space\">\u00a0<\/span>o udzielenie dost\u0119p u cz\u0142onka (cz\u0142onk\u00f3w) GRG, kt\u00f3ry (kt\u00f3rzy) jest (s\u0105) w\u0142a\u015bcicielem (w\u0142a\u015bcicielami) badania. W takim wniosku w\u0142a\u015bciciel danych musi wyra\u017anie potwierdzi\u0107, \u017ce podmiot wnioskuj\u0105cy mo\u017ce powo\u0142ywa\u0107 si\u0119 na te dane we w\u0142asnym wniosku o zezwolenie.<\/p>\n<p class=\"p2\">Cz\u0142onkowie GRG wyst\u0105pili o ochron\u0119 danych w odniesieniu do wszystkich bada\u0144, kt\u00f3rych s\u0105 wsp\u00f3\u0142w\u0142a\u015bcicielami<br \/>\ni kt\u00f3re zosta\u0142y przed\u0142o\u017cone w ramach Dokumentacji naukowej z 2020 r.\u00a0 W zwi\u0105zku z tym, by powo\u0142a\u0107 si\u0119 na takie badania, osoby nieb\u0119d\u0105ce cz\u0142onkami GRG musia\u0142yby wyst\u0105pi\u0107 z wnioskiem<span class=\"Apple-converted-space\">\u00a0<\/span>o udzielenie dost\u0119pu.\u00a0<span class=\"Apple-converted-space\">\u00a0<\/span><\/p>\n<p class=\"p1\">Gdy badania te przestan\u0105 ju\u017c podlega\u0107 ochronie danych, w\u00f3wczas b\u0119d\u0105 mog\u0142y by\u0107 wykorzystywane przez osoby trzecie bez konieczno\u015bci uzyskania zgody w\u0142a\u015bciciela danych, a zatem nie b\u0119dzie wymagane z\u0142o\u017cenie wniosku o udzielenie dost\u0119pu.\u00a0 Nie wyst\u0105piono o ochron\u0119 danych w odniesieniu do przed\u0142o\u017conych bada\u0144, poniewa\u017c nie s\u0105 one sklasyfikowane jako badania regulacyjne zgodnie<span class=\"Apple-converted-space\">\u00a0<\/span>z rozporz\u0105dzeniem (WE) nr 1107\/2009.<\/p>\n<p class=\"p1\">Niekt\u00f3re z bada\u0144 nad glifosatem zlecone przez cz\u0142onk\u00f3w Grupy zadaniowej<span class=\"Apple-converted-space\">\u00a0<\/span>ds. glifosatu (GTF) na potrzeby Dokumentacji naukowej z 2012 r. mog\u0105 nie by\u0107 obj\u0119te ochron\u0105, je\u015bli up\u0142yn\u0105\u0142 30-miesi\u0119czny okres ochrony danych<br \/>\nw przypadku bada\u0144 koniecznych do odnowienia zezwolenia na stosowanie glifosatu. \u00a0Ponadto w przypadku zezwole\u0144<br \/>\nna produkty wydawanych przez pa\u0144stwa cz\u0142onkowskie okres ochrony danych dla nowych bada\u0144 wynosi 10 lat, wi\u0119c mo\u017ce si\u0119 zdarzy\u0107,\u00a0<span class=\"Apple-converted-space\">\u00a0<\/span>i\u017c konkretne badanie wci\u0105\u017c jest chronione w danym pa\u0144stwie cz\u0142onkowskim.\u00a0<span class=\"Apple-converted-space\"><br \/>\n<\/span>W przypadku tych bada\u0144 nadal konieczne b\u0119dzie z\u0142o\u017cenie wniosku o udzielenie dost\u0119pu do w\u0142a\u015bciciela bada\u0144.<\/p>\n<p class=\"p1\"><b>Proces uzyskiwania dost\u0119pu do bada\u0144 przez podmioty nieb\u0119d\u0105ce cz\u0142onkami GRG<\/b><\/p>\n<p class=\"p2\">Badania naukowe przed\u0142o\u017cone w celu uzyskania zezwolenia na stosowanie glifosatu s\u0105 wsp\u00f3ln\u0105 w\u0142asno\u015bci\u0105 poszczeg\u00f3lnych firm b\u0119d\u0105cych cz\u0142onkami GRG albo w\u0142asno\u015bci\u0105 cz\u0142onk\u00f3w Grupy zadaniowej ds. glifosatu (GTF).\u00a0 <br \/>\nGRG, jako grupa firm, nie jest w\u0142a\u015bcicielem \u017cadnego z bada\u0144 przed\u0142o\u017conych na potrzeby zezwolenia i nie jest w stanie zapewni\u0107 dost\u0119pu do tych bada\u0144 zgodnie<span class=\"Apple-converted-space\">\u00a0<\/span>z wymogami rozporz\u0105dzenia (WE) nr 1107\/2009.<\/p>\n<p class=\"p1\">Podmioty nieb\u0119d\u0105ce cz\u0142onkami GRG zainteresowane uzyskaniem dost\u0119pu<span class=\"Apple-converted-space\">\u00a0<\/span>do bada\u0144 mog\u0105 z\u0142o\u017cy\u0107 wniosek o taki dost\u0119p do jednego lub kilku cz\u0142onk\u00f3w GRG.<\/p>\n<p class=\"p2\">Zgodnie z rozporz\u0105dzeniem (WE) nr 1107\/2009, je\u015bli badania s\u0105 udost\u0119pniane poszczeg\u00f3lnym cz\u0142onkom GRG, nast\u0119puje to w spos\u00f3b sprawiedliwy, przejrzysty i niedyskryminuj\u0105cy.<\/p>\n<p class=\"p1\">Podmioty nieb\u0119d\u0105ce cz\u0142onkami GRG mog\u0105 prowadzi\u0107 z poszczeg\u00f3lnymi cz\u0142onkami GRG negocjacje w sprawie warunk\u00f3w dost\u0119pu, a w stosownych przypadkach r\u00f3wnie\u017c zap\u0142aty za to taki dost\u0119p.\u00a0 Wszelkie op\u0142aty na\u0142o\u017cone<span class=\"Apple-converted-space\"><br \/>\n<\/span>za udzielenie dost\u0119pu do bada\u0144 s\u0105 ustalane w spos\u00f3b sprawiedliwy, przejrzysty<span class=\"Apple-converted-space\">\u00a0<\/span>i niedyskryminuj\u0105cy oraz<br \/>\ns\u0105 uzasadnione.<\/p>\n<p class=\"p1\">Podmioty nieb\u0119d\u0105ce cz\u0142onkami GRG mog\u0105 znale\u017a\u0107 informacje na temat w\u0142a\u015bcicieli bada\u0144 przed\u0142o\u017conych<br \/>\ndo Dokumentacji naukowej z 2020 r. i 2012 r.<span class=\"Apple-converted-space\">\u00a0<\/span>w \u201eWykazach referencyjnych dotycz\u0105cych zlecania bada\u0144 nad glifosatem\u201d, kt\u00f3re mo\u017cna pobra\u0107 na <a href=\"https:\/\/www.glyphosate.eu\/transparency\/scientific-dossier\/glyphosate-study-reports\/\"><span class=\"s1\">Stronie \u201eNasze badania\u201d<\/span><\/a>. <br \/>\nNale\u017cy pami\u0119ta\u0107, \u017ce Wykaz referencyjny Dokumentacji naukowej z 2020 r. obejmuje r\u00f3wnie\u017c badania przed\u0142o\u017cone w celu uzyskania zezwolenia na stosowanie b\u0119d\u0105cego w\u0142asno\u015bci\u0105 firmy Bayer i zawieraj\u0105cego glifosat PPP jako postaci referencyjnej.\u00a0<span class=\"Apple-converted-space\">\u00a0<\/span><\/p>\n<p class=\"p1\">Badania te dostarczy\u0142a firma Bayer w celu poparcia Dokumentacji naukowej<span class=\"Apple-converted-space\">\u00a0<\/span>z 2020 r.\u00a0 Ka\u017cda osoba trzecia zainteresowana wykorzystaniem danych z tych bada\u0144 do uzyskania zezwolenia na stosowanie zawieraj\u0105cego glifosat PPP musi zwr\u00f3ci\u0107 si\u0119 do firmy Bayer z wnioskiem o udzielenie dost\u0119pu.<\/p>\n","protected":false},"excerpt":{"rendered":"<p>Dlaczego podmioty nieb\u0119d\u0105ce cz\u0142onkami GRG powinny mie\u0107 dost\u0119p do bada\u0144 nad glifosatem Aby wprowadzi\u0107 na rynek zawieraj\u0105cy glifosat \u015brodek ochrony ro\u015blin (PPP), podmioty nieb\u0119d\u0105ce cz\u0142onkami GRG mog\u0105 potrzebowa\u0107 dost\u0119pu do bada\u0144\u00a0nad glifosatem, kt\u00f3re zosta\u0142y zlecone przez cz\u0142onk\u00f3w GRG (i s\u0105 ich wsp\u00f3ln\u0105 w\u0142asno\u015bci\u0105) w kontek\u015bcie Dokumentacji naukowej z 2020 r. lub s\u0105 w\u0142asno\u015bci\u0105 cz\u0142onk\u00f3w Grupy&hellip;<\/p>\n","protected":false},"author":1,"featured_media":0,"parent":16547,"menu_order":404,"comment_status":"closed","ping_status":"closed","template":"","meta":{"_acf_changed":false,"inline_featured_image":false,"footnotes":""},"class_list":["post-20774","page","type-page","status-publish","hentry"],"acf":[],"yoast_head":"<!-- This site is optimized with the Yoast SEO plugin v27.4 - https:\/\/yoast.com\/product\/yoast-seo-wordpress\/ -->\n<title>Dost\u0119p do bada\u0144 dla podmiot\u00f3w nieb\u0119d\u0105cych cz\u0142onkami GRG - Glyphosate Renewal Group<\/title>\n<meta name=\"robots\" content=\"index, follow, max-snippet:-1, max-image-preview:large, max-video-preview:-1\" \/>\n<link rel=\"canonical\" href=\"https:\/\/www.glyphosate.eu\/pl\/transparency\/scientific-dossier\/dostep-do-badan-dla-podmiotow-niebedacych-czlonkami-grg\/\" \/>\n<meta property=\"og:locale\" content=\"pl_PL\" \/>\n<meta property=\"og:type\" content=\"article\" \/>\n<meta property=\"og:title\" content=\"Dost\u0119p do bada\u0144 dla podmiot\u00f3w nieb\u0119d\u0105cych cz\u0142onkami GRG - Glyphosate Renewal Group\" \/>\n<meta property=\"og:description\" content=\"Dlaczego podmioty nieb\u0119d\u0105ce cz\u0142onkami GRG powinny mie\u0107 dost\u0119p do bada\u0144 nad glifosatem Aby wprowadzi\u0107 na rynek zawieraj\u0105cy glifosat \u015brodek ochrony ro\u015blin (PPP), podmioty nieb\u0119d\u0105ce cz\u0142onkami GRG mog\u0105 potrzebowa\u0107 dost\u0119pu do bada\u0144\u00a0nad glifosatem, kt\u00f3re zosta\u0142y zlecone przez cz\u0142onk\u00f3w GRG (i s\u0105 ich wsp\u00f3ln\u0105 w\u0142asno\u015bci\u0105) w kontek\u015bcie Dokumentacji naukowej z 2020 r. lub s\u0105 w\u0142asno\u015bci\u0105 cz\u0142onk\u00f3w Grupy&hellip;\" \/>\n<meta property=\"og:url\" content=\"https:\/\/www.glyphosate.eu\/pl\/transparency\/scientific-dossier\/dostep-do-badan-dla-podmiotow-niebedacych-czlonkami-grg\/\" \/>\n<meta property=\"og:site_name\" content=\"Glyphosate Renewal Group\" \/>\n<meta property=\"article:modified_time\" content=\"2021-09-26T17:00:26+00:00\" \/>\n<meta name=\"twitter:card\" content=\"summary_large_image\" \/>\n<meta name=\"twitter:label1\" content=\"Est. reading time\" \/>\n\t<meta name=\"twitter:data1\" content=\"4 minutes\" \/>\n<script type=\"application\/ld+json\" class=\"yoast-schema-graph\">{\"@context\":\"https:\\\/\\\/schema.org\",\"@graph\":[{\"@type\":\"WebPage\",\"@id\":\"https:\\\/\\\/www.glyphosate.eu\\\/pl\\\/transparency\\\/scientific-dossier\\\/dostep-do-badan-dla-podmiotow-niebedacych-czlonkami-grg\\\/\",\"url\":\"https:\\\/\\\/www.glyphosate.eu\\\/pl\\\/transparency\\\/scientific-dossier\\\/dostep-do-badan-dla-podmiotow-niebedacych-czlonkami-grg\\\/\",\"name\":\"Dost\u0119p do bada\u0144 dla podmiot\u00f3w nieb\u0119d\u0105cych cz\u0142onkami GRG - Glyphosate Renewal Group\",\"isPartOf\":{\"@id\":\"https:\\\/\\\/www.glyphosate.eu\\\/#website\"},\"datePublished\":\"2021-09-15T08:42:41+00:00\",\"dateModified\":\"2021-09-26T17:00:26+00:00\",\"breadcrumb\":{\"@id\":\"https:\\\/\\\/www.glyphosate.eu\\\/pl\\\/transparency\\\/scientific-dossier\\\/dostep-do-badan-dla-podmiotow-niebedacych-czlonkami-grg\\\/#breadcrumb\"},\"inLanguage\":\"pl-PL\",\"potentialAction\":[{\"@type\":\"ReadAction\",\"target\":[\"https:\\\/\\\/www.glyphosate.eu\\\/pl\\\/transparency\\\/scientific-dossier\\\/dostep-do-badan-dla-podmiotow-niebedacych-czlonkami-grg\\\/\"]}]},{\"@type\":\"BreadcrumbList\",\"@id\":\"https:\\\/\\\/www.glyphosate.eu\\\/pl\\\/transparency\\\/scientific-dossier\\\/dostep-do-badan-dla-podmiotow-niebedacych-czlonkami-grg\\\/#breadcrumb\",\"itemListElement\":[{\"@type\":\"ListItem\",\"position\":1,\"name\":\"Przejrzysto\u015bci\",\"item\":\"https:\\\/\\\/www.glyphosate.eu\\\/pl\\\/transparency\\\/\"},{\"@type\":\"ListItem\",\"position\":2,\"name\":\"Dokumentacja naukowa\",\"item\":\"https:\\\/\\\/www.glyphosate.eu\\\/pl\\\/transparency\\\/scientific-dossier\\\/\"},{\"@type\":\"ListItem\",\"position\":3,\"name\":\"Dost\u0119p do bada\u0144 dla podmiot\u00f3w nieb\u0119d\u0105cych cz\u0142onkami GRG\"}]},{\"@type\":\"WebSite\",\"@id\":\"https:\\\/\\\/www.glyphosate.eu\\\/#website\",\"url\":\"https:\\\/\\\/www.glyphosate.eu\\\/\",\"name\":\"Glyphosate Renewal Group\",\"description\":\"Just another WordPress site\",\"potentialAction\":[{\"@type\":\"SearchAction\",\"target\":{\"@type\":\"EntryPoint\",\"urlTemplate\":\"https:\\\/\\\/www.glyphosate.eu\\\/?s={search_term_string}\"},\"query-input\":{\"@type\":\"PropertyValueSpecification\",\"valueRequired\":true,\"valueName\":\"search_term_string\"}}],\"inLanguage\":\"pl-PL\"}]}<\/script>\n<!-- \/ Yoast SEO plugin. -->","yoast_head_json":{"title":"Dost\u0119p do bada\u0144 dla podmiot\u00f3w nieb\u0119d\u0105cych cz\u0142onkami GRG - Glyphosate Renewal Group","robots":{"index":"index","follow":"follow","max-snippet":"max-snippet:-1","max-image-preview":"max-image-preview:large","max-video-preview":"max-video-preview:-1"},"canonical":"https:\/\/www.glyphosate.eu\/pl\/transparency\/scientific-dossier\/dostep-do-badan-dla-podmiotow-niebedacych-czlonkami-grg\/","og_locale":"pl_PL","og_type":"article","og_title":"Dost\u0119p do bada\u0144 dla podmiot\u00f3w nieb\u0119d\u0105cych cz\u0142onkami GRG - Glyphosate Renewal Group","og_description":"Dlaczego podmioty nieb\u0119d\u0105ce cz\u0142onkami GRG powinny mie\u0107 dost\u0119p do bada\u0144 nad glifosatem Aby wprowadzi\u0107 na rynek zawieraj\u0105cy glifosat \u015brodek ochrony ro\u015blin (PPP), podmioty nieb\u0119d\u0105ce cz\u0142onkami GRG mog\u0105 potrzebowa\u0107 dost\u0119pu do bada\u0144\u00a0nad glifosatem, kt\u00f3re zosta\u0142y zlecone przez cz\u0142onk\u00f3w GRG (i s\u0105 ich wsp\u00f3ln\u0105 w\u0142asno\u015bci\u0105) w kontek\u015bcie Dokumentacji naukowej z 2020 r. lub s\u0105 w\u0142asno\u015bci\u0105 cz\u0142onk\u00f3w Grupy&hellip;","og_url":"https:\/\/www.glyphosate.eu\/pl\/transparency\/scientific-dossier\/dostep-do-badan-dla-podmiotow-niebedacych-czlonkami-grg\/","og_site_name":"Glyphosate Renewal Group","article_modified_time":"2021-09-26T17:00:26+00:00","twitter_card":"summary_large_image","twitter_misc":{"Est. reading time":"4 minutes"},"schema":{"@context":"https:\/\/schema.org","@graph":[{"@type":"WebPage","@id":"https:\/\/www.glyphosate.eu\/pl\/transparency\/scientific-dossier\/dostep-do-badan-dla-podmiotow-niebedacych-czlonkami-grg\/","url":"https:\/\/www.glyphosate.eu\/pl\/transparency\/scientific-dossier\/dostep-do-badan-dla-podmiotow-niebedacych-czlonkami-grg\/","name":"Dost\u0119p do bada\u0144 dla podmiot\u00f3w nieb\u0119d\u0105cych cz\u0142onkami GRG - Glyphosate Renewal Group","isPartOf":{"@id":"https:\/\/www.glyphosate.eu\/#website"},"datePublished":"2021-09-15T08:42:41+00:00","dateModified":"2021-09-26T17:00:26+00:00","breadcrumb":{"@id":"https:\/\/www.glyphosate.eu\/pl\/transparency\/scientific-dossier\/dostep-do-badan-dla-podmiotow-niebedacych-czlonkami-grg\/#breadcrumb"},"inLanguage":"pl-PL","potentialAction":[{"@type":"ReadAction","target":["https:\/\/www.glyphosate.eu\/pl\/transparency\/scientific-dossier\/dostep-do-badan-dla-podmiotow-niebedacych-czlonkami-grg\/"]}]},{"@type":"BreadcrumbList","@id":"https:\/\/www.glyphosate.eu\/pl\/transparency\/scientific-dossier\/dostep-do-badan-dla-podmiotow-niebedacych-czlonkami-grg\/#breadcrumb","itemListElement":[{"@type":"ListItem","position":1,"name":"Przejrzysto\u015bci","item":"https:\/\/www.glyphosate.eu\/pl\/transparency\/"},{"@type":"ListItem","position":2,"name":"Dokumentacja naukowa","item":"https:\/\/www.glyphosate.eu\/pl\/transparency\/scientific-dossier\/"},{"@type":"ListItem","position":3,"name":"Dost\u0119p do bada\u0144 dla podmiot\u00f3w nieb\u0119d\u0105cych cz\u0142onkami GRG"}]},{"@type":"WebSite","@id":"https:\/\/www.glyphosate.eu\/#website","url":"https:\/\/www.glyphosate.eu\/","name":"Glyphosate Renewal Group","description":"Just another WordPress site","potentialAction":[{"@type":"SearchAction","target":{"@type":"EntryPoint","urlTemplate":"https:\/\/www.glyphosate.eu\/?s={search_term_string}"},"query-input":{"@type":"PropertyValueSpecification","valueRequired":true,"valueName":"search_term_string"}}],"inLanguage":"pl-PL"}]}},"_links":{"self":[{"href":"https:\/\/www.glyphosate.eu\/pl\/wp-json\/wp\/v2\/pages\/20774","targetHints":{"allow":["GET"]}}],"collection":[{"href":"https:\/\/www.glyphosate.eu\/pl\/wp-json\/wp\/v2\/pages"}],"about":[{"href":"https:\/\/www.glyphosate.eu\/pl\/wp-json\/wp\/v2\/types\/page"}],"author":[{"embeddable":true,"href":"https:\/\/www.glyphosate.eu\/pl\/wp-json\/wp\/v2\/users\/1"}],"replies":[{"embeddable":true,"href":"https:\/\/www.glyphosate.eu\/pl\/wp-json\/wp\/v2\/comments?post=20774"}],"version-history":[{"count":18,"href":"https:\/\/www.glyphosate.eu\/pl\/wp-json\/wp\/v2\/pages\/20774\/revisions"}],"predecessor-version":[{"id":20836,"href":"https:\/\/www.glyphosate.eu\/pl\/wp-json\/wp\/v2\/pages\/20774\/revisions\/20836"}],"up":[{"embeddable":true,"href":"https:\/\/www.glyphosate.eu\/pl\/wp-json\/wp\/v2\/pages\/16547"}],"wp:attachment":[{"href":"https:\/\/www.glyphosate.eu\/pl\/wp-json\/wp\/v2\/media?parent=20774"}],"curies":[{"name":"wp","href":"https:\/\/api.w.org\/{rel}","templated":true}]}}