{"id":20766,"date":"2021-09-15T09:35:52","date_gmt":"2021-09-15T08:35:52","guid":{"rendered":"https:\/\/www.glyphosate.eu\/?page_id=20766"},"modified":"2021-09-16T17:12:28","modified_gmt":"2021-09-16T16:12:28","slug":"uzdatnianie-wody-pitnej-i-jego-wplyw-na-pozostalosci-glifosatu-i-jego-glownego-metabolitu-ampa","status":"publish","type":"page","link":"https:\/\/www.glyphosate.eu\/pl\/przydatne-informacje\/srodowisko-i-bioroznorodnosc\/uzdatnianie-wody-pitnej-i-jego-wplyw-na-pozostalosci-glifosatu-i-jego-glownego-metabolitu-ampa\/","title":{"rendered":"Uzdatnianie wody pitnej i jego wp\u0142yw na pozosta\u0142o\u015bci glifosatu i jego g\u0142\u00f3wnego metabolitu AMPA*"},"content":{"rendered":"","protected":false},"excerpt":{"rendered":"","protected":false},"author":1,"featured_media":18089,"parent":16432,"menu_order":453,"comment_status":"closed","ping_status":"closed","template":"views\/template-content-page.blade.php","meta":{"_acf_changed":false,"inline_featured_image":false,"footnotes":""},"class_list":["post-20766","page","type-page","status-publish","has-post-thumbnail","hentry"],"acf":[],"yoast_head":"<!-- This site is optimized with the Yoast SEO plugin v27.3 - https:\/\/yoast.com\/product\/yoast-seo-wordpress\/ -->\n<title>Uzdatnianie wody pitnej i jego wp\u0142yw na pozosta\u0142o\u015bci glifosatu i jego g\u0142\u00f3wnego metabolitu AMPA* - Glyphosate Renewal Group<\/title>\n<meta name=\"robots\" content=\"index, follow, max-snippet:-1, max-image-preview:large, max-video-preview:-1\" \/>\n<link rel=\"canonical\" href=\"https:\/\/www.glyphosate.eu\/pl\/przydatne-informacje\/srodowisko-i-bioroznorodnosc\/uzdatnianie-wody-pitnej-i-jego-wplyw-na-pozostalosci-glifosatu-i-jego-glownego-metabolitu-ampa\/\" \/>\n<meta property=\"og:locale\" content=\"pl_PL\" \/>\n<meta property=\"og:type\" content=\"article\" \/>\n<meta property=\"og:title\" content=\"Uzdatnianie wody pitnej i jego wp\u0142yw na pozosta\u0142o\u015bci glifosatu i jego g\u0142\u00f3wnego metabolitu AMPA* - Glyphosate Renewal Group\" \/>\n<meta property=\"og:url\" content=\"https:\/\/www.glyphosate.eu\/pl\/przydatne-informacje\/srodowisko-i-bioroznorodnosc\/uzdatnianie-wody-pitnej-i-jego-wplyw-na-pozostalosci-glifosatu-i-jego-glownego-metabolitu-ampa\/\" \/>\n<meta property=\"og:site_name\" content=\"Glyphosate Renewal Group\" \/>\n<meta property=\"article:modified_time\" content=\"2021-09-16T16:12:28+00:00\" \/>\n<meta property=\"og:image\" content=\"https:\/\/www.glyphosate.eu\/app\/uploads\/2021\/05\/Drinking-water-treatment-Gly-residues-2-scaled.jpg\" \/>\n\t<meta property=\"og:image:width\" content=\"2560\" \/>\n\t<meta property=\"og:image:height\" content=\"1843\" \/>\n\t<meta property=\"og:image:type\" content=\"image\/jpeg\" \/>\n<meta name=\"twitter:card\" content=\"summary_large_image\" \/>\n<script type=\"application\/ld+json\" class=\"yoast-schema-graph\">{\"@context\":\"https:\\\/\\\/schema.org\",\"@graph\":[{\"@type\":\"WebPage\",\"@id\":\"https:\\\/\\\/www.glyphosate.eu\\\/pl\\\/przydatne-informacje\\\/srodowisko-i-bioroznorodnosc\\\/uzdatnianie-wody-pitnej-i-jego-wplyw-na-pozostalosci-glifosatu-i-jego-glownego-metabolitu-ampa\\\/\",\"url\":\"https:\\\/\\\/www.glyphosate.eu\\\/pl\\\/przydatne-informacje\\\/srodowisko-i-bioroznorodnosc\\\/uzdatnianie-wody-pitnej-i-jego-wplyw-na-pozostalosci-glifosatu-i-jego-glownego-metabolitu-ampa\\\/\",\"name\":\"Uzdatnianie wody pitnej i jego wp\u0142yw na pozosta\u0142o\u015bci glifosatu i jego g\u0142\u00f3wnego metabolitu AMPA* - Glyphosate Renewal Group\",\"isPartOf\":{\"@id\":\"https:\\\/\\\/www.glyphosate.eu\\\/#website\"},\"primaryImageOfPage\":{\"@id\":\"https:\\\/\\\/www.glyphosate.eu\\\/pl\\\/przydatne-informacje\\\/srodowisko-i-bioroznorodnosc\\\/uzdatnianie-wody-pitnej-i-jego-wplyw-na-pozostalosci-glifosatu-i-jego-glownego-metabolitu-ampa\\\/#primaryimage\"},\"image\":{\"@id\":\"https:\\\/\\\/www.glyphosate.eu\\\/pl\\\/przydatne-informacje\\\/srodowisko-i-bioroznorodnosc\\\/uzdatnianie-wody-pitnej-i-jego-wplyw-na-pozostalosci-glifosatu-i-jego-glownego-metabolitu-ampa\\\/#primaryimage\"},\"thumbnailUrl\":\"https:\\\/\\\/www.glyphosate.eu\\\/app\\\/uploads\\\/2021\\\/05\\\/Drinking-water-treatment-Gly-residues-2-scaled.jpg\",\"datePublished\":\"2021-09-15T08:35:52+00:00\",\"dateModified\":\"2021-09-16T16:12:28+00:00\",\"breadcrumb\":{\"@id\":\"https:\\\/\\\/www.glyphosate.eu\\\/pl\\\/przydatne-informacje\\\/srodowisko-i-bioroznorodnosc\\\/uzdatnianie-wody-pitnej-i-jego-wplyw-na-pozostalosci-glifosatu-i-jego-glownego-metabolitu-ampa\\\/#breadcrumb\"},\"inLanguage\":\"pl-PL\",\"potentialAction\":[{\"@type\":\"ReadAction\",\"target\":[\"https:\\\/\\\/www.glyphosate.eu\\\/pl\\\/przydatne-informacje\\\/srodowisko-i-bioroznorodnosc\\\/uzdatnianie-wody-pitnej-i-jego-wplyw-na-pozostalosci-glifosatu-i-jego-glownego-metabolitu-ampa\\\/\"]}]},{\"@type\":\"ImageObject\",\"inLanguage\":\"pl-PL\",\"@id\":\"https:\\\/\\\/www.glyphosate.eu\\\/pl\\\/przydatne-informacje\\\/srodowisko-i-bioroznorodnosc\\\/uzdatnianie-wody-pitnej-i-jego-wplyw-na-pozostalosci-glifosatu-i-jego-glownego-metabolitu-ampa\\\/#primaryimage\",\"url\":\"https:\\\/\\\/www.glyphosate.eu\\\/app\\\/uploads\\\/2021\\\/05\\\/Drinking-water-treatment-Gly-residues-2-scaled.jpg\",\"contentUrl\":\"https:\\\/\\\/www.glyphosate.eu\\\/app\\\/uploads\\\/2021\\\/05\\\/Drinking-water-treatment-Gly-residues-2-scaled.jpg\",\"width\":2560,\"height\":1843},{\"@type\":\"BreadcrumbList\",\"@id\":\"https:\\\/\\\/www.glyphosate.eu\\\/pl\\\/przydatne-informacje\\\/srodowisko-i-bioroznorodnosc\\\/uzdatnianie-wody-pitnej-i-jego-wplyw-na-pozostalosci-glifosatu-i-jego-glownego-metabolitu-ampa\\\/#breadcrumb\",\"itemListElement\":[{\"@type\":\"ListItem\",\"position\":1,\"name\":\"Przydatne informacje\",\"item\":\"https:\\\/\\\/www.glyphosate.eu\\\/pl\\\/przydatne-informacje\\\/\"},{\"@type\":\"ListItem\",\"position\":2,\"name\":\"\u015arodowisko i bior\u00f3\u017cnorodno\u015b\u0107\",\"item\":\"https:\\\/\\\/www.glyphosate.eu\\\/pl\\\/przydatne-informacje\\\/srodowisko-i-bioroznorodnosc\\\/\"},{\"@type\":\"ListItem\",\"position\":3,\"name\":\"Uzdatnianie wody pitnej i jego wp\u0142yw na pozosta\u0142o\u015bci glifosatu i jego g\u0142\u00f3wnego metabolitu AMPA*\"}]},{\"@type\":\"WebSite\",\"@id\":\"https:\\\/\\\/www.glyphosate.eu\\\/#website\",\"url\":\"https:\\\/\\\/www.glyphosate.eu\\\/\",\"name\":\"Glyphosate Renewal Group\",\"description\":\"Just another WordPress site\",\"potentialAction\":[{\"@type\":\"SearchAction\",\"target\":{\"@type\":\"EntryPoint\",\"urlTemplate\":\"https:\\\/\\\/www.glyphosate.eu\\\/?s={search_term_string}\"},\"query-input\":{\"@type\":\"PropertyValueSpecification\",\"valueRequired\":true,\"valueName\":\"search_term_string\"}}],\"inLanguage\":\"pl-PL\"}]}<\/script>\n<!-- \/ Yoast SEO plugin. -->","yoast_head_json":{"title":"Uzdatnianie wody pitnej i jego wp\u0142yw na pozosta\u0142o\u015bci glifosatu i jego g\u0142\u00f3wnego metabolitu AMPA* - Glyphosate Renewal Group","robots":{"index":"index","follow":"follow","max-snippet":"max-snippet:-1","max-image-preview":"max-image-preview:large","max-video-preview":"max-video-preview:-1"},"canonical":"https:\/\/www.glyphosate.eu\/pl\/przydatne-informacje\/srodowisko-i-bioroznorodnosc\/uzdatnianie-wody-pitnej-i-jego-wplyw-na-pozostalosci-glifosatu-i-jego-glownego-metabolitu-ampa\/","og_locale":"pl_PL","og_type":"article","og_title":"Uzdatnianie wody pitnej i jego wp\u0142yw na pozosta\u0142o\u015bci glifosatu i jego g\u0142\u00f3wnego metabolitu AMPA* - Glyphosate Renewal Group","og_url":"https:\/\/www.glyphosate.eu\/pl\/przydatne-informacje\/srodowisko-i-bioroznorodnosc\/uzdatnianie-wody-pitnej-i-jego-wplyw-na-pozostalosci-glifosatu-i-jego-glownego-metabolitu-ampa\/","og_site_name":"Glyphosate Renewal Group","article_modified_time":"2021-09-16T16:12:28+00:00","og_image":[{"width":2560,"height":1843,"url":"https:\/\/www.glyphosate.eu\/app\/uploads\/2021\/05\/Drinking-water-treatment-Gly-residues-2-scaled.jpg","type":"image\/jpeg"}],"twitter_card":"summary_large_image","schema":{"@context":"https:\/\/schema.org","@graph":[{"@type":"WebPage","@id":"https:\/\/www.glyphosate.eu\/pl\/przydatne-informacje\/srodowisko-i-bioroznorodnosc\/uzdatnianie-wody-pitnej-i-jego-wplyw-na-pozostalosci-glifosatu-i-jego-glownego-metabolitu-ampa\/","url":"https:\/\/www.glyphosate.eu\/pl\/przydatne-informacje\/srodowisko-i-bioroznorodnosc\/uzdatnianie-wody-pitnej-i-jego-wplyw-na-pozostalosci-glifosatu-i-jego-glownego-metabolitu-ampa\/","name":"Uzdatnianie wody pitnej i jego wp\u0142yw na pozosta\u0142o\u015bci glifosatu i jego g\u0142\u00f3wnego metabolitu AMPA* - Glyphosate Renewal Group","isPartOf":{"@id":"https:\/\/www.glyphosate.eu\/#website"},"primaryImageOfPage":{"@id":"https:\/\/www.glyphosate.eu\/pl\/przydatne-informacje\/srodowisko-i-bioroznorodnosc\/uzdatnianie-wody-pitnej-i-jego-wplyw-na-pozostalosci-glifosatu-i-jego-glownego-metabolitu-ampa\/#primaryimage"},"image":{"@id":"https:\/\/www.glyphosate.eu\/pl\/przydatne-informacje\/srodowisko-i-bioroznorodnosc\/uzdatnianie-wody-pitnej-i-jego-wplyw-na-pozostalosci-glifosatu-i-jego-glownego-metabolitu-ampa\/#primaryimage"},"thumbnailUrl":"https:\/\/www.glyphosate.eu\/app\/uploads\/2021\/05\/Drinking-water-treatment-Gly-residues-2-scaled.jpg","datePublished":"2021-09-15T08:35:52+00:00","dateModified":"2021-09-16T16:12:28+00:00","breadcrumb":{"@id":"https:\/\/www.glyphosate.eu\/pl\/przydatne-informacje\/srodowisko-i-bioroznorodnosc\/uzdatnianie-wody-pitnej-i-jego-wplyw-na-pozostalosci-glifosatu-i-jego-glownego-metabolitu-ampa\/#breadcrumb"},"inLanguage":"pl-PL","potentialAction":[{"@type":"ReadAction","target":["https:\/\/www.glyphosate.eu\/pl\/przydatne-informacje\/srodowisko-i-bioroznorodnosc\/uzdatnianie-wody-pitnej-i-jego-wplyw-na-pozostalosci-glifosatu-i-jego-glownego-metabolitu-ampa\/"]}]},{"@type":"ImageObject","inLanguage":"pl-PL","@id":"https:\/\/www.glyphosate.eu\/pl\/przydatne-informacje\/srodowisko-i-bioroznorodnosc\/uzdatnianie-wody-pitnej-i-jego-wplyw-na-pozostalosci-glifosatu-i-jego-glownego-metabolitu-ampa\/#primaryimage","url":"https:\/\/www.glyphosate.eu\/app\/uploads\/2021\/05\/Drinking-water-treatment-Gly-residues-2-scaled.jpg","contentUrl":"https:\/\/www.glyphosate.eu\/app\/uploads\/2021\/05\/Drinking-water-treatment-Gly-residues-2-scaled.jpg","width":2560,"height":1843},{"@type":"BreadcrumbList","@id":"https:\/\/www.glyphosate.eu\/pl\/przydatne-informacje\/srodowisko-i-bioroznorodnosc\/uzdatnianie-wody-pitnej-i-jego-wplyw-na-pozostalosci-glifosatu-i-jego-glownego-metabolitu-ampa\/#breadcrumb","itemListElement":[{"@type":"ListItem","position":1,"name":"Przydatne informacje","item":"https:\/\/www.glyphosate.eu\/pl\/przydatne-informacje\/"},{"@type":"ListItem","position":2,"name":"\u015arodowisko i bior\u00f3\u017cnorodno\u015b\u0107","item":"https:\/\/www.glyphosate.eu\/pl\/przydatne-informacje\/srodowisko-i-bioroznorodnosc\/"},{"@type":"ListItem","position":3,"name":"Uzdatnianie wody pitnej i jego wp\u0142yw na pozosta\u0142o\u015bci glifosatu i jego g\u0142\u00f3wnego metabolitu AMPA*"}]},{"@type":"WebSite","@id":"https:\/\/www.glyphosate.eu\/#website","url":"https:\/\/www.glyphosate.eu\/","name":"Glyphosate Renewal Group","description":"Just another WordPress site","potentialAction":[{"@type":"SearchAction","target":{"@type":"EntryPoint","urlTemplate":"https:\/\/www.glyphosate.eu\/?s={search_term_string}"},"query-input":{"@type":"PropertyValueSpecification","valueRequired":true,"valueName":"search_term_string"}}],"inLanguage":"pl-PL"}]}},"_links":{"self":[{"href":"https:\/\/www.glyphosate.eu\/pl\/wp-json\/wp\/v2\/pages\/20766","targetHints":{"allow":["GET"]}}],"collection":[{"href":"https:\/\/www.glyphosate.eu\/pl\/wp-json\/wp\/v2\/pages"}],"about":[{"href":"https:\/\/www.glyphosate.eu\/pl\/wp-json\/wp\/v2\/types\/page"}],"author":[{"embeddable":true,"href":"https:\/\/www.glyphosate.eu\/pl\/wp-json\/wp\/v2\/users\/1"}],"replies":[{"embeddable":true,"href":"https:\/\/www.glyphosate.eu\/pl\/wp-json\/wp\/v2\/comments?post=20766"}],"version-history":[{"count":3,"href":"https:\/\/www.glyphosate.eu\/pl\/wp-json\/wp\/v2\/pages\/20766\/revisions"}],"predecessor-version":[{"id":20788,"href":"https:\/\/www.glyphosate.eu\/pl\/wp-json\/wp\/v2\/pages\/20766\/revisions\/20788"}],"up":[{"embeddable":true,"href":"https:\/\/www.glyphosate.eu\/pl\/wp-json\/wp\/v2\/pages\/16432"}],"wp:featuredmedia":[{"embeddable":true,"href":"https:\/\/www.glyphosate.eu\/pl\/wp-json\/wp\/v2\/media\/18089"}],"wp:attachment":[{"href":"https:\/\/www.glyphosate.eu\/pl\/wp-json\/wp\/v2\/media?parent=20766"}],"curies":[{"name":"wp","href":"https:\/\/api.w.org\/{rel}","templated":true}]}}