{"id":17679,"date":"2021-04-01T11:36:06","date_gmt":"2021-04-01T10:36:06","guid":{"rendered":"https:\/\/www.glyphosate.eu\/?page_id=17679"},"modified":"2021-09-03T19:26:43","modified_gmt":"2021-09-03T18:26:43","slug":"dokumentacja-dot-glifosatu-jest-juz-dostepna-wsluchalismy-sie-w-uwagi-i-odrobilismy-lekcje","status":"publish","type":"page","link":"https:\/\/www.glyphosate.eu\/pl\/grg\/co-nowego\/dokumentacja-dot-glifosatu-jest-juz-dostepna-wsluchalismy-sie-w-uwagi-i-odrobilismy-lekcje\/","title":{"rendered":"Dokumentacja dot. glifosatu jest ju\u017c dost\u0119pna: Wys\u0142uchali\u015bmy uwag i odrobili\u015bmy lekcj\u0119"},"content":{"rendered":"","protected":false},"excerpt":{"rendered":"","protected":false},"author":1,"featured_media":8506,"parent":16560,"menu_order":721,"comment_status":"closed","ping_status":"closed","template":"views\/template-content-page.blade.php","meta":{"_acf_changed":false,"inline_featured_image":false,"footnotes":""},"class_list":["post-17679","page","type-page","status-publish","has-post-thumbnail","hentry"],"acf":[],"yoast_head":"<!-- This site is optimized with the Yoast SEO plugin v27.3 - https:\/\/yoast.com\/product\/yoast-seo-wordpress\/ -->\n<title>Dokumentacja dot. glifosatu jest ju\u017c dost\u0119pna: Wys\u0142uchali\u015bmy uwag i odrobili\u015bmy lekcj\u0119 - Glyphosate Renewal Group<\/title>\n<meta name=\"robots\" content=\"index, follow, max-snippet:-1, max-image-preview:large, max-video-preview:-1\" \/>\n<link rel=\"canonical\" href=\"https:\/\/www.glyphosate.eu\/pl\/grg\/co-nowego\/dokumentacja-dot-glifosatu-jest-juz-dostepna-wsluchalismy-sie-w-uwagi-i-odrobilismy-lekcje\/\" \/>\n<meta property=\"og:locale\" content=\"pl_PL\" \/>\n<meta property=\"og:type\" content=\"article\" \/>\n<meta property=\"og:title\" content=\"Dokumentacja dot. glifosatu jest ju\u017c dost\u0119pna: Wys\u0142uchali\u015bmy uwag i odrobili\u015bmy lekcj\u0119 - Glyphosate Renewal Group\" \/>\n<meta property=\"og:url\" content=\"https:\/\/www.glyphosate.eu\/pl\/grg\/co-nowego\/dokumentacja-dot-glifosatu-jest-juz-dostepna-wsluchalismy-sie-w-uwagi-i-odrobilismy-lekcje\/\" \/>\n<meta property=\"og:site_name\" content=\"Glyphosate Renewal Group\" \/>\n<meta property=\"article:modified_time\" content=\"2021-09-03T18:26:43+00:00\" \/>\n<meta property=\"og:image\" content=\"https:\/\/www.glyphosate.eu\/app\/uploads\/2020\/08\/stats.jpg\" \/>\n\t<meta property=\"og:image:width\" content=\"1200\" \/>\n\t<meta property=\"og:image:height\" content=\"720\" \/>\n\t<meta property=\"og:image:type\" content=\"image\/jpeg\" \/>\n<meta name=\"twitter:card\" content=\"summary_large_image\" \/>\n<script type=\"application\/ld+json\" class=\"yoast-schema-graph\">{\"@context\":\"https:\\\/\\\/schema.org\",\"@graph\":[{\"@type\":\"WebPage\",\"@id\":\"https:\\\/\\\/www.glyphosate.eu\\\/pl\\\/grg\\\/co-nowego\\\/dokumentacja-dot-glifosatu-jest-juz-dostepna-wsluchalismy-sie-w-uwagi-i-odrobilismy-lekcje\\\/\",\"url\":\"https:\\\/\\\/www.glyphosate.eu\\\/pl\\\/grg\\\/co-nowego\\\/dokumentacja-dot-glifosatu-jest-juz-dostepna-wsluchalismy-sie-w-uwagi-i-odrobilismy-lekcje\\\/\",\"name\":\"Dokumentacja dot. glifosatu jest ju\u017c dost\u0119pna: Wys\u0142uchali\u015bmy uwag i odrobili\u015bmy lekcj\u0119 - Glyphosate Renewal Group\",\"isPartOf\":{\"@id\":\"https:\\\/\\\/www.glyphosate.eu\\\/#website\"},\"primaryImageOfPage\":{\"@id\":\"https:\\\/\\\/www.glyphosate.eu\\\/pl\\\/grg\\\/co-nowego\\\/dokumentacja-dot-glifosatu-jest-juz-dostepna-wsluchalismy-sie-w-uwagi-i-odrobilismy-lekcje\\\/#primaryimage\"},\"image\":{\"@id\":\"https:\\\/\\\/www.glyphosate.eu\\\/pl\\\/grg\\\/co-nowego\\\/dokumentacja-dot-glifosatu-jest-juz-dostepna-wsluchalismy-sie-w-uwagi-i-odrobilismy-lekcje\\\/#primaryimage\"},\"thumbnailUrl\":\"https:\\\/\\\/www.glyphosate.eu\\\/app\\\/uploads\\\/2020\\\/08\\\/stats.jpg\",\"datePublished\":\"2021-04-01T10:36:06+00:00\",\"dateModified\":\"2021-09-03T18:26:43+00:00\",\"breadcrumb\":{\"@id\":\"https:\\\/\\\/www.glyphosate.eu\\\/pl\\\/grg\\\/co-nowego\\\/dokumentacja-dot-glifosatu-jest-juz-dostepna-wsluchalismy-sie-w-uwagi-i-odrobilismy-lekcje\\\/#breadcrumb\"},\"inLanguage\":\"pl-PL\",\"potentialAction\":[{\"@type\":\"ReadAction\",\"target\":[\"https:\\\/\\\/www.glyphosate.eu\\\/pl\\\/grg\\\/co-nowego\\\/dokumentacja-dot-glifosatu-jest-juz-dostepna-wsluchalismy-sie-w-uwagi-i-odrobilismy-lekcje\\\/\"]}]},{\"@type\":\"ImageObject\",\"inLanguage\":\"pl-PL\",\"@id\":\"https:\\\/\\\/www.glyphosate.eu\\\/pl\\\/grg\\\/co-nowego\\\/dokumentacja-dot-glifosatu-jest-juz-dostepna-wsluchalismy-sie-w-uwagi-i-odrobilismy-lekcje\\\/#primaryimage\",\"url\":\"https:\\\/\\\/www.glyphosate.eu\\\/app\\\/uploads\\\/2020\\\/08\\\/stats.jpg\",\"contentUrl\":\"https:\\\/\\\/www.glyphosate.eu\\\/app\\\/uploads\\\/2020\\\/08\\\/stats.jpg\",\"width\":1200,\"height\":720},{\"@type\":\"BreadcrumbList\",\"@id\":\"https:\\\/\\\/www.glyphosate.eu\\\/pl\\\/grg\\\/co-nowego\\\/dokumentacja-dot-glifosatu-jest-juz-dostepna-wsluchalismy-sie-w-uwagi-i-odrobilismy-lekcje\\\/#breadcrumb\",\"itemListElement\":[{\"@type\":\"ListItem\",\"position\":1,\"name\":\"What&#8217;s New Temp &#8211; DONT delete\",\"item\":\"https:\\\/\\\/www.glyphosate.eu\\\/pl\\\/grg\\\/\"},{\"@type\":\"ListItem\",\"position\":2,\"name\":\"Co nowego\",\"item\":\"https:\\\/\\\/www.glyphosate.eu\\\/pl\\\/grg\\\/co-nowego\\\/\"},{\"@type\":\"ListItem\",\"position\":3,\"name\":\"Dokumentacja dot. glifosatu jest ju\u017c dost\u0119pna: Wys\u0142uchali\u015bmy uwag i odrobili\u015bmy lekcj\u0119\"}]},{\"@type\":\"WebSite\",\"@id\":\"https:\\\/\\\/www.glyphosate.eu\\\/#website\",\"url\":\"https:\\\/\\\/www.glyphosate.eu\\\/\",\"name\":\"Glyphosate Renewal Group\",\"description\":\"Just another WordPress site\",\"potentialAction\":[{\"@type\":\"SearchAction\",\"target\":{\"@type\":\"EntryPoint\",\"urlTemplate\":\"https:\\\/\\\/www.glyphosate.eu\\\/?s={search_term_string}\"},\"query-input\":{\"@type\":\"PropertyValueSpecification\",\"valueRequired\":true,\"valueName\":\"search_term_string\"}}],\"inLanguage\":\"pl-PL\"}]}<\/script>\n<!-- \/ Yoast SEO plugin. -->","yoast_head_json":{"title":"Dokumentacja dot. glifosatu jest ju\u017c dost\u0119pna: Wys\u0142uchali\u015bmy uwag i odrobili\u015bmy lekcj\u0119 - Glyphosate Renewal Group","robots":{"index":"index","follow":"follow","max-snippet":"max-snippet:-1","max-image-preview":"max-image-preview:large","max-video-preview":"max-video-preview:-1"},"canonical":"https:\/\/www.glyphosate.eu\/pl\/grg\/co-nowego\/dokumentacja-dot-glifosatu-jest-juz-dostepna-wsluchalismy-sie-w-uwagi-i-odrobilismy-lekcje\/","og_locale":"pl_PL","og_type":"article","og_title":"Dokumentacja dot. glifosatu jest ju\u017c dost\u0119pna: Wys\u0142uchali\u015bmy uwag i odrobili\u015bmy lekcj\u0119 - Glyphosate Renewal Group","og_url":"https:\/\/www.glyphosate.eu\/pl\/grg\/co-nowego\/dokumentacja-dot-glifosatu-jest-juz-dostepna-wsluchalismy-sie-w-uwagi-i-odrobilismy-lekcje\/","og_site_name":"Glyphosate Renewal Group","article_modified_time":"2021-09-03T18:26:43+00:00","og_image":[{"width":1200,"height":720,"url":"https:\/\/www.glyphosate.eu\/app\/uploads\/2020\/08\/stats.jpg","type":"image\/jpeg"}],"twitter_card":"summary_large_image","schema":{"@context":"https:\/\/schema.org","@graph":[{"@type":"WebPage","@id":"https:\/\/www.glyphosate.eu\/pl\/grg\/co-nowego\/dokumentacja-dot-glifosatu-jest-juz-dostepna-wsluchalismy-sie-w-uwagi-i-odrobilismy-lekcje\/","url":"https:\/\/www.glyphosate.eu\/pl\/grg\/co-nowego\/dokumentacja-dot-glifosatu-jest-juz-dostepna-wsluchalismy-sie-w-uwagi-i-odrobilismy-lekcje\/","name":"Dokumentacja dot. glifosatu jest ju\u017c dost\u0119pna: Wys\u0142uchali\u015bmy uwag i odrobili\u015bmy lekcj\u0119 - Glyphosate Renewal Group","isPartOf":{"@id":"https:\/\/www.glyphosate.eu\/#website"},"primaryImageOfPage":{"@id":"https:\/\/www.glyphosate.eu\/pl\/grg\/co-nowego\/dokumentacja-dot-glifosatu-jest-juz-dostepna-wsluchalismy-sie-w-uwagi-i-odrobilismy-lekcje\/#primaryimage"},"image":{"@id":"https:\/\/www.glyphosate.eu\/pl\/grg\/co-nowego\/dokumentacja-dot-glifosatu-jest-juz-dostepna-wsluchalismy-sie-w-uwagi-i-odrobilismy-lekcje\/#primaryimage"},"thumbnailUrl":"https:\/\/www.glyphosate.eu\/app\/uploads\/2020\/08\/stats.jpg","datePublished":"2021-04-01T10:36:06+00:00","dateModified":"2021-09-03T18:26:43+00:00","breadcrumb":{"@id":"https:\/\/www.glyphosate.eu\/pl\/grg\/co-nowego\/dokumentacja-dot-glifosatu-jest-juz-dostepna-wsluchalismy-sie-w-uwagi-i-odrobilismy-lekcje\/#breadcrumb"},"inLanguage":"pl-PL","potentialAction":[{"@type":"ReadAction","target":["https:\/\/www.glyphosate.eu\/pl\/grg\/co-nowego\/dokumentacja-dot-glifosatu-jest-juz-dostepna-wsluchalismy-sie-w-uwagi-i-odrobilismy-lekcje\/"]}]},{"@type":"ImageObject","inLanguage":"pl-PL","@id":"https:\/\/www.glyphosate.eu\/pl\/grg\/co-nowego\/dokumentacja-dot-glifosatu-jest-juz-dostepna-wsluchalismy-sie-w-uwagi-i-odrobilismy-lekcje\/#primaryimage","url":"https:\/\/www.glyphosate.eu\/app\/uploads\/2020\/08\/stats.jpg","contentUrl":"https:\/\/www.glyphosate.eu\/app\/uploads\/2020\/08\/stats.jpg","width":1200,"height":720},{"@type":"BreadcrumbList","@id":"https:\/\/www.glyphosate.eu\/pl\/grg\/co-nowego\/dokumentacja-dot-glifosatu-jest-juz-dostepna-wsluchalismy-sie-w-uwagi-i-odrobilismy-lekcje\/#breadcrumb","itemListElement":[{"@type":"ListItem","position":1,"name":"What&#8217;s New Temp &#8211; DONT delete","item":"https:\/\/www.glyphosate.eu\/pl\/grg\/"},{"@type":"ListItem","position":2,"name":"Co nowego","item":"https:\/\/www.glyphosate.eu\/pl\/grg\/co-nowego\/"},{"@type":"ListItem","position":3,"name":"Dokumentacja dot. glifosatu jest ju\u017c dost\u0119pna: Wys\u0142uchali\u015bmy uwag i odrobili\u015bmy lekcj\u0119"}]},{"@type":"WebSite","@id":"https:\/\/www.glyphosate.eu\/#website","url":"https:\/\/www.glyphosate.eu\/","name":"Glyphosate Renewal Group","description":"Just another WordPress site","potentialAction":[{"@type":"SearchAction","target":{"@type":"EntryPoint","urlTemplate":"https:\/\/www.glyphosate.eu\/?s={search_term_string}"},"query-input":{"@type":"PropertyValueSpecification","valueRequired":true,"valueName":"search_term_string"}}],"inLanguage":"pl-PL"}]}},"_links":{"self":[{"href":"https:\/\/www.glyphosate.eu\/pl\/wp-json\/wp\/v2\/pages\/17679","targetHints":{"allow":["GET"]}}],"collection":[{"href":"https:\/\/www.glyphosate.eu\/pl\/wp-json\/wp\/v2\/pages"}],"about":[{"href":"https:\/\/www.glyphosate.eu\/pl\/wp-json\/wp\/v2\/types\/page"}],"author":[{"embeddable":true,"href":"https:\/\/www.glyphosate.eu\/pl\/wp-json\/wp\/v2\/users\/1"}],"replies":[{"embeddable":true,"href":"https:\/\/www.glyphosate.eu\/pl\/wp-json\/wp\/v2\/comments?post=17679"}],"version-history":[{"count":12,"href":"https:\/\/www.glyphosate.eu\/pl\/wp-json\/wp\/v2\/pages\/17679\/revisions"}],"predecessor-version":[{"id":20170,"href":"https:\/\/www.glyphosate.eu\/pl\/wp-json\/wp\/v2\/pages\/17679\/revisions\/20170"}],"up":[{"embeddable":true,"href":"https:\/\/www.glyphosate.eu\/pl\/wp-json\/wp\/v2\/pages\/16560"}],"wp:featuredmedia":[{"embeddable":true,"href":"https:\/\/www.glyphosate.eu\/pl\/wp-json\/wp\/v2\/media\/8506"}],"wp:attachment":[{"href":"https:\/\/www.glyphosate.eu\/pl\/wp-json\/wp\/v2\/media?parent=17679"}],"curies":[{"name":"wp","href":"https:\/\/api.w.org\/{rel}","templated":true}]}}