{"id":16773,"date":"2020-02-13T12:59:47","date_gmt":"2020-02-13T12:59:47","guid":{"rendered":"https:\/\/www.glyphosate.eu\/what-is-the-glyphosate-renewal-group\/"},"modified":"2024-10-14T14:14:20","modified_gmt":"2024-10-14T13:14:20","slug":"czym-jest-glyphosate-renewal-group","status":"publish","type":"page","link":"https:\/\/www.glyphosate.eu\/pl\/czym-jest-glyphosate-renewal-group\/","title":{"rendered":"Czym jest Glyphosate Renewal Group"},"content":{"rendered":"<p>Pe\u0142na dokumentacja przygotowana przez wnioskodawc\u00f3w zosta\u0142a przekazana krajom cz\u0142onkowskim oceniaj\u0105cym ten wniosek oraz Europejskiemu Urz\u0119dowi ds. Bezpiecze\u0144stwa \u017bywno\u015bci (EFSA) w ramach procedury regulacyjnej UE. Celem jest uzyskanie ponownego zezwolenia dla glifosatu oraz produkt\u00f3w zawieraj\u0105cych glifosat na rynku UE.<\/p>\n<p>GRG zmieni\u0142a swoj\u0105 nazw\u0119 z Glyphosate Task Force 2 pod koniec 2019 r., aby unikn\u0105\u0107 pomy\u0142ek z poprzednimi wnioskami dot. glifosatu.<\/p>\n<p>Cz\u0142onkami GRG s\u0105: Albaugh Europe SARL, Barclay Chemicals Manufacturing Ltd., <span data-teams=\"true\"><span class=\"ui-provider a b c d e f g h i j k l m n o p q r s t u v w x y z ab ac ae af ag ah ai aj ak\" dir=\"ltr\">Bayer Agriculture BV<\/span><\/span>, <span data-teams=\"true\"><span class=\"ui-provider a b c d e f g h i j k l m n o p q r s t u v w x y z ab ac ae af ag ah ai aj ak\" dir=\"ltr\">QEMETICA Agricultural Solutions Poland S.A<\/span><\/span>., Nufarm GMBH &amp; Co.KG, Sinon Corporation, Syngenta Crop Protection AG.\u00a0<\/p>\n","protected":false},"excerpt":{"rendered":"<p>Pe\u0142na dokumentacja przygotowana przez wnioskodawc\u00f3w zosta\u0142a przekazana krajom cz\u0142onkowskim oceniaj\u0105cym ten wniosek oraz Europejskiemu Urz\u0119dowi ds. Bezpiecze\u0144stwa \u017bywno\u015bci (EFSA) w ramach procedury regulacyjnej UE. Celem jest uzyskanie ponownego zezwolenia dla glifosatu oraz produkt\u00f3w zawieraj\u0105cych glifosat na rynku UE. GRG zmieni\u0142a swoj\u0105 nazw\u0119 z Glyphosate Task Force 2 pod koniec 2019 r., aby unikn\u0105\u0107 pomy\u0142ek z&hellip;<\/p>\n","protected":false},"author":1,"featured_media":0,"parent":0,"menu_order":874,"comment_status":"closed","ping_status":"closed","template":"views\/template-auth-process.blade.php","meta":{"_acf_changed":false,"inline_featured_image":false,"footnotes":""},"class_list":["post-16773","page","type-page","status-publish","hentry"],"acf":[],"yoast_head":"<!-- This site is optimized with the Yoast SEO plugin v27.4 - https:\/\/yoast.com\/product\/yoast-seo-wordpress\/ -->\n<title>Czym jest Glyphosate Renewal Group - Glyphosate Renewal Group<\/title>\n<meta name=\"robots\" content=\"index, follow, max-snippet:-1, max-image-preview:large, max-video-preview:-1\" \/>\n<link rel=\"canonical\" href=\"https:\/\/www.glyphosate.eu\/pl\/czym-jest-glyphosate-renewal-group\/\" \/>\n<meta property=\"og:locale\" content=\"pl_PL\" \/>\n<meta property=\"og:type\" content=\"article\" \/>\n<meta property=\"og:title\" content=\"Czym jest Glyphosate Renewal Group - Glyphosate Renewal Group\" \/>\n<meta property=\"og:description\" content=\"Pe\u0142na dokumentacja przygotowana przez wnioskodawc\u00f3w zosta\u0142a przekazana krajom cz\u0142onkowskim oceniaj\u0105cym ten wniosek oraz Europejskiemu Urz\u0119dowi ds. Bezpiecze\u0144stwa \u017bywno\u015bci (EFSA) w ramach procedury regulacyjnej UE. Celem jest uzyskanie ponownego zezwolenia dla glifosatu oraz produkt\u00f3w zawieraj\u0105cych glifosat na rynku UE. GRG zmieni\u0142a swoj\u0105 nazw\u0119 z Glyphosate Task Force 2 pod koniec 2019 r., aby unikn\u0105\u0107 pomy\u0142ek z&hellip;\" \/>\n<meta property=\"og:url\" content=\"https:\/\/www.glyphosate.eu\/pl\/czym-jest-glyphosate-renewal-group\/\" \/>\n<meta property=\"og:site_name\" content=\"Glyphosate Renewal Group\" \/>\n<meta property=\"article:modified_time\" content=\"2024-10-14T13:14:20+00:00\" \/>\n<meta name=\"twitter:card\" content=\"summary_large_image\" \/>\n<meta name=\"twitter:label1\" content=\"Est. reading time\" \/>\n\t<meta name=\"twitter:data1\" content=\"1 minute\" \/>\n<script type=\"application\/ld+json\" class=\"yoast-schema-graph\">{\"@context\":\"https:\\\/\\\/schema.org\",\"@graph\":[{\"@type\":\"WebPage\",\"@id\":\"https:\\\/\\\/www.glyphosate.eu\\\/pl\\\/czym-jest-glyphosate-renewal-group\\\/\",\"url\":\"https:\\\/\\\/www.glyphosate.eu\\\/pl\\\/czym-jest-glyphosate-renewal-group\\\/\",\"name\":\"Czym jest Glyphosate Renewal Group - Glyphosate Renewal Group\",\"isPartOf\":{\"@id\":\"https:\\\/\\\/www.glyphosate.eu\\\/#website\"},\"datePublished\":\"2020-02-13T12:59:47+00:00\",\"dateModified\":\"2024-10-14T13:14:20+00:00\",\"inLanguage\":\"pl-PL\",\"potentialAction\":[{\"@type\":\"ReadAction\",\"target\":[\"https:\\\/\\\/www.glyphosate.eu\\\/pl\\\/czym-jest-glyphosate-renewal-group\\\/\"]}]},{\"@type\":\"WebSite\",\"@id\":\"https:\\\/\\\/www.glyphosate.eu\\\/#website\",\"url\":\"https:\\\/\\\/www.glyphosate.eu\\\/\",\"name\":\"Glyphosate Renewal Group\",\"description\":\"Just another WordPress site\",\"potentialAction\":[{\"@type\":\"SearchAction\",\"target\":{\"@type\":\"EntryPoint\",\"urlTemplate\":\"https:\\\/\\\/www.glyphosate.eu\\\/?s={search_term_string}\"},\"query-input\":{\"@type\":\"PropertyValueSpecification\",\"valueRequired\":true,\"valueName\":\"search_term_string\"}}],\"inLanguage\":\"pl-PL\"}]}<\/script>\n<!-- \/ Yoast SEO plugin. -->","yoast_head_json":{"title":"Czym jest Glyphosate Renewal Group - Glyphosate Renewal Group","robots":{"index":"index","follow":"follow","max-snippet":"max-snippet:-1","max-image-preview":"max-image-preview:large","max-video-preview":"max-video-preview:-1"},"canonical":"https:\/\/www.glyphosate.eu\/pl\/czym-jest-glyphosate-renewal-group\/","og_locale":"pl_PL","og_type":"article","og_title":"Czym jest Glyphosate Renewal Group - Glyphosate Renewal Group","og_description":"Pe\u0142na dokumentacja przygotowana przez wnioskodawc\u00f3w zosta\u0142a przekazana krajom cz\u0142onkowskim oceniaj\u0105cym ten wniosek oraz Europejskiemu Urz\u0119dowi ds. Bezpiecze\u0144stwa \u017bywno\u015bci (EFSA) w ramach procedury regulacyjnej UE. Celem jest uzyskanie ponownego zezwolenia dla glifosatu oraz produkt\u00f3w zawieraj\u0105cych glifosat na rynku UE. GRG zmieni\u0142a swoj\u0105 nazw\u0119 z Glyphosate Task Force 2 pod koniec 2019 r., aby unikn\u0105\u0107 pomy\u0142ek z&hellip;","og_url":"https:\/\/www.glyphosate.eu\/pl\/czym-jest-glyphosate-renewal-group\/","og_site_name":"Glyphosate Renewal Group","article_modified_time":"2024-10-14T13:14:20+00:00","twitter_card":"summary_large_image","twitter_misc":{"Est. reading time":"1 minute"},"schema":{"@context":"https:\/\/schema.org","@graph":[{"@type":"WebPage","@id":"https:\/\/www.glyphosate.eu\/pl\/czym-jest-glyphosate-renewal-group\/","url":"https:\/\/www.glyphosate.eu\/pl\/czym-jest-glyphosate-renewal-group\/","name":"Czym jest Glyphosate Renewal Group - Glyphosate Renewal Group","isPartOf":{"@id":"https:\/\/www.glyphosate.eu\/#website"},"datePublished":"2020-02-13T12:59:47+00:00","dateModified":"2024-10-14T13:14:20+00:00","inLanguage":"pl-PL","potentialAction":[{"@type":"ReadAction","target":["https:\/\/www.glyphosate.eu\/pl\/czym-jest-glyphosate-renewal-group\/"]}]},{"@type":"WebSite","@id":"https:\/\/www.glyphosate.eu\/#website","url":"https:\/\/www.glyphosate.eu\/","name":"Glyphosate Renewal Group","description":"Just another WordPress site","potentialAction":[{"@type":"SearchAction","target":{"@type":"EntryPoint","urlTemplate":"https:\/\/www.glyphosate.eu\/?s={search_term_string}"},"query-input":{"@type":"PropertyValueSpecification","valueRequired":true,"valueName":"search_term_string"}}],"inLanguage":"pl-PL"}]}},"_links":{"self":[{"href":"https:\/\/www.glyphosate.eu\/pl\/wp-json\/wp\/v2\/pages\/16773","targetHints":{"allow":["GET"]}}],"collection":[{"href":"https:\/\/www.glyphosate.eu\/pl\/wp-json\/wp\/v2\/pages"}],"about":[{"href":"https:\/\/www.glyphosate.eu\/pl\/wp-json\/wp\/v2\/types\/page"}],"author":[{"embeddable":true,"href":"https:\/\/www.glyphosate.eu\/pl\/wp-json\/wp\/v2\/users\/1"}],"replies":[{"embeddable":true,"href":"https:\/\/www.glyphosate.eu\/pl\/wp-json\/wp\/v2\/comments?post=16773"}],"version-history":[{"count":7,"href":"https:\/\/www.glyphosate.eu\/pl\/wp-json\/wp\/v2\/pages\/16773\/revisions"}],"predecessor-version":[{"id":35318,"href":"https:\/\/www.glyphosate.eu\/pl\/wp-json\/wp\/v2\/pages\/16773\/revisions\/35318"}],"wp:attachment":[{"href":"https:\/\/www.glyphosate.eu\/pl\/wp-json\/wp\/v2\/media?parent=16773"}],"curies":[{"name":"wp","href":"https:\/\/api.w.org\/{rel}","templated":true}]}}