{"id":16769,"date":"2020-03-24T11:34:25","date_gmt":"2020-03-24T11:34:25","guid":{"rendered":"https:\/\/www.glyphosate.eu\/privacy-policy-2\/"},"modified":"2021-12-21T15:31:57","modified_gmt":"2021-12-21T15:31:57","slug":"polityka-prywatnosci-i-polityka-dotyczaca-plikow-cookie","status":"publish","type":"page","link":"https:\/\/www.glyphosate.eu\/pl\/polityka-prywatnosci-i-polityka-dotyczaca-plikow-cookie\/","title":{"rendered":"Polityka prywatno\u015bci i polityka dotycz\u0105ca plik\u00f3w cookie"},"content":{"rendered":"<p class=\"p1\">Niniejsz\u0105 stron\u0119 internetow\u0105 (\u201e<b>Strona internetowa<\/b>&#8220;) dostarcza The Glyphosate Renewal Group (\u201e<b>my<\/b>\u201d lub \u201e<b>nas<\/b>\u201d). <br \/>\nDalsze informacje dotycz\u0105ce dostawcy Strony internetowej znajduj\u0105 si\u0119 na naszej internetowej <a href=\"https:\/\/glyphosate.eu\/imprint\/\"><span class=\"s1\">wizyt\u00f3wce<\/span><\/a>.<\/p>\n<p class=\"p1\"><b>A. Przetwarzanie danych osobowych<\/b><\/p>\n<p class=\"p1\">Poni\u017cej przedstawiamy informacje na temat tego, jak przetwarzamy dane osobowe u\u017cytkownika podczas korzystania przez niego z naszej Strony internetowej.<\/p>\n<p class=\"p1\"><b><i>A.1 Korzystanie z naszej Strony internetowej<\/i><\/b><\/p>\n<p class=\"p1\">(i) Uzyskiwanie dost\u0119pu do naszej Strony internetowej<\/p>\n<p class=\"p2\">Gdy u\u017cytkownik odwiedza nasz\u0105 Stron\u0119 internetow\u0105, jego przegl\u0105darka przesy\u0142a pewne informacje <br \/>\ndo naszego serwera internetowego. Odbywa si\u0119 to z przyczyn technicznych i jest niezb\u0119dne do udost\u0119pnienia u\u017cytkownikowi \u017c\u0105danych informacji.<br \/>\nNast\u0119puj\u0105ce informacje s\u0105 gromadzone, przez kr\u00f3tki czas przechowywane<span class=\"Apple-converted-space\">\u00a0<\/span>i wykorzystywane:<\/p>\n<ul class=\"ul1\">\n<li class=\"li2\"><span class=\"s2\">Data i godzina uzyskania dost\u0119pu<\/span><\/li>\n<li class=\"li2\"><span class=\"s2\">R\u00f3\u017cnica strefy czasowej w stosunku do czasu GMT<\/span><\/li>\n<li class=\"li2\"><span class=\"s2\">Tre\u015b\u0107 \u017c\u0105dania (konkretna strona)<\/span><\/li>\n<li class=\"li2\"><span class=\"s2\">Status dost\u0119pu \/ kod statusu HTTP<\/span><\/li>\n<li class=\"li2\"><span class=\"s2\">Strona internetowa \u017c\u0105daj\u0105ca dost\u0119pu<\/span><\/li>\n<li class=\"li2\"><span class=\"s2\">Przegl\u0105darka, ustawienia j\u0119zykowe, wersja systemu operacyjnego oprogramowania przegl\u0105darki i powierzchnia<\/span><\/li>\n<\/ul>\n<p class=\"p1\">Podstawa prawna przetwarzania tych informacji wynika z faktu, \u017ce takie przetwarzanie jest wymagane <br \/>\nw celu udost\u0119pnienia \u017c\u0105danych przez u\u017cytkownika funkcji Strony internetowej (art. 6 ust. 1 lit. b) RODO). Ponadto by chroni\u0107 nasze prawnie uzasadnione interesy, b\u0119dziemy przechowywa\u0107 takie informacje przez ograniczony czas, aby m\u00f3c zainicjowa\u0107 \u015bledzenie danych osobowych w przypadku faktycznego nieuprawnionego dost\u0119pu do naszych serwer\u00f3w lub ich pr\u00f3b (art. 6 ust. 1 lit. f) RODO).<\/p>\n<p class=\"p1\">(ii) Ustawianie plik\u00f3w cookie<\/p>\n<p class=\"p1\">Ta Strona internetowa korzysta tzw. plik\u00f3w cookie. Cookie to ma\u0142e pliki tekstowe, kt\u00f3re zapisywane <br \/>\ns\u0105 w pami\u0119ci urz\u0105dzenia ko\u0144cowego u\u017cytkownika<span class=\"Apple-converted-space\">\u00a0<\/span>za po\u015brednictwem przegl\u0105darki internetowej. <br \/>\nPrzechowuj\u0105 one pewne informacje (np. preferowany j\u0119zyk lub ustawienia Strony), kt\u00f3re przegl\u0105darka u\u017cytkownika mo\u017ce (w zale\u017cno\u015bci od d\u0142ugo\u015bci \u017cycia pliku cookie) przes\u0142a\u0107 do nas podczas nast\u0119pnej wizyty na naszej Stronie internetowej.<\/p>\n<p><u>List of Cookies<\/u><\/p>\n<table style=\"width: 74.0057%;\">\n<tbody>\n<tr>\n<td style=\"width: 19.967%;\" width=\"121\"><strong>Nazwa<\/strong><\/td>\n<td style=\"width: 19.967%;\" width=\"121\"><strong>Cel<\/strong><\/td>\n<td style=\"width: 19.967%;\" width=\"121\"><strong>Czas \u017cycia<\/strong><\/td>\n<td style=\"width: 19.967%;\" width=\"121\"><strong>Dostawca<\/strong><\/td>\n<td style=\"width: 19.967%;\" width=\"121\"><strong>Typ<\/strong><\/td>\n<\/tr>\n<tr>\n<td style=\"width: 19.967%;\" width=\"121\">visid_incap&#8230;<\/td>\n<td style=\"width: 19.967%;\" width=\"121\">pliki cookie stanowi\u0105 cz\u0119\u015b\u0107 firewalla aplikacji webowej<\/td>\n<td style=\"width: 19.967%;\" width=\"121\">1 miesi\u0105c<\/td>\n<td style=\"width: 19.967%;\" width=\"121\">WordPress<\/td>\n<td style=\"width: 19.967%;\" width=\"121\">niezb\u0119dne<\/td>\n<\/tr>\n<tr>\n<td style=\"width: 19.967%;\" width=\"121\">incap_ses&#8230;<\/td>\n<td style=\"width: 19.967%;\" width=\"121\">Wordfence w serwisie WordPress<\/td>\n<td style=\"width: 19.967%;\" width=\"121\">dana sesja<\/td>\n<td style=\"width: 19.967%;\" width=\"121\">WordPress<\/td>\n<td style=\"width: 19.967%;\" width=\"121\">niezb\u0119dne<\/td>\n<\/tr>\n<tr>\n<td style=\"width: 19.967%;\" width=\"121\">_ga<\/td>\n<td style=\"width: 19.967%;\" width=\"121\">Google analytics<\/td>\n<td style=\"width: 19.967%;\" width=\"121\">2 lata<\/td>\n<td style=\"width: 19.967%;\" width=\"121\">Google<\/td>\n<td style=\"width: 19.967%;\" width=\"121\">opcjonalne<\/td>\n<\/tr>\n<\/tbody>\n<\/table>\n<p>&nbsp;<\/p>\n<p class=\"p1\">Pliki cookie tej Strony internetowa dzielimy na (1) niezb\u0119dne pliki cookie,<span class=\"Apple-converted-space\">\u00a0<\/span>kt\u00f3re s\u0105 niezb\u0119dne dla podstawowych funkcji strony, i (2) opcjonalne pliki cookie, kt\u00f3re pomagaj\u0105 nam analizowa\u0107 i zrozumie\u0107 spos\u00f3b korzystania ze Strony internetowej.<\/p>\n<p class=\"p1\">Opcjonalne pliki cookie s\u0105 domy\u015blnie wy\u0142\u0105czone. U\u017cytkownik mo\u017ce wyrazi\u0107 zgod\u0119 (art. 6 ust. 1 lit. a) RODO) na ich wykorzystanie, korzystaj\u0105c z okna dialogowego Ustawie\u0144 plik\u00f3w cookie na tej Stronie internetowej. Za pomoc\u0105 tego samego dialogu mo\u017ce r\u00f3wnie\u017c wycofa\u0107 swoj\u0105 zgod\u0119 i wy\u0142\u0105czy\u0107 opcjonalne pliki cookie.<\/p>\n<p class=\"p2\">U\u017cytkownik mo\u017ce r\u00f3wnie\u017c korzysta\u0107 z naszej Strony internetowej<span class=\"Apple-converted-space\">\u00a0<\/span>bez instalowania jakichkolwiek plik\u00f3w cookie.<br \/>\nW swojej przegl\u0105darce internetowej u\u017cytkownik mo\u017ce w ka\u017cdej chwili skonfigurowa\u0107 lub ca\u0142kowicie wy\u0142\u0105czy\u0107 korzystanie z plik\u00f3w cookie. Mo\u017ce to jednak prowadzi\u0107 do ograniczenia funkcji lub mie\u0107 negatywny wp\u0142yw na przyjazno\u015b\u0107 naszej Strony internetowej<span class=\"Apple-converted-space\">\u00a0<\/span>dla u\u017cytkownika.<\/p>\n<p>(iii)\u00a0 Analiza Strony internetowej przez Google<\/p>\n<p class=\"p1\">Pod warunkiem zgody u\u017cytkownika (art. 6 ust. 1 lit. a) RODO) nasza Strona internetowa korzysta z us\u0142ugi analizy sieciowej firmy Google Inc., 1600 Amphitheatre Parkway, Mountain View, CA 94043, USA (\u201e<b>Google<\/b>\u201d).<\/p>\n<p class=\"p1\">Google b\u0119dzie w naszym imieniu analizowa\u0107 korzystanie z naszej Strony internetowej przez u\u017cytkownika.<br \/>\nW tym celu wykorzystujemy pliki cookie opisane bardziej szczeg\u00f3\u0142owo w powy\u017cszej tabeli. Informacje zebrane przez Google<span class=\"Apple-converted-space\">\u00a0<\/span>w zwi\u0105zku z korzystaniem przez u\u017cytkownika z naszej Strony internetowej<span class=\"Apple-converted-space\">\u00a0<\/span>(np. odsy\u0142aj\u0105cy adres URL, nasze strony internetowe odwiedzane<span class=\"Apple-converted-space\">\u00a0<\/span>przez u\u017cytkownika, typ przegl\u0105darki, ustawienia j\u0119zykowe, system operacyjny, rozdzielczo\u015b\u0107 ekranu) b\u0119d\u0105 przekazywane na serwer Google w USA, gdzie b\u0119d\u0105 przechowywane i analizowane. Odpowiednie wyniki zostan\u0105 nam nast\u0119pnie udost\u0119pnione w formie zanonimizowanej. Podczas tego procesu dane u\u017cytkowania nie b\u0119d\u0105 powi\u0105zane z jego pe\u0142nym adresem IP. Na naszej Stronie internetowej aktywowali\u015bmy funkcj\u0119 anonimizacji IP oferowan\u0105 przez Google, kt\u00f3ra po ka\u017cdym przes\u0142aniu danych do Google usuwa ostatnie 8 bit\u00f3w (typ IPv4) lub ostatnie 80 bit\u00f3w (typ IPv6) adresu IP u\u017cytkownika.<\/p>\n<p class=\"p2\">U\u017cytkownik mo\u017ce w ka\u017cdej chwili wycofa\u0107 swoj\u0105 zgod\u0119 na korzystanie z analizy internetowej, pobieraj\u0105c <br \/>\ni instaluj\u0105c udost\u0119pnion\u0105 wtyczk\u0119 do przegl\u0105darki Google lub korzystaj\u0105c z okna dialogowego ustawie\u0144 plik\u00f3w cookie na tej Stronie internetowej.<\/p>\n<p>(iv)\u00a0 Stosowanie formularzy kontaktowych<\/p>\n<p class=\"p1\">U\u017cytkownik mo\u017ce skontaktowa\u0107 si\u0119 z nami bezpo\u015brednio za pomoc\u0105 formularzy kontaktowych dost\u0119pnych na naszej Stronie internetowej. U\u017cytkownicy mog\u0105 nam przekazywa\u0107 nast\u0119puj\u0105ce informacje:<\/p>\n<ul class=\"ul1\">\n<li class=\"li2\"><span class=\"s2\">Nazw\u0119 \/ Imi\u0119 i nazwisko<\/span><\/li>\n<li class=\"li2\"><span class=\"s2\">Adres e-mail<\/span><\/li>\n<li class=\"li2\"><span class=\"s2\">Wiadomo\u015b\u0107<\/span><\/li>\n<\/ul>\n<p class=\"p2\">Informacje przekazane przez u\u017cytkownika za po\u015brednictwem formularzy kontaktowych przetwarzamy wy\u0142\u0105cznie w celu odpowiedzi na konkretne \u017c\u0105danie u\u017cytkownika (art. 6 ust. 1 lit. b) RODO).<br \/>\nUsuwamy te informacje, gdy tylko nie s\u0105 one ju\u017c potrzebne do przetwarzania lub realizacji \u017c\u0105dania u\u017cytkownika.<\/p>\n<p><strong><em>A.2\u00a0 Przekazywanie danych osobowych w ramach przetwarzania na zlecenie<\/em><\/strong><\/p>\n<p>(i)\u00a0 \u00a0 Przekazywanie danych osobom trzecim<\/p>\n<p>W celu przetwarzania danych osobowych u\u017cytkownika korzystamy w pewnym zakresie z us\u0142ug wyspecjalizowanych wykonawc\u00f3w us\u0142ug. Tacy wykonawcy us\u0142ug s\u0105 starannie wybierani i regularnie przez nas monitorowani. Na podstawie odpowiednich um\u00f3w dotycz\u0105cych przetwarzania danych b\u0119d\u0105 oni przetwarza\u0107 dane osobowe wy\u0142\u0105cznie na nasze polecenie i \u015bci\u015ble wed\u0142ug naszych wytycznych.<\/p>\n<p>Udost\u0119pniamy dane osobowe u\u017cytkownika nast\u0119puj\u0105cym osobom trzecim:<\/p>\n<table>\n<tbody>\n<tr>\n<td width=\"302\"><strong>Osoba trzecia<\/strong><\/td>\n<td width=\"302\"><strong>Zakres i cel przekazywania danych<\/strong><\/td>\n<\/tr>\n<tr>\n<td width=\"302\">Hume Brophy Communications<\/td>\n<td width=\"302\">Hosting i utrzymanie strony internetowej<\/td>\n<\/tr>\n<tr>\n<td width=\"302\">knoell Germany GmbH<\/td>\n<td width=\"302\">Zarz\u0105dzanie komunikacj\u0105 zwi\u0105zan\u0105<br \/>\nze stron\u0105 internetow\u0105 i zamawianie bada\u0144<\/td>\n<\/tr>\n<\/tbody>\n<\/table>\n<p>&nbsp;<\/p>\n<p>(ii)\u00a0 Przetwarzanie danych osobowych poza UE \/ EOG<\/p>\n<p>Dane osobowe u\u017cytkownika mog\u0105 by\u0107 cz\u0119\u015bciowo przetwarzane r\u00f3wnie\u017c w krajach poza Uni\u0105 Europejsk\u0105 (\u201eUE\u201d) lub Europejskim Obszarze Gospodarczym (\u201eEOG\u201d), w kt\u00f3rych poziom ochrony danych mo\u017ce by\u0107 ni\u017cszy ni\u017c w krajach europejskich. W takich przypadkach zapewnimy wystarczaj\u0105cy poziom ochrony danych osobowych u\u017cytkownika, np. poprzez zawarcie specjalnych um\u00f3w z naszymi partnerami umownymi (kopia dost\u0119pna na \u017cyczenie), lub poprosimy u\u017cytkownika o wyra\u017an\u0105 zgod\u0119 na takie przetwarzanie.<\/p>\n<p><strong>B. Informacje dotycz\u0105ce praw u\u017cytkownika<\/strong><\/p>\n<p class=\"p1\">Nast\u0119puj\u0105ce prawa s\u0105 og\u00f3lnie dost\u0119pne dla u\u017cytkownika zgodnie<span class=\"Apple-converted-space\">\u00a0<\/span>z obowi\u0105zuj\u0105cymi przepisami dotycz\u0105cymi ochrony danych osobowych:<\/p>\n<ul>\n<li><span class=\"s2\">Prawo do informacji o przechowywanych przez nas danych osobowych u\u017cytkownika; <\/span><\/li>\n<li><span class=\"s2\">Prawo do \u017c\u0105dania skorygowania, usuni\u0119cia lub ograniczenia przetwarzania danych osobowych u\u017cytkownika;<\/span><\/li>\n<li><span class=\"s2\">Prawo do wniesienia sprzeciwu wobec przetwarzania danych ze wzgl\u0119du na nasz prawnie uzasadniony interes, interes publiczny lub profilowanie, chyba \u017ce jeste\u015bmy w stanie udowodni\u0107, \u017ce istniej\u0105 istotne, uzasadnione powody, kt\u00f3re s\u0105 wa\u017cniejsze od interes\u00f3w, praw i wolno\u015bci u\u017cytkownika lub \u017ce takie przetwarzanie danych odbywa si\u0119 w celu dochodzenia, wykonywania lub obrony roszcze\u0144 prawnych;<\/span><\/li>\n<li><span class=\"s2\">Prawo do przenoszenia danych;<\/span><\/li>\n<li><span class=\"s2\">Prawo do wniesienia skargi do organu ochrony danych;<\/span><\/li>\n<\/ul>\n<p class=\"p2\">U\u017cytkownik mo\u017ce w ka\u017cdej chwili ze skutkiem od tego momentu wycofa\u0107 swoj\u0105 zgod\u0119 na przetwarzanie danych osobowych. Wi\u0119cej informacji na ten temat mo\u017cna znale\u017a\u0107 w powy\u017cszych rozdzia\u0142ach opisuj\u0105cych przetwarzanie danych osobowych na podstawie zgody u\u017cytkownika.\u00a0<br \/>\nJe\u015bli u\u017cytkownik chce skorzysta\u0107 z przys\u0142uguj\u0105cych mu praw, prosimy o skierowanie pro\u015bby do osoby do kontaktu wskazanej poni\u017cej.<\/p>\n<p><strong>C. Kontakt<\/strong><\/p>\n<p class=\"p1\">Wszelkie pytania dotycz\u0105ce ochrony danych osobowych prosimy kierowa\u0107<span class=\"Apple-converted-space\">\u00a0<\/span><span class=\"s1\">na adres:\u00a0<a href=\"mailto:privacy@glyphosate.eu\"><span class=\"s2\">privacy@glyphosate.eu<\/span><\/a><\/span><\/p>\n<p class=\"p3\">Je\u015bli u\u017cytkownik chce skontaktowa\u0107 si\u0119 z poszczeg\u00f3lnymi cz\u0142onkami Glyphosate Renewal Group, prosimy<br \/>\no skorzystanie z danych kontaktowych zawartych<span class=\"Apple-converted-space\">\u00a0<\/span>w naszej internetowej <a href=\"https:\/\/glyphosate.eu\/imprint\/\"><span class=\"s3\">wizyt\u00f3wce<\/span><\/a>.<\/p>\n<p><strong>D. Zmiany polityki prywatno\u015bci <\/strong><\/p>\n<p class=\"p1\">W ka\u017cdym czasie mo\u017cemy aktualizowa\u0107 nasz\u0105 Polityk\u0119 prywatno\u015bci. Aktualizacje Polityki prywatno\u015bci b\u0119d\u0105 publikowane na naszej Stronie internetowej. Wszelkie zmiany wchodz\u0105 w \u017cycie po ich opublikowaniu na naszej Stronie internetowej.<span class=\"Apple-converted-space\">\u00a0<\/span><\/p>\n<p class=\"p1\">W zwi\u0105zku z tym zalecamy regularne odwiedzanie naszej strony, \u017ceby na bie\u017c\u0105co zapoznawa\u0107 si\u0119 z ewentualnymi aktualizacjami.<\/p>\n<p class=\"p2\">Ostatnia aktualizacja: 25.06.2020.<\/p>\n","protected":false},"excerpt":{"rendered":"<p>Niniejsz\u0105 stron\u0119 internetow\u0105 (\u201eStrona internetowa&#8220;) dostarcza The Glyphosate Renewal Group (\u201emy\u201d lub \u201enas\u201d). Dalsze informacje dotycz\u0105ce dostawcy Strony internetowej znajduj\u0105 si\u0119 na naszej internetowej wizyt\u00f3wce. A. Przetwarzanie danych osobowych Poni\u017cej przedstawiamy informacje na temat tego, jak przetwarzamy dane osobowe u\u017cytkownika podczas korzystania przez niego z naszej Strony internetowej. A.1 Korzystanie z naszej Strony internetowej (i)&hellip;<\/p>\n","protected":false},"author":1,"featured_media":0,"parent":0,"menu_order":716,"comment_status":"closed","ping_status":"closed","template":"","meta":{"_acf_changed":false,"inline_featured_image":false,"footnotes":""},"class_list":["post-16769","page","type-page","status-publish","hentry"],"acf":[],"yoast_head":"<!-- This site is optimized with the Yoast SEO plugin v27.4 - https:\/\/yoast.com\/product\/yoast-seo-wordpress\/ -->\n<title>Polityka prywatno\u015bci i polityka dotycz\u0105ca plik\u00f3w cookie - Glyphosate Renewal Group<\/title>\n<meta name=\"robots\" content=\"index, follow, max-snippet:-1, max-image-preview:large, max-video-preview:-1\" \/>\n<link rel=\"canonical\" href=\"https:\/\/www.glyphosate.eu\/pl\/polityka-prywatnosci-i-polityka-dotyczaca-plikow-cookie\/\" \/>\n<meta property=\"og:locale\" content=\"pl_PL\" \/>\n<meta property=\"og:type\" content=\"article\" \/>\n<meta property=\"og:title\" content=\"Polityka prywatno\u015bci i polityka dotycz\u0105ca plik\u00f3w cookie - Glyphosate Renewal Group\" \/>\n<meta property=\"og:description\" content=\"Niniejsz\u0105 stron\u0119 internetow\u0105 (\u201eStrona internetowa&#8220;) dostarcza The Glyphosate Renewal Group (\u201emy\u201d lub \u201enas\u201d). Dalsze informacje dotycz\u0105ce dostawcy Strony internetowej znajduj\u0105 si\u0119 na naszej internetowej wizyt\u00f3wce. A. Przetwarzanie danych osobowych Poni\u017cej przedstawiamy informacje na temat tego, jak przetwarzamy dane osobowe u\u017cytkownika podczas korzystania przez niego z naszej Strony internetowej. A.1 Korzystanie z naszej Strony internetowej (i)&hellip;\" \/>\n<meta property=\"og:url\" content=\"https:\/\/www.glyphosate.eu\/pl\/polityka-prywatnosci-i-polityka-dotyczaca-plikow-cookie\/\" \/>\n<meta property=\"og:site_name\" content=\"Glyphosate Renewal Group\" \/>\n<meta property=\"article:modified_time\" content=\"2021-12-21T15:31:57+00:00\" \/>\n<meta name=\"twitter:card\" content=\"summary_large_image\" \/>\n<meta name=\"twitter:label1\" content=\"Est. reading time\" \/>\n\t<meta name=\"twitter:data1\" content=\"5 minutes\" \/>\n<script type=\"application\/ld+json\" class=\"yoast-schema-graph\">{\"@context\":\"https:\\\/\\\/schema.org\",\"@graph\":[{\"@type\":\"WebPage\",\"@id\":\"https:\\\/\\\/www.glyphosate.eu\\\/pl\\\/polityka-prywatnosci-i-polityka-dotyczaca-plikow-cookie\\\/\",\"url\":\"https:\\\/\\\/www.glyphosate.eu\\\/pl\\\/polityka-prywatnosci-i-polityka-dotyczaca-plikow-cookie\\\/\",\"name\":\"Polityka prywatno\u015bci i polityka dotycz\u0105ca plik\u00f3w cookie - Glyphosate Renewal Group\",\"isPartOf\":{\"@id\":\"https:\\\/\\\/www.glyphosate.eu\\\/#website\"},\"datePublished\":\"2020-03-24T11:34:25+00:00\",\"dateModified\":\"2021-12-21T15:31:57+00:00\",\"inLanguage\":\"pl-PL\",\"potentialAction\":[{\"@type\":\"ReadAction\",\"target\":[\"https:\\\/\\\/www.glyphosate.eu\\\/pl\\\/polityka-prywatnosci-i-polityka-dotyczaca-plikow-cookie\\\/\"]}]},{\"@type\":\"WebSite\",\"@id\":\"https:\\\/\\\/www.glyphosate.eu\\\/#website\",\"url\":\"https:\\\/\\\/www.glyphosate.eu\\\/\",\"name\":\"Glyphosate Renewal Group\",\"description\":\"Just another WordPress site\",\"potentialAction\":[{\"@type\":\"SearchAction\",\"target\":{\"@type\":\"EntryPoint\",\"urlTemplate\":\"https:\\\/\\\/www.glyphosate.eu\\\/?s={search_term_string}\"},\"query-input\":{\"@type\":\"PropertyValueSpecification\",\"valueRequired\":true,\"valueName\":\"search_term_string\"}}],\"inLanguage\":\"pl-PL\"}]}<\/script>\n<!-- \/ Yoast SEO plugin. -->","yoast_head_json":{"title":"Polityka prywatno\u015bci i polityka dotycz\u0105ca plik\u00f3w cookie - Glyphosate Renewal Group","robots":{"index":"index","follow":"follow","max-snippet":"max-snippet:-1","max-image-preview":"max-image-preview:large","max-video-preview":"max-video-preview:-1"},"canonical":"https:\/\/www.glyphosate.eu\/pl\/polityka-prywatnosci-i-polityka-dotyczaca-plikow-cookie\/","og_locale":"pl_PL","og_type":"article","og_title":"Polityka prywatno\u015bci i polityka dotycz\u0105ca plik\u00f3w cookie - Glyphosate Renewal Group","og_description":"Niniejsz\u0105 stron\u0119 internetow\u0105 (\u201eStrona internetowa&#8220;) dostarcza The Glyphosate Renewal Group (\u201emy\u201d lub \u201enas\u201d). Dalsze informacje dotycz\u0105ce dostawcy Strony internetowej znajduj\u0105 si\u0119 na naszej internetowej wizyt\u00f3wce. A. Przetwarzanie danych osobowych Poni\u017cej przedstawiamy informacje na temat tego, jak przetwarzamy dane osobowe u\u017cytkownika podczas korzystania przez niego z naszej Strony internetowej. A.1 Korzystanie z naszej Strony internetowej (i)&hellip;","og_url":"https:\/\/www.glyphosate.eu\/pl\/polityka-prywatnosci-i-polityka-dotyczaca-plikow-cookie\/","og_site_name":"Glyphosate Renewal Group","article_modified_time":"2021-12-21T15:31:57+00:00","twitter_card":"summary_large_image","twitter_misc":{"Est. reading time":"5 minutes"},"schema":{"@context":"https:\/\/schema.org","@graph":[{"@type":"WebPage","@id":"https:\/\/www.glyphosate.eu\/pl\/polityka-prywatnosci-i-polityka-dotyczaca-plikow-cookie\/","url":"https:\/\/www.glyphosate.eu\/pl\/polityka-prywatnosci-i-polityka-dotyczaca-plikow-cookie\/","name":"Polityka prywatno\u015bci i polityka dotycz\u0105ca plik\u00f3w cookie - Glyphosate Renewal Group","isPartOf":{"@id":"https:\/\/www.glyphosate.eu\/#website"},"datePublished":"2020-03-24T11:34:25+00:00","dateModified":"2021-12-21T15:31:57+00:00","inLanguage":"pl-PL","potentialAction":[{"@type":"ReadAction","target":["https:\/\/www.glyphosate.eu\/pl\/polityka-prywatnosci-i-polityka-dotyczaca-plikow-cookie\/"]}]},{"@type":"WebSite","@id":"https:\/\/www.glyphosate.eu\/#website","url":"https:\/\/www.glyphosate.eu\/","name":"Glyphosate Renewal Group","description":"Just another WordPress site","potentialAction":[{"@type":"SearchAction","target":{"@type":"EntryPoint","urlTemplate":"https:\/\/www.glyphosate.eu\/?s={search_term_string}"},"query-input":{"@type":"PropertyValueSpecification","valueRequired":true,"valueName":"search_term_string"}}],"inLanguage":"pl-PL"}]}},"_links":{"self":[{"href":"https:\/\/www.glyphosate.eu\/pl\/wp-json\/wp\/v2\/pages\/16769","targetHints":{"allow":["GET"]}}],"collection":[{"href":"https:\/\/www.glyphosate.eu\/pl\/wp-json\/wp\/v2\/pages"}],"about":[{"href":"https:\/\/www.glyphosate.eu\/pl\/wp-json\/wp\/v2\/types\/page"}],"author":[{"embeddable":true,"href":"https:\/\/www.glyphosate.eu\/pl\/wp-json\/wp\/v2\/users\/1"}],"replies":[{"embeddable":true,"href":"https:\/\/www.glyphosate.eu\/pl\/wp-json\/wp\/v2\/comments?post=16769"}],"version-history":[{"count":16,"href":"https:\/\/www.glyphosate.eu\/pl\/wp-json\/wp\/v2\/pages\/16769\/revisions"}],"predecessor-version":[{"id":27012,"href":"https:\/\/www.glyphosate.eu\/pl\/wp-json\/wp\/v2\/pages\/16769\/revisions\/27012"}],"wp:attachment":[{"href":"https:\/\/www.glyphosate.eu\/pl\/wp-json\/wp\/v2\/media?parent=16769"}],"curies":[{"name":"wp","href":"https:\/\/api.w.org\/{rel}","templated":true}]}}