{"id":16562,"date":"2020-04-06T08:28:57","date_gmt":"2020-04-06T07:28:57","guid":{"rendered":"https:\/\/www.glyphosate.eu\/co-nowego\/welcome-letter-from-our-chair\/"},"modified":"2023-12-12T15:57:47","modified_gmt":"2023-12-12T15:57:47","slug":"wiadomosc-powitalna-od-naszej-przewodniczacej","status":"publish","type":"page","link":"https:\/\/www.glyphosate.eu\/pl\/grg\/co-nowego\/wiadomosc-powitalna-od-naszej-przewodniczacej\/","title":{"rendered":"Wiadomo\u015b\u0107 powitalna od Przewodnicz\u0105cej GRG"},"content":{"rendered":"","protected":false},"excerpt":{"rendered":"","protected":false},"author":1,"featured_media":16018,"parent":16560,"menu_order":811,"comment_status":"closed","ping_status":"closed","template":"views\/template-content-page.blade.php","meta":{"_acf_changed":false,"inline_featured_image":false,"footnotes":""},"class_list":["post-16562","page","type-page","status-publish","has-post-thumbnail","hentry"],"acf":[],"yoast_head":"<!-- This site is optimized with the Yoast SEO plugin v27.3 - https:\/\/yoast.com\/product\/yoast-seo-wordpress\/ -->\n<title>Wiadomo\u015b\u0107 powitalna od Przewodnicz\u0105cej GRG - Glyphosate Renewal Group<\/title>\n<meta name=\"robots\" content=\"index, follow, max-snippet:-1, max-image-preview:large, max-video-preview:-1\" \/>\n<link rel=\"canonical\" href=\"https:\/\/www.glyphosate.eu\/pl\/grg\/co-nowego\/wiadomosc-powitalna-od-naszej-przewodniczacej\/\" \/>\n<meta property=\"og:locale\" content=\"pl_PL\" \/>\n<meta property=\"og:type\" content=\"article\" \/>\n<meta property=\"og:title\" content=\"Wiadomo\u015b\u0107 powitalna od Przewodnicz\u0105cej GRG - Glyphosate Renewal Group\" \/>\n<meta property=\"og:url\" content=\"https:\/\/www.glyphosate.eu\/pl\/grg\/co-nowego\/wiadomosc-powitalna-od-naszej-przewodniczacej\/\" \/>\n<meta property=\"og:site_name\" content=\"Glyphosate Renewal Group\" \/>\n<meta property=\"article:modified_time\" content=\"2023-12-12T15:57:47+00:00\" \/>\n<meta property=\"og:image\" content=\"https:\/\/www.glyphosate.eu\/app\/uploads\/2020\/05\/glyphosate-website.png\" \/>\n\t<meta property=\"og:image:width\" content=\"4800\" \/>\n\t<meta property=\"og:image:height\" content=\"1600\" \/>\n\t<meta property=\"og:image:type\" content=\"image\/png\" \/>\n<meta name=\"twitter:card\" content=\"summary_large_image\" \/>\n<script type=\"application\/ld+json\" class=\"yoast-schema-graph\">{\"@context\":\"https:\\\/\\\/schema.org\",\"@graph\":[{\"@type\":\"WebPage\",\"@id\":\"https:\\\/\\\/www.glyphosate.eu\\\/pl\\\/grg\\\/co-nowego\\\/wiadomosc-powitalna-od-naszej-przewodniczacej\\\/\",\"url\":\"https:\\\/\\\/www.glyphosate.eu\\\/pl\\\/grg\\\/co-nowego\\\/wiadomosc-powitalna-od-naszej-przewodniczacej\\\/\",\"name\":\"Wiadomo\u015b\u0107 powitalna od Przewodnicz\u0105cej GRG - Glyphosate Renewal Group\",\"isPartOf\":{\"@id\":\"https:\\\/\\\/www.glyphosate.eu\\\/#website\"},\"primaryImageOfPage\":{\"@id\":\"https:\\\/\\\/www.glyphosate.eu\\\/pl\\\/grg\\\/co-nowego\\\/wiadomosc-powitalna-od-naszej-przewodniczacej\\\/#primaryimage\"},\"image\":{\"@id\":\"https:\\\/\\\/www.glyphosate.eu\\\/pl\\\/grg\\\/co-nowego\\\/wiadomosc-powitalna-od-naszej-przewodniczacej\\\/#primaryimage\"},\"thumbnailUrl\":\"https:\\\/\\\/www.glyphosate.eu\\\/app\\\/uploads\\\/2020\\\/05\\\/glyphosate-website.png\",\"datePublished\":\"2020-04-06T07:28:57+00:00\",\"dateModified\":\"2023-12-12T15:57:47+00:00\",\"breadcrumb\":{\"@id\":\"https:\\\/\\\/www.glyphosate.eu\\\/pl\\\/grg\\\/co-nowego\\\/wiadomosc-powitalna-od-naszej-przewodniczacej\\\/#breadcrumb\"},\"inLanguage\":\"pl-PL\",\"potentialAction\":[{\"@type\":\"ReadAction\",\"target\":[\"https:\\\/\\\/www.glyphosate.eu\\\/pl\\\/grg\\\/co-nowego\\\/wiadomosc-powitalna-od-naszej-przewodniczacej\\\/\"]}]},{\"@type\":\"ImageObject\",\"inLanguage\":\"pl-PL\",\"@id\":\"https:\\\/\\\/www.glyphosate.eu\\\/pl\\\/grg\\\/co-nowego\\\/wiadomosc-powitalna-od-naszej-przewodniczacej\\\/#primaryimage\",\"url\":\"https:\\\/\\\/www.glyphosate.eu\\\/app\\\/uploads\\\/2020\\\/05\\\/glyphosate-website.png\",\"contentUrl\":\"https:\\\/\\\/www.glyphosate.eu\\\/app\\\/uploads\\\/2020\\\/05\\\/glyphosate-website.png\",\"width\":4800,\"height\":1600},{\"@type\":\"BreadcrumbList\",\"@id\":\"https:\\\/\\\/www.glyphosate.eu\\\/pl\\\/grg\\\/co-nowego\\\/wiadomosc-powitalna-od-naszej-przewodniczacej\\\/#breadcrumb\",\"itemListElement\":[{\"@type\":\"ListItem\",\"position\":1,\"name\":\"What&#8217;s New Temp &#8211; DONT delete\",\"item\":\"https:\\\/\\\/www.glyphosate.eu\\\/pl\\\/grg\\\/\"},{\"@type\":\"ListItem\",\"position\":2,\"name\":\"Co nowego\",\"item\":\"https:\\\/\\\/www.glyphosate.eu\\\/pl\\\/grg\\\/co-nowego\\\/\"},{\"@type\":\"ListItem\",\"position\":3,\"name\":\"Wiadomo\u015b\u0107 powitalna od Przewodnicz\u0105cej GRG\"}]},{\"@type\":\"WebSite\",\"@id\":\"https:\\\/\\\/www.glyphosate.eu\\\/#website\",\"url\":\"https:\\\/\\\/www.glyphosate.eu\\\/\",\"name\":\"Glyphosate Renewal Group\",\"description\":\"Just another WordPress site\",\"potentialAction\":[{\"@type\":\"SearchAction\",\"target\":{\"@type\":\"EntryPoint\",\"urlTemplate\":\"https:\\\/\\\/www.glyphosate.eu\\\/?s={search_term_string}\"},\"query-input\":{\"@type\":\"PropertyValueSpecification\",\"valueRequired\":true,\"valueName\":\"search_term_string\"}}],\"inLanguage\":\"pl-PL\"}]}<\/script>\n<!-- \/ Yoast SEO plugin. -->","yoast_head_json":{"title":"Wiadomo\u015b\u0107 powitalna od Przewodnicz\u0105cej GRG - Glyphosate Renewal Group","robots":{"index":"index","follow":"follow","max-snippet":"max-snippet:-1","max-image-preview":"max-image-preview:large","max-video-preview":"max-video-preview:-1"},"canonical":"https:\/\/www.glyphosate.eu\/pl\/grg\/co-nowego\/wiadomosc-powitalna-od-naszej-przewodniczacej\/","og_locale":"pl_PL","og_type":"article","og_title":"Wiadomo\u015b\u0107 powitalna od Przewodnicz\u0105cej GRG - Glyphosate Renewal Group","og_url":"https:\/\/www.glyphosate.eu\/pl\/grg\/co-nowego\/wiadomosc-powitalna-od-naszej-przewodniczacej\/","og_site_name":"Glyphosate Renewal Group","article_modified_time":"2023-12-12T15:57:47+00:00","og_image":[{"width":4800,"height":1600,"url":"https:\/\/www.glyphosate.eu\/app\/uploads\/2020\/05\/glyphosate-website.png","type":"image\/png"}],"twitter_card":"summary_large_image","schema":{"@context":"https:\/\/schema.org","@graph":[{"@type":"WebPage","@id":"https:\/\/www.glyphosate.eu\/pl\/grg\/co-nowego\/wiadomosc-powitalna-od-naszej-przewodniczacej\/","url":"https:\/\/www.glyphosate.eu\/pl\/grg\/co-nowego\/wiadomosc-powitalna-od-naszej-przewodniczacej\/","name":"Wiadomo\u015b\u0107 powitalna od Przewodnicz\u0105cej GRG - Glyphosate Renewal Group","isPartOf":{"@id":"https:\/\/www.glyphosate.eu\/#website"},"primaryImageOfPage":{"@id":"https:\/\/www.glyphosate.eu\/pl\/grg\/co-nowego\/wiadomosc-powitalna-od-naszej-przewodniczacej\/#primaryimage"},"image":{"@id":"https:\/\/www.glyphosate.eu\/pl\/grg\/co-nowego\/wiadomosc-powitalna-od-naszej-przewodniczacej\/#primaryimage"},"thumbnailUrl":"https:\/\/www.glyphosate.eu\/app\/uploads\/2020\/05\/glyphosate-website.png","datePublished":"2020-04-06T07:28:57+00:00","dateModified":"2023-12-12T15:57:47+00:00","breadcrumb":{"@id":"https:\/\/www.glyphosate.eu\/pl\/grg\/co-nowego\/wiadomosc-powitalna-od-naszej-przewodniczacej\/#breadcrumb"},"inLanguage":"pl-PL","potentialAction":[{"@type":"ReadAction","target":["https:\/\/www.glyphosate.eu\/pl\/grg\/co-nowego\/wiadomosc-powitalna-od-naszej-przewodniczacej\/"]}]},{"@type":"ImageObject","inLanguage":"pl-PL","@id":"https:\/\/www.glyphosate.eu\/pl\/grg\/co-nowego\/wiadomosc-powitalna-od-naszej-przewodniczacej\/#primaryimage","url":"https:\/\/www.glyphosate.eu\/app\/uploads\/2020\/05\/glyphosate-website.png","contentUrl":"https:\/\/www.glyphosate.eu\/app\/uploads\/2020\/05\/glyphosate-website.png","width":4800,"height":1600},{"@type":"BreadcrumbList","@id":"https:\/\/www.glyphosate.eu\/pl\/grg\/co-nowego\/wiadomosc-powitalna-od-naszej-przewodniczacej\/#breadcrumb","itemListElement":[{"@type":"ListItem","position":1,"name":"What&#8217;s New Temp &#8211; DONT delete","item":"https:\/\/www.glyphosate.eu\/pl\/grg\/"},{"@type":"ListItem","position":2,"name":"Co nowego","item":"https:\/\/www.glyphosate.eu\/pl\/grg\/co-nowego\/"},{"@type":"ListItem","position":3,"name":"Wiadomo\u015b\u0107 powitalna od Przewodnicz\u0105cej GRG"}]},{"@type":"WebSite","@id":"https:\/\/www.glyphosate.eu\/#website","url":"https:\/\/www.glyphosate.eu\/","name":"Glyphosate Renewal Group","description":"Just another WordPress site","potentialAction":[{"@type":"SearchAction","target":{"@type":"EntryPoint","urlTemplate":"https:\/\/www.glyphosate.eu\/?s={search_term_string}"},"query-input":{"@type":"PropertyValueSpecification","valueRequired":true,"valueName":"search_term_string"}}],"inLanguage":"pl-PL"}]}},"_links":{"self":[{"href":"https:\/\/www.glyphosate.eu\/pl\/wp-json\/wp\/v2\/pages\/16562","targetHints":{"allow":["GET"]}}],"collection":[{"href":"https:\/\/www.glyphosate.eu\/pl\/wp-json\/wp\/v2\/pages"}],"about":[{"href":"https:\/\/www.glyphosate.eu\/pl\/wp-json\/wp\/v2\/types\/page"}],"author":[{"embeddable":true,"href":"https:\/\/www.glyphosate.eu\/pl\/wp-json\/wp\/v2\/users\/1"}],"replies":[{"embeddable":true,"href":"https:\/\/www.glyphosate.eu\/pl\/wp-json\/wp\/v2\/comments?post=16562"}],"version-history":[{"count":7,"href":"https:\/\/www.glyphosate.eu\/pl\/wp-json\/wp\/v2\/pages\/16562\/revisions"}],"predecessor-version":[{"id":35188,"href":"https:\/\/www.glyphosate.eu\/pl\/wp-json\/wp\/v2\/pages\/16562\/revisions\/35188"}],"up":[{"embeddable":true,"href":"https:\/\/www.glyphosate.eu\/pl\/wp-json\/wp\/v2\/pages\/16560"}],"wp:featuredmedia":[{"embeddable":true,"href":"https:\/\/www.glyphosate.eu\/pl\/wp-json\/wp\/v2\/media\/16018"}],"wp:attachment":[{"href":"https:\/\/www.glyphosate.eu\/pl\/wp-json\/wp\/v2\/media?parent=16562"}],"curies":[{"name":"wp","href":"https:\/\/api.w.org\/{rel}","templated":true}]}}