{"id":16547,"date":"2020-01-03T09:53:34","date_gmt":"2020-01-03T09:53:34","guid":{"rendered":"https:\/\/www.glyphosate.eu\/transparency\/scientific-dossier\/"},"modified":"2024-07-01T13:24:12","modified_gmt":"2024-07-01T12:24:12","slug":"scientific-dossier","status":"publish","type":"page","link":"https:\/\/www.glyphosate.eu\/pl\/transparency\/scientific-dossier\/","title":{"rendered":"Dokumentacja naukowa"},"content":{"rendered":"<p>Centraln\u0105 cz\u0119\u015bci\u0105 procesu regulacyjnego maj\u0105cego na celu uzyskanie zezwolenia na stosowanie i wprowadzanie do obrotu glifosatu w UE jest przed\u0142o\u017cenie dowod\u00f3w naukowych potwierdzaj\u0105cych jego bezpiecze\u0144stwo w\u0142a\u015bciwym organom krajowym i europejskim.<\/p>\n<p>Glyphosate Renewal Group (GRG) przed\u0142o\u017cy\u0142a dokumentacj\u0119 naukow\u0105 celem recenzji i oceny ryzyka do Assessment Group on Glyphosate (AGG), sk\u0142adaj\u0105cej si\u0119 z organ\u00f3w regulacyjnych z Francji, W\u0119gier, Holandii oraz Szwecji. Dokumentacja ta zawiera 100 nowych bada\u0144, odpowiedni\u0105 literatur\u0119 dost\u0119pn\u0105 publicznie i streszczenia bada\u0144, kt\u00f3re potwierdzaj\u0105 bezpiecze\u0144stwo glifosatu.<\/p>\n<p>Te nowe publikacje naukowe potwierdzaj\u0105 dowody przedstawione podczas poprzedniego procesu odnawiania (2012\u20132017). W wyniku tamtego procesu zdecydowano o ponownym zatwierdzeniu glifosatu<br \/>\nw UE na okres 5 lat.<\/p>\n<div class=\"group\/conversation-turn relative flex w-full min-w-0 flex-col agent-turn\">\n<div class=\"flex-col gap-1 md:gap-3\">\n<div class=\"flex flex-grow flex-col max-w-full\">\n<div class=\"min-h-[20px] text-message flex flex-col items-start whitespace-pre-wrap break-words [.text-message+&amp;]:mt-5 juice:w-full juice:items-end overflow-x-auto gap-2\" dir=\"auto\" data-message-author-role=\"assistant\" data-message-id=\"85d97fc1-4671-426b-8cc2-3aa023337229\">\n<div class=\"flex w-full flex-col gap-1 juice:empty:hidden juice:first:pt-[3px]\">\n<div class=\"markdown prose w-full break-words dark:prose-invert light\">\n<p>Grupa ds. Odnowienia Glifosatu zobowi\u0105zuje si\u0119 do przejrzysto\u015bci i udost\u0119pni\u0142a publicznie listy raport\u00f3w z bada\u0144 z\u0142o\u017conych w latach 2012 i 2020.<br \/>\nAby uzyska\u0107 dost\u0119p do tych raport\u00f3w, prosimy o odwiedzenie strony<span style=\"color: #0000ff;\"> <a style=\"color: #0000ff;\" href=\"https:\/\/open.efsa.europa.eu\/questions\" target=\"_new\" rel=\"noreferrer noopener\">Europejskiego Urz\u0119du ds. Bezpiecze\u0144stwa \u017bywno\u015bci (EFSA)<\/a><\/span>, gdzie mo\u017cna za\u017c\u0105da\u0107 niezb\u0119dnych dokument\u00f3w. To zapewnia, \u017ce wszystkie zainteresowane strony mog\u0105 uzyska\u0107 niezb\u0119dne dane i informacje.<\/p>\n<\/div>\n<\/div>\n<\/div>\n<\/div>\n<\/div>\n<\/div>\n<p>* Rozporz\u0105dzenie (WE) nr 1107\/2009 Parlamentu Europejskiego oraz Rady <br \/>\nz dnia 21 pa\u017adziernika 2009 r. o wprowadzaniu \u015brodk\u00f3w ochrony ro\u015blin na rynek.<\/p>\n","protected":false},"excerpt":{"rendered":"<p>Centraln\u0105 cz\u0119\u015bci\u0105 procesu regulacyjnego maj\u0105cego na celu uzyskanie zezwolenia na stosowanie i wprowadzanie do obrotu glifosatu w UE jest przed\u0142o\u017cenie dowod\u00f3w naukowych potwierdzaj\u0105cych jego bezpiecze\u0144stwo w\u0142a\u015bciwym organom krajowym i europejskim. Glyphosate Renewal Group (GRG) przed\u0142o\u017cy\u0142a dokumentacj\u0119 naukow\u0105 celem recenzji i oceny ryzyka do Assessment Group on Glyphosate (AGG), sk\u0142adaj\u0105cej si\u0119 z organ\u00f3w regulacyjnych z Francji,&hellip;<\/p>\n","protected":false},"author":1,"featured_media":0,"parent":16425,"menu_order":424,"comment_status":"closed","ping_status":"closed","template":"views\/template-transparency.blade.php","meta":{"_acf_changed":false,"inline_featured_image":false,"footnotes":""},"class_list":["post-16547","page","type-page","status-publish","hentry"],"acf":[],"yoast_head":"<!-- This site is optimized with the Yoast SEO plugin v27.3 - https:\/\/yoast.com\/product\/yoast-seo-wordpress\/ -->\n<title>Dokumentacja naukowa - Glyphosate Renewal Group<\/title>\n<meta name=\"robots\" content=\"index, follow, max-snippet:-1, max-image-preview:large, max-video-preview:-1\" \/>\n<link rel=\"canonical\" href=\"https:\/\/www.glyphosate.eu\/pl\/transparency\/scientific-dossier\/\" \/>\n<meta property=\"og:locale\" content=\"pl_PL\" \/>\n<meta property=\"og:type\" content=\"article\" \/>\n<meta property=\"og:title\" content=\"Dokumentacja naukowa - Glyphosate Renewal Group\" \/>\n<meta property=\"og:description\" content=\"Centraln\u0105 cz\u0119\u015bci\u0105 procesu regulacyjnego maj\u0105cego na celu uzyskanie zezwolenia na stosowanie i wprowadzanie do obrotu glifosatu w UE jest przed\u0142o\u017cenie dowod\u00f3w naukowych potwierdzaj\u0105cych jego bezpiecze\u0144stwo w\u0142a\u015bciwym organom krajowym i europejskim. Glyphosate Renewal Group (GRG) przed\u0142o\u017cy\u0142a dokumentacj\u0119 naukow\u0105 celem recenzji i oceny ryzyka do Assessment Group on Glyphosate (AGG), sk\u0142adaj\u0105cej si\u0119 z organ\u00f3w regulacyjnych z Francji,&hellip;\" \/>\n<meta property=\"og:url\" content=\"https:\/\/www.glyphosate.eu\/pl\/transparency\/scientific-dossier\/\" \/>\n<meta property=\"og:site_name\" content=\"Glyphosate Renewal Group\" \/>\n<meta property=\"article:modified_time\" content=\"2024-07-01T12:24:12+00:00\" \/>\n<meta name=\"twitter:card\" content=\"summary_large_image\" \/>\n<meta name=\"twitter:label1\" content=\"Est. reading time\" \/>\n\t<meta name=\"twitter:data1\" content=\"1 minute\" \/>\n<script type=\"application\/ld+json\" class=\"yoast-schema-graph\">{\"@context\":\"https:\\\/\\\/schema.org\",\"@graph\":[{\"@type\":\"WebPage\",\"@id\":\"https:\\\/\\\/www.glyphosate.eu\\\/pl\\\/transparency\\\/scientific-dossier\\\/\",\"url\":\"https:\\\/\\\/www.glyphosate.eu\\\/pl\\\/transparency\\\/scientific-dossier\\\/\",\"name\":\"Dokumentacja naukowa - Glyphosate Renewal Group\",\"isPartOf\":{\"@id\":\"https:\\\/\\\/www.glyphosate.eu\\\/#website\"},\"datePublished\":\"2020-01-03T09:53:34+00:00\",\"dateModified\":\"2024-07-01T12:24:12+00:00\",\"breadcrumb\":{\"@id\":\"https:\\\/\\\/www.glyphosate.eu\\\/pl\\\/transparency\\\/scientific-dossier\\\/#breadcrumb\"},\"inLanguage\":\"pl-PL\",\"potentialAction\":[{\"@type\":\"ReadAction\",\"target\":[\"https:\\\/\\\/www.glyphosate.eu\\\/pl\\\/transparency\\\/scientific-dossier\\\/\"]}]},{\"@type\":\"BreadcrumbList\",\"@id\":\"https:\\\/\\\/www.glyphosate.eu\\\/pl\\\/transparency\\\/scientific-dossier\\\/#breadcrumb\",\"itemListElement\":[{\"@type\":\"ListItem\",\"position\":1,\"name\":\"Przejrzysto\u015bci\",\"item\":\"https:\\\/\\\/www.glyphosate.eu\\\/pl\\\/transparency\\\/\"},{\"@type\":\"ListItem\",\"position\":2,\"name\":\"Dokumentacja naukowa\"}]},{\"@type\":\"WebSite\",\"@id\":\"https:\\\/\\\/www.glyphosate.eu\\\/#website\",\"url\":\"https:\\\/\\\/www.glyphosate.eu\\\/\",\"name\":\"Glyphosate Renewal Group\",\"description\":\"Just another WordPress site\",\"potentialAction\":[{\"@type\":\"SearchAction\",\"target\":{\"@type\":\"EntryPoint\",\"urlTemplate\":\"https:\\\/\\\/www.glyphosate.eu\\\/?s={search_term_string}\"},\"query-input\":{\"@type\":\"PropertyValueSpecification\",\"valueRequired\":true,\"valueName\":\"search_term_string\"}}],\"inLanguage\":\"pl-PL\"}]}<\/script>\n<!-- \/ Yoast SEO plugin. -->","yoast_head_json":{"title":"Dokumentacja naukowa - Glyphosate Renewal Group","robots":{"index":"index","follow":"follow","max-snippet":"max-snippet:-1","max-image-preview":"max-image-preview:large","max-video-preview":"max-video-preview:-1"},"canonical":"https:\/\/www.glyphosate.eu\/pl\/transparency\/scientific-dossier\/","og_locale":"pl_PL","og_type":"article","og_title":"Dokumentacja naukowa - Glyphosate Renewal Group","og_description":"Centraln\u0105 cz\u0119\u015bci\u0105 procesu regulacyjnego maj\u0105cego na celu uzyskanie zezwolenia na stosowanie i wprowadzanie do obrotu glifosatu w UE jest przed\u0142o\u017cenie dowod\u00f3w naukowych potwierdzaj\u0105cych jego bezpiecze\u0144stwo w\u0142a\u015bciwym organom krajowym i europejskim. Glyphosate Renewal Group (GRG) przed\u0142o\u017cy\u0142a dokumentacj\u0119 naukow\u0105 celem recenzji i oceny ryzyka do Assessment Group on Glyphosate (AGG), sk\u0142adaj\u0105cej si\u0119 z organ\u00f3w regulacyjnych z Francji,&hellip;","og_url":"https:\/\/www.glyphosate.eu\/pl\/transparency\/scientific-dossier\/","og_site_name":"Glyphosate Renewal Group","article_modified_time":"2024-07-01T12:24:12+00:00","twitter_card":"summary_large_image","twitter_misc":{"Est. reading time":"1 minute"},"schema":{"@context":"https:\/\/schema.org","@graph":[{"@type":"WebPage","@id":"https:\/\/www.glyphosate.eu\/pl\/transparency\/scientific-dossier\/","url":"https:\/\/www.glyphosate.eu\/pl\/transparency\/scientific-dossier\/","name":"Dokumentacja naukowa - Glyphosate Renewal Group","isPartOf":{"@id":"https:\/\/www.glyphosate.eu\/#website"},"datePublished":"2020-01-03T09:53:34+00:00","dateModified":"2024-07-01T12:24:12+00:00","breadcrumb":{"@id":"https:\/\/www.glyphosate.eu\/pl\/transparency\/scientific-dossier\/#breadcrumb"},"inLanguage":"pl-PL","potentialAction":[{"@type":"ReadAction","target":["https:\/\/www.glyphosate.eu\/pl\/transparency\/scientific-dossier\/"]}]},{"@type":"BreadcrumbList","@id":"https:\/\/www.glyphosate.eu\/pl\/transparency\/scientific-dossier\/#breadcrumb","itemListElement":[{"@type":"ListItem","position":1,"name":"Przejrzysto\u015bci","item":"https:\/\/www.glyphosate.eu\/pl\/transparency\/"},{"@type":"ListItem","position":2,"name":"Dokumentacja naukowa"}]},{"@type":"WebSite","@id":"https:\/\/www.glyphosate.eu\/#website","url":"https:\/\/www.glyphosate.eu\/","name":"Glyphosate Renewal Group","description":"Just another WordPress site","potentialAction":[{"@type":"SearchAction","target":{"@type":"EntryPoint","urlTemplate":"https:\/\/www.glyphosate.eu\/?s={search_term_string}"},"query-input":{"@type":"PropertyValueSpecification","valueRequired":true,"valueName":"search_term_string"}}],"inLanguage":"pl-PL"}]}},"_links":{"self":[{"href":"https:\/\/www.glyphosate.eu\/pl\/wp-json\/wp\/v2\/pages\/16547","targetHints":{"allow":["GET"]}}],"collection":[{"href":"https:\/\/www.glyphosate.eu\/pl\/wp-json\/wp\/v2\/pages"}],"about":[{"href":"https:\/\/www.glyphosate.eu\/pl\/wp-json\/wp\/v2\/types\/page"}],"author":[{"embeddable":true,"href":"https:\/\/www.glyphosate.eu\/pl\/wp-json\/wp\/v2\/users\/1"}],"replies":[{"embeddable":true,"href":"https:\/\/www.glyphosate.eu\/pl\/wp-json\/wp\/v2\/comments?post=16547"}],"version-history":[{"count":24,"href":"https:\/\/www.glyphosate.eu\/pl\/wp-json\/wp\/v2\/pages\/16547\/revisions"}],"predecessor-version":[{"id":35273,"href":"https:\/\/www.glyphosate.eu\/pl\/wp-json\/wp\/v2\/pages\/16547\/revisions\/35273"}],"up":[{"embeddable":true,"href":"https:\/\/www.glyphosate.eu\/pl\/wp-json\/wp\/v2\/pages\/16425"}],"wp:attachment":[{"href":"https:\/\/www.glyphosate.eu\/pl\/wp-json\/wp\/v2\/media?parent=16547"}],"curies":[{"name":"wp","href":"https:\/\/api.w.org\/{rel}","templated":true}]}}