{"id":16542,"date":"2020-06-25T12:27:22","date_gmt":"2020-06-25T11:27:22","guid":{"rendered":"https:\/\/www.glyphosate.eu\/transparency\/authority-communication\/"},"modified":"2021-04-26T15:56:57","modified_gmt":"2021-04-26T14:56:57","slug":"komunikacja-z-wladzami","status":"publish","type":"page","link":"https:\/\/www.glyphosate.eu\/pl\/transparency\/komunikacja-z-wladzami\/","title":{"rendered":"Komunikacja z w\u0142adzami"},"content":{"rendered":"<p>Na tej stronie znajd\u0105 Pa\u0144stwo kopie korespondencji pomi\u0119dzy Glyphosate Renewal Group a organami regulacyjnymi zaanga\u017cowanymi w proces odnawiania zezwolenia UE na glifosat. Sta\u0142a komunikacja mi\u0119dzy zaanga\u017cowanymi stronami jest normaln\u0105 praktyk\u0105 proces\u00f3w regulacyjnych. Czasami potrzebna jest pisemna wymiana informacji w celu dostarczenia wyja\u015bnie\u0144, bez czekania na formalne spotkania. Zgodnie ze swoim zobowi\u0105zaniem wzgl\u0119dem przejrzysto\u015bci, Glyphosate Renewal Group b\u0119dzie upublicznia\u0107 tre\u015b\u0107 korespondencji z Assessment Group on Glyphosate (AGG) oraz innymi organami regulacyjnymi.<\/p>\n","protected":false},"excerpt":{"rendered":"<p>Na tej stronie znajd\u0105 Pa\u0144stwo kopie korespondencji pomi\u0119dzy Glyphosate Renewal Group a organami regulacyjnymi zaanga\u017cowanymi w proces odnawiania zezwolenia UE na glifosat. Sta\u0142a komunikacja mi\u0119dzy zaanga\u017cowanymi stronami jest normaln\u0105 praktyk\u0105 proces\u00f3w regulacyjnych. Czasami potrzebna jest pisemna wymiana informacji w celu dostarczenia wyja\u015bnie\u0144, bez czekania na formalne spotkania. Zgodnie ze swoim zobowi\u0105zaniem wzgl\u0119dem przejrzysto\u015bci, Glyphosate Renewal&hellip;<\/p>\n","protected":false},"author":1,"featured_media":0,"parent":16425,"menu_order":412,"comment_status":"closed","ping_status":"closed","template":"views\/template-authority-communications.blade.php","meta":{"_acf_changed":false,"inline_featured_image":false,"footnotes":""},"class_list":["post-16542","page","type-page","status-publish","hentry"],"acf":[],"yoast_head":"<!-- This site is optimized with the Yoast SEO plugin v27.4 - https:\/\/yoast.com\/product\/yoast-seo-wordpress\/ -->\n<title>Komunikacja z w\u0142adzami - Glyphosate Renewal Group<\/title>\n<meta name=\"robots\" content=\"index, follow, max-snippet:-1, max-image-preview:large, max-video-preview:-1\" \/>\n<link rel=\"canonical\" href=\"https:\/\/www.glyphosate.eu\/pl\/transparency\/komunikacja-z-wladzami\/\" \/>\n<meta property=\"og:locale\" content=\"pl_PL\" \/>\n<meta property=\"og:type\" content=\"article\" \/>\n<meta property=\"og:title\" content=\"Komunikacja z w\u0142adzami - Glyphosate Renewal Group\" \/>\n<meta property=\"og:description\" content=\"Na tej stronie znajd\u0105 Pa\u0144stwo kopie korespondencji pomi\u0119dzy Glyphosate Renewal Group a organami regulacyjnymi zaanga\u017cowanymi w proces odnawiania zezwolenia UE na glifosat. Sta\u0142a komunikacja mi\u0119dzy zaanga\u017cowanymi stronami jest normaln\u0105 praktyk\u0105 proces\u00f3w regulacyjnych. Czasami potrzebna jest pisemna wymiana informacji w celu dostarczenia wyja\u015bnie\u0144, bez czekania na formalne spotkania. Zgodnie ze swoim zobowi\u0105zaniem wzgl\u0119dem przejrzysto\u015bci, Glyphosate Renewal&hellip;\" \/>\n<meta property=\"og:url\" content=\"https:\/\/www.glyphosate.eu\/pl\/transparency\/komunikacja-z-wladzami\/\" \/>\n<meta property=\"og:site_name\" content=\"Glyphosate Renewal Group\" \/>\n<meta property=\"article:modified_time\" content=\"2021-04-26T14:56:57+00:00\" \/>\n<meta name=\"twitter:card\" content=\"summary_large_image\" \/>\n<meta name=\"twitter:label1\" content=\"Est. reading time\" \/>\n\t<meta name=\"twitter:data1\" content=\"1 minute\" \/>\n<script type=\"application\/ld+json\" class=\"yoast-schema-graph\">{\"@context\":\"https:\\\/\\\/schema.org\",\"@graph\":[{\"@type\":\"WebPage\",\"@id\":\"https:\\\/\\\/www.glyphosate.eu\\\/pl\\\/transparency\\\/komunikacja-z-wladzami\\\/\",\"url\":\"https:\\\/\\\/www.glyphosate.eu\\\/pl\\\/transparency\\\/komunikacja-z-wladzami\\\/\",\"name\":\"Komunikacja z w\u0142adzami - Glyphosate Renewal Group\",\"isPartOf\":{\"@id\":\"https:\\\/\\\/www.glyphosate.eu\\\/#website\"},\"datePublished\":\"2020-06-25T11:27:22+00:00\",\"dateModified\":\"2021-04-26T14:56:57+00:00\",\"breadcrumb\":{\"@id\":\"https:\\\/\\\/www.glyphosate.eu\\\/pl\\\/transparency\\\/komunikacja-z-wladzami\\\/#breadcrumb\"},\"inLanguage\":\"pl-PL\",\"potentialAction\":[{\"@type\":\"ReadAction\",\"target\":[\"https:\\\/\\\/www.glyphosate.eu\\\/pl\\\/transparency\\\/komunikacja-z-wladzami\\\/\"]}]},{\"@type\":\"BreadcrumbList\",\"@id\":\"https:\\\/\\\/www.glyphosate.eu\\\/pl\\\/transparency\\\/komunikacja-z-wladzami\\\/#breadcrumb\",\"itemListElement\":[{\"@type\":\"ListItem\",\"position\":1,\"name\":\"Przejrzysto\u015bci\",\"item\":\"https:\\\/\\\/www.glyphosate.eu\\\/pl\\\/transparency\\\/\"},{\"@type\":\"ListItem\",\"position\":2,\"name\":\"Komunikacja z w\u0142adzami\"}]},{\"@type\":\"WebSite\",\"@id\":\"https:\\\/\\\/www.glyphosate.eu\\\/#website\",\"url\":\"https:\\\/\\\/www.glyphosate.eu\\\/\",\"name\":\"Glyphosate Renewal Group\",\"description\":\"Just another WordPress site\",\"potentialAction\":[{\"@type\":\"SearchAction\",\"target\":{\"@type\":\"EntryPoint\",\"urlTemplate\":\"https:\\\/\\\/www.glyphosate.eu\\\/?s={search_term_string}\"},\"query-input\":{\"@type\":\"PropertyValueSpecification\",\"valueRequired\":true,\"valueName\":\"search_term_string\"}}],\"inLanguage\":\"pl-PL\"}]}<\/script>\n<!-- \/ Yoast SEO plugin. -->","yoast_head_json":{"title":"Komunikacja z w\u0142adzami - Glyphosate Renewal Group","robots":{"index":"index","follow":"follow","max-snippet":"max-snippet:-1","max-image-preview":"max-image-preview:large","max-video-preview":"max-video-preview:-1"},"canonical":"https:\/\/www.glyphosate.eu\/pl\/transparency\/komunikacja-z-wladzami\/","og_locale":"pl_PL","og_type":"article","og_title":"Komunikacja z w\u0142adzami - Glyphosate Renewal Group","og_description":"Na tej stronie znajd\u0105 Pa\u0144stwo kopie korespondencji pomi\u0119dzy Glyphosate Renewal Group a organami regulacyjnymi zaanga\u017cowanymi w proces odnawiania zezwolenia UE na glifosat. Sta\u0142a komunikacja mi\u0119dzy zaanga\u017cowanymi stronami jest normaln\u0105 praktyk\u0105 proces\u00f3w regulacyjnych. Czasami potrzebna jest pisemna wymiana informacji w celu dostarczenia wyja\u015bnie\u0144, bez czekania na formalne spotkania. Zgodnie ze swoim zobowi\u0105zaniem wzgl\u0119dem przejrzysto\u015bci, Glyphosate Renewal&hellip;","og_url":"https:\/\/www.glyphosate.eu\/pl\/transparency\/komunikacja-z-wladzami\/","og_site_name":"Glyphosate Renewal Group","article_modified_time":"2021-04-26T14:56:57+00:00","twitter_card":"summary_large_image","twitter_misc":{"Est. reading time":"1 minute"},"schema":{"@context":"https:\/\/schema.org","@graph":[{"@type":"WebPage","@id":"https:\/\/www.glyphosate.eu\/pl\/transparency\/komunikacja-z-wladzami\/","url":"https:\/\/www.glyphosate.eu\/pl\/transparency\/komunikacja-z-wladzami\/","name":"Komunikacja z w\u0142adzami - Glyphosate Renewal Group","isPartOf":{"@id":"https:\/\/www.glyphosate.eu\/#website"},"datePublished":"2020-06-25T11:27:22+00:00","dateModified":"2021-04-26T14:56:57+00:00","breadcrumb":{"@id":"https:\/\/www.glyphosate.eu\/pl\/transparency\/komunikacja-z-wladzami\/#breadcrumb"},"inLanguage":"pl-PL","potentialAction":[{"@type":"ReadAction","target":["https:\/\/www.glyphosate.eu\/pl\/transparency\/komunikacja-z-wladzami\/"]}]},{"@type":"BreadcrumbList","@id":"https:\/\/www.glyphosate.eu\/pl\/transparency\/komunikacja-z-wladzami\/#breadcrumb","itemListElement":[{"@type":"ListItem","position":1,"name":"Przejrzysto\u015bci","item":"https:\/\/www.glyphosate.eu\/pl\/transparency\/"},{"@type":"ListItem","position":2,"name":"Komunikacja z w\u0142adzami"}]},{"@type":"WebSite","@id":"https:\/\/www.glyphosate.eu\/#website","url":"https:\/\/www.glyphosate.eu\/","name":"Glyphosate Renewal Group","description":"Just another WordPress site","potentialAction":[{"@type":"SearchAction","target":{"@type":"EntryPoint","urlTemplate":"https:\/\/www.glyphosate.eu\/?s={search_term_string}"},"query-input":{"@type":"PropertyValueSpecification","valueRequired":true,"valueName":"search_term_string"}}],"inLanguage":"pl-PL"}]}},"_links":{"self":[{"href":"https:\/\/www.glyphosate.eu\/pl\/wp-json\/wp\/v2\/pages\/16542","targetHints":{"allow":["GET"]}}],"collection":[{"href":"https:\/\/www.glyphosate.eu\/pl\/wp-json\/wp\/v2\/pages"}],"about":[{"href":"https:\/\/www.glyphosate.eu\/pl\/wp-json\/wp\/v2\/types\/page"}],"author":[{"embeddable":true,"href":"https:\/\/www.glyphosate.eu\/pl\/wp-json\/wp\/v2\/users\/1"}],"replies":[{"embeddable":true,"href":"https:\/\/www.glyphosate.eu\/pl\/wp-json\/wp\/v2\/comments?post=16542"}],"version-history":[{"count":7,"href":"https:\/\/www.glyphosate.eu\/pl\/wp-json\/wp\/v2\/pages\/16542\/revisions"}],"predecessor-version":[{"id":17903,"href":"https:\/\/www.glyphosate.eu\/pl\/wp-json\/wp\/v2\/pages\/16542\/revisions\/17903"}],"up":[{"embeddable":true,"href":"https:\/\/www.glyphosate.eu\/pl\/wp-json\/wp\/v2\/pages\/16425"}],"wp:attachment":[{"href":"https:\/\/www.glyphosate.eu\/pl\/wp-json\/wp\/v2\/media?parent=16542"}],"curies":[{"name":"wp","href":"https:\/\/api.w.org\/{rel}","templated":true}]}}