{"id":16539,"date":"2020-01-03T14:17:12","date_gmt":"2020-01-03T14:17:12","guid":{"rendered":"https:\/\/www.glyphosate.eu\/transparency\/application\/"},"modified":"2021-04-26T16:44:06","modified_gmt":"2021-04-26T15:44:06","slug":"wniosek","status":"publish","type":"page","link":"https:\/\/www.glyphosate.eu\/pl\/transparency\/wniosek\/","title":{"rendered":"Wniosek"},"content":{"rendered":"<p>Dnia 12 grudnia 2019 r. Glyphosate Renewal Group (GRG) z\u0142o\u017cy\u0142a wniosek do ka\u017cdego z kraj\u00f3w cz\u0142onkowskich b\u0119d\u0105cych cz\u0119\u015bci\u0105 Assessment Group on Glyphosate (Francji, W\u0119gier, Holandii oraz Szwecji), Europejskiego Urz\u0119du ds. Bezpiecze\u0144stwa \u017bywno\u015bci (EFSA), Komisji Europejskiej oraz wszystkich pozosta\u0142ych kraj\u00f3w cz\u0142onkowskich UE.<\/p>\n<p>Wniosek o odnowienie substancji czynnej glifosat zosta\u0142 pocz\u0105tkowo z\u0142o\u017cony 12 grudnia przez GRG do oceniaj\u0105cych kraj\u00f3w cz\u0142onkowskich (AGG), EFSA oraz Komisji Europejskiej. 15 grudnia 2019 r. stanowi\u0142 graniczny termin na przed\u0142o\u017cenie aktualnego wniosku, tj. trzy lata przed wyga\u015bni\u0119ciem obecnego zezwolenia dla glifosatu (15 grudnia 2022 r.). Pierwszy wniosek, kt\u00f3ry mo\u017cna znale\u017a\u0107 na tej stronie internetowej do pobrania, zawiera\u0142 informacje o nowych i trwaj\u0105cych badaniach. Ponadto GRG przed\u0142o\u017cy\u0142a o\u015bwiadczenia o ochronie danych zgodne z art. 59 Rozporz\u0105dzenia (UE) nr 1107\/2009; format tego wniosku okre\u015bla za\u0142\u0105cznik do Rozporz\u0105dzenia (UE) nr 844\/2012.<\/p>\n<p>Przeprowadziwszy recenzj\u0119 wniosku, kraje cz\u0142onkowskie AGG poprosi\u0142y o wprowadzenie pewnych zmian we wniosku. 23 stycznia 2020 r. Glyphosate Renewal Group dostarczy\u0142a ka\u017cdemu z czterech kraj\u00f3w cz\u0142onkowskich AGG nowy wniosek, poprawiony zgodnie z uwagami AGG. R\u00f3wnie\u017c ten dokument jest dost\u0119pny do pobrania na niniejszej stronie. Po recenzji, kraje cz\u0142onkowskie AGG potwierdzi\u0142y, \u017ce wniosek spe\u0142nia wymogi formalne.<\/p>\n<p>Glifosat jest dopuszczony do stosowania w Unii Europejskiej jako substancja czynna w \u015brodkach ochrony ro\u015blin do 15 grudnia 2022 r. Wniosek o przed\u0142u\u017cenie nale\u017cy z\u0142o\u017cy\u0107 trzy lata przed up\u0142ywem tego terminu (15 grudnia 2019 r.), a nast\u0119pnie przed\u0142o\u017cy\u0107 pe\u0142n\u0105 dokumentacj\u0119 w ci\u0105gu nast\u0119pnych sze\u015bciu miesi\u0119cy (15 czerwca 2020 r.). Assessment Group on Glyphosate (AGG), dzia\u0142aj\u0105c wsp\u00f3lnie jako kraje cz\u0142onkowskie pe\u0142ni\u0105ce funkcj\u0119 sprawozdawcy, rozpocznie w\u00f3wczas wszechstronn\u0105 ocen\u0119 naukow\u0105.<\/p>\n<p>Zbli\u017caj\u0105cy si\u0119 przegl\u0105d zatwierdzenia jest procesem regulacyjnym uwzgl\u0119dniaj\u0105cym post\u0119p naukowy i technologiczny oraz do\u015bwiadczenie zdobyte od czasu ostatniej oceny substancji czynnej. Glifosat zostanie oceniony pod k\u0105tem jego bezpiecze\u0144stwa dla ludzi, zwierz\u0105t i \u015brodowiska.<\/p>\n","protected":false},"excerpt":{"rendered":"<p>Dnia 12 grudnia 2019 r. Glyphosate Renewal Group (GRG) z\u0142o\u017cy\u0142a wniosek do ka\u017cdego z kraj\u00f3w cz\u0142onkowskich b\u0119d\u0105cych cz\u0119\u015bci\u0105 Assessment Group on Glyphosate (Francji, W\u0119gier, Holandii oraz Szwecji), Europejskiego Urz\u0119du ds. Bezpiecze\u0144stwa \u017bywno\u015bci (EFSA), Komisji Europejskiej oraz wszystkich pozosta\u0142ych kraj\u00f3w cz\u0142onkowskich UE. Wniosek o odnowienie substancji czynnej glifosat zosta\u0142 pocz\u0105tkowo z\u0142o\u017cony 12 grudnia przez GRG do&hellip;<\/p>\n","protected":false},"author":1,"featured_media":0,"parent":16425,"menu_order":396,"comment_status":"closed","ping_status":"closed","template":"views\/template-application.blade.php","meta":{"_acf_changed":false,"inline_featured_image":false,"footnotes":""},"class_list":["post-16539","page","type-page","status-publish","hentry"],"acf":[],"yoast_head":"<!-- This site is optimized with the Yoast SEO plugin v27.3 - https:\/\/yoast.com\/product\/yoast-seo-wordpress\/ -->\n<title>Wniosek - Glyphosate Renewal Group<\/title>\n<meta name=\"robots\" content=\"index, follow, max-snippet:-1, max-image-preview:large, max-video-preview:-1\" \/>\n<link rel=\"canonical\" href=\"https:\/\/www.glyphosate.eu\/pl\/transparency\/wniosek\/\" \/>\n<meta property=\"og:locale\" content=\"pl_PL\" \/>\n<meta property=\"og:type\" content=\"article\" \/>\n<meta property=\"og:title\" content=\"Wniosek - Glyphosate Renewal Group\" \/>\n<meta property=\"og:description\" content=\"Dnia 12 grudnia 2019 r. Glyphosate Renewal Group (GRG) z\u0142o\u017cy\u0142a wniosek do ka\u017cdego z kraj\u00f3w cz\u0142onkowskich b\u0119d\u0105cych cz\u0119\u015bci\u0105 Assessment Group on Glyphosate (Francji, W\u0119gier, Holandii oraz Szwecji), Europejskiego Urz\u0119du ds. Bezpiecze\u0144stwa \u017bywno\u015bci (EFSA), Komisji Europejskiej oraz wszystkich pozosta\u0142ych kraj\u00f3w cz\u0142onkowskich UE. Wniosek o odnowienie substancji czynnej glifosat zosta\u0142 pocz\u0105tkowo z\u0142o\u017cony 12 grudnia przez GRG do&hellip;\" \/>\n<meta property=\"og:url\" content=\"https:\/\/www.glyphosate.eu\/pl\/transparency\/wniosek\/\" \/>\n<meta property=\"og:site_name\" content=\"Glyphosate Renewal Group\" \/>\n<meta property=\"article:modified_time\" content=\"2021-04-26T15:44:06+00:00\" \/>\n<meta name=\"twitter:card\" content=\"summary_large_image\" \/>\n<meta name=\"twitter:label1\" content=\"Est. reading time\" \/>\n\t<meta name=\"twitter:data1\" content=\"2 minutes\" \/>\n<script type=\"application\/ld+json\" class=\"yoast-schema-graph\">{\"@context\":\"https:\\\/\\\/schema.org\",\"@graph\":[{\"@type\":\"WebPage\",\"@id\":\"https:\\\/\\\/www.glyphosate.eu\\\/pl\\\/transparency\\\/wniosek\\\/\",\"url\":\"https:\\\/\\\/www.glyphosate.eu\\\/pl\\\/transparency\\\/wniosek\\\/\",\"name\":\"Wniosek - Glyphosate Renewal Group\",\"isPartOf\":{\"@id\":\"https:\\\/\\\/www.glyphosate.eu\\\/#website\"},\"datePublished\":\"2020-01-03T14:17:12+00:00\",\"dateModified\":\"2021-04-26T15:44:06+00:00\",\"breadcrumb\":{\"@id\":\"https:\\\/\\\/www.glyphosate.eu\\\/pl\\\/transparency\\\/wniosek\\\/#breadcrumb\"},\"inLanguage\":\"pl-PL\",\"potentialAction\":[{\"@type\":\"ReadAction\",\"target\":[\"https:\\\/\\\/www.glyphosate.eu\\\/pl\\\/transparency\\\/wniosek\\\/\"]}]},{\"@type\":\"BreadcrumbList\",\"@id\":\"https:\\\/\\\/www.glyphosate.eu\\\/pl\\\/transparency\\\/wniosek\\\/#breadcrumb\",\"itemListElement\":[{\"@type\":\"ListItem\",\"position\":1,\"name\":\"Przejrzysto\u015bci\",\"item\":\"https:\\\/\\\/www.glyphosate.eu\\\/pl\\\/transparency\\\/\"},{\"@type\":\"ListItem\",\"position\":2,\"name\":\"Wniosek\"}]},{\"@type\":\"WebSite\",\"@id\":\"https:\\\/\\\/www.glyphosate.eu\\\/#website\",\"url\":\"https:\\\/\\\/www.glyphosate.eu\\\/\",\"name\":\"Glyphosate Renewal Group\",\"description\":\"Just another WordPress site\",\"potentialAction\":[{\"@type\":\"SearchAction\",\"target\":{\"@type\":\"EntryPoint\",\"urlTemplate\":\"https:\\\/\\\/www.glyphosate.eu\\\/?s={search_term_string}\"},\"query-input\":{\"@type\":\"PropertyValueSpecification\",\"valueRequired\":true,\"valueName\":\"search_term_string\"}}],\"inLanguage\":\"pl-PL\"}]}<\/script>\n<!-- \/ Yoast SEO plugin. -->","yoast_head_json":{"title":"Wniosek - Glyphosate Renewal Group","robots":{"index":"index","follow":"follow","max-snippet":"max-snippet:-1","max-image-preview":"max-image-preview:large","max-video-preview":"max-video-preview:-1"},"canonical":"https:\/\/www.glyphosate.eu\/pl\/transparency\/wniosek\/","og_locale":"pl_PL","og_type":"article","og_title":"Wniosek - Glyphosate Renewal Group","og_description":"Dnia 12 grudnia 2019 r. Glyphosate Renewal Group (GRG) z\u0142o\u017cy\u0142a wniosek do ka\u017cdego z kraj\u00f3w cz\u0142onkowskich b\u0119d\u0105cych cz\u0119\u015bci\u0105 Assessment Group on Glyphosate (Francji, W\u0119gier, Holandii oraz Szwecji), Europejskiego Urz\u0119du ds. Bezpiecze\u0144stwa \u017bywno\u015bci (EFSA), Komisji Europejskiej oraz wszystkich pozosta\u0142ych kraj\u00f3w cz\u0142onkowskich UE. Wniosek o odnowienie substancji czynnej glifosat zosta\u0142 pocz\u0105tkowo z\u0142o\u017cony 12 grudnia przez GRG do&hellip;","og_url":"https:\/\/www.glyphosate.eu\/pl\/transparency\/wniosek\/","og_site_name":"Glyphosate Renewal Group","article_modified_time":"2021-04-26T15:44:06+00:00","twitter_card":"summary_large_image","twitter_misc":{"Est. reading time":"2 minutes"},"schema":{"@context":"https:\/\/schema.org","@graph":[{"@type":"WebPage","@id":"https:\/\/www.glyphosate.eu\/pl\/transparency\/wniosek\/","url":"https:\/\/www.glyphosate.eu\/pl\/transparency\/wniosek\/","name":"Wniosek - Glyphosate Renewal Group","isPartOf":{"@id":"https:\/\/www.glyphosate.eu\/#website"},"datePublished":"2020-01-03T14:17:12+00:00","dateModified":"2021-04-26T15:44:06+00:00","breadcrumb":{"@id":"https:\/\/www.glyphosate.eu\/pl\/transparency\/wniosek\/#breadcrumb"},"inLanguage":"pl-PL","potentialAction":[{"@type":"ReadAction","target":["https:\/\/www.glyphosate.eu\/pl\/transparency\/wniosek\/"]}]},{"@type":"BreadcrumbList","@id":"https:\/\/www.glyphosate.eu\/pl\/transparency\/wniosek\/#breadcrumb","itemListElement":[{"@type":"ListItem","position":1,"name":"Przejrzysto\u015bci","item":"https:\/\/www.glyphosate.eu\/pl\/transparency\/"},{"@type":"ListItem","position":2,"name":"Wniosek"}]},{"@type":"WebSite","@id":"https:\/\/www.glyphosate.eu\/#website","url":"https:\/\/www.glyphosate.eu\/","name":"Glyphosate Renewal Group","description":"Just another WordPress site","potentialAction":[{"@type":"SearchAction","target":{"@type":"EntryPoint","urlTemplate":"https:\/\/www.glyphosate.eu\/?s={search_term_string}"},"query-input":{"@type":"PropertyValueSpecification","valueRequired":true,"valueName":"search_term_string"}}],"inLanguage":"pl-PL"}]}},"_links":{"self":[{"href":"https:\/\/www.glyphosate.eu\/pl\/wp-json\/wp\/v2\/pages\/16539","targetHints":{"allow":["GET"]}}],"collection":[{"href":"https:\/\/www.glyphosate.eu\/pl\/wp-json\/wp\/v2\/pages"}],"about":[{"href":"https:\/\/www.glyphosate.eu\/pl\/wp-json\/wp\/v2\/types\/page"}],"author":[{"embeddable":true,"href":"https:\/\/www.glyphosate.eu\/pl\/wp-json\/wp\/v2\/users\/1"}],"replies":[{"embeddable":true,"href":"https:\/\/www.glyphosate.eu\/pl\/wp-json\/wp\/v2\/comments?post=16539"}],"version-history":[{"count":8,"href":"https:\/\/www.glyphosate.eu\/pl\/wp-json\/wp\/v2\/pages\/16539\/revisions"}],"predecessor-version":[{"id":17922,"href":"https:\/\/www.glyphosate.eu\/pl\/wp-json\/wp\/v2\/pages\/16539\/revisions\/17922"}],"up":[{"embeddable":true,"href":"https:\/\/www.glyphosate.eu\/pl\/wp-json\/wp\/v2\/pages\/16425"}],"wp:attachment":[{"href":"https:\/\/www.glyphosate.eu\/pl\/wp-json\/wp\/v2\/media?parent=16539"}],"curies":[{"name":"wp","href":"https:\/\/api.w.org\/{rel}","templated":true}]}}