{"id":16536,"date":"2020-01-02T16:50:22","date_gmt":"2020-01-02T16:50:22","guid":{"rendered":"https:\/\/www.glyphosate.eu\/transparency\/meeting-minutes\/"},"modified":"2021-04-26T15:43:18","modified_gmt":"2021-04-26T14:43:18","slug":"protokoly-ze-spotkan","status":"publish","type":"page","link":"https:\/\/www.glyphosate.eu\/pl\/transparency\/protokoly-ze-spotkan\/","title":{"rendered":"Protoko\u0142y ze spotka\u0144"},"content":{"rendered":"<p>Przed z\u0142o\u017ceniem wniosku o zatwierdzenie substancji czynnej wnioskodawca ma mo\u017cliwo\u015b\u0107 spotkania si\u0119 z pa\u0144stwami cz\u0142onkowskimi pe\u0142ni\u0105cymi funkcj\u0119 sprawozdawcy (AGG) oraz z EFSA w celu om\u00f3wienia zagadnie\u0144 proceduralnych i naukowych oraz uzyskania wskaz\u00f3wek.<\/p>\n<p>Te tak zwane \u201espotkania przed z\u0142o\u017ceniem wniosku\u201d odbywaj\u0105 si\u0119 w drodze telekonferencji lub spotka\u0144 osobistych. Europejski Urz\u0105d ds. Bezpiecze\u0144stwa \u017bywno\u015bci (EFSA) uczestniczy w tych spotkaniach w roli obserwatora, udzielaj\u0105c w razie potrzeby wsparcia Assessment Group on Glyphosate. Dotychczas Glyphosate Renewal Group przeprowadzi\u0142a dwie telekonferencje i dwa spotkania osobiste z Assessment Group. Prezentacje omawiane podczas tych spotka\u0144, a tak\u017ce protoko\u0142y zostan\u0105 opublikowane na tej stronie internetowej oraz r\u00f3wnolegle na stronie internetowej Assessment Group on <a href=\"https:\/\/ec.europa.eu\/food\/plant\/pesticides\/glyphosate\/assessment-group_en\" target=\"_blank\" rel=\"noopener\">Glyphosate<\/a>.<\/p>\n<p>Wnioskodawca mo\u017ce poprosi\u0107 o spotkanie poprzedzaj\u0105ce z\u0142o\u017cenie wniosku w celu om\u00f3wienia technicznych aspekt\u00f3w procesu odnowienia, a tak\u017ce uzyskania wskaz\u00f3wek dotycz\u0105cych poprawy jako\u015bci dokumentacji.<\/p>\n","protected":false},"excerpt":{"rendered":"<p>Przed z\u0142o\u017ceniem wniosku o zatwierdzenie substancji czynnej wnioskodawca ma mo\u017cliwo\u015b\u0107 spotkania si\u0119 z pa\u0144stwami cz\u0142onkowskimi pe\u0142ni\u0105cymi funkcj\u0119 sprawozdawcy (AGG) oraz z EFSA w celu om\u00f3wienia zagadnie\u0144 proceduralnych i naukowych oraz uzyskania wskaz\u00f3wek. Te tak zwane \u201espotkania przed z\u0142o\u017ceniem wniosku\u201d odbywaj\u0105 si\u0119 w drodze telekonferencji lub spotka\u0144 osobistych. Europejski Urz\u0105d ds. Bezpiecze\u0144stwa \u017bywno\u015bci (EFSA) uczestniczy w&hellip;<\/p>\n","protected":false},"author":1,"featured_media":0,"parent":16425,"menu_order":423,"comment_status":"closed","ping_status":"closed","template":"views\/template-minutes.blade.php","meta":{"_acf_changed":false,"inline_featured_image":false,"footnotes":""},"class_list":["post-16536","page","type-page","status-publish","hentry"],"acf":[],"yoast_head":"<!-- This site is optimized with the Yoast SEO plugin v27.3 - https:\/\/yoast.com\/product\/yoast-seo-wordpress\/ -->\n<title>Protoko\u0142y ze spotka\u0144 - Glyphosate Renewal Group<\/title>\n<meta name=\"robots\" content=\"index, follow, max-snippet:-1, max-image-preview:large, max-video-preview:-1\" \/>\n<link rel=\"canonical\" href=\"https:\/\/www.glyphosate.eu\/pl\/transparency\/protokoly-ze-spotkan\/\" \/>\n<meta property=\"og:locale\" content=\"pl_PL\" \/>\n<meta property=\"og:type\" content=\"article\" \/>\n<meta property=\"og:title\" content=\"Protoko\u0142y ze spotka\u0144 - Glyphosate Renewal Group\" \/>\n<meta property=\"og:description\" content=\"Przed z\u0142o\u017ceniem wniosku o zatwierdzenie substancji czynnej wnioskodawca ma mo\u017cliwo\u015b\u0107 spotkania si\u0119 z pa\u0144stwami cz\u0142onkowskimi pe\u0142ni\u0105cymi funkcj\u0119 sprawozdawcy (AGG) oraz z EFSA w celu om\u00f3wienia zagadnie\u0144 proceduralnych i naukowych oraz uzyskania wskaz\u00f3wek. Te tak zwane \u201espotkania przed z\u0142o\u017ceniem wniosku\u201d odbywaj\u0105 si\u0119 w drodze telekonferencji lub spotka\u0144 osobistych. Europejski Urz\u0105d ds. Bezpiecze\u0144stwa \u017bywno\u015bci (EFSA) uczestniczy w&hellip;\" \/>\n<meta property=\"og:url\" content=\"https:\/\/www.glyphosate.eu\/pl\/transparency\/protokoly-ze-spotkan\/\" \/>\n<meta property=\"og:site_name\" content=\"Glyphosate Renewal Group\" \/>\n<meta property=\"article:modified_time\" content=\"2021-04-26T14:43:18+00:00\" \/>\n<meta name=\"twitter:card\" content=\"summary_large_image\" \/>\n<meta name=\"twitter:label1\" content=\"Est. reading time\" \/>\n\t<meta name=\"twitter:data1\" content=\"1 minute\" \/>\n<script type=\"application\/ld+json\" class=\"yoast-schema-graph\">{\"@context\":\"https:\\\/\\\/schema.org\",\"@graph\":[{\"@type\":\"WebPage\",\"@id\":\"https:\\\/\\\/www.glyphosate.eu\\\/pl\\\/transparency\\\/protokoly-ze-spotkan\\\/\",\"url\":\"https:\\\/\\\/www.glyphosate.eu\\\/pl\\\/transparency\\\/protokoly-ze-spotkan\\\/\",\"name\":\"Protoko\u0142y ze spotka\u0144 - Glyphosate Renewal Group\",\"isPartOf\":{\"@id\":\"https:\\\/\\\/www.glyphosate.eu\\\/#website\"},\"datePublished\":\"2020-01-02T16:50:22+00:00\",\"dateModified\":\"2021-04-26T14:43:18+00:00\",\"breadcrumb\":{\"@id\":\"https:\\\/\\\/www.glyphosate.eu\\\/pl\\\/transparency\\\/protokoly-ze-spotkan\\\/#breadcrumb\"},\"inLanguage\":\"pl-PL\",\"potentialAction\":[{\"@type\":\"ReadAction\",\"target\":[\"https:\\\/\\\/www.glyphosate.eu\\\/pl\\\/transparency\\\/protokoly-ze-spotkan\\\/\"]}]},{\"@type\":\"BreadcrumbList\",\"@id\":\"https:\\\/\\\/www.glyphosate.eu\\\/pl\\\/transparency\\\/protokoly-ze-spotkan\\\/#breadcrumb\",\"itemListElement\":[{\"@type\":\"ListItem\",\"position\":1,\"name\":\"Przejrzysto\u015bci\",\"item\":\"https:\\\/\\\/www.glyphosate.eu\\\/pl\\\/transparency\\\/\"},{\"@type\":\"ListItem\",\"position\":2,\"name\":\"Protoko\u0142y ze spotka\u0144\"}]},{\"@type\":\"WebSite\",\"@id\":\"https:\\\/\\\/www.glyphosate.eu\\\/#website\",\"url\":\"https:\\\/\\\/www.glyphosate.eu\\\/\",\"name\":\"Glyphosate Renewal Group\",\"description\":\"Just another WordPress site\",\"potentialAction\":[{\"@type\":\"SearchAction\",\"target\":{\"@type\":\"EntryPoint\",\"urlTemplate\":\"https:\\\/\\\/www.glyphosate.eu\\\/?s={search_term_string}\"},\"query-input\":{\"@type\":\"PropertyValueSpecification\",\"valueRequired\":true,\"valueName\":\"search_term_string\"}}],\"inLanguage\":\"pl-PL\"}]}<\/script>\n<!-- \/ Yoast SEO plugin. -->","yoast_head_json":{"title":"Protoko\u0142y ze spotka\u0144 - Glyphosate Renewal Group","robots":{"index":"index","follow":"follow","max-snippet":"max-snippet:-1","max-image-preview":"max-image-preview:large","max-video-preview":"max-video-preview:-1"},"canonical":"https:\/\/www.glyphosate.eu\/pl\/transparency\/protokoly-ze-spotkan\/","og_locale":"pl_PL","og_type":"article","og_title":"Protoko\u0142y ze spotka\u0144 - Glyphosate Renewal Group","og_description":"Przed z\u0142o\u017ceniem wniosku o zatwierdzenie substancji czynnej wnioskodawca ma mo\u017cliwo\u015b\u0107 spotkania si\u0119 z pa\u0144stwami cz\u0142onkowskimi pe\u0142ni\u0105cymi funkcj\u0119 sprawozdawcy (AGG) oraz z EFSA w celu om\u00f3wienia zagadnie\u0144 proceduralnych i naukowych oraz uzyskania wskaz\u00f3wek. Te tak zwane \u201espotkania przed z\u0142o\u017ceniem wniosku\u201d odbywaj\u0105 si\u0119 w drodze telekonferencji lub spotka\u0144 osobistych. Europejski Urz\u0105d ds. Bezpiecze\u0144stwa \u017bywno\u015bci (EFSA) uczestniczy w&hellip;","og_url":"https:\/\/www.glyphosate.eu\/pl\/transparency\/protokoly-ze-spotkan\/","og_site_name":"Glyphosate Renewal Group","article_modified_time":"2021-04-26T14:43:18+00:00","twitter_card":"summary_large_image","twitter_misc":{"Est. reading time":"1 minute"},"schema":{"@context":"https:\/\/schema.org","@graph":[{"@type":"WebPage","@id":"https:\/\/www.glyphosate.eu\/pl\/transparency\/protokoly-ze-spotkan\/","url":"https:\/\/www.glyphosate.eu\/pl\/transparency\/protokoly-ze-spotkan\/","name":"Protoko\u0142y ze spotka\u0144 - Glyphosate Renewal Group","isPartOf":{"@id":"https:\/\/www.glyphosate.eu\/#website"},"datePublished":"2020-01-02T16:50:22+00:00","dateModified":"2021-04-26T14:43:18+00:00","breadcrumb":{"@id":"https:\/\/www.glyphosate.eu\/pl\/transparency\/protokoly-ze-spotkan\/#breadcrumb"},"inLanguage":"pl-PL","potentialAction":[{"@type":"ReadAction","target":["https:\/\/www.glyphosate.eu\/pl\/transparency\/protokoly-ze-spotkan\/"]}]},{"@type":"BreadcrumbList","@id":"https:\/\/www.glyphosate.eu\/pl\/transparency\/protokoly-ze-spotkan\/#breadcrumb","itemListElement":[{"@type":"ListItem","position":1,"name":"Przejrzysto\u015bci","item":"https:\/\/www.glyphosate.eu\/pl\/transparency\/"},{"@type":"ListItem","position":2,"name":"Protoko\u0142y ze spotka\u0144"}]},{"@type":"WebSite","@id":"https:\/\/www.glyphosate.eu\/#website","url":"https:\/\/www.glyphosate.eu\/","name":"Glyphosate Renewal Group","description":"Just another WordPress site","potentialAction":[{"@type":"SearchAction","target":{"@type":"EntryPoint","urlTemplate":"https:\/\/www.glyphosate.eu\/?s={search_term_string}"},"query-input":{"@type":"PropertyValueSpecification","valueRequired":true,"valueName":"search_term_string"}}],"inLanguage":"pl-PL"}]}},"_links":{"self":[{"href":"https:\/\/www.glyphosate.eu\/pl\/wp-json\/wp\/v2\/pages\/16536","targetHints":{"allow":["GET"]}}],"collection":[{"href":"https:\/\/www.glyphosate.eu\/pl\/wp-json\/wp\/v2\/pages"}],"about":[{"href":"https:\/\/www.glyphosate.eu\/pl\/wp-json\/wp\/v2\/types\/page"}],"author":[{"embeddable":true,"href":"https:\/\/www.glyphosate.eu\/pl\/wp-json\/wp\/v2\/users\/1"}],"replies":[{"embeddable":true,"href":"https:\/\/www.glyphosate.eu\/pl\/wp-json\/wp\/v2\/comments?post=16536"}],"version-history":[{"count":7,"href":"https:\/\/www.glyphosate.eu\/pl\/wp-json\/wp\/v2\/pages\/16536\/revisions"}],"predecessor-version":[{"id":20163,"href":"https:\/\/www.glyphosate.eu\/pl\/wp-json\/wp\/v2\/pages\/16536\/revisions\/20163"}],"up":[{"embeddable":true,"href":"https:\/\/www.glyphosate.eu\/pl\/wp-json\/wp\/v2\/pages\/16425"}],"wp:attachment":[{"href":"https:\/\/www.glyphosate.eu\/pl\/wp-json\/wp\/v2\/media?parent=16536"}],"curies":[{"name":"wp","href":"https:\/\/api.w.org\/{rel}","templated":true}]}}