{"id":16514,"date":"2020-11-03T12:18:59","date_gmt":"2020-11-03T12:18:59","guid":{"rendered":"https:\/\/www.glyphosate.eu\/useful-information\/uwarunkowania-agroekonomiczne\/the-case-of-cereals\/"},"modified":"2021-09-03T18:56:51","modified_gmt":"2021-09-03T17:56:51","slug":"kwestia-zboz","status":"publish","type":"page","link":"https:\/\/www.glyphosate.eu\/pl\/przydatne-informacje\/uwarunkowania-agroekonomiczne\/kwestia-zboz\/","title":{"rendered":"Przyk\u0142ad zb\u00f3\u017c"},"content":{"rendered":"","protected":false},"excerpt":{"rendered":"","protected":false},"author":1,"featured_media":16336,"parent":16490,"menu_order":857,"comment_status":"closed","ping_status":"closed","template":"views\/template-content-page.blade.php","meta":{"_acf_changed":false,"inline_featured_image":false,"footnotes":""},"class_list":["post-16514","page","type-page","status-publish","has-post-thumbnail","hentry"],"acf":[],"yoast_head":"<!-- This site is optimized with the Yoast SEO plugin v27.3 - https:\/\/yoast.com\/product\/yoast-seo-wordpress\/ -->\n<title>Przyk\u0142ad zb\u00f3\u017c - Glyphosate Renewal Group<\/title>\n<meta name=\"robots\" content=\"index, follow, max-snippet:-1, max-image-preview:large, max-video-preview:-1\" \/>\n<link rel=\"canonical\" href=\"https:\/\/www.glyphosate.eu\/pl\/przydatne-informacje\/uwarunkowania-agroekonomiczne\/kwestia-zboz\/\" \/>\n<meta property=\"og:locale\" content=\"pl_PL\" \/>\n<meta property=\"og:type\" content=\"article\" \/>\n<meta property=\"og:title\" content=\"Przyk\u0142ad zb\u00f3\u017c - Glyphosate Renewal Group\" \/>\n<meta property=\"og:url\" content=\"https:\/\/www.glyphosate.eu\/pl\/przydatne-informacje\/uwarunkowania-agroekonomiczne\/kwestia-zboz\/\" \/>\n<meta property=\"og:site_name\" content=\"Glyphosate Renewal Group\" \/>\n<meta property=\"article:modified_time\" content=\"2021-09-03T17:56:51+00:00\" \/>\n<meta property=\"og:image\" content=\"https:\/\/www.glyphosate.eu\/app\/uploads\/2020\/11\/The-case-of-cereals-scaled.jpg\" \/>\n\t<meta property=\"og:image:width\" content=\"2560\" \/>\n\t<meta property=\"og:image:height\" content=\"1920\" \/>\n\t<meta property=\"og:image:type\" content=\"image\/jpeg\" \/>\n<meta name=\"twitter:card\" content=\"summary_large_image\" \/>\n<script type=\"application\/ld+json\" class=\"yoast-schema-graph\">{\"@context\":\"https:\\\/\\\/schema.org\",\"@graph\":[{\"@type\":\"WebPage\",\"@id\":\"https:\\\/\\\/www.glyphosate.eu\\\/pl\\\/przydatne-informacje\\\/uwarunkowania-agroekonomiczne\\\/kwestia-zboz\\\/\",\"url\":\"https:\\\/\\\/www.glyphosate.eu\\\/pl\\\/przydatne-informacje\\\/uwarunkowania-agroekonomiczne\\\/kwestia-zboz\\\/\",\"name\":\"Przyk\u0142ad zb\u00f3\u017c - Glyphosate Renewal Group\",\"isPartOf\":{\"@id\":\"https:\\\/\\\/www.glyphosate.eu\\\/#website\"},\"primaryImageOfPage\":{\"@id\":\"https:\\\/\\\/www.glyphosate.eu\\\/pl\\\/przydatne-informacje\\\/uwarunkowania-agroekonomiczne\\\/kwestia-zboz\\\/#primaryimage\"},\"image\":{\"@id\":\"https:\\\/\\\/www.glyphosate.eu\\\/pl\\\/przydatne-informacje\\\/uwarunkowania-agroekonomiczne\\\/kwestia-zboz\\\/#primaryimage\"},\"thumbnailUrl\":\"https:\\\/\\\/www.glyphosate.eu\\\/app\\\/uploads\\\/2020\\\/11\\\/The-case-of-cereals-scaled.jpg\",\"datePublished\":\"2020-11-03T12:18:59+00:00\",\"dateModified\":\"2021-09-03T17:56:51+00:00\",\"breadcrumb\":{\"@id\":\"https:\\\/\\\/www.glyphosate.eu\\\/pl\\\/przydatne-informacje\\\/uwarunkowania-agroekonomiczne\\\/kwestia-zboz\\\/#breadcrumb\"},\"inLanguage\":\"pl-PL\",\"potentialAction\":[{\"@type\":\"ReadAction\",\"target\":[\"https:\\\/\\\/www.glyphosate.eu\\\/pl\\\/przydatne-informacje\\\/uwarunkowania-agroekonomiczne\\\/kwestia-zboz\\\/\"]}]},{\"@type\":\"ImageObject\",\"inLanguage\":\"pl-PL\",\"@id\":\"https:\\\/\\\/www.glyphosate.eu\\\/pl\\\/przydatne-informacje\\\/uwarunkowania-agroekonomiczne\\\/kwestia-zboz\\\/#primaryimage\",\"url\":\"https:\\\/\\\/www.glyphosate.eu\\\/app\\\/uploads\\\/2020\\\/11\\\/The-case-of-cereals-scaled.jpg\",\"contentUrl\":\"https:\\\/\\\/www.glyphosate.eu\\\/app\\\/uploads\\\/2020\\\/11\\\/The-case-of-cereals-scaled.jpg\",\"width\":2560,\"height\":1920},{\"@type\":\"BreadcrumbList\",\"@id\":\"https:\\\/\\\/www.glyphosate.eu\\\/pl\\\/przydatne-informacje\\\/uwarunkowania-agroekonomiczne\\\/kwestia-zboz\\\/#breadcrumb\",\"itemListElement\":[{\"@type\":\"ListItem\",\"position\":1,\"name\":\"Przydatne informacje\",\"item\":\"https:\\\/\\\/www.glyphosate.eu\\\/pl\\\/przydatne-informacje\\\/\"},{\"@type\":\"ListItem\",\"position\":2,\"name\":\"Uwarunkowania agroekonomiczne\",\"item\":\"https:\\\/\\\/www.glyphosate.eu\\\/pl\\\/przydatne-informacje\\\/uwarunkowania-agroekonomiczne\\\/\"},{\"@type\":\"ListItem\",\"position\":3,\"name\":\"Przyk\u0142ad zb\u00f3\u017c\"}]},{\"@type\":\"WebSite\",\"@id\":\"https:\\\/\\\/www.glyphosate.eu\\\/#website\",\"url\":\"https:\\\/\\\/www.glyphosate.eu\\\/\",\"name\":\"Glyphosate Renewal Group\",\"description\":\"Just another WordPress site\",\"potentialAction\":[{\"@type\":\"SearchAction\",\"target\":{\"@type\":\"EntryPoint\",\"urlTemplate\":\"https:\\\/\\\/www.glyphosate.eu\\\/?s={search_term_string}\"},\"query-input\":{\"@type\":\"PropertyValueSpecification\",\"valueRequired\":true,\"valueName\":\"search_term_string\"}}],\"inLanguage\":\"pl-PL\"}]}<\/script>\n<!-- \/ Yoast SEO plugin. -->","yoast_head_json":{"title":"Przyk\u0142ad zb\u00f3\u017c - Glyphosate Renewal Group","robots":{"index":"index","follow":"follow","max-snippet":"max-snippet:-1","max-image-preview":"max-image-preview:large","max-video-preview":"max-video-preview:-1"},"canonical":"https:\/\/www.glyphosate.eu\/pl\/przydatne-informacje\/uwarunkowania-agroekonomiczne\/kwestia-zboz\/","og_locale":"pl_PL","og_type":"article","og_title":"Przyk\u0142ad zb\u00f3\u017c - Glyphosate Renewal Group","og_url":"https:\/\/www.glyphosate.eu\/pl\/przydatne-informacje\/uwarunkowania-agroekonomiczne\/kwestia-zboz\/","og_site_name":"Glyphosate Renewal Group","article_modified_time":"2021-09-03T17:56:51+00:00","og_image":[{"width":2560,"height":1920,"url":"https:\/\/www.glyphosate.eu\/app\/uploads\/2020\/11\/The-case-of-cereals-scaled.jpg","type":"image\/jpeg"}],"twitter_card":"summary_large_image","schema":{"@context":"https:\/\/schema.org","@graph":[{"@type":"WebPage","@id":"https:\/\/www.glyphosate.eu\/pl\/przydatne-informacje\/uwarunkowania-agroekonomiczne\/kwestia-zboz\/","url":"https:\/\/www.glyphosate.eu\/pl\/przydatne-informacje\/uwarunkowania-agroekonomiczne\/kwestia-zboz\/","name":"Przyk\u0142ad zb\u00f3\u017c - Glyphosate Renewal Group","isPartOf":{"@id":"https:\/\/www.glyphosate.eu\/#website"},"primaryImageOfPage":{"@id":"https:\/\/www.glyphosate.eu\/pl\/przydatne-informacje\/uwarunkowania-agroekonomiczne\/kwestia-zboz\/#primaryimage"},"image":{"@id":"https:\/\/www.glyphosate.eu\/pl\/przydatne-informacje\/uwarunkowania-agroekonomiczne\/kwestia-zboz\/#primaryimage"},"thumbnailUrl":"https:\/\/www.glyphosate.eu\/app\/uploads\/2020\/11\/The-case-of-cereals-scaled.jpg","datePublished":"2020-11-03T12:18:59+00:00","dateModified":"2021-09-03T17:56:51+00:00","breadcrumb":{"@id":"https:\/\/www.glyphosate.eu\/pl\/przydatne-informacje\/uwarunkowania-agroekonomiczne\/kwestia-zboz\/#breadcrumb"},"inLanguage":"pl-PL","potentialAction":[{"@type":"ReadAction","target":["https:\/\/www.glyphosate.eu\/pl\/przydatne-informacje\/uwarunkowania-agroekonomiczne\/kwestia-zboz\/"]}]},{"@type":"ImageObject","inLanguage":"pl-PL","@id":"https:\/\/www.glyphosate.eu\/pl\/przydatne-informacje\/uwarunkowania-agroekonomiczne\/kwestia-zboz\/#primaryimage","url":"https:\/\/www.glyphosate.eu\/app\/uploads\/2020\/11\/The-case-of-cereals-scaled.jpg","contentUrl":"https:\/\/www.glyphosate.eu\/app\/uploads\/2020\/11\/The-case-of-cereals-scaled.jpg","width":2560,"height":1920},{"@type":"BreadcrumbList","@id":"https:\/\/www.glyphosate.eu\/pl\/przydatne-informacje\/uwarunkowania-agroekonomiczne\/kwestia-zboz\/#breadcrumb","itemListElement":[{"@type":"ListItem","position":1,"name":"Przydatne informacje","item":"https:\/\/www.glyphosate.eu\/pl\/przydatne-informacje\/"},{"@type":"ListItem","position":2,"name":"Uwarunkowania agroekonomiczne","item":"https:\/\/www.glyphosate.eu\/pl\/przydatne-informacje\/uwarunkowania-agroekonomiczne\/"},{"@type":"ListItem","position":3,"name":"Przyk\u0142ad zb\u00f3\u017c"}]},{"@type":"WebSite","@id":"https:\/\/www.glyphosate.eu\/#website","url":"https:\/\/www.glyphosate.eu\/","name":"Glyphosate Renewal Group","description":"Just another WordPress site","potentialAction":[{"@type":"SearchAction","target":{"@type":"EntryPoint","urlTemplate":"https:\/\/www.glyphosate.eu\/?s={search_term_string}"},"query-input":{"@type":"PropertyValueSpecification","valueRequired":true,"valueName":"search_term_string"}}],"inLanguage":"pl-PL"}]}},"_links":{"self":[{"href":"https:\/\/www.glyphosate.eu\/pl\/wp-json\/wp\/v2\/pages\/16514","targetHints":{"allow":["GET"]}}],"collection":[{"href":"https:\/\/www.glyphosate.eu\/pl\/wp-json\/wp\/v2\/pages"}],"about":[{"href":"https:\/\/www.glyphosate.eu\/pl\/wp-json\/wp\/v2\/types\/page"}],"author":[{"embeddable":true,"href":"https:\/\/www.glyphosate.eu\/pl\/wp-json\/wp\/v2\/users\/1"}],"replies":[{"embeddable":true,"href":"https:\/\/www.glyphosate.eu\/pl\/wp-json\/wp\/v2\/comments?post=16514"}],"version-history":[{"count":9,"href":"https:\/\/www.glyphosate.eu\/pl\/wp-json\/wp\/v2\/pages\/16514\/revisions"}],"predecessor-version":[{"id":20149,"href":"https:\/\/www.glyphosate.eu\/pl\/wp-json\/wp\/v2\/pages\/16514\/revisions\/20149"}],"up":[{"embeddable":true,"href":"https:\/\/www.glyphosate.eu\/pl\/wp-json\/wp\/v2\/pages\/16490"}],"wp:featuredmedia":[{"embeddable":true,"href":"https:\/\/www.glyphosate.eu\/pl\/wp-json\/wp\/v2\/media\/16336"}],"wp:attachment":[{"href":"https:\/\/www.glyphosate.eu\/pl\/wp-json\/wp\/v2\/media?parent=16514"}],"curies":[{"name":"wp","href":"https:\/\/api.w.org\/{rel}","templated":true}]}}