{"id":16444,"date":"2020-03-05T15:27:48","date_gmt":"2020-03-05T15:27:48","guid":{"rendered":"https:\/\/www.glyphosate.eu\/useful-information\/environment-biodiversity\/what-about-residues-of-glyphosate-in-food\/"},"modified":"2021-09-03T17:55:27","modified_gmt":"2021-09-03T16:55:27","slug":"a-co-z-pozostalosciami-glifosatu-w-zywnosci","status":"publish","type":"page","link":"https:\/\/www.glyphosate.eu\/pl\/przydatne-informacje\/srodowisko-i-bioroznorodnosc\/a-co-z-pozostalosciami-glifosatu-w-zywnosci\/","title":{"rendered":"A co z pozosta\u0142o\u015bciami glifosatu w \u017cywno\u015bci?"},"content":{"rendered":"","protected":false},"excerpt":{"rendered":"","protected":false},"author":1,"featured_media":15978,"parent":16432,"menu_order":531,"comment_status":"closed","ping_status":"closed","template":"views\/template-content-page.blade.php","meta":{"_acf_changed":false,"inline_featured_image":false,"footnotes":""},"class_list":["post-16444","page","type-page","status-publish","has-post-thumbnail","hentry"],"acf":[],"yoast_head":"<!-- This site is optimized with the Yoast SEO plugin v27.4 - https:\/\/yoast.com\/product\/yoast-seo-wordpress\/ -->\n<title>A co z pozosta\u0142o\u015bciami glifosatu w \u017cywno\u015bci? - Glyphosate Renewal Group<\/title>\n<meta name=\"robots\" content=\"index, follow, max-snippet:-1, max-image-preview:large, max-video-preview:-1\" \/>\n<link rel=\"canonical\" href=\"https:\/\/www.glyphosate.eu\/pl\/przydatne-informacje\/srodowisko-i-bioroznorodnosc\/a-co-z-pozostalosciami-glifosatu-w-zywnosci\/\" \/>\n<meta property=\"og:locale\" content=\"pl_PL\" \/>\n<meta property=\"og:type\" content=\"article\" \/>\n<meta property=\"og:title\" content=\"A co z pozosta\u0142o\u015bciami glifosatu w \u017cywno\u015bci? - Glyphosate Renewal Group\" \/>\n<meta property=\"og:url\" content=\"https:\/\/www.glyphosate.eu\/pl\/przydatne-informacje\/srodowisko-i-bioroznorodnosc\/a-co-z-pozostalosciami-glifosatu-w-zywnosci\/\" \/>\n<meta property=\"og:site_name\" content=\"Glyphosate Renewal Group\" \/>\n<meta property=\"article:modified_time\" content=\"2021-09-03T16:55:27+00:00\" \/>\n<meta property=\"og:image\" content=\"https:\/\/www.glyphosate.eu\/app\/uploads\/2020\/03\/photo-1567481599210-9b707e697c42-1-scaled.jpeg\" \/>\n\t<meta property=\"og:image:width\" content=\"2560\" \/>\n\t<meta property=\"og:image:height\" content=\"1707\" \/>\n\t<meta property=\"og:image:type\" content=\"image\/jpeg\" \/>\n<meta name=\"twitter:card\" content=\"summary_large_image\" \/>\n<script type=\"application\/ld+json\" class=\"yoast-schema-graph\">{\"@context\":\"https:\\\/\\\/schema.org\",\"@graph\":[{\"@type\":\"WebPage\",\"@id\":\"https:\\\/\\\/www.glyphosate.eu\\\/pl\\\/przydatne-informacje\\\/srodowisko-i-bioroznorodnosc\\\/a-co-z-pozostalosciami-glifosatu-w-zywnosci\\\/\",\"url\":\"https:\\\/\\\/www.glyphosate.eu\\\/pl\\\/przydatne-informacje\\\/srodowisko-i-bioroznorodnosc\\\/a-co-z-pozostalosciami-glifosatu-w-zywnosci\\\/\",\"name\":\"A co z pozosta\u0142o\u015bciami glifosatu w \u017cywno\u015bci? - Glyphosate Renewal Group\",\"isPartOf\":{\"@id\":\"https:\\\/\\\/www.glyphosate.eu\\\/#website\"},\"primaryImageOfPage\":{\"@id\":\"https:\\\/\\\/www.glyphosate.eu\\\/pl\\\/przydatne-informacje\\\/srodowisko-i-bioroznorodnosc\\\/a-co-z-pozostalosciami-glifosatu-w-zywnosci\\\/#primaryimage\"},\"image\":{\"@id\":\"https:\\\/\\\/www.glyphosate.eu\\\/pl\\\/przydatne-informacje\\\/srodowisko-i-bioroznorodnosc\\\/a-co-z-pozostalosciami-glifosatu-w-zywnosci\\\/#primaryimage\"},\"thumbnailUrl\":\"https:\\\/\\\/www.glyphosate.eu\\\/app\\\/uploads\\\/2020\\\/03\\\/photo-1567481599210-9b707e697c42-1-scaled.jpeg\",\"datePublished\":\"2020-03-05T15:27:48+00:00\",\"dateModified\":\"2021-09-03T16:55:27+00:00\",\"breadcrumb\":{\"@id\":\"https:\\\/\\\/www.glyphosate.eu\\\/pl\\\/przydatne-informacje\\\/srodowisko-i-bioroznorodnosc\\\/a-co-z-pozostalosciami-glifosatu-w-zywnosci\\\/#breadcrumb\"},\"inLanguage\":\"pl-PL\",\"potentialAction\":[{\"@type\":\"ReadAction\",\"target\":[\"https:\\\/\\\/www.glyphosate.eu\\\/pl\\\/przydatne-informacje\\\/srodowisko-i-bioroznorodnosc\\\/a-co-z-pozostalosciami-glifosatu-w-zywnosci\\\/\"]}]},{\"@type\":\"ImageObject\",\"inLanguage\":\"pl-PL\",\"@id\":\"https:\\\/\\\/www.glyphosate.eu\\\/pl\\\/przydatne-informacje\\\/srodowisko-i-bioroznorodnosc\\\/a-co-z-pozostalosciami-glifosatu-w-zywnosci\\\/#primaryimage\",\"url\":\"https:\\\/\\\/www.glyphosate.eu\\\/app\\\/uploads\\\/2020\\\/03\\\/photo-1567481599210-9b707e697c42-1-scaled.jpeg\",\"contentUrl\":\"https:\\\/\\\/www.glyphosate.eu\\\/app\\\/uploads\\\/2020\\\/03\\\/photo-1567481599210-9b707e697c42-1-scaled.jpeg\",\"width\":2560,\"height\":1707},{\"@type\":\"BreadcrumbList\",\"@id\":\"https:\\\/\\\/www.glyphosate.eu\\\/pl\\\/przydatne-informacje\\\/srodowisko-i-bioroznorodnosc\\\/a-co-z-pozostalosciami-glifosatu-w-zywnosci\\\/#breadcrumb\",\"itemListElement\":[{\"@type\":\"ListItem\",\"position\":1,\"name\":\"Przydatne informacje\",\"item\":\"https:\\\/\\\/www.glyphosate.eu\\\/pl\\\/przydatne-informacje\\\/\"},{\"@type\":\"ListItem\",\"position\":2,\"name\":\"\u015arodowisko i bior\u00f3\u017cnorodno\u015b\u0107\",\"item\":\"https:\\\/\\\/www.glyphosate.eu\\\/pl\\\/przydatne-informacje\\\/srodowisko-i-bioroznorodnosc\\\/\"},{\"@type\":\"ListItem\",\"position\":3,\"name\":\"A co z pozosta\u0142o\u015bciami glifosatu w \u017cywno\u015bci?\"}]},{\"@type\":\"WebSite\",\"@id\":\"https:\\\/\\\/www.glyphosate.eu\\\/#website\",\"url\":\"https:\\\/\\\/www.glyphosate.eu\\\/\",\"name\":\"Glyphosate Renewal Group\",\"description\":\"Just another WordPress site\",\"potentialAction\":[{\"@type\":\"SearchAction\",\"target\":{\"@type\":\"EntryPoint\",\"urlTemplate\":\"https:\\\/\\\/www.glyphosate.eu\\\/?s={search_term_string}\"},\"query-input\":{\"@type\":\"PropertyValueSpecification\",\"valueRequired\":true,\"valueName\":\"search_term_string\"}}],\"inLanguage\":\"pl-PL\"}]}<\/script>\n<!-- \/ Yoast SEO plugin. -->","yoast_head_json":{"title":"A co z pozosta\u0142o\u015bciami glifosatu w \u017cywno\u015bci? - Glyphosate Renewal Group","robots":{"index":"index","follow":"follow","max-snippet":"max-snippet:-1","max-image-preview":"max-image-preview:large","max-video-preview":"max-video-preview:-1"},"canonical":"https:\/\/www.glyphosate.eu\/pl\/przydatne-informacje\/srodowisko-i-bioroznorodnosc\/a-co-z-pozostalosciami-glifosatu-w-zywnosci\/","og_locale":"pl_PL","og_type":"article","og_title":"A co z pozosta\u0142o\u015bciami glifosatu w \u017cywno\u015bci? - Glyphosate Renewal Group","og_url":"https:\/\/www.glyphosate.eu\/pl\/przydatne-informacje\/srodowisko-i-bioroznorodnosc\/a-co-z-pozostalosciami-glifosatu-w-zywnosci\/","og_site_name":"Glyphosate Renewal Group","article_modified_time":"2021-09-03T16:55:27+00:00","og_image":[{"width":2560,"height":1707,"url":"https:\/\/www.glyphosate.eu\/app\/uploads\/2020\/03\/photo-1567481599210-9b707e697c42-1-scaled.jpeg","type":"image\/jpeg"}],"twitter_card":"summary_large_image","schema":{"@context":"https:\/\/schema.org","@graph":[{"@type":"WebPage","@id":"https:\/\/www.glyphosate.eu\/pl\/przydatne-informacje\/srodowisko-i-bioroznorodnosc\/a-co-z-pozostalosciami-glifosatu-w-zywnosci\/","url":"https:\/\/www.glyphosate.eu\/pl\/przydatne-informacje\/srodowisko-i-bioroznorodnosc\/a-co-z-pozostalosciami-glifosatu-w-zywnosci\/","name":"A co z pozosta\u0142o\u015bciami glifosatu w \u017cywno\u015bci? - Glyphosate Renewal Group","isPartOf":{"@id":"https:\/\/www.glyphosate.eu\/#website"},"primaryImageOfPage":{"@id":"https:\/\/www.glyphosate.eu\/pl\/przydatne-informacje\/srodowisko-i-bioroznorodnosc\/a-co-z-pozostalosciami-glifosatu-w-zywnosci\/#primaryimage"},"image":{"@id":"https:\/\/www.glyphosate.eu\/pl\/przydatne-informacje\/srodowisko-i-bioroznorodnosc\/a-co-z-pozostalosciami-glifosatu-w-zywnosci\/#primaryimage"},"thumbnailUrl":"https:\/\/www.glyphosate.eu\/app\/uploads\/2020\/03\/photo-1567481599210-9b707e697c42-1-scaled.jpeg","datePublished":"2020-03-05T15:27:48+00:00","dateModified":"2021-09-03T16:55:27+00:00","breadcrumb":{"@id":"https:\/\/www.glyphosate.eu\/pl\/przydatne-informacje\/srodowisko-i-bioroznorodnosc\/a-co-z-pozostalosciami-glifosatu-w-zywnosci\/#breadcrumb"},"inLanguage":"pl-PL","potentialAction":[{"@type":"ReadAction","target":["https:\/\/www.glyphosate.eu\/pl\/przydatne-informacje\/srodowisko-i-bioroznorodnosc\/a-co-z-pozostalosciami-glifosatu-w-zywnosci\/"]}]},{"@type":"ImageObject","inLanguage":"pl-PL","@id":"https:\/\/www.glyphosate.eu\/pl\/przydatne-informacje\/srodowisko-i-bioroznorodnosc\/a-co-z-pozostalosciami-glifosatu-w-zywnosci\/#primaryimage","url":"https:\/\/www.glyphosate.eu\/app\/uploads\/2020\/03\/photo-1567481599210-9b707e697c42-1-scaled.jpeg","contentUrl":"https:\/\/www.glyphosate.eu\/app\/uploads\/2020\/03\/photo-1567481599210-9b707e697c42-1-scaled.jpeg","width":2560,"height":1707},{"@type":"BreadcrumbList","@id":"https:\/\/www.glyphosate.eu\/pl\/przydatne-informacje\/srodowisko-i-bioroznorodnosc\/a-co-z-pozostalosciami-glifosatu-w-zywnosci\/#breadcrumb","itemListElement":[{"@type":"ListItem","position":1,"name":"Przydatne informacje","item":"https:\/\/www.glyphosate.eu\/pl\/przydatne-informacje\/"},{"@type":"ListItem","position":2,"name":"\u015arodowisko i bior\u00f3\u017cnorodno\u015b\u0107","item":"https:\/\/www.glyphosate.eu\/pl\/przydatne-informacje\/srodowisko-i-bioroznorodnosc\/"},{"@type":"ListItem","position":3,"name":"A co z pozosta\u0142o\u015bciami glifosatu w \u017cywno\u015bci?"}]},{"@type":"WebSite","@id":"https:\/\/www.glyphosate.eu\/#website","url":"https:\/\/www.glyphosate.eu\/","name":"Glyphosate Renewal Group","description":"Just another WordPress site","potentialAction":[{"@type":"SearchAction","target":{"@type":"EntryPoint","urlTemplate":"https:\/\/www.glyphosate.eu\/?s={search_term_string}"},"query-input":{"@type":"PropertyValueSpecification","valueRequired":true,"valueName":"search_term_string"}}],"inLanguage":"pl-PL"}]}},"_links":{"self":[{"href":"https:\/\/www.glyphosate.eu\/pl\/wp-json\/wp\/v2\/pages\/16444","targetHints":{"allow":["GET"]}}],"collection":[{"href":"https:\/\/www.glyphosate.eu\/pl\/wp-json\/wp\/v2\/pages"}],"about":[{"href":"https:\/\/www.glyphosate.eu\/pl\/wp-json\/wp\/v2\/types\/page"}],"author":[{"embeddable":true,"href":"https:\/\/www.glyphosate.eu\/pl\/wp-json\/wp\/v2\/users\/1"}],"replies":[{"embeddable":true,"href":"https:\/\/www.glyphosate.eu\/pl\/wp-json\/wp\/v2\/comments?post=16444"}],"version-history":[{"count":8,"href":"https:\/\/www.glyphosate.eu\/pl\/wp-json\/wp\/v2\/pages\/16444\/revisions"}],"predecessor-version":[{"id":18065,"href":"https:\/\/www.glyphosate.eu\/pl\/wp-json\/wp\/v2\/pages\/16444\/revisions\/18065"}],"up":[{"embeddable":true,"href":"https:\/\/www.glyphosate.eu\/pl\/wp-json\/wp\/v2\/pages\/16432"}],"wp:featuredmedia":[{"embeddable":true,"href":"https:\/\/www.glyphosate.eu\/pl\/wp-json\/wp\/v2\/media\/15978"}],"wp:attachment":[{"href":"https:\/\/www.glyphosate.eu\/pl\/wp-json\/wp\/v2\/media?parent=16444"}],"curies":[{"name":"wp","href":"https:\/\/api.w.org\/{rel}","templated":true}]}}