{"id":16425,"date":"2019-12-09T12:33:45","date_gmt":"2019-12-09T12:33:45","guid":{"rendered":"https:\/\/www.glyphosate.eu\/transparency\/"},"modified":"2022-01-12T09:58:57","modified_gmt":"2022-01-12T09:58:57","slug":"transparency","status":"publish","type":"page","link":"https:\/\/www.glyphosate.eu\/pl\/transparency\/","title":{"rendered":"Przejrzysto\u015bci"},"content":{"rendered":"<p style=\"margin-bottom: 0cm;\">W odpowiedzi na zapotrzebowanie na wi\u0119ksz\u0105 przejrzysto\u015b\u0107 oraz informacje <br \/>\nw zakresie procesu oraz jego element\u00f3w konstytutywnych, Glyphosate Renewal Group zapewni\u0142a dost\u0119p do dokumentacji naukowej z\u0142o\u017conej w 2012 roku oraz do nowych bada\u0144, kt\u00f3re dodano do dowod\u00f3w naukowych zaprezentowanych <br \/>\nw 2012 roku oraz stanowi\u0105cych cz\u0119\u015b\u0107 nowej dokumentacji przed\u0142o\u017conej w czerwcu 2020 roku. Glyphosate Renewal Group aktywnie spe\u0142nia nowe przepisy Og\u00f3lnego prawa \u017cywno\u015bciowego UE, przed wej\u015bciem w \u017cycie tego prawodawstwa 27 marca 2021 roku.<\/p>\n<p>Glyphosate Renewal Group upublicznia list\u0119 nowych prowadzonych bada\u0144, zapis\u00f3w ze spotka\u0144 z organami regulacyjnymi zaanga\u017cowanymi w ponown\u0105 ocen\u0119 glifosatu, tj. Europejskim Urz\u0119dem ds. Bezpiecze\u0144stwa \u017bywno\u015bci (EFSA) oraz Assessment Group on Glyphosate (AGG). AGG sk\u0142ada si\u0119 z nast\u0119puj\u0105cych organ\u00f3w regulacyjnych z czterech Kraj\u00f3w Cz\u0142onkowskich UE: ANSES (Francja), Nebih (W\u0119gry), ctgb (Holandia) oraz KEMI (Szwecja).<\/p>\n<p>Wniosek o odnowienie zezwolenia dla glifosatu, w\u0142\u0105cznie z list\u0105 nowych bada\u0144 zapewniaj\u0105c\u0105 zgodno\u015b\u0107 z aktualnymi wymogami regulacyjnymi, jak r\u00f3wnie\u017c korespondencj\u0105 z uwagami ze strony Assessment Group on Glyphosate (AGG), jest upubliczniany na niniejszej stronie internetowej.<\/p>\n<p>Ponadto, \u0142atwy dost\u0119p do cz\u0119\u015bci publicznej (tj. poza poufnymi informacjami handlowymi) dokumentacji dotycz\u0105cej odnowienia zezwolenia z\u0142o\u017conej w 2012 roku jest r\u00f3wnie\u017c zapewniony na tej stronie. Pe\u0142ne raporty z bada\u0144, przed\u0142o\u017cone w czasie i do kt\u00f3rych Glyphosate Renewal Group ma prawa dost\u0119pu <br \/>\ni ujawniania, s\u0105 dost\u0119pne dla zainteresowanych os\u00f3b za po\u015brednictwem prostej procedury sk\u0142adania zam\u00f3wie\u0144 online (z niewielkim wyj\u0105tkiem dokument\u00f3w zawieraj\u0105cych informacje poufne, dotycz\u0105ce produkcji i \u017ar\u00f3d\u0142a oraz dokument\u00f3w, kt\u00f3re nie maj\u0105 znaczenia dla bezpiecze\u0144stwa).<\/p>\n<p>Po z\u0142o\u017ceniu dokumentacji dot. glifosatu w 2020 r., ca\u0142a jej publiczna cz\u0119\u015b\u0107, <br \/>\nw tym nowe sprawozdania z bada\u0144, jest udost\u0119pniana za po\u015brednictwem niniejszej strony internetowej (z niewielkim wyj\u0105tkiem dokument\u00f3w zawieraj\u0105cych pewne informacje dotycz\u0105ce produkcji, kt\u00f3re nie maj\u0105 zwi\u0105zku z bezpiecze\u0144stwem). Wy\u0142\u0105czenie odpowiedzialno\u015bci: Aby chroni\u0107 prywatno\u015b\u0107 danych i zgodnie <br \/>\nz obowi\u0105zuj\u0105cym prawem, wszystkie dane osobowe i obiekty badawcze do bada\u0144 kr\u0119gowc\u00f3w zostan\u0105 usuni\u0119te z dokument\u00f3w upublicznionych przez Glyphosate Renewal Group.<\/p>\n<p>Glyphosate Renewal Group do\u0142\u0105czy\u0142a do Europejskiego rejestru s\u0142u\u017c\u0105cego przejrzysto\u015bci; szczeg\u00f3\u0142y mo\u017cna znale\u017a\u0107 <strong><span style=\"color: #339966;\"><a href=\"https:\/\/ec.europa.eu\/transparencyregister\/public\/consultation\/displaylobbyist.do?id=720197936300-30&amp;locale=en#en\" target=\"_blank\" rel=\"noopener\">tutaj<\/a>.<\/span><\/strong><\/p>\n","protected":false},"excerpt":{"rendered":"<p>W odpowiedzi na zapotrzebowanie na wi\u0119ksz\u0105 przejrzysto\u015b\u0107 oraz informacje w zakresie procesu oraz jego element\u00f3w konstytutywnych, Glyphosate Renewal Group zapewni\u0142a dost\u0119p do dokumentacji naukowej z\u0142o\u017conej w 2012 roku oraz do nowych bada\u0144, kt\u00f3re dodano do dowod\u00f3w naukowych zaprezentowanych w 2012 roku oraz stanowi\u0105cych cz\u0119\u015b\u0107 nowej dokumentacji przed\u0142o\u017conej w czerwcu 2020 roku. Glyphosate Renewal Group aktywnie&hellip;<\/p>\n","protected":false},"author":1,"featured_media":0,"parent":0,"menu_order":381,"comment_status":"closed","ping_status":"closed","template":"views\/template-transparency.blade.php","meta":{"_acf_changed":false,"inline_featured_image":false,"footnotes":""},"class_list":["post-16425","page","type-page","status-publish","hentry"],"acf":[],"yoast_head":"<!-- This site is optimized with the Yoast SEO plugin v27.3 - https:\/\/yoast.com\/product\/yoast-seo-wordpress\/ -->\n<title>Przejrzysto\u015bci - Glyphosate Renewal Group<\/title>\n<meta name=\"robots\" content=\"index, follow, max-snippet:-1, max-image-preview:large, max-video-preview:-1\" \/>\n<link rel=\"canonical\" href=\"https:\/\/www.glyphosate.eu\/pl\/transparency\/\" \/>\n<meta property=\"og:locale\" content=\"pl_PL\" \/>\n<meta property=\"og:type\" content=\"article\" \/>\n<meta property=\"og:title\" content=\"Przejrzysto\u015bci - Glyphosate Renewal Group\" \/>\n<meta property=\"og:description\" content=\"W odpowiedzi na zapotrzebowanie na wi\u0119ksz\u0105 przejrzysto\u015b\u0107 oraz informacje w zakresie procesu oraz jego element\u00f3w konstytutywnych, Glyphosate Renewal Group zapewni\u0142a dost\u0119p do dokumentacji naukowej z\u0142o\u017conej w 2012 roku oraz do nowych bada\u0144, kt\u00f3re dodano do dowod\u00f3w naukowych zaprezentowanych w 2012 roku oraz stanowi\u0105cych cz\u0119\u015b\u0107 nowej dokumentacji przed\u0142o\u017conej w czerwcu 2020 roku. Glyphosate Renewal Group aktywnie&hellip;\" \/>\n<meta property=\"og:url\" content=\"https:\/\/www.glyphosate.eu\/pl\/transparency\/\" \/>\n<meta property=\"og:site_name\" content=\"Glyphosate Renewal Group\" \/>\n<meta property=\"article:modified_time\" content=\"2022-01-12T09:58:57+00:00\" \/>\n<meta name=\"twitter:card\" content=\"summary_large_image\" \/>\n<meta name=\"twitter:label1\" content=\"Est. reading time\" \/>\n\t<meta name=\"twitter:data1\" content=\"2 minutes\" \/>\n<script type=\"application\/ld+json\" class=\"yoast-schema-graph\">{\"@context\":\"https:\\\/\\\/schema.org\",\"@graph\":[{\"@type\":\"WebPage\",\"@id\":\"https:\\\/\\\/www.glyphosate.eu\\\/pl\\\/transparency\\\/\",\"url\":\"https:\\\/\\\/www.glyphosate.eu\\\/pl\\\/transparency\\\/\",\"name\":\"Przejrzysto\u015bci - Glyphosate Renewal Group\",\"isPartOf\":{\"@id\":\"https:\\\/\\\/www.glyphosate.eu\\\/#website\"},\"datePublished\":\"2019-12-09T12:33:45+00:00\",\"dateModified\":\"2022-01-12T09:58:57+00:00\",\"inLanguage\":\"pl-PL\",\"potentialAction\":[{\"@type\":\"ReadAction\",\"target\":[\"https:\\\/\\\/www.glyphosate.eu\\\/pl\\\/transparency\\\/\"]}]},{\"@type\":\"WebSite\",\"@id\":\"https:\\\/\\\/www.glyphosate.eu\\\/#website\",\"url\":\"https:\\\/\\\/www.glyphosate.eu\\\/\",\"name\":\"Glyphosate Renewal Group\",\"description\":\"Just another WordPress site\",\"potentialAction\":[{\"@type\":\"SearchAction\",\"target\":{\"@type\":\"EntryPoint\",\"urlTemplate\":\"https:\\\/\\\/www.glyphosate.eu\\\/?s={search_term_string}\"},\"query-input\":{\"@type\":\"PropertyValueSpecification\",\"valueRequired\":true,\"valueName\":\"search_term_string\"}}],\"inLanguage\":\"pl-PL\"}]}<\/script>\n<!-- \/ Yoast SEO plugin. -->","yoast_head_json":{"title":"Przejrzysto\u015bci - Glyphosate Renewal Group","robots":{"index":"index","follow":"follow","max-snippet":"max-snippet:-1","max-image-preview":"max-image-preview:large","max-video-preview":"max-video-preview:-1"},"canonical":"https:\/\/www.glyphosate.eu\/pl\/transparency\/","og_locale":"pl_PL","og_type":"article","og_title":"Przejrzysto\u015bci - Glyphosate Renewal Group","og_description":"W odpowiedzi na zapotrzebowanie na wi\u0119ksz\u0105 przejrzysto\u015b\u0107 oraz informacje w zakresie procesu oraz jego element\u00f3w konstytutywnych, Glyphosate Renewal Group zapewni\u0142a dost\u0119p do dokumentacji naukowej z\u0142o\u017conej w 2012 roku oraz do nowych bada\u0144, kt\u00f3re dodano do dowod\u00f3w naukowych zaprezentowanych w 2012 roku oraz stanowi\u0105cych cz\u0119\u015b\u0107 nowej dokumentacji przed\u0142o\u017conej w czerwcu 2020 roku. Glyphosate Renewal Group aktywnie&hellip;","og_url":"https:\/\/www.glyphosate.eu\/pl\/transparency\/","og_site_name":"Glyphosate Renewal Group","article_modified_time":"2022-01-12T09:58:57+00:00","twitter_card":"summary_large_image","twitter_misc":{"Est. reading time":"2 minutes"},"schema":{"@context":"https:\/\/schema.org","@graph":[{"@type":"WebPage","@id":"https:\/\/www.glyphosate.eu\/pl\/transparency\/","url":"https:\/\/www.glyphosate.eu\/pl\/transparency\/","name":"Przejrzysto\u015bci - Glyphosate Renewal Group","isPartOf":{"@id":"https:\/\/www.glyphosate.eu\/#website"},"datePublished":"2019-12-09T12:33:45+00:00","dateModified":"2022-01-12T09:58:57+00:00","inLanguage":"pl-PL","potentialAction":[{"@type":"ReadAction","target":["https:\/\/www.glyphosate.eu\/pl\/transparency\/"]}]},{"@type":"WebSite","@id":"https:\/\/www.glyphosate.eu\/#website","url":"https:\/\/www.glyphosate.eu\/","name":"Glyphosate Renewal Group","description":"Just another WordPress site","potentialAction":[{"@type":"SearchAction","target":{"@type":"EntryPoint","urlTemplate":"https:\/\/www.glyphosate.eu\/?s={search_term_string}"},"query-input":{"@type":"PropertyValueSpecification","valueRequired":true,"valueName":"search_term_string"}}],"inLanguage":"pl-PL"}]}},"_links":{"self":[{"href":"https:\/\/www.glyphosate.eu\/pl\/wp-json\/wp\/v2\/pages\/16425","targetHints":{"allow":["GET"]}}],"collection":[{"href":"https:\/\/www.glyphosate.eu\/pl\/wp-json\/wp\/v2\/pages"}],"about":[{"href":"https:\/\/www.glyphosate.eu\/pl\/wp-json\/wp\/v2\/types\/page"}],"author":[{"embeddable":true,"href":"https:\/\/www.glyphosate.eu\/pl\/wp-json\/wp\/v2\/users\/1"}],"replies":[{"embeddable":true,"href":"https:\/\/www.glyphosate.eu\/pl\/wp-json\/wp\/v2\/comments?post=16425"}],"version-history":[{"count":19,"href":"https:\/\/www.glyphosate.eu\/pl\/wp-json\/wp\/v2\/pages\/16425\/revisions"}],"predecessor-version":[{"id":27768,"href":"https:\/\/www.glyphosate.eu\/pl\/wp-json\/wp\/v2\/pages\/16425\/revisions\/27768"}],"wp:attachment":[{"href":"https:\/\/www.glyphosate.eu\/pl\/wp-json\/wp\/v2\/media?parent=16425"}],"curies":[{"name":"wp","href":"https:\/\/api.w.org\/{rel}","templated":true}]}}