{"id":16422,"date":"2019-10-10T14:34:26","date_gmt":"2019-10-10T13:34:26","guid":{"rendered":"https:\/\/www.glyphosate.eu\/authorisation-process\/"},"modified":"2021-12-21T14:44:02","modified_gmt":"2021-12-21T14:44:02","slug":"proces-udzielania-zezwolenia","status":"publish","type":"page","link":"https:\/\/www.glyphosate.eu\/pl\/proces-udzielania-zezwolenia\/","title":{"rendered":"Proces udzielania zezwolenia"},"content":{"rendered":"<p>12 grudnia 2017 r., po uzyskaniu pozytywnego wyniku g\u0142osowania kwalifikowan\u0105 wi\u0119kszo\u015bci\u0105 kraj\u00f3w cz\u0142onkowskich, Komisja odnowi\u0142a zezwolenie dla glifosatu <br \/>\nna 5 kolejnych lat. Oznacza to, \u017ce glifosat mo\u017cna stosowa\u0107 w UE jako substancj\u0119 czynn\u0105 w \u015brodkach ochrony ro\u015blin do 15 grudnia 2022 r. Niemniej jednak, po przeprowadzeniu oceny bezpiecze\u0144stwa, ka\u017cdy \u015brodek ochrony ro\u015blin musi uzyska\u0107 zezwolenie w\u0142a\u015bciwych w\u0142adz w krajach UE. \u015arodki ochrony ro\u015blin okre\u015bla si\u0119 r\u00f3wnie\u017c mianem pestycyd\u00f3w.<\/p>\n<p>Zgodnie z prawem UE, zezwolenie dotycz\u0105ce wszystkich substancji czynnych musi podlega\u0107 okresowej kontroli; zwykle jeden kraj cz\u0142onkowski UE (Sprawozdawca) jest odpowiedzialny za naukow\u0105 ocen\u0119 substancji czynnej. Ocena jest nast\u0119pnie zatwierdzana przez w\u0142a\u015bciwe organy wszystkich pozosta\u0142ych kraj\u00f3w cz\u0142onkowskich UE, podczas gdy ca\u0142y proces jest nadzorowany przez Europejski Urz\u0105d ds. Bezpiecze\u0144stwa \u017bywno\u015bci (EFSA).<br \/>\nPe\u0142en opis procesu UE dotycz\u0105cego zatwierdzania substancji czynnych oraz wydawania zezwolenia dla \u015brodk\u00f3w ochrony ro\u015blin mo\u017cna znale\u017a\u0107 na niniejszej stronie.<\/p>\n<p>W przypadku glifosatu, z uwagi na bardzo du\u017c\u0105 liczb\u0119 bada\u0144 naukowych, kt\u00f3re nale\u017cy oceni\u0107, i zwi\u0105zanym z tym du\u017cym nak\u0142adem pracy, kraje cz\u0142onkowskie zgodzi\u0142y si\u0119, \u017ce nast\u0119puj\u0105ca grupa kraj\u00f3w b\u0119dzie pracowa\u0107 wsp\u00f3lnie jako Sprawozdawca. S\u0105 nimi: Francja, W\u0119gry, Holandia i Szwecja. Te cztery kraje tworz\u0105 \u00a0Assessment Group on Glyphosate (AGG), powo\u0142an\u0105 w kwietniu 2019 r.<\/p>\n<p>Zgodnie z zasadami panuj\u0105cymi w UE, na trzy lata przed wyga\u015bni\u0119ciem zezwolenia (tj. do 15 grudnia 2019 r.), firmy, kt\u00f3re chc\u0105 utrzyma\u0107 zezwolenie <br \/>\nna stosowanie glifosatu, musz\u0105 przed\u0142o\u017cy\u0107 do Komisji Europejskiej wniosek <br \/>\no jego odnowienie.<br \/>\nNast\u0119pnie do 15 lipca 2020 r. nale\u017cy dostarczy\u0107 dokumentacj\u0119 obejmuj\u0105c\u0105 setki bada\u0144 oraz tysi\u0105ce artyku\u0142\u00f3w naukowych dotycz\u0105cych glifosatu, jego bezpiecze\u0144stwa oraz stosowania. Dokumenty przedk\u0142adane s\u0105 wy\u017cej wymienionym pa\u0144stwom oceniaj\u0105cym (AGG) oraz Europejskiemu Urz\u0119dowi <br \/>\nds. Bezpiecze\u0144stwa \u017bywno\u015bci (EFSA).<\/p>\n<p>Po sprawdzeniu kompletno\u015bci dokumentacji, w\u0142a\u015bciwe krajowe organy pa\u0144stw-cz\u0142onk\u00f3w AGG poddadz\u0105 ocenie badania oraz artyku\u0142y naukowe tworz\u0105ce <br \/>\nt\u0119 dokumentacj\u0119 i przygotuj\u0105 projekt Raportu z Oceny Odnowienia (RAR). <br \/>\nZ uwagi na chronologi\u0119 przedstawion\u0105 w przepisach UE, raport RAR<br \/>\nw przypadku glifosatu powinien by\u0107 gotowy w lipcu 2021 r. W tym momencie otwarte zostan\u0105 konsultacje publiczne: ka\u017cdy b\u0119dzie mia\u0142 mo\u017cliwo\u015b\u0107 wypowiedzenia si\u0119 na temat zawarto\u015bci raportu RAR w internecie.<\/p>\n<p>Nast\u0119pnie raport RAR zostanie przes\u0142any do EFSA oraz innych pa\u0144stw cz\u0142onkowskich UE do recenzji. Pod koniec tego procesu EFSA opublikuje swoje Wnioski na temat bezpiecze\u0144stwa glifosatu i prze\u015ble je do Dyrekcji Generalnej Komisji Europejskiej ds. Zdrowia i Bezpiecze\u0144stwa \u017bywno\u015bci.<\/p>\n<p>W oparciu o naukowe wnioski przedstawione przez EFSA, Komisja Europejska sporz\u0105dzi wniosek ustawodawczy dotycz\u0105cy odnowienia lub nieodnowienia zezwolenia na stosowanie glifosatu. Ten wniosek ustawodawczy zostanie poddany dyskusji w ramach Komitetu, kt\u00f3remu przewodniczy Komisja Europejska, a bior\u0105 w nim udzia\u0142 eksperci ze wszystkich kraj\u00f3w cz\u0142onkowskich UE. Ci eksperci ostatecznie g\u0142osuj\u0105 nad tym, czy glifosat powinien uzyska\u0107 odnowienie zezwolenia w UE. Pozytywny wynik uzyskuje si\u0119 przy kwalifikowanej wi\u0119kszo\u015bci kraj\u00f3w cz\u0142onkowskich g\u0142osuj\u0105cych za stosowaniem substancji czynnej glifosat.<br \/>\nNa niniejszej stronie mo\u017cna znale\u017a\u0107 r\u00f3wnie\u017c informacje na temat wymaga\u0144 dotycz\u0105cych zezwolenia.<\/p>\n<p>Tylko po uzyskaniu odnowienia zezwolenia dla substancji czynnej, produkty zawieraj\u0105ce t\u0119 substancj\u0119 mog\u0105 uzyska\u0107 (ponowne) zezwolenie na stosowanie zgodnie z przeznaczeniem w ka\u017cdym kraju cz\u0142onkowskim.<\/p>\n","protected":false},"excerpt":{"rendered":"<p>12 grudnia 2017 r., po uzyskaniu pozytywnego wyniku g\u0142osowania kwalifikowan\u0105 wi\u0119kszo\u015bci\u0105 kraj\u00f3w cz\u0142onkowskich, Komisja odnowi\u0142a zezwolenie dla glifosatu na 5 kolejnych lat. Oznacza to, \u017ce glifosat mo\u017cna stosowa\u0107 w UE jako substancj\u0119 czynn\u0105 w \u015brodkach ochrony ro\u015blin do 15 grudnia 2022 r. Niemniej jednak, po przeprowadzeniu oceny bezpiecze\u0144stwa, ka\u017cdy \u015brodek ochrony ro\u015blin musi uzyska\u0107 zezwolenie&hellip;<\/p>\n","protected":false},"author":1,"featured_media":0,"parent":0,"menu_order":476,"comment_status":"closed","ping_status":"closed","template":"views\/template-auth-process.blade.php","meta":{"_acf_changed":false,"inline_featured_image":false,"footnotes":""},"class_list":["post-16422","page","type-page","status-publish","hentry"],"acf":[],"yoast_head":"<!-- This site is optimized with the Yoast SEO plugin v27.4 - https:\/\/yoast.com\/product\/yoast-seo-wordpress\/ -->\n<title>Authorisation Process | Glyphosate Renewal Group<\/title>\n<meta name=\"description\" content=\"In 2017 the Commission renewed the EU approval of glyphosate for 5 years until 2020. By law the approval of active substances must be periodically reviewed.\" \/>\n<meta name=\"robots\" content=\"index, follow, max-snippet:-1, max-image-preview:large, max-video-preview:-1\" \/>\n<link rel=\"canonical\" href=\"https:\/\/www.glyphosate.eu\/pl\/proces-udzielania-zezwolenia\/\" \/>\n<meta property=\"og:locale\" content=\"pl_PL\" \/>\n<meta property=\"og:type\" content=\"article\" \/>\n<meta property=\"og:title\" content=\"Authorisation Process | Glyphosate Renewal Group\" \/>\n<meta property=\"og:description\" content=\"In 2017 the Commission renewed the EU approval of glyphosate for 5 years until 2020. By law the approval of active substances must be periodically reviewed.\" \/>\n<meta property=\"og:url\" content=\"https:\/\/www.glyphosate.eu\/pl\/proces-udzielania-zezwolenia\/\" \/>\n<meta property=\"og:site_name\" content=\"Glyphosate Renewal Group\" \/>\n<meta property=\"article:modified_time\" content=\"2021-12-21T14:44:02+00:00\" \/>\n<meta name=\"twitter:card\" content=\"summary_large_image\" \/>\n<meta name=\"twitter:label1\" content=\"Est. reading time\" \/>\n\t<meta name=\"twitter:data1\" content=\"3 minutes\" \/>\n<script type=\"application\/ld+json\" class=\"yoast-schema-graph\">{\"@context\":\"https:\\\/\\\/schema.org\",\"@graph\":[{\"@type\":\"WebPage\",\"@id\":\"https:\\\/\\\/www.glyphosate.eu\\\/pl\\\/proces-udzielania-zezwolenia\\\/\",\"url\":\"https:\\\/\\\/www.glyphosate.eu\\\/pl\\\/proces-udzielania-zezwolenia\\\/\",\"name\":\"Authorisation Process | Glyphosate Renewal Group\",\"isPartOf\":{\"@id\":\"https:\\\/\\\/www.glyphosate.eu\\\/#website\"},\"datePublished\":\"2019-10-10T13:34:26+00:00\",\"dateModified\":\"2021-12-21T14:44:02+00:00\",\"description\":\"In 2017 the Commission renewed the EU approval of glyphosate for 5 years until 2020. By law the approval of active substances must be periodically reviewed.\",\"inLanguage\":\"pl-PL\",\"potentialAction\":[{\"@type\":\"ReadAction\",\"target\":[\"https:\\\/\\\/www.glyphosate.eu\\\/pl\\\/proces-udzielania-zezwolenia\\\/\"]}]},{\"@type\":\"WebSite\",\"@id\":\"https:\\\/\\\/www.glyphosate.eu\\\/#website\",\"url\":\"https:\\\/\\\/www.glyphosate.eu\\\/\",\"name\":\"Glyphosate Renewal Group\",\"description\":\"Just another WordPress site\",\"potentialAction\":[{\"@type\":\"SearchAction\",\"target\":{\"@type\":\"EntryPoint\",\"urlTemplate\":\"https:\\\/\\\/www.glyphosate.eu\\\/?s={search_term_string}\"},\"query-input\":{\"@type\":\"PropertyValueSpecification\",\"valueRequired\":true,\"valueName\":\"search_term_string\"}}],\"inLanguage\":\"pl-PL\"}]}<\/script>\n<!-- \/ Yoast SEO plugin. -->","yoast_head_json":{"title":"Authorisation Process | Glyphosate Renewal Group","description":"In 2017 the Commission renewed the EU approval of glyphosate for 5 years until 2020. By law the approval of active substances must be periodically reviewed.","robots":{"index":"index","follow":"follow","max-snippet":"max-snippet:-1","max-image-preview":"max-image-preview:large","max-video-preview":"max-video-preview:-1"},"canonical":"https:\/\/www.glyphosate.eu\/pl\/proces-udzielania-zezwolenia\/","og_locale":"pl_PL","og_type":"article","og_title":"Authorisation Process | Glyphosate Renewal Group","og_description":"In 2017 the Commission renewed the EU approval of glyphosate for 5 years until 2020. By law the approval of active substances must be periodically reviewed.","og_url":"https:\/\/www.glyphosate.eu\/pl\/proces-udzielania-zezwolenia\/","og_site_name":"Glyphosate Renewal Group","article_modified_time":"2021-12-21T14:44:02+00:00","twitter_card":"summary_large_image","twitter_misc":{"Est. reading time":"3 minutes"},"schema":{"@context":"https:\/\/schema.org","@graph":[{"@type":"WebPage","@id":"https:\/\/www.glyphosate.eu\/pl\/proces-udzielania-zezwolenia\/","url":"https:\/\/www.glyphosate.eu\/pl\/proces-udzielania-zezwolenia\/","name":"Authorisation Process | Glyphosate Renewal Group","isPartOf":{"@id":"https:\/\/www.glyphosate.eu\/#website"},"datePublished":"2019-10-10T13:34:26+00:00","dateModified":"2021-12-21T14:44:02+00:00","description":"In 2017 the Commission renewed the EU approval of glyphosate for 5 years until 2020. By law the approval of active substances must be periodically reviewed.","inLanguage":"pl-PL","potentialAction":[{"@type":"ReadAction","target":["https:\/\/www.glyphosate.eu\/pl\/proces-udzielania-zezwolenia\/"]}]},{"@type":"WebSite","@id":"https:\/\/www.glyphosate.eu\/#website","url":"https:\/\/www.glyphosate.eu\/","name":"Glyphosate Renewal Group","description":"Just another WordPress site","potentialAction":[{"@type":"SearchAction","target":{"@type":"EntryPoint","urlTemplate":"https:\/\/www.glyphosate.eu\/?s={search_term_string}"},"query-input":{"@type":"PropertyValueSpecification","valueRequired":true,"valueName":"search_term_string"}}],"inLanguage":"pl-PL"}]}},"_links":{"self":[{"href":"https:\/\/www.glyphosate.eu\/pl\/wp-json\/wp\/v2\/pages\/16422","targetHints":{"allow":["GET"]}}],"collection":[{"href":"https:\/\/www.glyphosate.eu\/pl\/wp-json\/wp\/v2\/pages"}],"about":[{"href":"https:\/\/www.glyphosate.eu\/pl\/wp-json\/wp\/v2\/types\/page"}],"author":[{"embeddable":true,"href":"https:\/\/www.glyphosate.eu\/pl\/wp-json\/wp\/v2\/users\/1"}],"replies":[{"embeddable":true,"href":"https:\/\/www.glyphosate.eu\/pl\/wp-json\/wp\/v2\/comments?post=16422"}],"version-history":[{"count":25,"href":"https:\/\/www.glyphosate.eu\/pl\/wp-json\/wp\/v2\/pages\/16422\/revisions"}],"predecessor-version":[{"id":26963,"href":"https:\/\/www.glyphosate.eu\/pl\/wp-json\/wp\/v2\/pages\/16422\/revisions\/26963"}],"wp:attachment":[{"href":"https:\/\/www.glyphosate.eu\/pl\/wp-json\/wp\/v2\/media?parent=16422"}],"curies":[{"name":"wp","href":"https:\/\/api.w.org\/{rel}","templated":true}]}}