{"id":16410,"date":"2021-03-15T11:18:30","date_gmt":"2021-03-15T11:18:30","guid":{"rendered":"https:\/\/www.glyphosate.eu\/?page_id=16410"},"modified":"2021-09-05T21:37:19","modified_gmt":"2021-09-05T20:37:19","slug":"przydatne-informacje","status":"publish","type":"page","link":"https:\/\/www.glyphosate.eu\/pl\/przydatne-informacje\/","title":{"rendered":"Przydatne informacje"},"content":{"rendered":"<p>Produkty na bazie glifosatu s\u0105 zatwierdzone do stosowania<br \/>\nm. in. w rolnictwie, zarz\u0105dzaniu ro\u015blinno\u015bci\u0105, trawnikach i ogrodach,<br \/>\nna kolei. Aktualnie s\u0105 one zarejestrowane i sprzedawane w ponad 150 krajach.<\/p>\n<p>Herbicydy na bazie glifosatu, stosowane zgodnie z instrukcjami na etykiecie, stanowi\u0105 bezpieczne i skuteczne narz\u0119dzie do zwalczania chwast\u00f3w, kt\u00f3re mog\u0105 zagra\u017ca\u0107 produkcji rolnej, zw\u0142aszcza zmniejszaj\u0105c produktywno\u015b\u0107 i jako\u015b\u0107 upraw, ale tak\u017ce ro\u015blin, kt\u00f3re mog\u0142yby zaszkodzi\u0107 bezpiecze\u0144stwu, stabilno\u015bci i u\u017cyteczno\u015bci tor\u00f3w kolejowych, autostrad, zap\u00f3r, wiadukt\u00f3w i innych konstrukcji. Je\u017celi chwasty nie s\u0105 zwalczane<br \/>\nw skuteczny spos\u00f3b, mo\u017ce to prowadzi\u0107 do wy\u017cszych koszt\u00f3w produkcji lub strat<br \/>\nw zbiorach, co ma negatywny wp\u0142yw na dochody rolnika.<\/p>\n<p>Herbicydy oparte na glifosacie wprowadzono po raz pierwszy w 1974 r. i od tego czasu by\u0142y stosowane w bezpieczny spos\u00f3b. W rolnictwie stosuje si\u0119 je wobec szerokiej gamy ro\u015blin uprawnych, a tak\u017ce na pastwiskach.<\/p>\n<p>Glifosat od dawna przyczynia si\u0119 do poprawy zdrowia gleby i jej r\u00f3\u017cnorodno\u015bci biologicznej, umo\u017cliwiaj\u0105c upraw\u0119 bez orki lub upraw\u0119 uproszczon\u0105. Stosowanie produkt\u00f3w na bazie glifosatu pomaga r\u00f3wnie\u017c w zapobieganiu erozji gleby, zmniejszaniu emisji gaz\u00f3w cieplarnianych i chronieniu wi\u0119kszych obszar\u00f3w ziemi dla rodzimych siedlisk.<\/p>\n","protected":false},"excerpt":{"rendered":"<p>Produkty na bazie glifosatu s\u0105 zatwierdzone do stosowania m. in. w rolnictwie, zarz\u0105dzaniu ro\u015blinno\u015bci\u0105, trawnikach i ogrodach, na kolei. Aktualnie s\u0105 one zarejestrowane i sprzedawane w ponad 150 krajach. Herbicydy na bazie glifosatu, stosowane zgodnie z instrukcjami na etykiecie, stanowi\u0105 bezpieczne i skuteczne narz\u0119dzie do zwalczania chwast\u00f3w, kt\u00f3re mog\u0105 zagra\u017ca\u0107 produkcji rolnej, zw\u0142aszcza zmniejszaj\u0105c produktywno\u015b\u0107&hellip;<\/p>\n","protected":false},"author":1,"featured_media":0,"parent":0,"menu_order":519,"comment_status":"closed","ping_status":"closed","template":"views\/template-transparency.blade.php","meta":{"_acf_changed":false,"inline_featured_image":false,"footnotes":""},"class_list":["post-16410","page","type-page","status-publish","hentry"],"acf":[],"yoast_head":"<!-- This site is optimized with the Yoast SEO plugin v27.4 - https:\/\/yoast.com\/product\/yoast-seo-wordpress\/ -->\n<title>Information | Glyphosate Renewal Group<\/title>\n<meta name=\"description\" content=\"Glyphosate is a chemical substance, when used as indicated by the label, is a safe and effective tool to control weeds. Learn more information with GRG.\" \/>\n<meta name=\"robots\" content=\"index, follow, max-snippet:-1, max-image-preview:large, max-video-preview:-1\" \/>\n<link rel=\"canonical\" href=\"https:\/\/www.glyphosate.eu\/pl\/przydatne-informacje\/\" \/>\n<meta property=\"og:locale\" content=\"pl_PL\" \/>\n<meta property=\"og:type\" content=\"article\" \/>\n<meta property=\"og:title\" content=\"Information | Glyphosate Renewal Group\" \/>\n<meta property=\"og:description\" content=\"Glyphosate is a chemical substance, when used as indicated by the label, is a safe and effective tool to control weeds. Learn more information with GRG.\" \/>\n<meta property=\"og:url\" content=\"https:\/\/www.glyphosate.eu\/pl\/przydatne-informacje\/\" \/>\n<meta property=\"og:site_name\" content=\"Glyphosate Renewal Group\" \/>\n<meta property=\"article:modified_time\" content=\"2021-09-05T20:37:19+00:00\" \/>\n<meta name=\"twitter:card\" content=\"summary_large_image\" \/>\n<meta name=\"twitter:label1\" content=\"Est. reading time\" \/>\n\t<meta name=\"twitter:data1\" content=\"1 minute\" \/>\n<script type=\"application\/ld+json\" class=\"yoast-schema-graph\">{\"@context\":\"https:\\\/\\\/schema.org\",\"@graph\":[{\"@type\":\"WebPage\",\"@id\":\"https:\\\/\\\/www.glyphosate.eu\\\/pl\\\/przydatne-informacje\\\/\",\"url\":\"https:\\\/\\\/www.glyphosate.eu\\\/pl\\\/przydatne-informacje\\\/\",\"name\":\"Information | Glyphosate Renewal Group\",\"isPartOf\":{\"@id\":\"https:\\\/\\\/www.glyphosate.eu\\\/#website\"},\"datePublished\":\"2021-03-15T11:18:30+00:00\",\"dateModified\":\"2021-09-05T20:37:19+00:00\",\"description\":\"Glyphosate is a chemical substance, when used as indicated by the label, is a safe and effective tool to control weeds. Learn more information with GRG.\",\"inLanguage\":\"pl-PL\",\"potentialAction\":[{\"@type\":\"ReadAction\",\"target\":[\"https:\\\/\\\/www.glyphosate.eu\\\/pl\\\/przydatne-informacje\\\/\"]}]},{\"@type\":\"WebSite\",\"@id\":\"https:\\\/\\\/www.glyphosate.eu\\\/#website\",\"url\":\"https:\\\/\\\/www.glyphosate.eu\\\/\",\"name\":\"Glyphosate Renewal Group\",\"description\":\"Just another WordPress site\",\"potentialAction\":[{\"@type\":\"SearchAction\",\"target\":{\"@type\":\"EntryPoint\",\"urlTemplate\":\"https:\\\/\\\/www.glyphosate.eu\\\/?s={search_term_string}\"},\"query-input\":{\"@type\":\"PropertyValueSpecification\",\"valueRequired\":true,\"valueName\":\"search_term_string\"}}],\"inLanguage\":\"pl-PL\"}]}<\/script>\n<!-- \/ Yoast SEO plugin. -->","yoast_head_json":{"title":"Information | Glyphosate Renewal Group","description":"Glyphosate is a chemical substance, when used as indicated by the label, is a safe and effective tool to control weeds. Learn more information with GRG.","robots":{"index":"index","follow":"follow","max-snippet":"max-snippet:-1","max-image-preview":"max-image-preview:large","max-video-preview":"max-video-preview:-1"},"canonical":"https:\/\/www.glyphosate.eu\/pl\/przydatne-informacje\/","og_locale":"pl_PL","og_type":"article","og_title":"Information | Glyphosate Renewal Group","og_description":"Glyphosate is a chemical substance, when used as indicated by the label, is a safe and effective tool to control weeds. Learn more information with GRG.","og_url":"https:\/\/www.glyphosate.eu\/pl\/przydatne-informacje\/","og_site_name":"Glyphosate Renewal Group","article_modified_time":"2021-09-05T20:37:19+00:00","twitter_card":"summary_large_image","twitter_misc":{"Est. reading time":"1 minute"},"schema":{"@context":"https:\/\/schema.org","@graph":[{"@type":"WebPage","@id":"https:\/\/www.glyphosate.eu\/pl\/przydatne-informacje\/","url":"https:\/\/www.glyphosate.eu\/pl\/przydatne-informacje\/","name":"Information | Glyphosate Renewal Group","isPartOf":{"@id":"https:\/\/www.glyphosate.eu\/#website"},"datePublished":"2021-03-15T11:18:30+00:00","dateModified":"2021-09-05T20:37:19+00:00","description":"Glyphosate is a chemical substance, when used as indicated by the label, is a safe and effective tool to control weeds. Learn more information with GRG.","inLanguage":"pl-PL","potentialAction":[{"@type":"ReadAction","target":["https:\/\/www.glyphosate.eu\/pl\/przydatne-informacje\/"]}]},{"@type":"WebSite","@id":"https:\/\/www.glyphosate.eu\/#website","url":"https:\/\/www.glyphosate.eu\/","name":"Glyphosate Renewal Group","description":"Just another WordPress site","potentialAction":[{"@type":"SearchAction","target":{"@type":"EntryPoint","urlTemplate":"https:\/\/www.glyphosate.eu\/?s={search_term_string}"},"query-input":{"@type":"PropertyValueSpecification","valueRequired":true,"valueName":"search_term_string"}}],"inLanguage":"pl-PL"}]}},"_links":{"self":[{"href":"https:\/\/www.glyphosate.eu\/pl\/wp-json\/wp\/v2\/pages\/16410","targetHints":{"allow":["GET"]}}],"collection":[{"href":"https:\/\/www.glyphosate.eu\/pl\/wp-json\/wp\/v2\/pages"}],"about":[{"href":"https:\/\/www.glyphosate.eu\/pl\/wp-json\/wp\/v2\/types\/page"}],"author":[{"embeddable":true,"href":"https:\/\/www.glyphosate.eu\/pl\/wp-json\/wp\/v2\/users\/1"}],"replies":[{"embeddable":true,"href":"https:\/\/www.glyphosate.eu\/pl\/wp-json\/wp\/v2\/comments?post=16410"}],"version-history":[{"count":15,"href":"https:\/\/www.glyphosate.eu\/pl\/wp-json\/wp\/v2\/pages\/16410\/revisions"}],"predecessor-version":[{"id":20208,"href":"https:\/\/www.glyphosate.eu\/pl\/wp-json\/wp\/v2\/pages\/16410\/revisions\/20208"}],"wp:attachment":[{"href":"https:\/\/www.glyphosate.eu\/pl\/wp-json\/wp\/v2\/media?parent=16410"}],"curies":[{"name":"wp","href":"https:\/\/api.w.org\/{rel}","templated":true}]}}