{"id":15755,"date":"2019-10-10T14:19:53","date_gmt":"2019-10-10T13:19:53","guid":{"rendered":"https:\/\/www.glyphosate.eu\/home\/"},"modified":"2024-10-14T14:08:29","modified_gmt":"2024-10-14T13:08:29","slug":"home","status":"publish","type":"page","link":"https:\/\/www.glyphosate.eu\/pl\/","title":{"rendered":"Strona g\u0142\u00f3wna"},"content":{"rendered":"","protected":false},"excerpt":{"rendered":"","protected":false},"author":1,"featured_media":0,"parent":0,"menu_order":512,"comment_status":"closed","ping_status":"closed","template":"views\/template-home.blade.php","meta":{"_acf_changed":false,"inline_featured_image":false,"footnotes":""},"class_list":["post-15755","page","type-page","status-publish","hentry"],"acf":[],"yoast_head":"<!-- This site is optimized with the Yoast SEO plugin v27.3 - https:\/\/yoast.com\/product\/yoast-seo-wordpress\/ -->\n<title>Grupa odnowy glifosatu (GRG)<\/title>\n<meta name=\"description\" content=\"Glyphosate Renewal Group (GRG) to zbi\u00f3r firm \u0142\u0105cz\u0105cych zasoby i wysi\u0142ki w celu dostarczenia jednej dokumentacji dotycz\u0105cej bezpiecze\u0144stwa glifosatu.\" \/>\n<meta name=\"robots\" content=\"index, follow, max-snippet:-1, max-image-preview:large, max-video-preview:-1\" \/>\n<link rel=\"canonical\" href=\"https:\/\/www.glyphosate.eu\/pl\/\" \/>\n<meta property=\"og:locale\" content=\"pl_PL\" \/>\n<meta property=\"og:type\" content=\"article\" \/>\n<meta property=\"og:title\" content=\"Grupa odnowy glifosatu (GRG)\" \/>\n<meta property=\"og:description\" content=\"Glyphosate Renewal Group (GRG) to zbi\u00f3r firm \u0142\u0105cz\u0105cych zasoby i wysi\u0142ki w celu dostarczenia jednej dokumentacji dotycz\u0105cej bezpiecze\u0144stwa glifosatu.\" \/>\n<meta property=\"og:url\" content=\"https:\/\/www.glyphosate.eu\/pl\/\" \/>\n<meta property=\"og:site_name\" content=\"Glyphosate Renewal Group\" \/>\n<meta property=\"article:modified_time\" content=\"2024-10-14T13:08:29+00:00\" \/>\n<meta name=\"twitter:card\" content=\"summary_large_image\" \/>\n<script type=\"application\/ld+json\" class=\"yoast-schema-graph\">{\"@context\":\"https:\\\/\\\/schema.org\",\"@graph\":[{\"@type\":\"WebPage\",\"@id\":\"https:\\\/\\\/www.glyphosate.eu\\\/pl\\\/\",\"url\":\"https:\\\/\\\/www.glyphosate.eu\\\/pl\\\/\",\"name\":\"Grupa odnowy glifosatu (GRG)\",\"isPartOf\":{\"@id\":\"https:\\\/\\\/www.glyphosate.eu\\\/#website\"},\"datePublished\":\"2019-10-10T13:19:53+00:00\",\"dateModified\":\"2024-10-14T13:08:29+00:00\",\"description\":\"Glyphosate Renewal Group (GRG) to zbi\u00f3r firm \u0142\u0105cz\u0105cych zasoby i wysi\u0142ki w celu dostarczenia jednej dokumentacji dotycz\u0105cej bezpiecze\u0144stwa glifosatu.\",\"inLanguage\":\"pl-PL\",\"potentialAction\":[{\"@type\":\"ReadAction\",\"target\":[\"https:\\\/\\\/www.glyphosate.eu\\\/pl\\\/\"]}]},{\"@type\":\"WebSite\",\"@id\":\"https:\\\/\\\/www.glyphosate.eu\\\/#website\",\"url\":\"https:\\\/\\\/www.glyphosate.eu\\\/\",\"name\":\"Glyphosate Renewal Group\",\"description\":\"Just another WordPress site\",\"potentialAction\":[{\"@type\":\"SearchAction\",\"target\":{\"@type\":\"EntryPoint\",\"urlTemplate\":\"https:\\\/\\\/www.glyphosate.eu\\\/?s={search_term_string}\"},\"query-input\":{\"@type\":\"PropertyValueSpecification\",\"valueRequired\":true,\"valueName\":\"search_term_string\"}}],\"inLanguage\":\"pl-PL\"}]}<\/script>\n<!-- \/ Yoast SEO plugin. -->","yoast_head_json":{"title":"Grupa odnowy glifosatu (GRG)","description":"Glyphosate Renewal Group (GRG) to zbi\u00f3r firm \u0142\u0105cz\u0105cych zasoby i wysi\u0142ki w celu dostarczenia jednej dokumentacji dotycz\u0105cej bezpiecze\u0144stwa glifosatu.","robots":{"index":"index","follow":"follow","max-snippet":"max-snippet:-1","max-image-preview":"max-image-preview:large","max-video-preview":"max-video-preview:-1"},"canonical":"https:\/\/www.glyphosate.eu\/pl\/","og_locale":"pl_PL","og_type":"article","og_title":"Grupa odnowy glifosatu (GRG)","og_description":"Glyphosate Renewal Group (GRG) to zbi\u00f3r firm \u0142\u0105cz\u0105cych zasoby i wysi\u0142ki w celu dostarczenia jednej dokumentacji dotycz\u0105cej bezpiecze\u0144stwa glifosatu.","og_url":"https:\/\/www.glyphosate.eu\/pl\/","og_site_name":"Glyphosate Renewal Group","article_modified_time":"2024-10-14T13:08:29+00:00","twitter_card":"summary_large_image","schema":{"@context":"https:\/\/schema.org","@graph":[{"@type":"WebPage","@id":"https:\/\/www.glyphosate.eu\/pl\/","url":"https:\/\/www.glyphosate.eu\/pl\/","name":"Grupa odnowy glifosatu (GRG)","isPartOf":{"@id":"https:\/\/www.glyphosate.eu\/#website"},"datePublished":"2019-10-10T13:19:53+00:00","dateModified":"2024-10-14T13:08:29+00:00","description":"Glyphosate Renewal Group (GRG) to zbi\u00f3r firm \u0142\u0105cz\u0105cych zasoby i wysi\u0142ki w celu dostarczenia jednej dokumentacji dotycz\u0105cej bezpiecze\u0144stwa glifosatu.","inLanguage":"pl-PL","potentialAction":[{"@type":"ReadAction","target":["https:\/\/www.glyphosate.eu\/pl\/"]}]},{"@type":"WebSite","@id":"https:\/\/www.glyphosate.eu\/#website","url":"https:\/\/www.glyphosate.eu\/","name":"Glyphosate Renewal Group","description":"Just another WordPress site","potentialAction":[{"@type":"SearchAction","target":{"@type":"EntryPoint","urlTemplate":"https:\/\/www.glyphosate.eu\/?s={search_term_string}"},"query-input":{"@type":"PropertyValueSpecification","valueRequired":true,"valueName":"search_term_string"}}],"inLanguage":"pl-PL"}]}},"_links":{"self":[{"href":"https:\/\/www.glyphosate.eu\/pl\/wp-json\/wp\/v2\/pages\/15755","targetHints":{"allow":["GET"]}}],"collection":[{"href":"https:\/\/www.glyphosate.eu\/pl\/wp-json\/wp\/v2\/pages"}],"about":[{"href":"https:\/\/www.glyphosate.eu\/pl\/wp-json\/wp\/v2\/types\/page"}],"author":[{"embeddable":true,"href":"https:\/\/www.glyphosate.eu\/pl\/wp-json\/wp\/v2\/users\/1"}],"replies":[{"embeddable":true,"href":"https:\/\/www.glyphosate.eu\/pl\/wp-json\/wp\/v2\/comments?post=15755"}],"version-history":[{"count":68,"href":"https:\/\/www.glyphosate.eu\/pl\/wp-json\/wp\/v2\/pages\/15755\/revisions"}],"predecessor-version":[{"id":35309,"href":"https:\/\/www.glyphosate.eu\/pl\/wp-json\/wp\/v2\/pages\/15755\/revisions\/35309"}],"wp:attachment":[{"href":"https:\/\/www.glyphosate.eu\/pl\/wp-json\/wp\/v2\/media?parent=15755"}],"curies":[{"name":"wp","href":"https:\/\/api.w.org\/{rel}","templated":true}]}}