{"id":21102,"date":"2020-03-24T11:34:25","date_gmt":"2020-03-24T11:34:25","guid":{"rendered":"https:\/\/www.glyphosate.eu\/privacy-cookie-statement\/"},"modified":"2021-10-04T10:02:53","modified_gmt":"2021-10-04T09:02:53","slug":"informativa-privacy-e-cookie","status":"publish","type":"page","link":"https:\/\/www.glyphosate.eu\/it\/informativa-privacy-e-cookie\/","title":{"rendered":"INFORMATIVA PRIVACY E COOKIE"},"content":{"rendered":"<p class=\"p1\">Questo sito web (&#8220;<b>Sito web<\/b>&#8220;) \u00e8 fornito dal Glyphosate Renewal Group (\u201c<b>noi<\/b>\u201d) Per ulteriori informazioni relative al provider del sito web, si faccia riferimento al nostro <a href=\"https:\/\/www.glyphosate.eu\/it\/redazione\/\"><span class=\"s1\">Impressum<\/span><\/a><span class=\"s2\">.<\/span><\/p>\n<p><strong>A. Trattamento dei dati personali<\/strong><\/p>\n<p>Di seguito, desideriamo fornire informazioni su come trattiamo i tuoi dati personali quando utilizzi il nostro sito web.<\/p>\n<p><strong><em>A.1\u00a0 Uso del nostro Sito web<\/em><\/strong><\/p>\n<p>(i)\u00a0 \u00a0 Accesso al nostro Sito web<\/p>\n<p>Quando accedi al nostro sito web, il tuo browser trasferisce alcune informazioni al nostro server web. Ci\u00f2 avviene per ragioni tecniche ed \u00e8 necessario per metterti a disposizione le informazioni richieste.<\/p>\n<p>Le seguenti informazioni sono raccolte, memorizzate brevemente e utilizzate:<\/p>\n<ul>\n<li><span class=\"s2\">Data e ora dell\u2019accesso<\/span><\/li>\n<li><span class=\"s2\">Differenza di fuso orario rispetto all&#8217;ora media di Greenwich (GMT)<\/span><\/li>\n<li><span class=\"s2\">Contenuto della richiesta (pagina specifica)<\/span><\/li>\n<li><span class=\"s2\">Stato dell&#8217;accesso\/Codice di stato HTTP<\/span><\/li>\n<li><span class=\"s2\">Sito web che richiede l&#8217;accesso<\/span><\/li>\n<li>\n<p class=\"p1\">Browser, impostazioni della lingua, versione del sistema operativo del browser e interfaccia<\/p>\n<\/li>\n<\/ul>\n<p class=\"p1\">La base giuridica per il trattamento di questi dati deriva dal fatto che tale trattamento \u00e8 necessario per rendere disponibili le funzionalit\u00e0 del Sito web richieste dall&#8217;utente (articolo 6, paragrafo 1, lettera b), del Regolamento generale sulla protezione dei dati). Inoltre, per proteggere i nostri legittimi interessi, archivieremo tali dati per un periodo di tempo limitato al fine di poter avviare un tracciamento dei dati personali in caso di effettivo o tentato accesso non autorizzato ai nostri server (articolo 6, paragrafo 1, lettera f), del Regolamento generale sulla protezione dei dati).<\/p>\n<p>(ii)\u00a0 Impostazioni dei cookie<\/p>\n<p>Questo Sito web utilizza i cosiddetti \u201ccookie\u201d. I cookie sono piccoli file di testo che vengono memorizzati nel terminale dell\u2019utente tramite il browser. Memorizzano determinate informazioni (ad esempio la lingua preferita o le impostazioni del sito) che il browser pu\u00f2 (a seconda della durata del cookie) ritrasmetterci alla tua successiva visita sul nostro Sito web.<\/p>\n<p><u>List of Cookies<\/u><\/p>\n<table>\n<tbody>\n<tr>\n<td width=\"121\"><strong>Name<\/strong><\/td>\n<td width=\"121\"><strong>Purpose<\/strong><\/td>\n<td width=\"121\"><strong>Lifespan<\/strong><\/td>\n<td width=\"121\"><strong>Provider<\/strong><\/td>\n<td width=\"121\"><strong>Type<\/strong><\/td>\n<\/tr>\n<tr>\n<td width=\"121\">visid_incap&#8230;<\/td>\n<td width=\"121\">I cookie fanno parte dell&#8217;applicazione del firewall web<\/td>\n<td width=\"121\">1 mese<\/td>\n<td width=\"121\">WordPress<\/td>\n<td width=\"121\">Necessario<\/td>\n<\/tr>\n<tr>\n<td width=\"121\">incap_ses&#8230;<\/td>\n<td width=\"121\">Wordfence in WordPress.<\/td>\n<td width=\"121\">Sessione<\/td>\n<td width=\"121\">WordPress<\/td>\n<td width=\"121\">Necessario<\/td>\n<\/tr>\n<tr>\n<td width=\"121\">_ga<\/td>\n<td width=\"121\">Google analytics<\/td>\n<td width=\"121\">2 anni<\/td>\n<td width=\"121\">Google<\/td>\n<td width=\"121\">Non-necessario<\/td>\n<\/tr>\n<\/tbody>\n<\/table>\n<p>&nbsp;<\/p>\n<p class=\"p1\">Per questo Sito web distinguiamo i cookie tra (1) cookie necessari, fondamentale per le funzionalit\u00e0 di base del sito web; e (2) cookie non necessari, i quali sono opzionali e ci aiutano ad analizzare e capire come usi il presente Sito web.<\/p>\n<p class=\"p1\">I cookie non necessari sono disabilitati per impostazione predefinita. Puoi fornire il tuo consenso (articolo 6, paragrafo 1, lettera a) del Regolamento generale sulla protezione dei dati) per abilitarli utilizzando la finestra di dialogo delle Impostazioni dei cookie di questo Sito web. Pu\u00f2 utilizzare la stessa finestra di dialogo per ritirare il tuo consenso e disabilitare i cookie non necessari.<\/p>\n<p class=\"p2\">Inoltre, puoi utilizzare il nostro Sito web senza che venga impostato alcun cookie. All\u2019interno del tuo browser, puoi configurare o disattivare completamente l&#8217;uso dei cookie in qualsiasi momento. Tuttavia, ci\u00f2 pu\u00f2 comportare una limitazione delle funzionalit\u00e0 o avere effetti negativi sulla facilit\u00e0 di utilizzo del nostro Sito web.<\/p>\n<p>(iii)\u00a0 Analisi del Sito web tramite Google<\/p>\n<p>Subordinatamente al tuo consenso (articolo 6, paragrafo 1, lettera a) del Regolamento generale sulla protezione dei dati), il nostro Sito web utilizza un servizio di analisi web di Google Inc., 1600 Amphitheatre Parkway, Mountain View, CA 94043, Stati Uniti (&#8220;Google&#8221;).<\/p>\n<p>Google analizzer\u00e0 per nostro conto il tuo utilizzo del nostro Sito web. A tale scopo usiamo i cookie descritti in maggior dettaglio nella tabella sopra riportata. Le informazioni raccolte da Google in relazione all\u2019uso del nostro Sito web (ad esempio, l\u2019URL di provenienza, le nostre pagine web da te visitate, il tipo di browser, le impostazioni della lingua, il sistema operativo, la risoluzione dello schermo) saranno trasmesse a un server di Google negli Stati Uniti, dove saranno archiviate e analizzate. I rispettivi risultati ci verranno quindi forniti in forma anonima. I tuoi dati di utilizzo non saranno collegati al tuo indirizzo IP completo durante tale processo. Abbiamo attivato sul nostro Sito web la funzione di anonimizzazione IP offerta da Google, che eliminer\u00e0 l\u2019ultimo ottetto (tipo IPv4) o gli ultimi 80 bit (tipo IPv6) del tuo indirizzo IP.<\/p>\n<p>Puoi revocare il consenso all\u2019utilizzo dell\u2019analisi web in qualsiasi momento scaricando e installando l\u2019apposito plug-in per il browser di Google o usando la finestra di dialogo Impostazione dei cookie del presente Sito web.<\/p>\n<p>(iv)\u00a0 Uso dei moduli di contatto<\/p>\n<p>Puoi contattarci direttamente tramite i moduli di contatto disponibili sul nostro sito web. Ti invitiamo a fornirci le seguenti informazioni:<\/p>\n<ul>\n<li class=\"li1\"><span class=\"s2\">Nome<\/span><\/li>\n<li class=\"li1\"><span class=\"s2\">Indirizzo e-mail<\/span><\/li>\n<li class=\"li1\"><span class=\"s2\">Messaggio<\/span><\/li>\n<\/ul>\n<p>&nbsp;<\/p>\n<p class=\"p1\">Trattiamo le informazioni da te fornite tramite i moduli di contatto esclusivamente per l&#8217;elaborazione della tua specifica richiesta (articolo 6, paragrafo 1, lettera b) del Regolamento generale sulla protezione dei dati). Cancelliamo queste informazioni nel momento in cui esse non sono pi\u00f9 necessarie per elaborare o dare seguito alla tua richiesta.<\/p>\n<p><strong><em>A.2\u00a0 Trasferimento di dati personali per il trattamento commissionato<\/em><\/strong><\/p>\n<p>(i)\u00a0 \u00a0 Trasferimento di dati a terzi<\/p>\n<p class=\"p1\">Per il trattamento dei tuoi dati verranno impiegati, in parte, appaltatori di servizi specializzati. Tali appaltatori di servizi vengono accuratamente selezionati e monitorati regolarmente. Sulla base dei relativi accordi con gli incaricati del trattamento dei dati, questi ultimi effettueranno il trattamento dei dati personali solo basandosi sulle nostre istruzioni e attenendosi rigorosamente alle direttive da noi impartite.<\/p>\n<p>Condividiamo i tuoi dati personali con le seguenti terze parti.<\/p>\n<table>\n<tbody>\n<tr>\n<td width=\"302\"><strong>Terze Parti<\/strong><\/td>\n<td width=\"302\"><strong>Ambito e scope del trasferimento<\/strong><\/td>\n<\/tr>\n<tr>\n<td width=\"302\">Hume Brophy Communications<\/td>\n<td width=\"302\">Hosting e manutenzione del sito web<\/td>\n<\/tr>\n<tr>\n<td width=\"302\">knoell Germany GmbH<\/td>\n<td width=\"302\">Gestione della comunicazione relativa al sito web e la richiesta di studi<\/td>\n<\/tr>\n<\/tbody>\n<\/table>\n<p>&nbsp;<\/p>\n<p>(ii)\u00a0 Trattamento dei dati personali fuori dall\u2019UE\/SEE<\/p>\n<p>Il trattamento dei tuoi dati avverr\u00e0 in parte anche in Paesi al di fuori dell\u2019Unione Europea (\u201cUE\u201d) o dello Spazio Economico Europeo (\u201cSEE\u201d), i quali possono avere un livello di protezione dei dati inferiore a quello dei Paesi europei. In tali casi, ci assicureremo che venga fornito un livello sufficiente di protezione per i tuoi dati, ad esempio stipulando accordi specifici con i nostri partner contrattuali (copia disponibile su richiesta), oppure chiedendo il tuo esplicito consenso a tale trattamento.<\/p>\n<p><strong>B. Informazioni in merito ai diritti dell\u2019utente<\/strong><\/p>\n<p>In generale, disponi dei seguenti diritti ai sensi delle leggi applicabili sulla protezione dei dati:<\/p>\n<ul>\n<li>\n<ul class=\"ul1\">\n<li class=\"li1\"><span class=\"s2\">Diritto di informazione sui tuoi dati personali memorizzati da noi;<br \/>\n<\/span><\/li>\n<li class=\"li1\"><span class=\"s2\">Diritto di richiedere la correzione, la cancellazione o la limitazione del trattamento dei tuoi dati personali;<\/span><\/li>\n<li class=\"li1\"><span class=\"s2\">Diritto di opporti a un trattamento per ragioni di nostro legittimo interesse, interesse pubblico o profilazione, a meno che non siamo in grado di dimostrare che ragioni cogenti e giustificate prevalgano sui tuoi interessi, diritti e libert\u00e0, o che tale trattamento sia effettuato per accertare, esercitare o difendere un diritto in sede giudiziaria;<\/span><\/li>\n<li class=\"li1\"><span class=\"s2\">Diritto alla portabilit\u00e0 dei dati;<\/span><\/li>\n<li class=\"li1\"><span class=\"s2\">Diritto di presentare un reclamo presso un&#8217;autorit\u00e0 di protezione dei dati;<\/span><\/li>\n<li class=\"li1\">In qualsiasi momento puoi revocare, con effetto per il futuro, il tuo consenso al trattamento dei tuoi dati personali. Per maggiori informazioni, fare riferimento ai capitoli precedenti che descrivono il trattamento dei dati personali sulla base del tuo consenso.<\/li>\n<\/ul>\n<\/li>\n<\/ul>\n<p>&nbsp;<\/p>\n<p class=\"p1\">Qualora desideri esercitare i tuoi diritti, ti chiediamo di presentare la tua richiesta al contatto indicato a seguire.<\/p>\n<p><strong>C. Contatto<\/strong><\/p>\n<p class=\"p1\">Per qualsiasi domanda in merito alla riservatezza dei dati, invia un\u2019e-mail all\u2019indirizzo <a href=\"mailto:privacy@glyphosate.eu\"><span class=\"s1\">privacy@glyphosate.eu<\/span><\/a>.<\/p>\n<p class=\"p2\">Se desideri contattare i singoli membri del Glyphosate Renewal Group, fai riferimento ai dettagli di contatto nel nostro <a href=\"https:\/\/www.glyphosate.eu\/it\/redazione\/\"><span class=\"s2\">Impressum<\/span><\/a>.<\/p>\n<p><strong>D. Modifiche all\u2019Informativa sulla Privacy<\/strong><\/p>\n<p>La presente Informativa sulla Privacy pu\u00f2 essere occasionalmente soggetta ad aggiornamenti. Gli aggiornamenti della nostra Informativa sulla Privacy saranno pubblicati sul nostro sito web. Qualsiasi modifica entra in vigore al momento della pubblicazione sul nostro sito web. Ti consigliamo pertanto di visitare regolarmente il sito per tenerti informato su eventuali aggiornamenti.<\/p>\n<p class=\"p1\">Ultimo aggiornamento: 25.06.2020<\/p>\n","protected":false},"excerpt":{"rendered":"<p>Questo sito web (&#8220;Sito web&#8220;) \u00e8 fornito dal Glyphosate Renewal Group (\u201cnoi\u201d) Per ulteriori informazioni relative al provider del sito web, si faccia riferimento al nostro Impressum. A. Trattamento dei dati personali Di seguito, desideriamo fornire informazioni su come trattiamo i tuoi dati personali quando utilizzi il nostro sito web. A.1\u00a0 Uso del nostro Sito&hellip;<\/p>\n","protected":false},"author":1,"featured_media":0,"parent":0,"menu_order":717,"comment_status":"closed","ping_status":"closed","template":"","meta":{"_acf_changed":false,"inline_featured_image":false,"footnotes":""},"class_list":["post-21102","page","type-page","status-publish","hentry"],"acf":[],"yoast_head":"<!-- This site is optimized with the Yoast SEO plugin v27.4 - https:\/\/yoast.com\/product\/yoast-seo-wordpress\/ -->\n<title>INFORMATIVA PRIVACY E COOKIE - Glyphosate Renewal Group<\/title>\n<meta name=\"robots\" content=\"index, follow, max-snippet:-1, max-image-preview:large, max-video-preview:-1\" \/>\n<link rel=\"canonical\" href=\"https:\/\/www.glyphosate.eu\/it\/informativa-privacy-e-cookie\/\" \/>\n<meta property=\"og:locale\" content=\"it_IT\" \/>\n<meta property=\"og:type\" content=\"article\" \/>\n<meta property=\"og:title\" content=\"INFORMATIVA PRIVACY E COOKIE - Glyphosate Renewal Group\" \/>\n<meta property=\"og:description\" content=\"Questo sito web (&#8220;Sito web&#8220;) \u00e8 fornito dal Glyphosate Renewal Group (\u201cnoi\u201d) Per ulteriori informazioni relative al provider del sito web, si faccia riferimento al nostro Impressum. A. Trattamento dei dati personali Di seguito, desideriamo fornire informazioni su come trattiamo i tuoi dati personali quando utilizzi il nostro sito web. A.1\u00a0 Uso del nostro Sito&hellip;\" \/>\n<meta property=\"og:url\" content=\"https:\/\/www.glyphosate.eu\/it\/informativa-privacy-e-cookie\/\" \/>\n<meta property=\"og:site_name\" content=\"Glyphosate Renewal Group\" \/>\n<meta property=\"article:modified_time\" content=\"2021-10-04T09:02:53+00:00\" \/>\n<meta name=\"twitter:card\" content=\"summary_large_image\" \/>\n<meta name=\"twitter:label1\" content=\"Est. reading time\" \/>\n\t<meta name=\"twitter:data1\" content=\"6 minutes\" \/>\n<script type=\"application\/ld+json\" class=\"yoast-schema-graph\">{\"@context\":\"https:\\\/\\\/schema.org\",\"@graph\":[{\"@type\":\"WebPage\",\"@id\":\"https:\\\/\\\/www.glyphosate.eu\\\/it\\\/informativa-privacy-e-cookie\\\/\",\"url\":\"https:\\\/\\\/www.glyphosate.eu\\\/it\\\/informativa-privacy-e-cookie\\\/\",\"name\":\"INFORMATIVA PRIVACY E COOKIE - Glyphosate Renewal Group\",\"isPartOf\":{\"@id\":\"https:\\\/\\\/www.glyphosate.eu\\\/#website\"},\"datePublished\":\"2020-03-24T11:34:25+00:00\",\"dateModified\":\"2021-10-04T09:02:53+00:00\",\"inLanguage\":\"it-IT\",\"potentialAction\":[{\"@type\":\"ReadAction\",\"target\":[\"https:\\\/\\\/www.glyphosate.eu\\\/it\\\/informativa-privacy-e-cookie\\\/\"]}]},{\"@type\":\"WebSite\",\"@id\":\"https:\\\/\\\/www.glyphosate.eu\\\/#website\",\"url\":\"https:\\\/\\\/www.glyphosate.eu\\\/\",\"name\":\"Glyphosate Renewal Group\",\"description\":\"Just another WordPress site\",\"potentialAction\":[{\"@type\":\"SearchAction\",\"target\":{\"@type\":\"EntryPoint\",\"urlTemplate\":\"https:\\\/\\\/www.glyphosate.eu\\\/?s={search_term_string}\"},\"query-input\":{\"@type\":\"PropertyValueSpecification\",\"valueRequired\":true,\"valueName\":\"search_term_string\"}}],\"inLanguage\":\"it-IT\"}]}<\/script>\n<!-- \/ Yoast SEO plugin. -->","yoast_head_json":{"title":"INFORMATIVA PRIVACY E COOKIE - Glyphosate Renewal Group","robots":{"index":"index","follow":"follow","max-snippet":"max-snippet:-1","max-image-preview":"max-image-preview:large","max-video-preview":"max-video-preview:-1"},"canonical":"https:\/\/www.glyphosate.eu\/it\/informativa-privacy-e-cookie\/","og_locale":"it_IT","og_type":"article","og_title":"INFORMATIVA PRIVACY E COOKIE - Glyphosate Renewal Group","og_description":"Questo sito web (&#8220;Sito web&#8220;) \u00e8 fornito dal Glyphosate Renewal Group (\u201cnoi\u201d) Per ulteriori informazioni relative al provider del sito web, si faccia riferimento al nostro Impressum. A. Trattamento dei dati personali Di seguito, desideriamo fornire informazioni su come trattiamo i tuoi dati personali quando utilizzi il nostro sito web. A.1\u00a0 Uso del nostro Sito&hellip;","og_url":"https:\/\/www.glyphosate.eu\/it\/informativa-privacy-e-cookie\/","og_site_name":"Glyphosate Renewal Group","article_modified_time":"2021-10-04T09:02:53+00:00","twitter_card":"summary_large_image","twitter_misc":{"Est. reading time":"6 minutes"},"schema":{"@context":"https:\/\/schema.org","@graph":[{"@type":"WebPage","@id":"https:\/\/www.glyphosate.eu\/it\/informativa-privacy-e-cookie\/","url":"https:\/\/www.glyphosate.eu\/it\/informativa-privacy-e-cookie\/","name":"INFORMATIVA PRIVACY E COOKIE - Glyphosate Renewal Group","isPartOf":{"@id":"https:\/\/www.glyphosate.eu\/#website"},"datePublished":"2020-03-24T11:34:25+00:00","dateModified":"2021-10-04T09:02:53+00:00","inLanguage":"it-IT","potentialAction":[{"@type":"ReadAction","target":["https:\/\/www.glyphosate.eu\/it\/informativa-privacy-e-cookie\/"]}]},{"@type":"WebSite","@id":"https:\/\/www.glyphosate.eu\/#website","url":"https:\/\/www.glyphosate.eu\/","name":"Glyphosate Renewal Group","description":"Just another WordPress site","potentialAction":[{"@type":"SearchAction","target":{"@type":"EntryPoint","urlTemplate":"https:\/\/www.glyphosate.eu\/?s={search_term_string}"},"query-input":{"@type":"PropertyValueSpecification","valueRequired":true,"valueName":"search_term_string"}}],"inLanguage":"it-IT"}]}},"_links":{"self":[{"href":"https:\/\/www.glyphosate.eu\/it\/wp-json\/wp\/v2\/pages\/21102","targetHints":{"allow":["GET"]}}],"collection":[{"href":"https:\/\/www.glyphosate.eu\/it\/wp-json\/wp\/v2\/pages"}],"about":[{"href":"https:\/\/www.glyphosate.eu\/it\/wp-json\/wp\/v2\/types\/page"}],"author":[{"embeddable":true,"href":"https:\/\/www.glyphosate.eu\/it\/wp-json\/wp\/v2\/users\/1"}],"replies":[{"embeddable":true,"href":"https:\/\/www.glyphosate.eu\/it\/wp-json\/wp\/v2\/comments?post=21102"}],"version-history":[{"count":4,"href":"https:\/\/www.glyphosate.eu\/it\/wp-json\/wp\/v2\/pages\/21102\/revisions"}],"predecessor-version":[{"id":21897,"href":"https:\/\/www.glyphosate.eu\/it\/wp-json\/wp\/v2\/pages\/21102\/revisions\/21897"}],"wp:attachment":[{"href":"https:\/\/www.glyphosate.eu\/it\/wp-json\/wp\/v2\/media?parent=21102"}],"curies":[{"name":"wp","href":"https:\/\/api.w.org\/{rel}","templated":true}]}}