{"id":18672,"date":"2021-08-05T18:21:50","date_gmt":"2021-08-05T17:21:50","guid":{"rendered":"https:\/\/www.glyphosate.eu\/processo-autorizzativo\/"},"modified":"2021-12-20T14:34:47","modified_gmt":"2021-12-20T14:34:47","slug":"processo-autorizzativo","status":"publish","type":"page","link":"https:\/\/www.glyphosate.eu\/it\/processo-autorizzativo\/","title":{"rendered":"Processo autorizzativo"},"content":{"rendered":"<p>Il 12 dicembre 2017 la Commissione ha rinnovato l&#8217;approvazione UE del glifosate per 5 anni, a seguito di un voto favorevole della maggioranza qualificata degli Stati membri. Ci\u00f2 significa che il glifosate pu\u00f2 essere utilizzato nell&#8217;UE come principio attivo nei prodotti fitosanitari (Plant Protection Products, PPP) fino al 15 dicembre 2022. Tuttavia ogni prodotto fitosanitario, dopo che ne \u00e8 stata valutata la sicurezza, deve essere autorizzato dalle autorit\u00e0 competenti nei Paesi dell&#8217;UE. I prodotti fitosanitari vengono anche chiamati pesticidi.<\/p>\n<p>Secondo la normativa UE, l&#8217;approvazione di tutti i principi attivi deve essere sottoposta a revisione periodica e normalmente uno Stato membro (il cosiddetto \u201cRelatore\u201d) viene incaricato della valutazione scientifica di tale sostanza. Questa valutazione viene poi convalidata dalle autorit\u00e0 competenti di tutti gli altri Stati membri dell&#8217;UE, mentre l&#8217;intero processo \u00e8 supervisionato dall&#8217;Autorit\u00e0 europea per la sicurezza alimentare (EFSA). Qui trovi una descrizione completa del processo dell&#8217;UE per l&#8217;approvazione delle sostanze attive e l&#8217;autorizzazione dei prodotti <strong><span style=\"color: #000000;\"><a style=\"color: #000000;\" href=\"https:\/\/ec.europa.eu\/assets\/sante\/food\/plants\/pesticides\/lop\/index.html\" target=\"_blank\" rel=\"noopener noreferrer\">fitosanitari<\/a>.<\/span><\/strong><\/p>\n<p>Nel caso del glifosate, a causa del gran numero di studi scientifici da valutare e quindi della grande mole di lavoro, gli Stati membri hanno concordato che un gruppo di loro agisca congiuntamente come Relatore: Francia, Ungheria, Paesi Bassi e Svezia. Questi quattro Paesi formano il cosiddetto Assessment Group on Glyphosate (AGG), istituito nell&#8217;aprile 2019.<\/p>\n<p>Secondo i regolamenti UE, tre anni prima della scadenza dell&#8217;approvazione (ovvero entro il 15 dicembre 2019), le aziende che desideravano mantenere attiva l&#8217;approvazione del glifosate dovevano presentare domanda di rinnovo alla Commissione Europea. Subsequently, on 8 June 2020, a dossier comprising hundreds of studies and evaluations of thousands of scientific articles on glyphosate, its safety and its use was submitted to the evaluating Member States (AGG) and the European Food Safety Authority (EFSA).<\/p>\n<p>Dopo aver verificato la completezza del dossier, le autorit\u00e0 nazionali competenti degli Stati membri AGG hanno valutato gli studi e gli articoli scientifici che formano il dossier e preparato una bozza di relazione sulla valutazione del rinnovo (RAR). Considerando le tempistiche previste dalle norme UE, nel caso del glifosate il RAR dovrebbe essere pronto nel luglio 2021. A questo punto si aprir\u00e0 un periodo di consultazione pubblica: chiunque avr\u00e0 la possibilit\u00e0 di commentare online il contenuto del RAR.<\/p>\n<p>La relazione verr\u00e0 poi inviata all&#8217;EFSA e agli altri Stati membri dell&#8217;UE per la peer-review. Alla fine di questo esercizio, l&#8217;EFSA pubblicher\u00e0 le sue conclusioni sulla sicurezza del glifosate e le invier\u00e0 alla Direzione generale per la salute e la sicurezza alimentare della Commissione Europea.<\/p>\n<p>Sulla base delle conclusioni scientifiche dell&#8217;EFSA, la Commissione Europea rediger\u00e0 una proposta legislativa per il rinnovo o il non rinnovo dell&#8217;approvazione del glifosate. Questa proposta legislativa verr\u00e0 quindi discussa in un Comitato presieduto dalla Commissione Europea a cui parteciperanno esperti di tutti gli Stati membri dell&#8217;UE. Questi esperti alla fine voteranno in favore o contro la riapprovazione del glifosate nell&#8217;UE. Perch\u00e9 passi l\u2019approvazione sar\u00e0 necessario che la maggioranza qualificata degli Stati membri voti a favore del principio attivo glifosate. Puoi trovare anche <span style=\"color: #00ff00;\"><a style=\"color: #239c00;\" href=\"https:\/\/www.consilium.europa.eu\/en\/council-eu\/voting-system\/qualified-majority\/\" target=\"_blank\" rel=\"noopener noreferrer\">qui<\/a><\/span> le informazioni sui requisiti per l&#8217;approvazione.<\/p>\n<p>Solo dopo aver rinnovato con successo l&#8217;approvazione di un principio attivo i prodotti contenenti tale principio attivo possono essere (ri)autorizzati in ogni Stato membro per gli usi previsti.<\/p>\n","protected":false},"excerpt":{"rendered":"<p>Il 12 dicembre 2017 la Commissione ha rinnovato l&#8217;approvazione UE del glifosate per 5 anni, a seguito di un voto favorevole della maggioranza qualificata degli Stati membri. Ci\u00f2 significa che il glifosate pu\u00f2 essere utilizzato nell&#8217;UE come principio attivo nei prodotti fitosanitari (Plant Protection Products, PPP) fino al 15 dicembre 2022. Tuttavia ogni prodotto fitosanitario,&hellip;<\/p>\n","protected":false},"author":1,"featured_media":0,"parent":0,"menu_order":476,"comment_status":"closed","ping_status":"closed","template":"views\/template-auth-process.blade.php","meta":{"_acf_changed":false,"inline_featured_image":false,"footnotes":""},"class_list":["post-18672","page","type-page","status-publish","hentry"],"acf":[],"yoast_head":"<!-- This site is optimized with the Yoast SEO plugin v27.4 - https:\/\/yoast.com\/product\/yoast-seo-wordpress\/ -->\n<title>Authorisation Process | Glyphosate Renewal Group<\/title>\n<meta name=\"description\" content=\"Il 12 dicembre 2017 la Commissione ha rinnovato l&#039;approvazione UE del glifosate per 5 anni, fino al 15 dicembre 2022. Secondo la normativa UE, l&#039;approvazione di tutti i principi attivi deve essere sottoposta a revisione periodica.\" \/>\n<meta name=\"robots\" content=\"index, follow, max-snippet:-1, max-image-preview:large, max-video-preview:-1\" \/>\n<link rel=\"canonical\" href=\"https:\/\/www.glyphosate.eu\/it\/processo-autorizzativo\/\" \/>\n<meta property=\"og:locale\" content=\"it_IT\" \/>\n<meta property=\"og:type\" content=\"article\" \/>\n<meta property=\"og:title\" content=\"Authorisation Process | Glyphosate Renewal Group\" \/>\n<meta property=\"og:description\" content=\"Il 12 dicembre 2017 la Commissione ha rinnovato l&#039;approvazione UE del glifosate per 5 anni, fino al 15 dicembre 2022. Secondo la normativa UE, l&#039;approvazione di tutti i principi attivi deve essere sottoposta a revisione periodica.\" \/>\n<meta property=\"og:url\" content=\"https:\/\/www.glyphosate.eu\/it\/processo-autorizzativo\/\" \/>\n<meta property=\"og:site_name\" content=\"Glyphosate Renewal Group\" \/>\n<meta property=\"article:modified_time\" content=\"2021-12-20T14:34:47+00:00\" \/>\n<meta name=\"twitter:card\" content=\"summary_large_image\" \/>\n<meta name=\"twitter:label1\" content=\"Est. reading time\" \/>\n\t<meta name=\"twitter:data1\" content=\"3 minutes\" \/>\n<script type=\"application\/ld+json\" class=\"yoast-schema-graph\">{\"@context\":\"https:\\\/\\\/schema.org\",\"@graph\":[{\"@type\":\"WebPage\",\"@id\":\"https:\\\/\\\/www.glyphosate.eu\\\/it\\\/processo-autorizzativo\\\/\",\"url\":\"https:\\\/\\\/www.glyphosate.eu\\\/it\\\/processo-autorizzativo\\\/\",\"name\":\"Authorisation Process | Glyphosate Renewal Group\",\"isPartOf\":{\"@id\":\"https:\\\/\\\/www.glyphosate.eu\\\/#website\"},\"datePublished\":\"2021-08-05T17:21:50+00:00\",\"dateModified\":\"2021-12-20T14:34:47+00:00\",\"description\":\"Il 12 dicembre 2017 la Commissione ha rinnovato l'approvazione UE del glifosate per 5 anni, fino al 15 dicembre 2022. Secondo la normativa UE, l'approvazione di tutti i principi attivi deve essere sottoposta a revisione periodica.\",\"inLanguage\":\"it-IT\",\"potentialAction\":[{\"@type\":\"ReadAction\",\"target\":[\"https:\\\/\\\/www.glyphosate.eu\\\/it\\\/processo-autorizzativo\\\/\"]}]},{\"@type\":\"WebSite\",\"@id\":\"https:\\\/\\\/www.glyphosate.eu\\\/#website\",\"url\":\"https:\\\/\\\/www.glyphosate.eu\\\/\",\"name\":\"Glyphosate Renewal Group\",\"description\":\"Just another WordPress site\",\"potentialAction\":[{\"@type\":\"SearchAction\",\"target\":{\"@type\":\"EntryPoint\",\"urlTemplate\":\"https:\\\/\\\/www.glyphosate.eu\\\/?s={search_term_string}\"},\"query-input\":{\"@type\":\"PropertyValueSpecification\",\"valueRequired\":true,\"valueName\":\"search_term_string\"}}],\"inLanguage\":\"it-IT\"}]}<\/script>\n<!-- \/ Yoast SEO plugin. -->","yoast_head_json":{"title":"Authorisation Process | Glyphosate Renewal Group","description":"Il 12 dicembre 2017 la Commissione ha rinnovato l'approvazione UE del glifosate per 5 anni, fino al 15 dicembre 2022. Secondo la normativa UE, l'approvazione di tutti i principi attivi deve essere sottoposta a revisione periodica.","robots":{"index":"index","follow":"follow","max-snippet":"max-snippet:-1","max-image-preview":"max-image-preview:large","max-video-preview":"max-video-preview:-1"},"canonical":"https:\/\/www.glyphosate.eu\/it\/processo-autorizzativo\/","og_locale":"it_IT","og_type":"article","og_title":"Authorisation Process | Glyphosate Renewal Group","og_description":"Il 12 dicembre 2017 la Commissione ha rinnovato l'approvazione UE del glifosate per 5 anni, fino al 15 dicembre 2022. Secondo la normativa UE, l'approvazione di tutti i principi attivi deve essere sottoposta a revisione periodica.","og_url":"https:\/\/www.glyphosate.eu\/it\/processo-autorizzativo\/","og_site_name":"Glyphosate Renewal Group","article_modified_time":"2021-12-20T14:34:47+00:00","twitter_card":"summary_large_image","twitter_misc":{"Est. reading time":"3 minutes"},"schema":{"@context":"https:\/\/schema.org","@graph":[{"@type":"WebPage","@id":"https:\/\/www.glyphosate.eu\/it\/processo-autorizzativo\/","url":"https:\/\/www.glyphosate.eu\/it\/processo-autorizzativo\/","name":"Authorisation Process | Glyphosate Renewal Group","isPartOf":{"@id":"https:\/\/www.glyphosate.eu\/#website"},"datePublished":"2021-08-05T17:21:50+00:00","dateModified":"2021-12-20T14:34:47+00:00","description":"Il 12 dicembre 2017 la Commissione ha rinnovato l'approvazione UE del glifosate per 5 anni, fino al 15 dicembre 2022. Secondo la normativa UE, l'approvazione di tutti i principi attivi deve essere sottoposta a revisione periodica.","inLanguage":"it-IT","potentialAction":[{"@type":"ReadAction","target":["https:\/\/www.glyphosate.eu\/it\/processo-autorizzativo\/"]}]},{"@type":"WebSite","@id":"https:\/\/www.glyphosate.eu\/#website","url":"https:\/\/www.glyphosate.eu\/","name":"Glyphosate Renewal Group","description":"Just another WordPress site","potentialAction":[{"@type":"SearchAction","target":{"@type":"EntryPoint","urlTemplate":"https:\/\/www.glyphosate.eu\/?s={search_term_string}"},"query-input":{"@type":"PropertyValueSpecification","valueRequired":true,"valueName":"search_term_string"}}],"inLanguage":"it-IT"}]}},"_links":{"self":[{"href":"https:\/\/www.glyphosate.eu\/it\/wp-json\/wp\/v2\/pages\/18672","targetHints":{"allow":["GET"]}}],"collection":[{"href":"https:\/\/www.glyphosate.eu\/it\/wp-json\/wp\/v2\/pages"}],"about":[{"href":"https:\/\/www.glyphosate.eu\/it\/wp-json\/wp\/v2\/types\/page"}],"author":[{"embeddable":true,"href":"https:\/\/www.glyphosate.eu\/it\/wp-json\/wp\/v2\/users\/1"}],"replies":[{"embeddable":true,"href":"https:\/\/www.glyphosate.eu\/it\/wp-json\/wp\/v2\/comments?post=18672"}],"version-history":[{"count":4,"href":"https:\/\/www.glyphosate.eu\/it\/wp-json\/wp\/v2\/pages\/18672\/revisions"}],"predecessor-version":[{"id":26761,"href":"https:\/\/www.glyphosate.eu\/it\/wp-json\/wp\/v2\/pages\/18672\/revisions\/26761"}],"wp:attachment":[{"href":"https:\/\/www.glyphosate.eu\/it\/wp-json\/wp\/v2\/media?parent=18672"}],"curies":[{"name":"wp","href":"https:\/\/api.w.org\/{rel}","templated":true}]}}