{"id":18649,"date":"2021-08-05T18:16:40","date_gmt":"2021-08-05T17:16:40","guid":{"rendered":"https:\/\/www.glyphosate.eu\/comunicazione-dellautorita\/"},"modified":"2021-08-08T19:27:10","modified_gmt":"2021-08-08T18:27:10","slug":"comunicazione-dellautorita","status":"publish","type":"page","link":"https:\/\/www.glyphosate.eu\/it\/transparency\/comunicazione-dellautorita\/","title":{"rendered":"Comunicazione dell&#8217;Autorit\u00e0"},"content":{"rendered":"<p>In questa pagina \u00e8 possibile trovare le copie della corrispondenza tra il Glyphosate Renewal Group e le autorit\u00e0 regolatorie coinvolte nel processo di rinnovo dell&#8217;autorizzazione UE del glifosate.<\/p>\n<p>La comunicazione regolare tra le parti coinvolte \u00e8 una pratica normale dei processi normativi. A volte gli scambi per iscritto risultano necessari per fornire chiarimenti senza dover attendere incontri formali. In linea con il suo impegno alla trasparenza, il Glyphosate Renewal Group render\u00e0 nota la corrispondenza con l&#8217;Assessment Group on Glyphosate (AGG) e le altre autorit\u00e0 regolatorie.<\/p>\n","protected":false},"excerpt":{"rendered":"<p>In questa pagina \u00e8 possibile trovare le copie della corrispondenza tra il Glyphosate Renewal Group e le autorit\u00e0 regolatorie coinvolte nel processo di rinnovo dell&#8217;autorizzazione UE del glifosate. La comunicazione regolare tra le parti coinvolte \u00e8 una pratica normale dei processi normativi. A volte gli scambi per iscritto risultano necessari per fornire chiarimenti senza dover&hellip;<\/p>\n","protected":false},"author":1,"featured_media":0,"parent":18990,"menu_order":410,"comment_status":"closed","ping_status":"closed","template":"views\/template-authority-communications.blade.php","meta":{"_acf_changed":false,"inline_featured_image":false,"footnotes":""},"class_list":["post-18649","page","type-page","status-publish","hentry"],"acf":[],"yoast_head":"<!-- This site is optimized with the Yoast SEO plugin v27.4 - https:\/\/yoast.com\/product\/yoast-seo-wordpress\/ -->\n<title>Comunicazione dell&#039;Autorit\u00e0 - Glyphosate Renewal Group<\/title>\n<meta name=\"robots\" content=\"index, follow, max-snippet:-1, max-image-preview:large, max-video-preview:-1\" \/>\n<link rel=\"canonical\" href=\"https:\/\/www.glyphosate.eu\/it\/transparency\/comunicazione-dellautorita\/\" \/>\n<meta property=\"og:locale\" content=\"it_IT\" \/>\n<meta property=\"og:type\" content=\"article\" \/>\n<meta property=\"og:title\" content=\"Comunicazione dell&#039;Autorit\u00e0 - Glyphosate Renewal Group\" \/>\n<meta property=\"og:description\" content=\"In questa pagina \u00e8 possibile trovare le copie della corrispondenza tra il Glyphosate Renewal Group e le autorit\u00e0 regolatorie coinvolte nel processo di rinnovo dell&#8217;autorizzazione UE del glifosate. La comunicazione regolare tra le parti coinvolte \u00e8 una pratica normale dei processi normativi. A volte gli scambi per iscritto risultano necessari per fornire chiarimenti senza dover&hellip;\" \/>\n<meta property=\"og:url\" content=\"https:\/\/www.glyphosate.eu\/it\/transparency\/comunicazione-dellautorita\/\" \/>\n<meta property=\"og:site_name\" content=\"Glyphosate Renewal Group\" \/>\n<meta property=\"article:modified_time\" content=\"2021-08-08T18:27:10+00:00\" \/>\n<meta name=\"twitter:card\" content=\"summary_large_image\" \/>\n<script type=\"application\/ld+json\" class=\"yoast-schema-graph\">{\"@context\":\"https:\\\/\\\/schema.org\",\"@graph\":[{\"@type\":\"WebPage\",\"@id\":\"https:\\\/\\\/www.glyphosate.eu\\\/it\\\/transparency\\\/comunicazione-dellautorita\\\/\",\"url\":\"https:\\\/\\\/www.glyphosate.eu\\\/it\\\/transparency\\\/comunicazione-dellautorita\\\/\",\"name\":\"Comunicazione dell'Autorit\u00e0 - Glyphosate Renewal Group\",\"isPartOf\":{\"@id\":\"https:\\\/\\\/www.glyphosate.eu\\\/#website\"},\"datePublished\":\"2021-08-05T17:16:40+00:00\",\"dateModified\":\"2021-08-08T18:27:10+00:00\",\"breadcrumb\":{\"@id\":\"https:\\\/\\\/www.glyphosate.eu\\\/it\\\/transparency\\\/comunicazione-dellautorita\\\/#breadcrumb\"},\"inLanguage\":\"it-IT\",\"potentialAction\":[{\"@type\":\"ReadAction\",\"target\":[\"https:\\\/\\\/www.glyphosate.eu\\\/it\\\/transparency\\\/comunicazione-dellautorita\\\/\"]}]},{\"@type\":\"BreadcrumbList\",\"@id\":\"https:\\\/\\\/www.glyphosate.eu\\\/it\\\/transparency\\\/comunicazione-dellautorita\\\/#breadcrumb\",\"itemListElement\":[{\"@type\":\"ListItem\",\"position\":1,\"name\":\"Trasparenza\",\"item\":\"https:\\\/\\\/www.glyphosate.eu\\\/it\\\/transparency\\\/\"},{\"@type\":\"ListItem\",\"position\":2,\"name\":\"Comunicazione dell&#8217;Autorit\u00e0\"}]},{\"@type\":\"WebSite\",\"@id\":\"https:\\\/\\\/www.glyphosate.eu\\\/#website\",\"url\":\"https:\\\/\\\/www.glyphosate.eu\\\/\",\"name\":\"Glyphosate Renewal Group\",\"description\":\"Just another WordPress site\",\"potentialAction\":[{\"@type\":\"SearchAction\",\"target\":{\"@type\":\"EntryPoint\",\"urlTemplate\":\"https:\\\/\\\/www.glyphosate.eu\\\/?s={search_term_string}\"},\"query-input\":{\"@type\":\"PropertyValueSpecification\",\"valueRequired\":true,\"valueName\":\"search_term_string\"}}],\"inLanguage\":\"it-IT\"}]}<\/script>\n<!-- \/ Yoast SEO plugin. -->","yoast_head_json":{"title":"Comunicazione dell'Autorit\u00e0 - Glyphosate Renewal Group","robots":{"index":"index","follow":"follow","max-snippet":"max-snippet:-1","max-image-preview":"max-image-preview:large","max-video-preview":"max-video-preview:-1"},"canonical":"https:\/\/www.glyphosate.eu\/it\/transparency\/comunicazione-dellautorita\/","og_locale":"it_IT","og_type":"article","og_title":"Comunicazione dell'Autorit\u00e0 - Glyphosate Renewal Group","og_description":"In questa pagina \u00e8 possibile trovare le copie della corrispondenza tra il Glyphosate Renewal Group e le autorit\u00e0 regolatorie coinvolte nel processo di rinnovo dell&#8217;autorizzazione UE del glifosate. La comunicazione regolare tra le parti coinvolte \u00e8 una pratica normale dei processi normativi. A volte gli scambi per iscritto risultano necessari per fornire chiarimenti senza dover&hellip;","og_url":"https:\/\/www.glyphosate.eu\/it\/transparency\/comunicazione-dellautorita\/","og_site_name":"Glyphosate Renewal Group","article_modified_time":"2021-08-08T18:27:10+00:00","twitter_card":"summary_large_image","schema":{"@context":"https:\/\/schema.org","@graph":[{"@type":"WebPage","@id":"https:\/\/www.glyphosate.eu\/it\/transparency\/comunicazione-dellautorita\/","url":"https:\/\/www.glyphosate.eu\/it\/transparency\/comunicazione-dellautorita\/","name":"Comunicazione dell'Autorit\u00e0 - Glyphosate Renewal Group","isPartOf":{"@id":"https:\/\/www.glyphosate.eu\/#website"},"datePublished":"2021-08-05T17:16:40+00:00","dateModified":"2021-08-08T18:27:10+00:00","breadcrumb":{"@id":"https:\/\/www.glyphosate.eu\/it\/transparency\/comunicazione-dellautorita\/#breadcrumb"},"inLanguage":"it-IT","potentialAction":[{"@type":"ReadAction","target":["https:\/\/www.glyphosate.eu\/it\/transparency\/comunicazione-dellautorita\/"]}]},{"@type":"BreadcrumbList","@id":"https:\/\/www.glyphosate.eu\/it\/transparency\/comunicazione-dellautorita\/#breadcrumb","itemListElement":[{"@type":"ListItem","position":1,"name":"Trasparenza","item":"https:\/\/www.glyphosate.eu\/it\/transparency\/"},{"@type":"ListItem","position":2,"name":"Comunicazione dell&#8217;Autorit\u00e0"}]},{"@type":"WebSite","@id":"https:\/\/www.glyphosate.eu\/#website","url":"https:\/\/www.glyphosate.eu\/","name":"Glyphosate Renewal Group","description":"Just another WordPress site","potentialAction":[{"@type":"SearchAction","target":{"@type":"EntryPoint","urlTemplate":"https:\/\/www.glyphosate.eu\/?s={search_term_string}"},"query-input":{"@type":"PropertyValueSpecification","valueRequired":true,"valueName":"search_term_string"}}],"inLanguage":"it-IT"}]}},"_links":{"self":[{"href":"https:\/\/www.glyphosate.eu\/it\/wp-json\/wp\/v2\/pages\/18649","targetHints":{"allow":["GET"]}}],"collection":[{"href":"https:\/\/www.glyphosate.eu\/it\/wp-json\/wp\/v2\/pages"}],"about":[{"href":"https:\/\/www.glyphosate.eu\/it\/wp-json\/wp\/v2\/types\/page"}],"author":[{"embeddable":true,"href":"https:\/\/www.glyphosate.eu\/it\/wp-json\/wp\/v2\/users\/1"}],"replies":[{"embeddable":true,"href":"https:\/\/www.glyphosate.eu\/it\/wp-json\/wp\/v2\/comments?post=18649"}],"version-history":[{"count":2,"href":"https:\/\/www.glyphosate.eu\/it\/wp-json\/wp\/v2\/pages\/18649\/revisions"}],"predecessor-version":[{"id":19603,"href":"https:\/\/www.glyphosate.eu\/it\/wp-json\/wp\/v2\/pages\/18649\/revisions\/19603"}],"up":[{"embeddable":true,"href":"https:\/\/www.glyphosate.eu\/it\/wp-json\/wp\/v2\/pages\/18990"}],"wp:attachment":[{"href":"https:\/\/www.glyphosate.eu\/it\/wp-json\/wp\/v2\/media?parent=18649"}],"curies":[{"name":"wp","href":"https:\/\/api.w.org\/{rel}","templated":true}]}}