{"id":7565,"date":"2020-08-07T10:07:31","date_gmt":"2020-08-07T09:07:31","guid":{"rendered":"https:\/\/www.glyphosate.eu\/transparence\/communication-dautorite\/"},"modified":"2020-10-28T11:20:59","modified_gmt":"2020-10-28T11:20:59","slug":"communication-dautorite","status":"publish","type":"page","link":"https:\/\/www.glyphosate.eu\/fr\/transparency\/communication-dautorite\/","title":{"rendered":"Communication d&#8217;autorit\u00e9"},"content":{"rendered":"<p>Sur cette page, vous trouverez des copies de la correspondance entre le Glyphosate Renewal Group et les autorit\u00e9s r\u00e9glementaires impliqu\u00e9es dans le processus de renouvellement de l&#8217;autorisation europ\u00e9enne du glyphosate.<\/p>\n<p>Une communication r\u00e9guli\u00e8re entre les parties concern\u00e9es est une pratique normale des processus r\u00e9glementaires. Parfois, des \u00e9changes par \u00e9crit sont n\u00e9cessaires pour apporter des \u00e9claircissements sans attendre les r\u00e9unions formelles. Conform\u00e9ment \u00e0 son engagement de transparence, le Glyphosate Renewal Group divulguera la correspondance avec le Groupe d&#8217;\u00e9valuation du glyphosate (AGG) et d&#8217;autres autorit\u00e9s r\u00e9glementaires.<\/p>\n","protected":false},"excerpt":{"rendered":"<p>Sur cette page, vous trouverez des copies de la correspondance entre le Glyphosate Renewal Group et les autorit\u00e9s r\u00e9glementaires impliqu\u00e9es dans le processus de renouvellement de l&#8217;autorisation europ\u00e9enne du glyphosate. Une communication r\u00e9guli\u00e8re entre les parties concern\u00e9es est une pratique normale des processus r\u00e9glementaires. Parfois, des \u00e9changes par \u00e9crit sont n\u00e9cessaires pour apporter des \u00e9claircissements &hellip; <a href=\"https:\/\/www.glyphosate.eu\/fr\/transparency\/communication-dautorite\/\">Continuer<\/a><\/p>\n","protected":false},"author":1,"featured_media":0,"parent":655,"menu_order":411,"comment_status":"closed","ping_status":"closed","template":"views\/template-authority-communications.blade.php","meta":{"_acf_changed":false,"inline_featured_image":false,"footnotes":""},"class_list":["post-7565","page","type-page","status-publish","hentry"],"acf":[],"yoast_head":"<!-- This site is optimized with the Yoast SEO plugin v27.4 - https:\/\/yoast.com\/product\/yoast-seo-wordpress\/ -->\n<title>Communication d&#039;autorit\u00e9 - Glyphosate Renewal Group<\/title>\n<meta name=\"robots\" content=\"index, follow, max-snippet:-1, max-image-preview:large, max-video-preview:-1\" \/>\n<link rel=\"canonical\" href=\"https:\/\/www.glyphosate.eu\/fr\/transparency\/communication-dautorite\/\" \/>\n<meta property=\"og:locale\" content=\"fr_FR\" \/>\n<meta property=\"og:type\" content=\"article\" \/>\n<meta property=\"og:title\" content=\"Communication d&#039;autorit\u00e9 - Glyphosate Renewal Group\" \/>\n<meta property=\"og:description\" content=\"Sur cette page, vous trouverez des copies de la correspondance entre le Glyphosate Renewal Group et les autorit\u00e9s r\u00e9glementaires impliqu\u00e9es dans le processus de renouvellement de l&#8217;autorisation europ\u00e9enne du glyphosate. Une communication r\u00e9guli\u00e8re entre les parties concern\u00e9es est une pratique normale des processus r\u00e9glementaires. Parfois, des \u00e9changes par \u00e9crit sont n\u00e9cessaires pour apporter des \u00e9claircissements &hellip; Continuer\" \/>\n<meta property=\"og:url\" content=\"https:\/\/www.glyphosate.eu\/fr\/transparency\/communication-dautorite\/\" \/>\n<meta property=\"og:site_name\" content=\"Glyphosate Renewal Group\" \/>\n<meta property=\"article:modified_time\" content=\"2020-10-28T11:20:59+00:00\" \/>\n<meta name=\"twitter:card\" content=\"summary_large_image\" \/>\n<script type=\"application\/ld+json\" class=\"yoast-schema-graph\">{\"@context\":\"https:\\\/\\\/schema.org\",\"@graph\":[{\"@type\":\"WebPage\",\"@id\":\"https:\\\/\\\/www.glyphosate.eu\\\/fr\\\/transparency\\\/communication-dautorite\\\/\",\"url\":\"https:\\\/\\\/www.glyphosate.eu\\\/fr\\\/transparency\\\/communication-dautorite\\\/\",\"name\":\"Communication d'autorit\u00e9 - Glyphosate Renewal Group\",\"isPartOf\":{\"@id\":\"https:\\\/\\\/www.glyphosate.eu\\\/#website\"},\"datePublished\":\"2020-08-07T09:07:31+00:00\",\"dateModified\":\"2020-10-28T11:20:59+00:00\",\"breadcrumb\":{\"@id\":\"https:\\\/\\\/www.glyphosate.eu\\\/fr\\\/transparency\\\/communication-dautorite\\\/#breadcrumb\"},\"inLanguage\":\"fr-FR\",\"potentialAction\":[{\"@type\":\"ReadAction\",\"target\":[\"https:\\\/\\\/www.glyphosate.eu\\\/fr\\\/transparency\\\/communication-dautorite\\\/\"]}]},{\"@type\":\"BreadcrumbList\",\"@id\":\"https:\\\/\\\/www.glyphosate.eu\\\/fr\\\/transparency\\\/communication-dautorite\\\/#breadcrumb\",\"itemListElement\":[{\"@type\":\"ListItem\",\"position\":1,\"name\":\"Transparence\",\"item\":\"https:\\\/\\\/www.glyphosate.eu\\\/fr\\\/transparency\\\/\"},{\"@type\":\"ListItem\",\"position\":2,\"name\":\"Communication d&#8217;autorit\u00e9\"}]},{\"@type\":\"WebSite\",\"@id\":\"https:\\\/\\\/www.glyphosate.eu\\\/#website\",\"url\":\"https:\\\/\\\/www.glyphosate.eu\\\/\",\"name\":\"Glyphosate Renewal Group\",\"description\":\"Just another WordPress site\",\"potentialAction\":[{\"@type\":\"SearchAction\",\"target\":{\"@type\":\"EntryPoint\",\"urlTemplate\":\"https:\\\/\\\/www.glyphosate.eu\\\/?s={search_term_string}\"},\"query-input\":{\"@type\":\"PropertyValueSpecification\",\"valueRequired\":true,\"valueName\":\"search_term_string\"}}],\"inLanguage\":\"fr-FR\"}]}<\/script>\n<!-- \/ Yoast SEO plugin. -->","yoast_head_json":{"title":"Communication d'autorit\u00e9 - Glyphosate Renewal Group","robots":{"index":"index","follow":"follow","max-snippet":"max-snippet:-1","max-image-preview":"max-image-preview:large","max-video-preview":"max-video-preview:-1"},"canonical":"https:\/\/www.glyphosate.eu\/fr\/transparency\/communication-dautorite\/","og_locale":"fr_FR","og_type":"article","og_title":"Communication d'autorit\u00e9 - Glyphosate Renewal Group","og_description":"Sur cette page, vous trouverez des copies de la correspondance entre le Glyphosate Renewal Group et les autorit\u00e9s r\u00e9glementaires impliqu\u00e9es dans le processus de renouvellement de l&#8217;autorisation europ\u00e9enne du glyphosate. Une communication r\u00e9guli\u00e8re entre les parties concern\u00e9es est une pratique normale des processus r\u00e9glementaires. Parfois, des \u00e9changes par \u00e9crit sont n\u00e9cessaires pour apporter des \u00e9claircissements &hellip; Continuer","og_url":"https:\/\/www.glyphosate.eu\/fr\/transparency\/communication-dautorite\/","og_site_name":"Glyphosate Renewal Group","article_modified_time":"2020-10-28T11:20:59+00:00","twitter_card":"summary_large_image","schema":{"@context":"https:\/\/schema.org","@graph":[{"@type":"WebPage","@id":"https:\/\/www.glyphosate.eu\/fr\/transparency\/communication-dautorite\/","url":"https:\/\/www.glyphosate.eu\/fr\/transparency\/communication-dautorite\/","name":"Communication d'autorit\u00e9 - Glyphosate Renewal Group","isPartOf":{"@id":"https:\/\/www.glyphosate.eu\/#website"},"datePublished":"2020-08-07T09:07:31+00:00","dateModified":"2020-10-28T11:20:59+00:00","breadcrumb":{"@id":"https:\/\/www.glyphosate.eu\/fr\/transparency\/communication-dautorite\/#breadcrumb"},"inLanguage":"fr-FR","potentialAction":[{"@type":"ReadAction","target":["https:\/\/www.glyphosate.eu\/fr\/transparency\/communication-dautorite\/"]}]},{"@type":"BreadcrumbList","@id":"https:\/\/www.glyphosate.eu\/fr\/transparency\/communication-dautorite\/#breadcrumb","itemListElement":[{"@type":"ListItem","position":1,"name":"Transparence","item":"https:\/\/www.glyphosate.eu\/fr\/transparency\/"},{"@type":"ListItem","position":2,"name":"Communication d&#8217;autorit\u00e9"}]},{"@type":"WebSite","@id":"https:\/\/www.glyphosate.eu\/#website","url":"https:\/\/www.glyphosate.eu\/","name":"Glyphosate Renewal Group","description":"Just another WordPress site","potentialAction":[{"@type":"SearchAction","target":{"@type":"EntryPoint","urlTemplate":"https:\/\/www.glyphosate.eu\/?s={search_term_string}"},"query-input":{"@type":"PropertyValueSpecification","valueRequired":true,"valueName":"search_term_string"}}],"inLanguage":"fr-FR"}]}},"_links":{"self":[{"href":"https:\/\/www.glyphosate.eu\/fr\/wp-json\/wp\/v2\/pages\/7565","targetHints":{"allow":["GET"]}}],"collection":[{"href":"https:\/\/www.glyphosate.eu\/fr\/wp-json\/wp\/v2\/pages"}],"about":[{"href":"https:\/\/www.glyphosate.eu\/fr\/wp-json\/wp\/v2\/types\/page"}],"author":[{"embeddable":true,"href":"https:\/\/www.glyphosate.eu\/fr\/wp-json\/wp\/v2\/users\/1"}],"replies":[{"embeddable":true,"href":"https:\/\/www.glyphosate.eu\/fr\/wp-json\/wp\/v2\/comments?post=7565"}],"version-history":[{"count":2,"href":"https:\/\/www.glyphosate.eu\/fr\/wp-json\/wp\/v2\/pages\/7565\/revisions"}],"predecessor-version":[{"id":14514,"href":"https:\/\/www.glyphosate.eu\/fr\/wp-json\/wp\/v2\/pages\/7565\/revisions\/14514"}],"up":[{"embeddable":true,"href":"https:\/\/www.glyphosate.eu\/fr\/wp-json\/wp\/v2\/pages\/655"}],"wp:attachment":[{"href":"https:\/\/www.glyphosate.eu\/fr\/wp-json\/wp\/v2\/media?parent=7565"}],"curies":[{"name":"wp","href":"https:\/\/api.w.org\/{rel}","templated":true}]}}