{"id":677,"date":"2020-01-06T10:26:00","date_gmt":"2020-01-06T10:26:00","guid":{"rendered":"http:\/\/glyphosate-wp.test\/?page_id=677"},"modified":"2021-12-21T13:35:44","modified_gmt":"2021-12-21T13:35:44","slug":"proces-verbaux-de-reunions","status":"publish","type":"page","link":"https:\/\/www.glyphosate.eu\/fr\/transparency\/proces-verbaux-de-reunions\/","title":{"rendered":"Proc\u00e8s-verbaux de r\u00e9unions"},"content":{"rendered":"<p class=\"subtitle\">Pr\u00e9alablement \u00e0 la demande d&#8217;approbation d&#8217;une substance active, le demandeur peut rencontrer les repr\u00e9sentants des \u00c9tats membres rapporteurs (AGG) et de l&#8217;Autorit\u00e9 europ\u00e9enne de s\u00e9curit\u00e9 des aliments (EFSA) pour d\u00e9battre des questions proc\u00e9durales et scientifiques, et se faire conseiller.<\/p>\n<p>Ces \u00ab r\u00e9unions pr\u00e9alables \u00e0 la demande \u00bb se d\u00e9roulent par conf\u00e9rence t\u00e9l\u00e9phonique ou en face-\u00e0-face. L&#8217;Autorit\u00e9 europ\u00e9enne de s\u00e9curit\u00e9 des aliments (EFSA) participe en tant qu&#8217;observateur \u00e0 ces r\u00e9unions et au besoin apporte son support au Groupe d&#8217;\u00e9valuation du glyphosate (AGG). Jusqu&#8217;\u00e0 pr\u00e9sent, le Glyphosate Renewal Group s&#8217;est r\u00e9uni quatre fois par conf\u00e9rence t\u00e9l\u00e9phonique et deux fois en face-\u00e0-face avec le Groupe d&#8217;\u00e9valuation. Les expos\u00e9s d\u00e9battus durant ces r\u00e9unions, ainsi que les proc\u00e8s-verbaux, sont publi\u00e9s sur ce site web et en parall\u00e8le sur le site web du groupe AGG sous le <strong><a href=\"https:\/\/ec.europa.eu\/food\/plant\/pesticides\/glyphosate\/assessment-group_en\">lien.<\/a><\/strong>\u00a0<\/p>\n<p>Le demandeur peut solliciter une r\u00e9union pr\u00e9alable pour d\u00e9battre des aspects techniques de la proc\u00e9dure de renouvellement et se faire conseiller sur la mani\u00e8re d&#8217;am\u00e9liorer la qualit\u00e9 du dossier.<\/p>\n","protected":false},"excerpt":{"rendered":"<p>Pr\u00e9alablement \u00e0 la demande d&#8217;approbation d&#8217;une substance active, le demandeur peut rencontrer les repr\u00e9sentants des \u00c9tats membres rapporteurs (AGG) et de l&#8217;Autorit\u00e9 europ\u00e9enne de s\u00e9curit\u00e9 des aliments (EFSA) pour d\u00e9battre des questions proc\u00e9durales et scientifiques, et se faire conseiller. Ces \u00ab r\u00e9unions pr\u00e9alables \u00e0 la demande \u00bb se d\u00e9roulent par conf\u00e9rence t\u00e9l\u00e9phonique ou en face-\u00e0-face. &hellip; <a href=\"https:\/\/www.glyphosate.eu\/fr\/transparency\/proces-verbaux-de-reunions\/\">Continuer<\/a><\/p>\n","protected":false},"author":1,"featured_media":0,"parent":655,"menu_order":421,"comment_status":"closed","ping_status":"closed","template":"views\/template-minutes.blade.php","meta":{"_acf_changed":false,"inline_featured_image":false,"footnotes":""},"class_list":["post-677","page","type-page","status-publish","hentry"],"acf":[],"yoast_head":"<!-- This site is optimized with the Yoast SEO plugin v27.4 - https:\/\/yoast.com\/product\/yoast-seo-wordpress\/ -->\n<title>Proc\u00e8s-verbaux de r\u00e9unions - Glyphosate Renewal Group<\/title>\n<meta name=\"robots\" content=\"index, follow, max-snippet:-1, max-image-preview:large, max-video-preview:-1\" \/>\n<link rel=\"canonical\" href=\"https:\/\/www.glyphosate.eu\/fr\/transparency\/proces-verbaux-de-reunions\/\" \/>\n<meta property=\"og:locale\" content=\"fr_FR\" \/>\n<meta property=\"og:type\" content=\"article\" \/>\n<meta property=\"og:title\" content=\"Proc\u00e8s-verbaux de r\u00e9unions - Glyphosate Renewal Group\" \/>\n<meta property=\"og:description\" content=\"Pr\u00e9alablement \u00e0 la demande d&#8217;approbation d&#8217;une substance active, le demandeur peut rencontrer les repr\u00e9sentants des \u00c9tats membres rapporteurs (AGG) et de l&#8217;Autorit\u00e9 europ\u00e9enne de s\u00e9curit\u00e9 des aliments (EFSA) pour d\u00e9battre des questions proc\u00e9durales et scientifiques, et se faire conseiller. Ces \u00ab r\u00e9unions pr\u00e9alables \u00e0 la demande \u00bb se d\u00e9roulent par conf\u00e9rence t\u00e9l\u00e9phonique ou en face-\u00e0-face. &hellip; Continuer\" \/>\n<meta property=\"og:url\" content=\"https:\/\/www.glyphosate.eu\/fr\/transparency\/proces-verbaux-de-reunions\/\" \/>\n<meta property=\"og:site_name\" content=\"Glyphosate Renewal Group\" \/>\n<meta property=\"article:modified_time\" content=\"2021-12-21T13:35:44+00:00\" \/>\n<meta name=\"twitter:card\" content=\"summary_large_image\" \/>\n<meta name=\"twitter:label1\" content=\"Est. reading time\" \/>\n\t<meta name=\"twitter:data1\" content=\"1 minute\" \/>\n<script type=\"application\/ld+json\" class=\"yoast-schema-graph\">{\"@context\":\"https:\\\/\\\/schema.org\",\"@graph\":[{\"@type\":\"WebPage\",\"@id\":\"https:\\\/\\\/www.glyphosate.eu\\\/fr\\\/transparency\\\/proces-verbaux-de-reunions\\\/\",\"url\":\"https:\\\/\\\/www.glyphosate.eu\\\/fr\\\/transparency\\\/proces-verbaux-de-reunions\\\/\",\"name\":\"Proc\u00e8s-verbaux de r\u00e9unions - Glyphosate Renewal Group\",\"isPartOf\":{\"@id\":\"https:\\\/\\\/www.glyphosate.eu\\\/#website\"},\"datePublished\":\"2020-01-06T10:26:00+00:00\",\"dateModified\":\"2021-12-21T13:35:44+00:00\",\"breadcrumb\":{\"@id\":\"https:\\\/\\\/www.glyphosate.eu\\\/fr\\\/transparency\\\/proces-verbaux-de-reunions\\\/#breadcrumb\"},\"inLanguage\":\"fr-FR\",\"potentialAction\":[{\"@type\":\"ReadAction\",\"target\":[\"https:\\\/\\\/www.glyphosate.eu\\\/fr\\\/transparency\\\/proces-verbaux-de-reunions\\\/\"]}]},{\"@type\":\"BreadcrumbList\",\"@id\":\"https:\\\/\\\/www.glyphosate.eu\\\/fr\\\/transparency\\\/proces-verbaux-de-reunions\\\/#breadcrumb\",\"itemListElement\":[{\"@type\":\"ListItem\",\"position\":1,\"name\":\"Transparence\",\"item\":\"https:\\\/\\\/www.glyphosate.eu\\\/fr\\\/transparency\\\/\"},{\"@type\":\"ListItem\",\"position\":2,\"name\":\"Proc\u00e8s-verbaux de r\u00e9unions\"}]},{\"@type\":\"WebSite\",\"@id\":\"https:\\\/\\\/www.glyphosate.eu\\\/#website\",\"url\":\"https:\\\/\\\/www.glyphosate.eu\\\/\",\"name\":\"Glyphosate Renewal Group\",\"description\":\"Just another WordPress site\",\"potentialAction\":[{\"@type\":\"SearchAction\",\"target\":{\"@type\":\"EntryPoint\",\"urlTemplate\":\"https:\\\/\\\/www.glyphosate.eu\\\/?s={search_term_string}\"},\"query-input\":{\"@type\":\"PropertyValueSpecification\",\"valueRequired\":true,\"valueName\":\"search_term_string\"}}],\"inLanguage\":\"fr-FR\"}]}<\/script>\n<!-- \/ Yoast SEO plugin. -->","yoast_head_json":{"title":"Proc\u00e8s-verbaux de r\u00e9unions - Glyphosate Renewal Group","robots":{"index":"index","follow":"follow","max-snippet":"max-snippet:-1","max-image-preview":"max-image-preview:large","max-video-preview":"max-video-preview:-1"},"canonical":"https:\/\/www.glyphosate.eu\/fr\/transparency\/proces-verbaux-de-reunions\/","og_locale":"fr_FR","og_type":"article","og_title":"Proc\u00e8s-verbaux de r\u00e9unions - Glyphosate Renewal Group","og_description":"Pr\u00e9alablement \u00e0 la demande d&#8217;approbation d&#8217;une substance active, le demandeur peut rencontrer les repr\u00e9sentants des \u00c9tats membres rapporteurs (AGG) et de l&#8217;Autorit\u00e9 europ\u00e9enne de s\u00e9curit\u00e9 des aliments (EFSA) pour d\u00e9battre des questions proc\u00e9durales et scientifiques, et se faire conseiller. Ces \u00ab r\u00e9unions pr\u00e9alables \u00e0 la demande \u00bb se d\u00e9roulent par conf\u00e9rence t\u00e9l\u00e9phonique ou en face-\u00e0-face. &hellip; Continuer","og_url":"https:\/\/www.glyphosate.eu\/fr\/transparency\/proces-verbaux-de-reunions\/","og_site_name":"Glyphosate Renewal Group","article_modified_time":"2021-12-21T13:35:44+00:00","twitter_card":"summary_large_image","twitter_misc":{"Est. reading time":"1 minute"},"schema":{"@context":"https:\/\/schema.org","@graph":[{"@type":"WebPage","@id":"https:\/\/www.glyphosate.eu\/fr\/transparency\/proces-verbaux-de-reunions\/","url":"https:\/\/www.glyphosate.eu\/fr\/transparency\/proces-verbaux-de-reunions\/","name":"Proc\u00e8s-verbaux de r\u00e9unions - Glyphosate Renewal Group","isPartOf":{"@id":"https:\/\/www.glyphosate.eu\/#website"},"datePublished":"2020-01-06T10:26:00+00:00","dateModified":"2021-12-21T13:35:44+00:00","breadcrumb":{"@id":"https:\/\/www.glyphosate.eu\/fr\/transparency\/proces-verbaux-de-reunions\/#breadcrumb"},"inLanguage":"fr-FR","potentialAction":[{"@type":"ReadAction","target":["https:\/\/www.glyphosate.eu\/fr\/transparency\/proces-verbaux-de-reunions\/"]}]},{"@type":"BreadcrumbList","@id":"https:\/\/www.glyphosate.eu\/fr\/transparency\/proces-verbaux-de-reunions\/#breadcrumb","itemListElement":[{"@type":"ListItem","position":1,"name":"Transparence","item":"https:\/\/www.glyphosate.eu\/fr\/transparency\/"},{"@type":"ListItem","position":2,"name":"Proc\u00e8s-verbaux de r\u00e9unions"}]},{"@type":"WebSite","@id":"https:\/\/www.glyphosate.eu\/#website","url":"https:\/\/www.glyphosate.eu\/","name":"Glyphosate Renewal Group","description":"Just another WordPress site","potentialAction":[{"@type":"SearchAction","target":{"@type":"EntryPoint","urlTemplate":"https:\/\/www.glyphosate.eu\/?s={search_term_string}"},"query-input":{"@type":"PropertyValueSpecification","valueRequired":true,"valueName":"search_term_string"}}],"inLanguage":"fr-FR"}]}},"_links":{"self":[{"href":"https:\/\/www.glyphosate.eu\/fr\/wp-json\/wp\/v2\/pages\/677","targetHints":{"allow":["GET"]}}],"collection":[{"href":"https:\/\/www.glyphosate.eu\/fr\/wp-json\/wp\/v2\/pages"}],"about":[{"href":"https:\/\/www.glyphosate.eu\/fr\/wp-json\/wp\/v2\/types\/page"}],"author":[{"embeddable":true,"href":"https:\/\/www.glyphosate.eu\/fr\/wp-json\/wp\/v2\/users\/1"}],"replies":[{"embeddable":true,"href":"https:\/\/www.glyphosate.eu\/fr\/wp-json\/wp\/v2\/comments?post=677"}],"version-history":[{"count":14,"href":"https:\/\/www.glyphosate.eu\/fr\/wp-json\/wp\/v2\/pages\/677\/revisions"}],"predecessor-version":[{"id":14331,"href":"https:\/\/www.glyphosate.eu\/fr\/wp-json\/wp\/v2\/pages\/677\/revisions\/14331"}],"up":[{"embeddable":true,"href":"https:\/\/www.glyphosate.eu\/fr\/wp-json\/wp\/v2\/pages\/655"}],"wp:attachment":[{"href":"https:\/\/www.glyphosate.eu\/fr\/wp-json\/wp\/v2\/media?parent=677"}],"curies":[{"name":"wp","href":"https:\/\/api.w.org\/{rel}","templated":true}]}}