{"id":673,"date":"2020-01-06T10:24:15","date_gmt":"2020-01-06T10:24:15","guid":{"rendered":"http:\/\/glyphosate-wp.test\/?page_id=673"},"modified":"2020-10-28T11:23:50","modified_gmt":"2020-10-28T11:23:50","slug":"demande","status":"publish","type":"page","link":"https:\/\/www.glyphosate.eu\/fr\/transparency\/demande\/","title":{"rendered":"Demande"},"content":{"rendered":"<p>Ce premier dossier de demande, disponible en t\u00e9l\u00e9chargement sur ce site web, pr\u00e9sentait les informations sur des \u00e9tudes existantes et en cours. Le GRG a par ailleurs soumis des demandes de protection des donn\u00e9es conform\u00e9ment \u00e0 l&#8217;article 59 du r\u00e8glement CE n\u00b0 1107\/2009 ; le format de ces derni\u00e8res est d\u00e9crit dans l&#8217;annexe du r\u00e8glement d&#8217;ex\u00e9cution (UE) n\u00b0 844\/2012.<\/p>\n<p>Apr\u00e8s examen, les \u00c9tats membres \u00e9valuateurs (AGG) ont demand\u00e9 \u00e0 ce que certaines modifications soient apport\u00e9es au dossier de demande. Le 23 janvier 2020, le Glyphosate Renewal Group a remis \u00e0 chacun des quatre \u00c9tats membres \u00e9valuateurs (AGG) un nouveau dossier de demande prenant en consid\u00e9ration leurs commentaires. Ce nouveau dossier est lui aussi disponible en t\u00e9l\u00e9chargement sur le pr\u00e9sent site web. Apr\u00e8s examen, les \u00c9tats membres \u00e9valuateurs (AGG) ont confirm\u00e9 la compl\u00e9tude du dossier et sa recevabilit\u00e9.La prochaine r\u00e9vision de l&#8217;approbation est une proc\u00e9dure r\u00e9glementaire prenant en compte les progr\u00e8s de la science et de la technologie r\u00e9alis\u00e9s depuis la derni\u00e8re r\u00e9vision effectu\u00e9e. Le glyphosate sera \u00e9valu\u00e9 concernant l\u2019absence de risques inacceptables pour les \u00eatres humains, les animaux et l&#8217;environnement.<\/p>\n","protected":false},"excerpt":{"rendered":"<p>Ce premier dossier de demande, disponible en t\u00e9l\u00e9chargement sur ce site web, pr\u00e9sentait les informations sur des \u00e9tudes existantes et en cours. Le GRG a par ailleurs soumis des demandes de protection des donn\u00e9es conform\u00e9ment \u00e0 l&#8217;article 59 du r\u00e8glement CE n\u00b0 1107\/2009 ; le format de ces derni\u00e8res est d\u00e9crit dans l&#8217;annexe du r\u00e8glement &hellip; <a href=\"https:\/\/www.glyphosate.eu\/fr\/transparency\/demande\/\">Continuer<\/a><\/p>\n","protected":false},"author":1,"featured_media":0,"parent":655,"menu_order":390,"comment_status":"closed","ping_status":"closed","template":"views\/template-application.blade.php","meta":{"_acf_changed":false,"inline_featured_image":false,"footnotes":""},"class_list":["post-673","page","type-page","status-publish","hentry"],"acf":[],"yoast_head":"<!-- This site is optimized with the Yoast SEO plugin v27.4 - https:\/\/yoast.com\/product\/yoast-seo-wordpress\/ -->\n<title>Demande - Glyphosate Renewal Group<\/title>\n<meta name=\"robots\" content=\"index, follow, max-snippet:-1, max-image-preview:large, max-video-preview:-1\" \/>\n<link rel=\"canonical\" href=\"https:\/\/www.glyphosate.eu\/fr\/transparency\/demande\/\" \/>\n<meta property=\"og:locale\" content=\"fr_FR\" \/>\n<meta property=\"og:type\" content=\"article\" \/>\n<meta property=\"og:title\" content=\"Demande - Glyphosate Renewal Group\" \/>\n<meta property=\"og:description\" content=\"Ce premier dossier de demande, disponible en t\u00e9l\u00e9chargement sur ce site web, pr\u00e9sentait les informations sur des \u00e9tudes existantes et en cours. Le GRG a par ailleurs soumis des demandes de protection des donn\u00e9es conform\u00e9ment \u00e0 l&#8217;article 59 du r\u00e8glement CE n\u00b0 1107\/2009 ; le format de ces derni\u00e8res est d\u00e9crit dans l&#8217;annexe du r\u00e8glement &hellip; Continuer\" \/>\n<meta property=\"og:url\" content=\"https:\/\/www.glyphosate.eu\/fr\/transparency\/demande\/\" \/>\n<meta property=\"og:site_name\" content=\"Glyphosate Renewal Group\" \/>\n<meta property=\"article:modified_time\" content=\"2020-10-28T11:23:50+00:00\" \/>\n<meta name=\"twitter:card\" content=\"summary_large_image\" \/>\n<meta name=\"twitter:label1\" content=\"Est. reading time\" \/>\n\t<meta name=\"twitter:data1\" content=\"1 minute\" \/>\n<script type=\"application\/ld+json\" class=\"yoast-schema-graph\">{\"@context\":\"https:\\\/\\\/schema.org\",\"@graph\":[{\"@type\":\"WebPage\",\"@id\":\"https:\\\/\\\/www.glyphosate.eu\\\/fr\\\/transparency\\\/demande\\\/\",\"url\":\"https:\\\/\\\/www.glyphosate.eu\\\/fr\\\/transparency\\\/demande\\\/\",\"name\":\"Demande - Glyphosate Renewal Group\",\"isPartOf\":{\"@id\":\"https:\\\/\\\/www.glyphosate.eu\\\/#website\"},\"datePublished\":\"2020-01-06T10:24:15+00:00\",\"dateModified\":\"2020-10-28T11:23:50+00:00\",\"breadcrumb\":{\"@id\":\"https:\\\/\\\/www.glyphosate.eu\\\/fr\\\/transparency\\\/demande\\\/#breadcrumb\"},\"inLanguage\":\"fr-FR\",\"potentialAction\":[{\"@type\":\"ReadAction\",\"target\":[\"https:\\\/\\\/www.glyphosate.eu\\\/fr\\\/transparency\\\/demande\\\/\"]}]},{\"@type\":\"BreadcrumbList\",\"@id\":\"https:\\\/\\\/www.glyphosate.eu\\\/fr\\\/transparency\\\/demande\\\/#breadcrumb\",\"itemListElement\":[{\"@type\":\"ListItem\",\"position\":1,\"name\":\"Transparence\",\"item\":\"https:\\\/\\\/www.glyphosate.eu\\\/fr\\\/transparency\\\/\"},{\"@type\":\"ListItem\",\"position\":2,\"name\":\"Demande\"}]},{\"@type\":\"WebSite\",\"@id\":\"https:\\\/\\\/www.glyphosate.eu\\\/#website\",\"url\":\"https:\\\/\\\/www.glyphosate.eu\\\/\",\"name\":\"Glyphosate Renewal Group\",\"description\":\"Just another WordPress site\",\"potentialAction\":[{\"@type\":\"SearchAction\",\"target\":{\"@type\":\"EntryPoint\",\"urlTemplate\":\"https:\\\/\\\/www.glyphosate.eu\\\/?s={search_term_string}\"},\"query-input\":{\"@type\":\"PropertyValueSpecification\",\"valueRequired\":true,\"valueName\":\"search_term_string\"}}],\"inLanguage\":\"fr-FR\"}]}<\/script>\n<!-- \/ Yoast SEO plugin. -->","yoast_head_json":{"title":"Demande - Glyphosate Renewal Group","robots":{"index":"index","follow":"follow","max-snippet":"max-snippet:-1","max-image-preview":"max-image-preview:large","max-video-preview":"max-video-preview:-1"},"canonical":"https:\/\/www.glyphosate.eu\/fr\/transparency\/demande\/","og_locale":"fr_FR","og_type":"article","og_title":"Demande - Glyphosate Renewal Group","og_description":"Ce premier dossier de demande, disponible en t\u00e9l\u00e9chargement sur ce site web, pr\u00e9sentait les informations sur des \u00e9tudes existantes et en cours. Le GRG a par ailleurs soumis des demandes de protection des donn\u00e9es conform\u00e9ment \u00e0 l&#8217;article 59 du r\u00e8glement CE n\u00b0 1107\/2009 ; le format de ces derni\u00e8res est d\u00e9crit dans l&#8217;annexe du r\u00e8glement &hellip; Continuer","og_url":"https:\/\/www.glyphosate.eu\/fr\/transparency\/demande\/","og_site_name":"Glyphosate Renewal Group","article_modified_time":"2020-10-28T11:23:50+00:00","twitter_card":"summary_large_image","twitter_misc":{"Est. reading time":"1 minute"},"schema":{"@context":"https:\/\/schema.org","@graph":[{"@type":"WebPage","@id":"https:\/\/www.glyphosate.eu\/fr\/transparency\/demande\/","url":"https:\/\/www.glyphosate.eu\/fr\/transparency\/demande\/","name":"Demande - Glyphosate Renewal Group","isPartOf":{"@id":"https:\/\/www.glyphosate.eu\/#website"},"datePublished":"2020-01-06T10:24:15+00:00","dateModified":"2020-10-28T11:23:50+00:00","breadcrumb":{"@id":"https:\/\/www.glyphosate.eu\/fr\/transparency\/demande\/#breadcrumb"},"inLanguage":"fr-FR","potentialAction":[{"@type":"ReadAction","target":["https:\/\/www.glyphosate.eu\/fr\/transparency\/demande\/"]}]},{"@type":"BreadcrumbList","@id":"https:\/\/www.glyphosate.eu\/fr\/transparency\/demande\/#breadcrumb","itemListElement":[{"@type":"ListItem","position":1,"name":"Transparence","item":"https:\/\/www.glyphosate.eu\/fr\/transparency\/"},{"@type":"ListItem","position":2,"name":"Demande"}]},{"@type":"WebSite","@id":"https:\/\/www.glyphosate.eu\/#website","url":"https:\/\/www.glyphosate.eu\/","name":"Glyphosate Renewal Group","description":"Just another WordPress site","potentialAction":[{"@type":"SearchAction","target":{"@type":"EntryPoint","urlTemplate":"https:\/\/www.glyphosate.eu\/?s={search_term_string}"},"query-input":{"@type":"PropertyValueSpecification","valueRequired":true,"valueName":"search_term_string"}}],"inLanguage":"fr-FR"}]}},"_links":{"self":[{"href":"https:\/\/www.glyphosate.eu\/fr\/wp-json\/wp\/v2\/pages\/673","targetHints":{"allow":["GET"]}}],"collection":[{"href":"https:\/\/www.glyphosate.eu\/fr\/wp-json\/wp\/v2\/pages"}],"about":[{"href":"https:\/\/www.glyphosate.eu\/fr\/wp-json\/wp\/v2\/types\/page"}],"author":[{"embeddable":true,"href":"https:\/\/www.glyphosate.eu\/fr\/wp-json\/wp\/v2\/users\/1"}],"replies":[{"embeddable":true,"href":"https:\/\/www.glyphosate.eu\/fr\/wp-json\/wp\/v2\/comments?post=673"}],"version-history":[{"count":32,"href":"https:\/\/www.glyphosate.eu\/fr\/wp-json\/wp\/v2\/pages\/673\/revisions"}],"predecessor-version":[{"id":14517,"href":"https:\/\/www.glyphosate.eu\/fr\/wp-json\/wp\/v2\/pages\/673\/revisions\/14517"}],"up":[{"embeddable":true,"href":"https:\/\/www.glyphosate.eu\/fr\/wp-json\/wp\/v2\/pages\/655"}],"wp:attachment":[{"href":"https:\/\/www.glyphosate.eu\/fr\/wp-json\/wp\/v2\/media?parent=673"}],"curies":[{"name":"wp","href":"https:\/\/api.w.org\/{rel}","templated":true}]}}