{"id":659,"date":"2020-01-06T10:01:05","date_gmt":"2020-01-06T10:01:05","guid":{"rendered":"http:\/\/glyphosate-wp.test\/?page_id=659"},"modified":"2024-07-01T13:19:37","modified_gmt":"2024-07-01T12:19:37","slug":"scientific-dossier","status":"publish","type":"page","link":"https:\/\/www.glyphosate.eu\/fr\/transparency\/scientific-dossier\/","title":{"rendered":"Le dossier scientifique"},"content":{"rendered":"<p>La pr\u00e9sentation des preuves de l\u2019absence de risques inacceptables du glyphosate aux autorit\u00e9s nationales et europ\u00e9ennes comp\u00e9tentes est un \u00e9l\u00e9ment central de la proc\u00e9dure r\u00e9glementaire d&#8217;obtention de l&#8217;approbation pour utiliser et commercialiser cette substance active au sein de l&#8217;UE.<\/p>\n<p>Le Glyphosate Renewal Group (GRG) a soumis le dossier au Groupe d&#8217;\u00e9valuation du glyphosate (AGG), compos\u00e9 des autorit\u00e9s r\u00e9glementaires de France, de Hongrie, des Pays-Bas et de Su\u00e8de, pour qu&#8217;il l&#8217;examine et proc\u00e8de \u00e0 l&#8217;\u00e9valuation des risques. Ce dossier renferme plus de 100 nouvelles \u00e9tudes ainsi que les r\u00e9sum\u00e9s des \u00e9tudes appuyant la th\u00e8se de l\u2019absence de risques inacceptables du glyphosate. Il comprend en outre les r\u00e9sultats pertinents d&#8217;une revue de 12 000 articles scientifiques relevant du domaine public.<\/p>\n<p>Ces nouvelles publications scientifiques ent\u00e9rinent les preuves fournies lors de la pr\u00e9c\u00e9dente proc\u00e9dure de renouvellement (2012 \u2013 2017), qui avait abouti \u00e0 la r\u00e9approbation du glyphosate dans l&#8217;UE pour cinq nouvelles ann\u00e9es.<\/p>\n<div class=\"group\/conversation-turn relative flex w-full min-w-0 flex-col agent-turn\">\n<div class=\"flex-col gap-1 md:gap-3\">\n<div class=\"flex flex-grow flex-col max-w-full\">\n<div class=\"min-h-[20px] text-message flex flex-col items-start whitespace-pre-wrap break-words [.text-message+&amp;]:mt-5 juice:w-full juice:items-end overflow-x-auto gap-2\" dir=\"auto\" data-message-author-role=\"assistant\" data-message-id=\"def17e50-9f2a-41d6-8fa1-fc051b8f2c8c\">\n<div class=\"flex w-full flex-col gap-1 juice:empty:hidden juice:first:pt-[3px]\">\n<div class=\"markdown prose w-full break-words dark:prose-invert light\">\n<p>Le GRG s&#8217;engage \u00e0 la transparence et a rendu publiques les listes des rapports d&#8217;\u00e9tudes soumis en 2012 et 2020.<br \/>\nPour acc\u00e9der \u00e0 ces rapports, veuillez consulter le site de <span style=\"color: #0000ff;\">l&#8217;<\/span><a href=\"https:\/\/open.efsa.europa.eu\/questions\" target=\"_new\" rel=\"noreferrer noopener\"><span style=\"color: #0000ff;\">Autorit\u00e9 europ\u00e9enne de s\u00e9curit\u00e9 des aliments (EFSA)<\/span><\/a> o\u00f9 vous pouvez demander les documents n\u00e9cessaires. Cela garantit que toutes les parties prenantes peuvent obtenir les donn\u00e9es et les informations n\u00e9cessaires.<\/p>\n<\/div>\n<\/div>\n<\/div>\n<\/div>\n<\/div>\n<\/div>\n<p><a href=\"https:\/\/eur-lex.europa.eu\/legal-content\/FR\/TXT\/?uri=celex%3A32009R1107\">* R\u00e8glement (CE) n\u00b0 1107\/2009 du Parlement europ\u00e9en et du Conseil du 21 octobre 2009 concernant la mise sur le march\u00e9 des produits phytopharmaceutiques<\/a><\/p>\n","protected":false},"excerpt":{"rendered":"<p>La pr\u00e9sentation des preuves de l\u2019absence de risques inacceptables du glyphosate aux autorit\u00e9s nationales et europ\u00e9ennes comp\u00e9tentes est un \u00e9l\u00e9ment central de la proc\u00e9dure r\u00e9glementaire d&#8217;obtention de l&#8217;approbation pour utiliser et commercialiser cette substance active au sein de l&#8217;UE. Le Glyphosate Renewal Group (GRG) a soumis le dossier au Groupe d&#8217;\u00e9valuation du glyphosate (AGG), compos\u00e9 &hellip; <a href=\"https:\/\/www.glyphosate.eu\/fr\/transparency\/scientific-dossier\/\">Continuer<\/a><\/p>\n","protected":false},"author":1,"featured_media":0,"parent":655,"menu_order":424,"comment_status":"closed","ping_status":"closed","template":"views\/template-transparency.blade.php","meta":{"_acf_changed":false,"inline_featured_image":false,"footnotes":""},"class_list":["post-659","page","type-page","status-publish","hentry"],"acf":[],"yoast_head":"<!-- This site is optimized with the Yoast SEO plugin v27.4 - https:\/\/yoast.com\/product\/yoast-seo-wordpress\/ -->\n<title>Le dossier scientifique - Glyphosate Renewal Group<\/title>\n<meta name=\"robots\" content=\"index, follow, max-snippet:-1, max-image-preview:large, max-video-preview:-1\" \/>\n<link rel=\"canonical\" href=\"https:\/\/www.glyphosate.eu\/fr\/transparency\/scientific-dossier\/\" \/>\n<meta property=\"og:locale\" content=\"fr_FR\" \/>\n<meta property=\"og:type\" content=\"article\" \/>\n<meta property=\"og:title\" content=\"Le dossier scientifique - Glyphosate Renewal Group\" \/>\n<meta property=\"og:description\" content=\"La pr\u00e9sentation des preuves de l\u2019absence de risques inacceptables du glyphosate aux autorit\u00e9s nationales et europ\u00e9ennes comp\u00e9tentes est un \u00e9l\u00e9ment central de la proc\u00e9dure r\u00e9glementaire d&#8217;obtention de l&#8217;approbation pour utiliser et commercialiser cette substance active au sein de l&#8217;UE. Le Glyphosate Renewal Group (GRG) a soumis le dossier au Groupe d&#8217;\u00e9valuation du glyphosate (AGG), compos\u00e9 &hellip; Continuer\" \/>\n<meta property=\"og:url\" content=\"https:\/\/www.glyphosate.eu\/fr\/transparency\/scientific-dossier\/\" \/>\n<meta property=\"og:site_name\" content=\"Glyphosate Renewal Group\" \/>\n<meta property=\"article:modified_time\" content=\"2024-07-01T12:19:37+00:00\" \/>\n<meta name=\"twitter:card\" content=\"summary_large_image\" \/>\n<meta name=\"twitter:label1\" content=\"Est. reading time\" \/>\n\t<meta name=\"twitter:data1\" content=\"2 minutes\" \/>\n<script type=\"application\/ld+json\" class=\"yoast-schema-graph\">{\"@context\":\"https:\\\/\\\/schema.org\",\"@graph\":[{\"@type\":\"WebPage\",\"@id\":\"https:\\\/\\\/www.glyphosate.eu\\\/fr\\\/transparency\\\/scientific-dossier\\\/\",\"url\":\"https:\\\/\\\/www.glyphosate.eu\\\/fr\\\/transparency\\\/scientific-dossier\\\/\",\"name\":\"Le dossier scientifique - Glyphosate Renewal Group\",\"isPartOf\":{\"@id\":\"https:\\\/\\\/www.glyphosate.eu\\\/#website\"},\"datePublished\":\"2020-01-06T10:01:05+00:00\",\"dateModified\":\"2024-07-01T12:19:37+00:00\",\"breadcrumb\":{\"@id\":\"https:\\\/\\\/www.glyphosate.eu\\\/fr\\\/transparency\\\/scientific-dossier\\\/#breadcrumb\"},\"inLanguage\":\"fr-FR\",\"potentialAction\":[{\"@type\":\"ReadAction\",\"target\":[\"https:\\\/\\\/www.glyphosate.eu\\\/fr\\\/transparency\\\/scientific-dossier\\\/\"]}]},{\"@type\":\"BreadcrumbList\",\"@id\":\"https:\\\/\\\/www.glyphosate.eu\\\/fr\\\/transparency\\\/scientific-dossier\\\/#breadcrumb\",\"itemListElement\":[{\"@type\":\"ListItem\",\"position\":1,\"name\":\"Transparence\",\"item\":\"https:\\\/\\\/www.glyphosate.eu\\\/fr\\\/transparency\\\/\"},{\"@type\":\"ListItem\",\"position\":2,\"name\":\"Le dossier scientifique\"}]},{\"@type\":\"WebSite\",\"@id\":\"https:\\\/\\\/www.glyphosate.eu\\\/#website\",\"url\":\"https:\\\/\\\/www.glyphosate.eu\\\/\",\"name\":\"Glyphosate Renewal Group\",\"description\":\"Just another WordPress site\",\"potentialAction\":[{\"@type\":\"SearchAction\",\"target\":{\"@type\":\"EntryPoint\",\"urlTemplate\":\"https:\\\/\\\/www.glyphosate.eu\\\/?s={search_term_string}\"},\"query-input\":{\"@type\":\"PropertyValueSpecification\",\"valueRequired\":true,\"valueName\":\"search_term_string\"}}],\"inLanguage\":\"fr-FR\"}]}<\/script>\n<!-- \/ Yoast SEO plugin. -->","yoast_head_json":{"title":"Le dossier scientifique - Glyphosate Renewal Group","robots":{"index":"index","follow":"follow","max-snippet":"max-snippet:-1","max-image-preview":"max-image-preview:large","max-video-preview":"max-video-preview:-1"},"canonical":"https:\/\/www.glyphosate.eu\/fr\/transparency\/scientific-dossier\/","og_locale":"fr_FR","og_type":"article","og_title":"Le dossier scientifique - Glyphosate Renewal Group","og_description":"La pr\u00e9sentation des preuves de l\u2019absence de risques inacceptables du glyphosate aux autorit\u00e9s nationales et europ\u00e9ennes comp\u00e9tentes est un \u00e9l\u00e9ment central de la proc\u00e9dure r\u00e9glementaire d&#8217;obtention de l&#8217;approbation pour utiliser et commercialiser cette substance active au sein de l&#8217;UE. Le Glyphosate Renewal Group (GRG) a soumis le dossier au Groupe d&#8217;\u00e9valuation du glyphosate (AGG), compos\u00e9 &hellip; Continuer","og_url":"https:\/\/www.glyphosate.eu\/fr\/transparency\/scientific-dossier\/","og_site_name":"Glyphosate Renewal Group","article_modified_time":"2024-07-01T12:19:37+00:00","twitter_card":"summary_large_image","twitter_misc":{"Est. reading time":"2 minutes"},"schema":{"@context":"https:\/\/schema.org","@graph":[{"@type":"WebPage","@id":"https:\/\/www.glyphosate.eu\/fr\/transparency\/scientific-dossier\/","url":"https:\/\/www.glyphosate.eu\/fr\/transparency\/scientific-dossier\/","name":"Le dossier scientifique - Glyphosate Renewal Group","isPartOf":{"@id":"https:\/\/www.glyphosate.eu\/#website"},"datePublished":"2020-01-06T10:01:05+00:00","dateModified":"2024-07-01T12:19:37+00:00","breadcrumb":{"@id":"https:\/\/www.glyphosate.eu\/fr\/transparency\/scientific-dossier\/#breadcrumb"},"inLanguage":"fr-FR","potentialAction":[{"@type":"ReadAction","target":["https:\/\/www.glyphosate.eu\/fr\/transparency\/scientific-dossier\/"]}]},{"@type":"BreadcrumbList","@id":"https:\/\/www.glyphosate.eu\/fr\/transparency\/scientific-dossier\/#breadcrumb","itemListElement":[{"@type":"ListItem","position":1,"name":"Transparence","item":"https:\/\/www.glyphosate.eu\/fr\/transparency\/"},{"@type":"ListItem","position":2,"name":"Le dossier scientifique"}]},{"@type":"WebSite","@id":"https:\/\/www.glyphosate.eu\/#website","url":"https:\/\/www.glyphosate.eu\/","name":"Glyphosate Renewal Group","description":"Just another WordPress site","potentialAction":[{"@type":"SearchAction","target":{"@type":"EntryPoint","urlTemplate":"https:\/\/www.glyphosate.eu\/?s={search_term_string}"},"query-input":{"@type":"PropertyValueSpecification","valueRequired":true,"valueName":"search_term_string"}}],"inLanguage":"fr-FR"}]}},"_links":{"self":[{"href":"https:\/\/www.glyphosate.eu\/fr\/wp-json\/wp\/v2\/pages\/659","targetHints":{"allow":["GET"]}}],"collection":[{"href":"https:\/\/www.glyphosate.eu\/fr\/wp-json\/wp\/v2\/pages"}],"about":[{"href":"https:\/\/www.glyphosate.eu\/fr\/wp-json\/wp\/v2\/types\/page"}],"author":[{"embeddable":true,"href":"https:\/\/www.glyphosate.eu\/fr\/wp-json\/wp\/v2\/users\/1"}],"replies":[{"embeddable":true,"href":"https:\/\/www.glyphosate.eu\/fr\/wp-json\/wp\/v2\/comments?post=659"}],"version-history":[{"count":32,"href":"https:\/\/www.glyphosate.eu\/fr\/wp-json\/wp\/v2\/pages\/659\/revisions"}],"predecessor-version":[{"id":35266,"href":"https:\/\/www.glyphosate.eu\/fr\/wp-json\/wp\/v2\/pages\/659\/revisions\/35266"}],"up":[{"embeddable":true,"href":"https:\/\/www.glyphosate.eu\/fr\/wp-json\/wp\/v2\/pages\/655"}],"wp:attachment":[{"href":"https:\/\/www.glyphosate.eu\/fr\/wp-json\/wp\/v2\/media?parent=659"}],"curies":[{"name":"wp","href":"https:\/\/api.w.org\/{rel}","templated":true}]}}