{"id":655,"date":"2020-01-06T09:51:46","date_gmt":"2020-01-06T09:51:46","guid":{"rendered":"http:\/\/glyphosate-wp.test\/?page_id=655"},"modified":"2022-03-23T08:27:14","modified_gmt":"2022-03-23T08:27:14","slug":"transparency","status":"publish","type":"page","link":"https:\/\/www.glyphosate.eu\/fr\/transparency\/","title":{"rendered":"Transparence"},"content":{"rendered":"<p>Dans l\u2019int\u00e9r\u00eat d\u2019une transparence accrue, le Glyphosate Renewal Group se conforme aux nouvelles dispositions de la loi d\u2019alimentation g\u00e9n\u00e9rale de l\u2019UE proactivement avant m\u00eame son entr\u00e9e en vigueur, le 27 mars 2021.<\/p>\n<p>\u00c0 ce titre, le Glyphosate Renewal Group rend publics les proc\u00e8s-verbaux de ses r\u00e9unions avec les autorit\u00e9s r\u00e9glementaires impliqu\u00e9es dans la r\u00e9\u00e9valuation du glyphosate que sont l\u2019Autorit\u00e9 europ\u00e9enne de s\u00e9curit\u00e9 des aliments (EFSA) et le Groupe d\u2019\u00e9valuation du glyphosate (AGG). L\u2019AGG se compose des autorit\u00e9s r\u00e9glementaires nationales suivantes, de quatre \u00c9tats membres de l\u2019UE : ANSES (France), Nebih (Hongrie), ctgb (Pays-Bas) et KEMI (Su\u00e8de).<\/p>\n<p>La demande de r\u00e9-approbation du glyphosate, comprenant la liste des nouvelles \u00e9tudes destin\u00e9es \u00e0 satisfaire aux exigences r\u00e9glementaires en vigueur, est publi\u00e9e sur ce site web, de m\u00eame que les commentaires qui seront faits par le Groupe d\u2019\u00e9valuation du glyphosate (AGG).<\/p>\n<p>Ce site web propose en outre un acc\u00e8s facilit\u00e9 aux donn\u00e9es publiques (hormis les informations commerciales confidentielles) du dossier de r\u00e9-approbation d\u00e9pos\u00e9 en 2012.<\/p>\n<p>Les rapports d\u2019\u00e9tude complets et soumis \u00e0 date, et pour lesquels le Glyphosate Renewal Group dispose des droits d\u2019acc\u00e8s et de divulgation correspondants (\u00e0 l\u2019exception, mineure, des documents confidentiels sur la production et les sources d\u2019information, et des documents sans rapport avec la s\u00e9curit\u00e9) sont accessibles aux personnes int\u00e9ress\u00e9es par simple commande en ligne.<\/p>\n<p>Toute la partie publique du dossier 2020, y compris les nouveaux rapports d\u2019\u00e9tude, est accessible via ce site web apr\u00e8s le d\u00e9p\u00f4t de ce dossier (\u00e0 l\u2019exception, mineure, des documents contenant certaines donn\u00e9es sur la production, sans rapport avec la s\u00e9curit\u00e9).<\/p>\n<p>Clause de non-responsabilit\u00e9 : Pour respecter la confidentialit\u00e9 des donn\u00e9es et la l\u00e9gislation en vigueur, le Glyphosate Renewal Group masquera dans les documents qu&#8217;il publiera toutes les informations relatives aux personnes et aux laboratoires d&#8217;essais sur les vert\u00e9br\u00e9s.<\/p>\n<p>Le Glyphosate Renewal Group figure d\u00e9sormais au registre de transparence de l&#8217;UE. Pour plus de renseignements, consulter <strong><span style=\"color: #339966;\"><a style=\"color: #339966;\" href=\"https:\/\/ec.europa.eu\/transparencyregister\/public\/consultation\/displaylobbyist.do?id=720197936300-30&amp;locale=en#en\">ce lien.<\/a><\/span><\/strong><\/p>\n","protected":false},"excerpt":{"rendered":"<p>Dans l\u2019int\u00e9r\u00eat d\u2019une transparence accrue, le Glyphosate Renewal Group se conforme aux nouvelles dispositions de la loi d\u2019alimentation g\u00e9n\u00e9rale de l\u2019UE proactivement avant m\u00eame son entr\u00e9e en vigueur, le 27 mars 2021. \u00c0 ce titre, le Glyphosate Renewal Group rend publics les proc\u00e8s-verbaux de ses r\u00e9unions avec les autorit\u00e9s r\u00e9glementaires impliqu\u00e9es dans la r\u00e9\u00e9valuation du &hellip; <a href=\"https:\/\/www.glyphosate.eu\/fr\/transparency\/\">Continuer<\/a><\/p>\n","protected":false},"author":1,"featured_media":0,"parent":0,"menu_order":378,"comment_status":"closed","ping_status":"closed","template":"views\/template-transparency.blade.php","meta":{"_acf_changed":false,"inline_featured_image":false,"footnotes":""},"class_list":["post-655","page","type-page","status-publish","hentry"],"acf":[],"yoast_head":"<!-- This site is optimized with the Yoast SEO plugin v27.3 - https:\/\/yoast.com\/product\/yoast-seo-wordpress\/ -->\n<title>Transparency | Glyphosate Renewal Group<\/title>\n<meta name=\"description\" content=\"The GRG is committed to the EU procedure to re-assess and re-approve glyphosate in the EU. The GRG will do so in a factual, scientific and transparent way.\" \/>\n<meta name=\"robots\" content=\"index, follow, max-snippet:-1, max-image-preview:large, max-video-preview:-1\" \/>\n<link rel=\"canonical\" href=\"https:\/\/www.glyphosate.eu\/fr\/transparency\/\" \/>\n<meta property=\"og:locale\" content=\"fr_FR\" \/>\n<meta property=\"og:type\" content=\"article\" \/>\n<meta property=\"og:title\" content=\"Transparency | Glyphosate Renewal Group\" \/>\n<meta property=\"og:description\" content=\"The GRG is committed to the EU procedure to re-assess and re-approve glyphosate in the EU. The GRG will do so in a factual, scientific and transparent way.\" \/>\n<meta property=\"og:url\" content=\"https:\/\/www.glyphosate.eu\/fr\/transparency\/\" \/>\n<meta property=\"og:site_name\" content=\"Glyphosate Renewal Group\" \/>\n<meta property=\"article:modified_time\" content=\"2022-03-23T08:27:14+00:00\" \/>\n<meta name=\"twitter:card\" content=\"summary_large_image\" \/>\n<meta name=\"twitter:label1\" content=\"Est. reading time\" \/>\n\t<meta name=\"twitter:data1\" content=\"2 minutes\" \/>\n<script type=\"application\/ld+json\" class=\"yoast-schema-graph\">{\"@context\":\"https:\\\/\\\/schema.org\",\"@graph\":[{\"@type\":\"WebPage\",\"@id\":\"https:\\\/\\\/www.glyphosate.eu\\\/fr\\\/transparency\\\/\",\"url\":\"https:\\\/\\\/www.glyphosate.eu\\\/fr\\\/transparency\\\/\",\"name\":\"Transparency | Glyphosate Renewal Group\",\"isPartOf\":{\"@id\":\"https:\\\/\\\/www.glyphosate.eu\\\/#website\"},\"datePublished\":\"2020-01-06T09:51:46+00:00\",\"dateModified\":\"2022-03-23T08:27:14+00:00\",\"description\":\"The GRG is committed to the EU procedure to re-assess and re-approve glyphosate in the EU. The GRG will do so in a factual, scientific and transparent way.\",\"inLanguage\":\"fr-FR\",\"potentialAction\":[{\"@type\":\"ReadAction\",\"target\":[\"https:\\\/\\\/www.glyphosate.eu\\\/fr\\\/transparency\\\/\"]}]},{\"@type\":\"WebSite\",\"@id\":\"https:\\\/\\\/www.glyphosate.eu\\\/#website\",\"url\":\"https:\\\/\\\/www.glyphosate.eu\\\/\",\"name\":\"Glyphosate Renewal Group\",\"description\":\"Just another WordPress site\",\"potentialAction\":[{\"@type\":\"SearchAction\",\"target\":{\"@type\":\"EntryPoint\",\"urlTemplate\":\"https:\\\/\\\/www.glyphosate.eu\\\/?s={search_term_string}\"},\"query-input\":{\"@type\":\"PropertyValueSpecification\",\"valueRequired\":true,\"valueName\":\"search_term_string\"}}],\"inLanguage\":\"fr-FR\"}]}<\/script>\n<!-- \/ Yoast SEO plugin. -->","yoast_head_json":{"title":"Transparency | Glyphosate Renewal Group","description":"The GRG is committed to the EU procedure to re-assess and re-approve glyphosate in the EU. The GRG will do so in a factual, scientific and transparent way.","robots":{"index":"index","follow":"follow","max-snippet":"max-snippet:-1","max-image-preview":"max-image-preview:large","max-video-preview":"max-video-preview:-1"},"canonical":"https:\/\/www.glyphosate.eu\/fr\/transparency\/","og_locale":"fr_FR","og_type":"article","og_title":"Transparency | Glyphosate Renewal Group","og_description":"The GRG is committed to the EU procedure to re-assess and re-approve glyphosate in the EU. The GRG will do so in a factual, scientific and transparent way.","og_url":"https:\/\/www.glyphosate.eu\/fr\/transparency\/","og_site_name":"Glyphosate Renewal Group","article_modified_time":"2022-03-23T08:27:14+00:00","twitter_card":"summary_large_image","twitter_misc":{"Est. reading time":"2 minutes"},"schema":{"@context":"https:\/\/schema.org","@graph":[{"@type":"WebPage","@id":"https:\/\/www.glyphosate.eu\/fr\/transparency\/","url":"https:\/\/www.glyphosate.eu\/fr\/transparency\/","name":"Transparency | Glyphosate Renewal Group","isPartOf":{"@id":"https:\/\/www.glyphosate.eu\/#website"},"datePublished":"2020-01-06T09:51:46+00:00","dateModified":"2022-03-23T08:27:14+00:00","description":"The GRG is committed to the EU procedure to re-assess and re-approve glyphosate in the EU. The GRG will do so in a factual, scientific and transparent way.","inLanguage":"fr-FR","potentialAction":[{"@type":"ReadAction","target":["https:\/\/www.glyphosate.eu\/fr\/transparency\/"]}]},{"@type":"WebSite","@id":"https:\/\/www.glyphosate.eu\/#website","url":"https:\/\/www.glyphosate.eu\/","name":"Glyphosate Renewal Group","description":"Just another WordPress site","potentialAction":[{"@type":"SearchAction","target":{"@type":"EntryPoint","urlTemplate":"https:\/\/www.glyphosate.eu\/?s={search_term_string}"},"query-input":{"@type":"PropertyValueSpecification","valueRequired":true,"valueName":"search_term_string"}}],"inLanguage":"fr-FR"}]}},"_links":{"self":[{"href":"https:\/\/www.glyphosate.eu\/fr\/wp-json\/wp\/v2\/pages\/655","targetHints":{"allow":["GET"]}}],"collection":[{"href":"https:\/\/www.glyphosate.eu\/fr\/wp-json\/wp\/v2\/pages"}],"about":[{"href":"https:\/\/www.glyphosate.eu\/fr\/wp-json\/wp\/v2\/types\/page"}],"author":[{"embeddable":true,"href":"https:\/\/www.glyphosate.eu\/fr\/wp-json\/wp\/v2\/users\/1"}],"replies":[{"embeddable":true,"href":"https:\/\/www.glyphosate.eu\/fr\/wp-json\/wp\/v2\/comments?post=655"}],"version-history":[{"count":26,"href":"https:\/\/www.glyphosate.eu\/fr\/wp-json\/wp\/v2\/pages\/655\/revisions"}],"predecessor-version":[{"id":28478,"href":"https:\/\/www.glyphosate.eu\/fr\/wp-json\/wp\/v2\/pages\/655\/revisions\/28478"}],"wp:attachment":[{"href":"https:\/\/www.glyphosate.eu\/fr\/wp-json\/wp\/v2\/media?parent=655"}],"curies":[{"name":"wp","href":"https:\/\/api.w.org\/{rel}","templated":true}]}}