{"id":35017,"date":"2023-11-16T09:59:21","date_gmt":"2023-11-16T09:59:21","guid":{"rendered":"https:\/\/www.glyphosate.eu\/grg\/nouveautes\/member-states-reached-no-opinion-commission-states-it-will-proceed-with-authorisation\/"},"modified":"2023-11-16T13:05:07","modified_gmt":"2023-11-16T13:05:07","slug":"member-states-reached-no-opinion-commission-states-it-will-proceed-with-authorisation","status":"publish","type":"page","link":"https:\/\/www.glyphosate.eu\/fr\/grg\/nouveautes\/member-states-reached-no-opinion-commission-states-it-will-proceed-with-authorisation\/","title":{"rendered":"Les \u00c9tats membres ne sont pas parvenus \u00e0 un avis, la Commission d\u00e9clare qu&#8217;elle proc\u00e9dera \u00e0 l&#8217;autorisation"},"content":{"rendered":"","protected":false},"excerpt":{"rendered":"","protected":false},"author":3,"featured_media":34997,"parent":6904,"menu_order":7,"comment_status":"closed","ping_status":"closed","template":"views\/template-content-page.blade.php","meta":{"_acf_changed":false,"inline_featured_image":false,"footnotes":""},"class_list":["post-35017","page","type-page","status-publish","has-post-thumbnail","hentry"],"acf":[],"yoast_head":"<!-- This site is optimized with the Yoast SEO plugin v27.4 - https:\/\/yoast.com\/product\/yoast-seo-wordpress\/ -->\n<title>Les \u00c9tats membres ne sont pas parvenus \u00e0 un avis, la Commission d\u00e9clare qu&#039;elle proc\u00e9dera \u00e0 l&#039;autorisation - Glyphosate Renewal Group<\/title>\n<meta name=\"robots\" content=\"index, follow, max-snippet:-1, max-image-preview:large, max-video-preview:-1\" \/>\n<link rel=\"canonical\" href=\"https:\/\/www.glyphosate.eu\/fr\/grg\/nouveautes\/member-states-reached-no-opinion-commission-states-it-will-proceed-with-authorisation\/\" \/>\n<meta property=\"og:locale\" content=\"fr_FR\" \/>\n<meta property=\"og:type\" content=\"article\" \/>\n<meta property=\"og:title\" content=\"Les \u00c9tats membres ne sont pas parvenus \u00e0 un avis, la Commission d\u00e9clare qu&#039;elle proc\u00e9dera \u00e0 l&#039;autorisation - Glyphosate Renewal Group\" \/>\n<meta property=\"og:url\" content=\"https:\/\/www.glyphosate.eu\/fr\/grg\/nouveautes\/member-states-reached-no-opinion-commission-states-it-will-proceed-with-authorisation\/\" \/>\n<meta property=\"og:site_name\" content=\"Glyphosate Renewal Group\" \/>\n<meta property=\"article:modified_time\" content=\"2023-11-16T13:05:07+00:00\" \/>\n<meta property=\"og:image\" content=\"https:\/\/www.glyphosate.eu\/app\/uploads\/2023\/11\/statement-image--scaled.jpg\" \/>\n\t<meta property=\"og:image:width\" content=\"2560\" \/>\n\t<meta property=\"og:image:height\" content=\"1707\" \/>\n\t<meta property=\"og:image:type\" content=\"image\/jpeg\" \/>\n<meta name=\"twitter:card\" content=\"summary_large_image\" \/>\n<script type=\"application\/ld+json\" class=\"yoast-schema-graph\">{\"@context\":\"https:\\\/\\\/schema.org\",\"@graph\":[{\"@type\":\"WebPage\",\"@id\":\"https:\\\/\\\/www.glyphosate.eu\\\/fr\\\/grg\\\/nouveautes\\\/member-states-reached-no-opinion-commission-states-it-will-proceed-with-authorisation\\\/\",\"url\":\"https:\\\/\\\/www.glyphosate.eu\\\/fr\\\/grg\\\/nouveautes\\\/member-states-reached-no-opinion-commission-states-it-will-proceed-with-authorisation\\\/\",\"name\":\"Les \u00c9tats membres ne sont pas parvenus \u00e0 un avis, la Commission d\u00e9clare qu'elle proc\u00e9dera \u00e0 l'autorisation - Glyphosate Renewal Group\",\"isPartOf\":{\"@id\":\"https:\\\/\\\/www.glyphosate.eu\\\/#website\"},\"primaryImageOfPage\":{\"@id\":\"https:\\\/\\\/www.glyphosate.eu\\\/fr\\\/grg\\\/nouveautes\\\/member-states-reached-no-opinion-commission-states-it-will-proceed-with-authorisation\\\/#primaryimage\"},\"image\":{\"@id\":\"https:\\\/\\\/www.glyphosate.eu\\\/fr\\\/grg\\\/nouveautes\\\/member-states-reached-no-opinion-commission-states-it-will-proceed-with-authorisation\\\/#primaryimage\"},\"thumbnailUrl\":\"https:\\\/\\\/www.glyphosate.eu\\\/app\\\/uploads\\\/2023\\\/11\\\/statement-image--scaled.jpg\",\"datePublished\":\"2023-11-16T09:59:21+00:00\",\"dateModified\":\"2023-11-16T13:05:07+00:00\",\"breadcrumb\":{\"@id\":\"https:\\\/\\\/www.glyphosate.eu\\\/fr\\\/grg\\\/nouveautes\\\/member-states-reached-no-opinion-commission-states-it-will-proceed-with-authorisation\\\/#breadcrumb\"},\"inLanguage\":\"fr-FR\",\"potentialAction\":[{\"@type\":\"ReadAction\",\"target\":[\"https:\\\/\\\/www.glyphosate.eu\\\/fr\\\/grg\\\/nouveautes\\\/member-states-reached-no-opinion-commission-states-it-will-proceed-with-authorisation\\\/\"]}]},{\"@type\":\"ImageObject\",\"inLanguage\":\"fr-FR\",\"@id\":\"https:\\\/\\\/www.glyphosate.eu\\\/fr\\\/grg\\\/nouveautes\\\/member-states-reached-no-opinion-commission-states-it-will-proceed-with-authorisation\\\/#primaryimage\",\"url\":\"https:\\\/\\\/www.glyphosate.eu\\\/app\\\/uploads\\\/2023\\\/11\\\/statement-image--scaled.jpg\",\"contentUrl\":\"https:\\\/\\\/www.glyphosate.eu\\\/app\\\/uploads\\\/2023\\\/11\\\/statement-image--scaled.jpg\",\"width\":2560,\"height\":1707},{\"@type\":\"BreadcrumbList\",\"@id\":\"https:\\\/\\\/www.glyphosate.eu\\\/fr\\\/grg\\\/nouveautes\\\/member-states-reached-no-opinion-commission-states-it-will-proceed-with-authorisation\\\/#breadcrumb\",\"itemListElement\":[{\"@type\":\"ListItem\",\"position\":1,\"name\":\"Whats new temp FR &#8211; DONT Delete\",\"item\":\"https:\\\/\\\/www.glyphosate.eu\\\/fr\\\/grg\\\/\"},{\"@type\":\"ListItem\",\"position\":2,\"name\":\"Nouveaut\u00e9s\",\"item\":\"https:\\\/\\\/www.glyphosate.eu\\\/fr\\\/grg\\\/nouveautes\\\/\"},{\"@type\":\"ListItem\",\"position\":3,\"name\":\"Les \u00c9tats membres ne sont pas parvenus \u00e0 un avis, la Commission d\u00e9clare qu&#8217;elle proc\u00e9dera \u00e0 l&#8217;autorisation\"}]},{\"@type\":\"WebSite\",\"@id\":\"https:\\\/\\\/www.glyphosate.eu\\\/#website\",\"url\":\"https:\\\/\\\/www.glyphosate.eu\\\/\",\"name\":\"Glyphosate Renewal Group\",\"description\":\"Just another WordPress site\",\"potentialAction\":[{\"@type\":\"SearchAction\",\"target\":{\"@type\":\"EntryPoint\",\"urlTemplate\":\"https:\\\/\\\/www.glyphosate.eu\\\/?s={search_term_string}\"},\"query-input\":{\"@type\":\"PropertyValueSpecification\",\"valueRequired\":true,\"valueName\":\"search_term_string\"}}],\"inLanguage\":\"fr-FR\"}]}<\/script>\n<!-- \/ Yoast SEO plugin. -->","yoast_head_json":{"title":"Les \u00c9tats membres ne sont pas parvenus \u00e0 un avis, la Commission d\u00e9clare qu'elle proc\u00e9dera \u00e0 l'autorisation - Glyphosate Renewal Group","robots":{"index":"index","follow":"follow","max-snippet":"max-snippet:-1","max-image-preview":"max-image-preview:large","max-video-preview":"max-video-preview:-1"},"canonical":"https:\/\/www.glyphosate.eu\/fr\/grg\/nouveautes\/member-states-reached-no-opinion-commission-states-it-will-proceed-with-authorisation\/","og_locale":"fr_FR","og_type":"article","og_title":"Les \u00c9tats membres ne sont pas parvenus \u00e0 un avis, la Commission d\u00e9clare qu'elle proc\u00e9dera \u00e0 l'autorisation - Glyphosate Renewal Group","og_url":"https:\/\/www.glyphosate.eu\/fr\/grg\/nouveautes\/member-states-reached-no-opinion-commission-states-it-will-proceed-with-authorisation\/","og_site_name":"Glyphosate Renewal Group","article_modified_time":"2023-11-16T13:05:07+00:00","og_image":[{"width":2560,"height":1707,"url":"https:\/\/www.glyphosate.eu\/app\/uploads\/2023\/11\/statement-image--scaled.jpg","type":"image\/jpeg"}],"twitter_card":"summary_large_image","schema":{"@context":"https:\/\/schema.org","@graph":[{"@type":"WebPage","@id":"https:\/\/www.glyphosate.eu\/fr\/grg\/nouveautes\/member-states-reached-no-opinion-commission-states-it-will-proceed-with-authorisation\/","url":"https:\/\/www.glyphosate.eu\/fr\/grg\/nouveautes\/member-states-reached-no-opinion-commission-states-it-will-proceed-with-authorisation\/","name":"Les \u00c9tats membres ne sont pas parvenus \u00e0 un avis, la Commission d\u00e9clare qu'elle proc\u00e9dera \u00e0 l'autorisation - Glyphosate Renewal Group","isPartOf":{"@id":"https:\/\/www.glyphosate.eu\/#website"},"primaryImageOfPage":{"@id":"https:\/\/www.glyphosate.eu\/fr\/grg\/nouveautes\/member-states-reached-no-opinion-commission-states-it-will-proceed-with-authorisation\/#primaryimage"},"image":{"@id":"https:\/\/www.glyphosate.eu\/fr\/grg\/nouveautes\/member-states-reached-no-opinion-commission-states-it-will-proceed-with-authorisation\/#primaryimage"},"thumbnailUrl":"https:\/\/www.glyphosate.eu\/app\/uploads\/2023\/11\/statement-image--scaled.jpg","datePublished":"2023-11-16T09:59:21+00:00","dateModified":"2023-11-16T13:05:07+00:00","breadcrumb":{"@id":"https:\/\/www.glyphosate.eu\/fr\/grg\/nouveautes\/member-states-reached-no-opinion-commission-states-it-will-proceed-with-authorisation\/#breadcrumb"},"inLanguage":"fr-FR","potentialAction":[{"@type":"ReadAction","target":["https:\/\/www.glyphosate.eu\/fr\/grg\/nouveautes\/member-states-reached-no-opinion-commission-states-it-will-proceed-with-authorisation\/"]}]},{"@type":"ImageObject","inLanguage":"fr-FR","@id":"https:\/\/www.glyphosate.eu\/fr\/grg\/nouveautes\/member-states-reached-no-opinion-commission-states-it-will-proceed-with-authorisation\/#primaryimage","url":"https:\/\/www.glyphosate.eu\/app\/uploads\/2023\/11\/statement-image--scaled.jpg","contentUrl":"https:\/\/www.glyphosate.eu\/app\/uploads\/2023\/11\/statement-image--scaled.jpg","width":2560,"height":1707},{"@type":"BreadcrumbList","@id":"https:\/\/www.glyphosate.eu\/fr\/grg\/nouveautes\/member-states-reached-no-opinion-commission-states-it-will-proceed-with-authorisation\/#breadcrumb","itemListElement":[{"@type":"ListItem","position":1,"name":"Whats new temp FR &#8211; DONT Delete","item":"https:\/\/www.glyphosate.eu\/fr\/grg\/"},{"@type":"ListItem","position":2,"name":"Nouveaut\u00e9s","item":"https:\/\/www.glyphosate.eu\/fr\/grg\/nouveautes\/"},{"@type":"ListItem","position":3,"name":"Les \u00c9tats membres ne sont pas parvenus \u00e0 un avis, la Commission d\u00e9clare qu&#8217;elle proc\u00e9dera \u00e0 l&#8217;autorisation"}]},{"@type":"WebSite","@id":"https:\/\/www.glyphosate.eu\/#website","url":"https:\/\/www.glyphosate.eu\/","name":"Glyphosate Renewal Group","description":"Just another WordPress site","potentialAction":[{"@type":"SearchAction","target":{"@type":"EntryPoint","urlTemplate":"https:\/\/www.glyphosate.eu\/?s={search_term_string}"},"query-input":{"@type":"PropertyValueSpecification","valueRequired":true,"valueName":"search_term_string"}}],"inLanguage":"fr-FR"}]}},"_links":{"self":[{"href":"https:\/\/www.glyphosate.eu\/fr\/wp-json\/wp\/v2\/pages\/35017","targetHints":{"allow":["GET"]}}],"collection":[{"href":"https:\/\/www.glyphosate.eu\/fr\/wp-json\/wp\/v2\/pages"}],"about":[{"href":"https:\/\/www.glyphosate.eu\/fr\/wp-json\/wp\/v2\/types\/page"}],"author":[{"embeddable":true,"href":"https:\/\/www.glyphosate.eu\/fr\/wp-json\/wp\/v2\/users\/3"}],"replies":[{"embeddable":true,"href":"https:\/\/www.glyphosate.eu\/fr\/wp-json\/wp\/v2\/comments?post=35017"}],"version-history":[{"count":2,"href":"https:\/\/www.glyphosate.eu\/fr\/wp-json\/wp\/v2\/pages\/35017\/revisions"}],"predecessor-version":[{"id":35019,"href":"https:\/\/www.glyphosate.eu\/fr\/wp-json\/wp\/v2\/pages\/35017\/revisions\/35019"}],"up":[{"embeddable":true,"href":"https:\/\/www.glyphosate.eu\/fr\/wp-json\/wp\/v2\/pages\/6904"}],"wp:featuredmedia":[{"embeddable":true,"href":"https:\/\/www.glyphosate.eu\/fr\/wp-json\/wp\/v2\/media\/34997"}],"wp:attachment":[{"href":"https:\/\/www.glyphosate.eu\/fr\/wp-json\/wp\/v2\/media?parent=35017"}],"curies":[{"name":"wp","href":"https:\/\/api.w.org\/{rel}","templated":true}]}}