{"id":33964,"date":"2022-11-15T14:55:54","date_gmt":"2022-11-15T14:55:54","guid":{"rendered":"https:\/\/www.glyphosate.eu\/grg\/nouveautes\/the-appeal-committee-reached-no-opinion-in-the-vote-on-the-extension-of-the-approval-period-for-glyphosate\/"},"modified":"2023-02-03T08:33:40","modified_gmt":"2023-02-03T08:33:40","slug":"the-appeal-committee-reached-no-opinion-in-the-vote-on-the-extension-of-the-approval-period-for-glyphosate","status":"publish","type":"page","link":"https:\/\/www.glyphosate.eu\/fr\/grg\/nouveautes\/the-appeal-committee-reached-no-opinion-in-the-vote-on-the-extension-of-the-approval-period-for-glyphosate\/","title":{"rendered":"Le comit\u00e9 d&#8217;appel n&#8217;a pas \u00e9mis d&#8217;avis lors du vote sur l&#8217;extension de la p\u00e9riode d&#8217;approbation du glyphosate"},"content":{"rendered":"","protected":false},"excerpt":{"rendered":"","protected":false},"author":1,"featured_media":33288,"parent":6904,"menu_order":129,"comment_status":"closed","ping_status":"closed","template":"views\/template-content-page.blade.php","meta":{"_acf_changed":false,"inline_featured_image":false,"footnotes":""},"class_list":["post-33964","page","type-page","status-publish","has-post-thumbnail","hentry"],"acf":[],"yoast_head":"<!-- This site is optimized with the Yoast SEO plugin v27.3 - https:\/\/yoast.com\/product\/yoast-seo-wordpress\/ -->\n<title>Le comit\u00e9 d&#039;appel n&#039;a pas \u00e9mis d&#039;avis lors du vote sur l&#039;extension de la p\u00e9riode d&#039;approbation du glyphosate - Glyphosate Renewal Group<\/title>\n<meta name=\"robots\" content=\"index, follow, max-snippet:-1, max-image-preview:large, max-video-preview:-1\" \/>\n<link rel=\"canonical\" href=\"https:\/\/www.glyphosate.eu\/fr\/grg\/nouveautes\/the-appeal-committee-reached-no-opinion-in-the-vote-on-the-extension-of-the-approval-period-for-glyphosate\/\" \/>\n<meta property=\"og:locale\" content=\"fr_FR\" \/>\n<meta property=\"og:type\" content=\"article\" \/>\n<meta property=\"og:title\" content=\"Le comit\u00e9 d&#039;appel n&#039;a pas \u00e9mis d&#039;avis lors du vote sur l&#039;extension de la p\u00e9riode d&#039;approbation du glyphosate - Glyphosate Renewal Group\" \/>\n<meta property=\"og:url\" content=\"https:\/\/www.glyphosate.eu\/fr\/grg\/nouveautes\/the-appeal-committee-reached-no-opinion-in-the-vote-on-the-extension-of-the-approval-period-for-glyphosate\/\" \/>\n<meta property=\"og:site_name\" content=\"Glyphosate Renewal Group\" \/>\n<meta property=\"article:modified_time\" content=\"2023-02-03T08:33:40+00:00\" \/>\n<meta property=\"og:image\" content=\"https:\/\/www.glyphosate.eu\/app\/uploads\/2022\/07\/information-icon-.png\" \/>\n\t<meta property=\"og:image:width\" content=\"2550\" \/>\n\t<meta property=\"og:image:height\" content=\"2550\" \/>\n\t<meta property=\"og:image:type\" content=\"image\/png\" \/>\n<meta name=\"twitter:card\" content=\"summary_large_image\" \/>\n<script type=\"application\/ld+json\" class=\"yoast-schema-graph\">{\"@context\":\"https:\\\/\\\/schema.org\",\"@graph\":[{\"@type\":\"WebPage\",\"@id\":\"https:\\\/\\\/www.glyphosate.eu\\\/fr\\\/grg\\\/nouveautes\\\/the-appeal-committee-reached-no-opinion-in-the-vote-on-the-extension-of-the-approval-period-for-glyphosate\\\/\",\"url\":\"https:\\\/\\\/www.glyphosate.eu\\\/fr\\\/grg\\\/nouveautes\\\/the-appeal-committee-reached-no-opinion-in-the-vote-on-the-extension-of-the-approval-period-for-glyphosate\\\/\",\"name\":\"Le comit\u00e9 d'appel n'a pas \u00e9mis d'avis lors du vote sur l'extension de la p\u00e9riode d'approbation du glyphosate - Glyphosate Renewal Group\",\"isPartOf\":{\"@id\":\"https:\\\/\\\/www.glyphosate.eu\\\/#website\"},\"primaryImageOfPage\":{\"@id\":\"https:\\\/\\\/www.glyphosate.eu\\\/fr\\\/grg\\\/nouveautes\\\/the-appeal-committee-reached-no-opinion-in-the-vote-on-the-extension-of-the-approval-period-for-glyphosate\\\/#primaryimage\"},\"image\":{\"@id\":\"https:\\\/\\\/www.glyphosate.eu\\\/fr\\\/grg\\\/nouveautes\\\/the-appeal-committee-reached-no-opinion-in-the-vote-on-the-extension-of-the-approval-period-for-glyphosate\\\/#primaryimage\"},\"thumbnailUrl\":\"https:\\\/\\\/www.glyphosate.eu\\\/app\\\/uploads\\\/2022\\\/07\\\/information-icon-.png\",\"datePublished\":\"2022-11-15T14:55:54+00:00\",\"dateModified\":\"2023-02-03T08:33:40+00:00\",\"breadcrumb\":{\"@id\":\"https:\\\/\\\/www.glyphosate.eu\\\/fr\\\/grg\\\/nouveautes\\\/the-appeal-committee-reached-no-opinion-in-the-vote-on-the-extension-of-the-approval-period-for-glyphosate\\\/#breadcrumb\"},\"inLanguage\":\"fr-FR\",\"potentialAction\":[{\"@type\":\"ReadAction\",\"target\":[\"https:\\\/\\\/www.glyphosate.eu\\\/fr\\\/grg\\\/nouveautes\\\/the-appeal-committee-reached-no-opinion-in-the-vote-on-the-extension-of-the-approval-period-for-glyphosate\\\/\"]}]},{\"@type\":\"ImageObject\",\"inLanguage\":\"fr-FR\",\"@id\":\"https:\\\/\\\/www.glyphosate.eu\\\/fr\\\/grg\\\/nouveautes\\\/the-appeal-committee-reached-no-opinion-in-the-vote-on-the-extension-of-the-approval-period-for-glyphosate\\\/#primaryimage\",\"url\":\"https:\\\/\\\/www.glyphosate.eu\\\/app\\\/uploads\\\/2022\\\/07\\\/information-icon-.png\",\"contentUrl\":\"https:\\\/\\\/www.glyphosate.eu\\\/app\\\/uploads\\\/2022\\\/07\\\/information-icon-.png\",\"width\":2550,\"height\":2550},{\"@type\":\"BreadcrumbList\",\"@id\":\"https:\\\/\\\/www.glyphosate.eu\\\/fr\\\/grg\\\/nouveautes\\\/the-appeal-committee-reached-no-opinion-in-the-vote-on-the-extension-of-the-approval-period-for-glyphosate\\\/#breadcrumb\",\"itemListElement\":[{\"@type\":\"ListItem\",\"position\":1,\"name\":\"Whats new temp FR &#8211; DONT Delete\",\"item\":\"https:\\\/\\\/www.glyphosate.eu\\\/fr\\\/grg\\\/\"},{\"@type\":\"ListItem\",\"position\":2,\"name\":\"Nouveaut\u00e9s\",\"item\":\"https:\\\/\\\/www.glyphosate.eu\\\/fr\\\/grg\\\/nouveautes\\\/\"},{\"@type\":\"ListItem\",\"position\":3,\"name\":\"Le comit\u00e9 d&#8217;appel n&#8217;a pas \u00e9mis d&#8217;avis lors du vote sur l&#8217;extension de la p\u00e9riode d&#8217;approbation du glyphosate\"}]},{\"@type\":\"WebSite\",\"@id\":\"https:\\\/\\\/www.glyphosate.eu\\\/#website\",\"url\":\"https:\\\/\\\/www.glyphosate.eu\\\/\",\"name\":\"Glyphosate Renewal Group\",\"description\":\"Just another WordPress site\",\"potentialAction\":[{\"@type\":\"SearchAction\",\"target\":{\"@type\":\"EntryPoint\",\"urlTemplate\":\"https:\\\/\\\/www.glyphosate.eu\\\/?s={search_term_string}\"},\"query-input\":{\"@type\":\"PropertyValueSpecification\",\"valueRequired\":true,\"valueName\":\"search_term_string\"}}],\"inLanguage\":\"fr-FR\"}]}<\/script>\n<!-- \/ Yoast SEO plugin. -->","yoast_head_json":{"title":"Le comit\u00e9 d'appel n'a pas \u00e9mis d'avis lors du vote sur l'extension de la p\u00e9riode d'approbation du glyphosate - Glyphosate Renewal Group","robots":{"index":"index","follow":"follow","max-snippet":"max-snippet:-1","max-image-preview":"max-image-preview:large","max-video-preview":"max-video-preview:-1"},"canonical":"https:\/\/www.glyphosate.eu\/fr\/grg\/nouveautes\/the-appeal-committee-reached-no-opinion-in-the-vote-on-the-extension-of-the-approval-period-for-glyphosate\/","og_locale":"fr_FR","og_type":"article","og_title":"Le comit\u00e9 d'appel n'a pas \u00e9mis d'avis lors du vote sur l'extension de la p\u00e9riode d'approbation du glyphosate - Glyphosate Renewal Group","og_url":"https:\/\/www.glyphosate.eu\/fr\/grg\/nouveautes\/the-appeal-committee-reached-no-opinion-in-the-vote-on-the-extension-of-the-approval-period-for-glyphosate\/","og_site_name":"Glyphosate Renewal Group","article_modified_time":"2023-02-03T08:33:40+00:00","og_image":[{"width":2550,"height":2550,"url":"https:\/\/www.glyphosate.eu\/app\/uploads\/2022\/07\/information-icon-.png","type":"image\/png"}],"twitter_card":"summary_large_image","schema":{"@context":"https:\/\/schema.org","@graph":[{"@type":"WebPage","@id":"https:\/\/www.glyphosate.eu\/fr\/grg\/nouveautes\/the-appeal-committee-reached-no-opinion-in-the-vote-on-the-extension-of-the-approval-period-for-glyphosate\/","url":"https:\/\/www.glyphosate.eu\/fr\/grg\/nouveautes\/the-appeal-committee-reached-no-opinion-in-the-vote-on-the-extension-of-the-approval-period-for-glyphosate\/","name":"Le comit\u00e9 d'appel n'a pas \u00e9mis d'avis lors du vote sur l'extension de la p\u00e9riode d'approbation du glyphosate - Glyphosate Renewal Group","isPartOf":{"@id":"https:\/\/www.glyphosate.eu\/#website"},"primaryImageOfPage":{"@id":"https:\/\/www.glyphosate.eu\/fr\/grg\/nouveautes\/the-appeal-committee-reached-no-opinion-in-the-vote-on-the-extension-of-the-approval-period-for-glyphosate\/#primaryimage"},"image":{"@id":"https:\/\/www.glyphosate.eu\/fr\/grg\/nouveautes\/the-appeal-committee-reached-no-opinion-in-the-vote-on-the-extension-of-the-approval-period-for-glyphosate\/#primaryimage"},"thumbnailUrl":"https:\/\/www.glyphosate.eu\/app\/uploads\/2022\/07\/information-icon-.png","datePublished":"2022-11-15T14:55:54+00:00","dateModified":"2023-02-03T08:33:40+00:00","breadcrumb":{"@id":"https:\/\/www.glyphosate.eu\/fr\/grg\/nouveautes\/the-appeal-committee-reached-no-opinion-in-the-vote-on-the-extension-of-the-approval-period-for-glyphosate\/#breadcrumb"},"inLanguage":"fr-FR","potentialAction":[{"@type":"ReadAction","target":["https:\/\/www.glyphosate.eu\/fr\/grg\/nouveautes\/the-appeal-committee-reached-no-opinion-in-the-vote-on-the-extension-of-the-approval-period-for-glyphosate\/"]}]},{"@type":"ImageObject","inLanguage":"fr-FR","@id":"https:\/\/www.glyphosate.eu\/fr\/grg\/nouveautes\/the-appeal-committee-reached-no-opinion-in-the-vote-on-the-extension-of-the-approval-period-for-glyphosate\/#primaryimage","url":"https:\/\/www.glyphosate.eu\/app\/uploads\/2022\/07\/information-icon-.png","contentUrl":"https:\/\/www.glyphosate.eu\/app\/uploads\/2022\/07\/information-icon-.png","width":2550,"height":2550},{"@type":"BreadcrumbList","@id":"https:\/\/www.glyphosate.eu\/fr\/grg\/nouveautes\/the-appeal-committee-reached-no-opinion-in-the-vote-on-the-extension-of-the-approval-period-for-glyphosate\/#breadcrumb","itemListElement":[{"@type":"ListItem","position":1,"name":"Whats new temp FR &#8211; DONT Delete","item":"https:\/\/www.glyphosate.eu\/fr\/grg\/"},{"@type":"ListItem","position":2,"name":"Nouveaut\u00e9s","item":"https:\/\/www.glyphosate.eu\/fr\/grg\/nouveautes\/"},{"@type":"ListItem","position":3,"name":"Le comit\u00e9 d&#8217;appel n&#8217;a pas \u00e9mis d&#8217;avis lors du vote sur l&#8217;extension de la p\u00e9riode d&#8217;approbation du glyphosate"}]},{"@type":"WebSite","@id":"https:\/\/www.glyphosate.eu\/#website","url":"https:\/\/www.glyphosate.eu\/","name":"Glyphosate Renewal Group","description":"Just another WordPress site","potentialAction":[{"@type":"SearchAction","target":{"@type":"EntryPoint","urlTemplate":"https:\/\/www.glyphosate.eu\/?s={search_term_string}"},"query-input":{"@type":"PropertyValueSpecification","valueRequired":true,"valueName":"search_term_string"}}],"inLanguage":"fr-FR"}]}},"_links":{"self":[{"href":"https:\/\/www.glyphosate.eu\/fr\/wp-json\/wp\/v2\/pages\/33964","targetHints":{"allow":["GET"]}}],"collection":[{"href":"https:\/\/www.glyphosate.eu\/fr\/wp-json\/wp\/v2\/pages"}],"about":[{"href":"https:\/\/www.glyphosate.eu\/fr\/wp-json\/wp\/v2\/types\/page"}],"author":[{"embeddable":true,"href":"https:\/\/www.glyphosate.eu\/fr\/wp-json\/wp\/v2\/users\/1"}],"replies":[{"embeddable":true,"href":"https:\/\/www.glyphosate.eu\/fr\/wp-json\/wp\/v2\/comments?post=33964"}],"version-history":[{"count":4,"href":"https:\/\/www.glyphosate.eu\/fr\/wp-json\/wp\/v2\/pages\/33964\/revisions"}],"predecessor-version":[{"id":34319,"href":"https:\/\/www.glyphosate.eu\/fr\/wp-json\/wp\/v2\/pages\/33964\/revisions\/34319"}],"up":[{"embeddable":true,"href":"https:\/\/www.glyphosate.eu\/fr\/wp-json\/wp\/v2\/pages\/6904"}],"wp:featuredmedia":[{"embeddable":true,"href":"https:\/\/www.glyphosate.eu\/fr\/wp-json\/wp\/v2\/media\/33288"}],"wp:attachment":[{"href":"https:\/\/www.glyphosate.eu\/fr\/wp-json\/wp\/v2\/media?parent=33964"}],"curies":[{"name":"wp","href":"https:\/\/api.w.org\/{rel}","templated":true}]}}