{"id":25385,"date":"2021-11-09T20:48:35","date_gmt":"2021-11-09T20:48:35","guid":{"rendered":"https:\/\/www.glyphosate.eu\/?page_id=25385"},"modified":"2021-12-21T13:53:38","modified_gmt":"2021-12-21T13:53:38","slug":"le-role-de-lagriculture-pour-une-biodiversite-saine-et-prospere","status":"publish","type":"page","link":"https:\/\/www.glyphosate.eu\/fr\/informations-utiles\/environnement-et-biodiversite\/le-role-de-lagriculture-pour-une-biodiversite-saine-et-prospere\/","title":{"rendered":"Le r\u00f4le de l&#8217;agriculture pour une biodiversit\u00e9 saine et prosp\u00e8re"},"content":{"rendered":"","protected":false},"excerpt":{"rendered":"","protected":false},"author":3,"featured_media":22030,"parent":336,"menu_order":333,"comment_status":"closed","ping_status":"closed","template":"views\/template-content-page.blade.php","meta":{"_acf_changed":false,"inline_featured_image":false,"footnotes":""},"class_list":["post-25385","page","type-page","status-publish","has-post-thumbnail","hentry"],"acf":[],"yoast_head":"<!-- This site is optimized with the Yoast SEO plugin v27.3 - https:\/\/yoast.com\/product\/yoast-seo-wordpress\/ -->\n<title>Le r\u00f4le de l&#039;agriculture pour une biodiversit\u00e9 saine et prosp\u00e8re - Glyphosate Renewal Group<\/title>\n<meta name=\"robots\" content=\"index, follow, max-snippet:-1, max-image-preview:large, max-video-preview:-1\" \/>\n<link rel=\"canonical\" href=\"https:\/\/www.glyphosate.eu\/fr\/informations-utiles\/environnement-et-biodiversite\/le-role-de-lagriculture-pour-une-biodiversite-saine-et-prospere\/\" \/>\n<meta property=\"og:locale\" content=\"fr_FR\" \/>\n<meta property=\"og:type\" content=\"article\" \/>\n<meta property=\"og:title\" content=\"Le r\u00f4le de l&#039;agriculture pour une biodiversit\u00e9 saine et prosp\u00e8re - Glyphosate Renewal Group\" \/>\n<meta property=\"og:url\" content=\"https:\/\/www.glyphosate.eu\/fr\/informations-utiles\/environnement-et-biodiversite\/le-role-de-lagriculture-pour-une-biodiversite-saine-et-prospere\/\" \/>\n<meta property=\"og:site_name\" content=\"Glyphosate Renewal Group\" \/>\n<meta property=\"article:modified_time\" content=\"2021-12-21T13:53:38+00:00\" \/>\n<meta property=\"og:image\" content=\"https:\/\/www.glyphosate.eu\/app\/uploads\/2021\/10\/hummingbird-scaled.jpg\" \/>\n\t<meta property=\"og:image:width\" content=\"2560\" \/>\n\t<meta property=\"og:image:height\" content=\"1706\" \/>\n\t<meta property=\"og:image:type\" content=\"image\/jpeg\" \/>\n<meta name=\"twitter:card\" content=\"summary_large_image\" \/>\n<script type=\"application\/ld+json\" class=\"yoast-schema-graph\">{\"@context\":\"https:\\\/\\\/schema.org\",\"@graph\":[{\"@type\":\"WebPage\",\"@id\":\"https:\\\/\\\/www.glyphosate.eu\\\/fr\\\/informations-utiles\\\/environnement-et-biodiversite\\\/le-role-de-lagriculture-pour-une-biodiversite-saine-et-prospere\\\/\",\"url\":\"https:\\\/\\\/www.glyphosate.eu\\\/fr\\\/informations-utiles\\\/environnement-et-biodiversite\\\/le-role-de-lagriculture-pour-une-biodiversite-saine-et-prospere\\\/\",\"name\":\"Le r\u00f4le de l'agriculture pour une biodiversit\u00e9 saine et prosp\u00e8re - Glyphosate Renewal Group\",\"isPartOf\":{\"@id\":\"https:\\\/\\\/www.glyphosate.eu\\\/#website\"},\"primaryImageOfPage\":{\"@id\":\"https:\\\/\\\/www.glyphosate.eu\\\/fr\\\/informations-utiles\\\/environnement-et-biodiversite\\\/le-role-de-lagriculture-pour-une-biodiversite-saine-et-prospere\\\/#primaryimage\"},\"image\":{\"@id\":\"https:\\\/\\\/www.glyphosate.eu\\\/fr\\\/informations-utiles\\\/environnement-et-biodiversite\\\/le-role-de-lagriculture-pour-une-biodiversite-saine-et-prospere\\\/#primaryimage\"},\"thumbnailUrl\":\"https:\\\/\\\/www.glyphosate.eu\\\/app\\\/uploads\\\/2021\\\/10\\\/hummingbird-scaled.jpg\",\"datePublished\":\"2021-11-09T20:48:35+00:00\",\"dateModified\":\"2021-12-21T13:53:38+00:00\",\"breadcrumb\":{\"@id\":\"https:\\\/\\\/www.glyphosate.eu\\\/fr\\\/informations-utiles\\\/environnement-et-biodiversite\\\/le-role-de-lagriculture-pour-une-biodiversite-saine-et-prospere\\\/#breadcrumb\"},\"inLanguage\":\"fr-FR\",\"potentialAction\":[{\"@type\":\"ReadAction\",\"target\":[\"https:\\\/\\\/www.glyphosate.eu\\\/fr\\\/informations-utiles\\\/environnement-et-biodiversite\\\/le-role-de-lagriculture-pour-une-biodiversite-saine-et-prospere\\\/\"]}]},{\"@type\":\"ImageObject\",\"inLanguage\":\"fr-FR\",\"@id\":\"https:\\\/\\\/www.glyphosate.eu\\\/fr\\\/informations-utiles\\\/environnement-et-biodiversite\\\/le-role-de-lagriculture-pour-une-biodiversite-saine-et-prospere\\\/#primaryimage\",\"url\":\"https:\\\/\\\/www.glyphosate.eu\\\/app\\\/uploads\\\/2021\\\/10\\\/hummingbird-scaled.jpg\",\"contentUrl\":\"https:\\\/\\\/www.glyphosate.eu\\\/app\\\/uploads\\\/2021\\\/10\\\/hummingbird-scaled.jpg\",\"width\":2560,\"height\":1706},{\"@type\":\"BreadcrumbList\",\"@id\":\"https:\\\/\\\/www.glyphosate.eu\\\/fr\\\/informations-utiles\\\/environnement-et-biodiversite\\\/le-role-de-lagriculture-pour-une-biodiversite-saine-et-prospere\\\/#breadcrumb\",\"itemListElement\":[{\"@type\":\"ListItem\",\"position\":1,\"name\":\"Informations utiles\",\"item\":\"https:\\\/\\\/www.glyphosate.eu\\\/fr\\\/informations-utiles\\\/\"},{\"@type\":\"ListItem\",\"position\":2,\"name\":\"Environnement et biodiversit\u00e9\",\"item\":\"https:\\\/\\\/www.glyphosate.eu\\\/fr\\\/informations-utiles\\\/environnement-et-biodiversite\\\/\"},{\"@type\":\"ListItem\",\"position\":3,\"name\":\"Le r\u00f4le de l&#8217;agriculture pour une biodiversit\u00e9 saine et prosp\u00e8re\"}]},{\"@type\":\"WebSite\",\"@id\":\"https:\\\/\\\/www.glyphosate.eu\\\/#website\",\"url\":\"https:\\\/\\\/www.glyphosate.eu\\\/\",\"name\":\"Glyphosate Renewal Group\",\"description\":\"Just another WordPress site\",\"potentialAction\":[{\"@type\":\"SearchAction\",\"target\":{\"@type\":\"EntryPoint\",\"urlTemplate\":\"https:\\\/\\\/www.glyphosate.eu\\\/?s={search_term_string}\"},\"query-input\":{\"@type\":\"PropertyValueSpecification\",\"valueRequired\":true,\"valueName\":\"search_term_string\"}}],\"inLanguage\":\"fr-FR\"}]}<\/script>\n<!-- \/ Yoast SEO plugin. -->","yoast_head_json":{"title":"Le r\u00f4le de l'agriculture pour une biodiversit\u00e9 saine et prosp\u00e8re - Glyphosate Renewal Group","robots":{"index":"index","follow":"follow","max-snippet":"max-snippet:-1","max-image-preview":"max-image-preview:large","max-video-preview":"max-video-preview:-1"},"canonical":"https:\/\/www.glyphosate.eu\/fr\/informations-utiles\/environnement-et-biodiversite\/le-role-de-lagriculture-pour-une-biodiversite-saine-et-prospere\/","og_locale":"fr_FR","og_type":"article","og_title":"Le r\u00f4le de l'agriculture pour une biodiversit\u00e9 saine et prosp\u00e8re - Glyphosate Renewal Group","og_url":"https:\/\/www.glyphosate.eu\/fr\/informations-utiles\/environnement-et-biodiversite\/le-role-de-lagriculture-pour-une-biodiversite-saine-et-prospere\/","og_site_name":"Glyphosate Renewal Group","article_modified_time":"2021-12-21T13:53:38+00:00","og_image":[{"width":2560,"height":1706,"url":"https:\/\/www.glyphosate.eu\/app\/uploads\/2021\/10\/hummingbird-scaled.jpg","type":"image\/jpeg"}],"twitter_card":"summary_large_image","schema":{"@context":"https:\/\/schema.org","@graph":[{"@type":"WebPage","@id":"https:\/\/www.glyphosate.eu\/fr\/informations-utiles\/environnement-et-biodiversite\/le-role-de-lagriculture-pour-une-biodiversite-saine-et-prospere\/","url":"https:\/\/www.glyphosate.eu\/fr\/informations-utiles\/environnement-et-biodiversite\/le-role-de-lagriculture-pour-une-biodiversite-saine-et-prospere\/","name":"Le r\u00f4le de l'agriculture pour une biodiversit\u00e9 saine et prosp\u00e8re - Glyphosate Renewal Group","isPartOf":{"@id":"https:\/\/www.glyphosate.eu\/#website"},"primaryImageOfPage":{"@id":"https:\/\/www.glyphosate.eu\/fr\/informations-utiles\/environnement-et-biodiversite\/le-role-de-lagriculture-pour-une-biodiversite-saine-et-prospere\/#primaryimage"},"image":{"@id":"https:\/\/www.glyphosate.eu\/fr\/informations-utiles\/environnement-et-biodiversite\/le-role-de-lagriculture-pour-une-biodiversite-saine-et-prospere\/#primaryimage"},"thumbnailUrl":"https:\/\/www.glyphosate.eu\/app\/uploads\/2021\/10\/hummingbird-scaled.jpg","datePublished":"2021-11-09T20:48:35+00:00","dateModified":"2021-12-21T13:53:38+00:00","breadcrumb":{"@id":"https:\/\/www.glyphosate.eu\/fr\/informations-utiles\/environnement-et-biodiversite\/le-role-de-lagriculture-pour-une-biodiversite-saine-et-prospere\/#breadcrumb"},"inLanguage":"fr-FR","potentialAction":[{"@type":"ReadAction","target":["https:\/\/www.glyphosate.eu\/fr\/informations-utiles\/environnement-et-biodiversite\/le-role-de-lagriculture-pour-une-biodiversite-saine-et-prospere\/"]}]},{"@type":"ImageObject","inLanguage":"fr-FR","@id":"https:\/\/www.glyphosate.eu\/fr\/informations-utiles\/environnement-et-biodiversite\/le-role-de-lagriculture-pour-une-biodiversite-saine-et-prospere\/#primaryimage","url":"https:\/\/www.glyphosate.eu\/app\/uploads\/2021\/10\/hummingbird-scaled.jpg","contentUrl":"https:\/\/www.glyphosate.eu\/app\/uploads\/2021\/10\/hummingbird-scaled.jpg","width":2560,"height":1706},{"@type":"BreadcrumbList","@id":"https:\/\/www.glyphosate.eu\/fr\/informations-utiles\/environnement-et-biodiversite\/le-role-de-lagriculture-pour-une-biodiversite-saine-et-prospere\/#breadcrumb","itemListElement":[{"@type":"ListItem","position":1,"name":"Informations utiles","item":"https:\/\/www.glyphosate.eu\/fr\/informations-utiles\/"},{"@type":"ListItem","position":2,"name":"Environnement et biodiversit\u00e9","item":"https:\/\/www.glyphosate.eu\/fr\/informations-utiles\/environnement-et-biodiversite\/"},{"@type":"ListItem","position":3,"name":"Le r\u00f4le de l&#8217;agriculture pour une biodiversit\u00e9 saine et prosp\u00e8re"}]},{"@type":"WebSite","@id":"https:\/\/www.glyphosate.eu\/#website","url":"https:\/\/www.glyphosate.eu\/","name":"Glyphosate Renewal Group","description":"Just another WordPress site","potentialAction":[{"@type":"SearchAction","target":{"@type":"EntryPoint","urlTemplate":"https:\/\/www.glyphosate.eu\/?s={search_term_string}"},"query-input":{"@type":"PropertyValueSpecification","valueRequired":true,"valueName":"search_term_string"}}],"inLanguage":"fr-FR"}]}},"_links":{"self":[{"href":"https:\/\/www.glyphosate.eu\/fr\/wp-json\/wp\/v2\/pages\/25385","targetHints":{"allow":["GET"]}}],"collection":[{"href":"https:\/\/www.glyphosate.eu\/fr\/wp-json\/wp\/v2\/pages"}],"about":[{"href":"https:\/\/www.glyphosate.eu\/fr\/wp-json\/wp\/v2\/types\/page"}],"author":[{"embeddable":true,"href":"https:\/\/www.glyphosate.eu\/fr\/wp-json\/wp\/v2\/users\/3"}],"replies":[{"embeddable":true,"href":"https:\/\/www.glyphosate.eu\/fr\/wp-json\/wp\/v2\/comments?post=25385"}],"version-history":[{"count":3,"href":"https:\/\/www.glyphosate.eu\/fr\/wp-json\/wp\/v2\/pages\/25385\/revisions"}],"predecessor-version":[{"id":26934,"href":"https:\/\/www.glyphosate.eu\/fr\/wp-json\/wp\/v2\/pages\/25385\/revisions\/26934"}],"up":[{"embeddable":true,"href":"https:\/\/www.glyphosate.eu\/fr\/wp-json\/wp\/v2\/pages\/336"}],"wp:featuredmedia":[{"embeddable":true,"href":"https:\/\/www.glyphosate.eu\/fr\/wp-json\/wp\/v2\/media\/22030"}],"wp:attachment":[{"href":"https:\/\/www.glyphosate.eu\/fr\/wp-json\/wp\/v2\/media?parent=25385"}],"curies":[{"name":"wp","href":"https:\/\/api.w.org\/{rel}","templated":true}]}}