{"id":1981,"date":"2020-03-03T11:29:46","date_gmt":"2020-03-03T11:29:46","guid":{"rendered":"https:\/\/glyphosate.eu\/fr-our-commitment-to-transparency\/"},"modified":"2021-12-21T13:38:09","modified_gmt":"2021-12-21T13:38:09","slug":"engages-en-faveur-de-la-transparence","status":"publish","type":"page","link":"https:\/\/www.glyphosate.eu\/fr\/engages-en-faveur-de-la-transparence\/","title":{"rendered":"Engag\u00e9s en faveur de la transparence"},"content":{"rendered":"<p>Dans l\u2019int\u00e9r\u00eat d\u2019une transparence accrue, le Glyphosate Renewal Group se conforme aux nouvelles dispositions de la loi d\u2019alimentation g\u00e9n\u00e9rale de l\u2019UE proactivement avant m\u00eame son entr\u00e9e en vigueur, le 27 mars 2021.<\/p>\n<p>\u00c0 ce titre, le Glyphosate Renewal Group rend publics les proc\u00e8s-verbaux de ses r\u00e9unions avec les autorit\u00e9s r\u00e9glementaires impliqu\u00e9es dans la r\u00e9\u00e9valuation du glyphosate que sont l\u2019Autorit\u00e9 europ\u00e9enne de s\u00e9curit\u00e9 des aliments (EFSA) et le Groupe d\u2019\u00e9valuation du glyphosate (AGG). L\u2019AGG se compose des autorit\u00e9s r\u00e9glementaires nationales suivantes, de quatre \u00c9tats membres de l\u2019UE : ANSES (France), Nebih (Hongrie), ctgb (Pays-Bas) et KEMI (Su\u00e8de).<\/p>\n<p>. La demande de r\u00e9-approbation du glyphosate, comprenant la liste des nouvelles \u00e9tudes destin\u00e9es \u00e0 satisfaire aux exigences r\u00e9glementaires en vigueur, est publi\u00e9e sur ce site web, de m\u00eame que les commentaires qui seront faits par le Groupe d\u2019\u00e9valuation du glyphosate (AGG).<\/p>\n<p>Ce site web propose en outre un acc\u00e8s facilit\u00e9 aux donn\u00e9es publiques (hormis les informations commerciales confidentielles) du dossier de r\u00e9-approbation d\u00e9pos\u00e9 en 2012. Les rapports d\u2019\u00e9tude complets alors d\u00e9pos\u00e9s sont accessibles aux personnes int\u00e9ress\u00e9es par simple commande en ligne si le Glyphosate Renewal Group dispose des droits d&#8217;acc\u00e8s et de divulgation correspondants (\u00e0 l\u2019exception, mineure, des documents confidentiels sur la production et les sources d\u2019information, et des documents sans rapport avec la s\u00e9curit\u00e9).<\/p>\n<p>Toute la partie publique du dossier 2020, y compris les nouveaux rapports d\u2019\u00e9tude, est accessible via ce site web apr\u00e8s le d\u00e9p\u00f4t de ce dossier (\u00e0 l\u2019exception, mineure, des documents contenant certaines donn\u00e9es sur la production, sans rapport avec la s\u00e9curit\u00e9).<\/p>\n<p>Clause de non-responsabilit\u00e9\u00a0: Pour respecter la confidentialit\u00e9 des donn\u00e9es et la l\u00e9gislation en vigueur, le Glyphosate Renewal Group masquera dans les documents qu&#8217;il publiera toutes les informations sur les personnes et les \u00e9tablissements d&#8217;essais sur les vert\u00e9br\u00e9s.<\/p>\n<p>Le Glyphosate Renewal Group figure d\u00e9sormais au registre de transparence de l&#8217;UE. Pour plus de renseignements &#8211; <strong><a href=\"https:\/\/ec.europa.eu\/transparencyregister\/public\/consultation\/displaylobbyist.do?id=720197936300-30&amp;locale=en#en\">lien<\/a><\/strong>.\u00a0<\/p>\n","protected":false},"excerpt":{"rendered":"<p>Dans l\u2019int\u00e9r\u00eat d\u2019une transparence accrue, le Glyphosate Renewal Group se conforme aux nouvelles dispositions de la loi d\u2019alimentation g\u00e9n\u00e9rale de l\u2019UE proactivement avant m\u00eame son entr\u00e9e en vigueur, le 27 mars 2021. \u00c0 ce titre, le Glyphosate Renewal Group rend publics les proc\u00e8s-verbaux de ses r\u00e9unions avec les autorit\u00e9s r\u00e9glementaires impliqu\u00e9es dans la r\u00e9\u00e9valuation du &hellip; <a href=\"https:\/\/www.glyphosate.eu\/fr\/engages-en-faveur-de-la-transparence\/\">Continuer<\/a><\/p>\n","protected":false},"author":1,"featured_media":0,"parent":0,"menu_order":706,"comment_status":"closed","ping_status":"closed","template":"views\/template-auth-process.blade.php","meta":{"_acf_changed":false,"inline_featured_image":false,"footnotes":""},"class_list":["post-1981","page","type-page","status-publish","hentry"],"acf":[],"yoast_head":"<!-- This site is optimized with the Yoast SEO plugin v27.3 - https:\/\/yoast.com\/product\/yoast-seo-wordpress\/ -->\n<title>Engag\u00e9s en faveur de la transparence - Glyphosate Renewal Group<\/title>\n<meta name=\"robots\" content=\"index, follow, max-snippet:-1, max-image-preview:large, max-video-preview:-1\" \/>\n<link rel=\"canonical\" href=\"https:\/\/www.glyphosate.eu\/fr\/engages-en-faveur-de-la-transparence\/\" \/>\n<meta property=\"og:locale\" content=\"fr_FR\" \/>\n<meta property=\"og:type\" content=\"article\" \/>\n<meta property=\"og:title\" content=\"Engag\u00e9s en faveur de la transparence - Glyphosate Renewal Group\" \/>\n<meta property=\"og:description\" content=\"Dans l\u2019int\u00e9r\u00eat d\u2019une transparence accrue, le Glyphosate Renewal Group se conforme aux nouvelles dispositions de la loi d\u2019alimentation g\u00e9n\u00e9rale de l\u2019UE proactivement avant m\u00eame son entr\u00e9e en vigueur, le 27 mars 2021. \u00c0 ce titre, le Glyphosate Renewal Group rend publics les proc\u00e8s-verbaux de ses r\u00e9unions avec les autorit\u00e9s r\u00e9glementaires impliqu\u00e9es dans la r\u00e9\u00e9valuation du &hellip; Continuer\" \/>\n<meta property=\"og:url\" content=\"https:\/\/www.glyphosate.eu\/fr\/engages-en-faveur-de-la-transparence\/\" \/>\n<meta property=\"og:site_name\" content=\"Glyphosate Renewal Group\" \/>\n<meta property=\"article:modified_time\" content=\"2021-12-21T13:38:09+00:00\" \/>\n<meta name=\"twitter:card\" content=\"summary_large_image\" \/>\n<meta name=\"twitter:label1\" content=\"Est. reading time\" \/>\n\t<meta name=\"twitter:data1\" content=\"2 minutes\" \/>\n<script type=\"application\/ld+json\" class=\"yoast-schema-graph\">{\"@context\":\"https:\\\/\\\/schema.org\",\"@graph\":[{\"@type\":\"WebPage\",\"@id\":\"https:\\\/\\\/www.glyphosate.eu\\\/fr\\\/engages-en-faveur-de-la-transparence\\\/\",\"url\":\"https:\\\/\\\/www.glyphosate.eu\\\/fr\\\/engages-en-faveur-de-la-transparence\\\/\",\"name\":\"Engag\u00e9s en faveur de la transparence - Glyphosate Renewal Group\",\"isPartOf\":{\"@id\":\"https:\\\/\\\/www.glyphosate.eu\\\/#website\"},\"datePublished\":\"2020-03-03T11:29:46+00:00\",\"dateModified\":\"2021-12-21T13:38:09+00:00\",\"inLanguage\":\"fr-FR\",\"potentialAction\":[{\"@type\":\"ReadAction\",\"target\":[\"https:\\\/\\\/www.glyphosate.eu\\\/fr\\\/engages-en-faveur-de-la-transparence\\\/\"]}]},{\"@type\":\"WebSite\",\"@id\":\"https:\\\/\\\/www.glyphosate.eu\\\/#website\",\"url\":\"https:\\\/\\\/www.glyphosate.eu\\\/\",\"name\":\"Glyphosate Renewal Group\",\"description\":\"Just another WordPress site\",\"potentialAction\":[{\"@type\":\"SearchAction\",\"target\":{\"@type\":\"EntryPoint\",\"urlTemplate\":\"https:\\\/\\\/www.glyphosate.eu\\\/?s={search_term_string}\"},\"query-input\":{\"@type\":\"PropertyValueSpecification\",\"valueRequired\":true,\"valueName\":\"search_term_string\"}}],\"inLanguage\":\"fr-FR\"}]}<\/script>\n<!-- \/ Yoast SEO plugin. -->","yoast_head_json":{"title":"Engag\u00e9s en faveur de la transparence - Glyphosate Renewal Group","robots":{"index":"index","follow":"follow","max-snippet":"max-snippet:-1","max-image-preview":"max-image-preview:large","max-video-preview":"max-video-preview:-1"},"canonical":"https:\/\/www.glyphosate.eu\/fr\/engages-en-faveur-de-la-transparence\/","og_locale":"fr_FR","og_type":"article","og_title":"Engag\u00e9s en faveur de la transparence - Glyphosate Renewal Group","og_description":"Dans l\u2019int\u00e9r\u00eat d\u2019une transparence accrue, le Glyphosate Renewal Group se conforme aux nouvelles dispositions de la loi d\u2019alimentation g\u00e9n\u00e9rale de l\u2019UE proactivement avant m\u00eame son entr\u00e9e en vigueur, le 27 mars 2021. \u00c0 ce titre, le Glyphosate Renewal Group rend publics les proc\u00e8s-verbaux de ses r\u00e9unions avec les autorit\u00e9s r\u00e9glementaires impliqu\u00e9es dans la r\u00e9\u00e9valuation du &hellip; Continuer","og_url":"https:\/\/www.glyphosate.eu\/fr\/engages-en-faveur-de-la-transparence\/","og_site_name":"Glyphosate Renewal Group","article_modified_time":"2021-12-21T13:38:09+00:00","twitter_card":"summary_large_image","twitter_misc":{"Est. reading time":"2 minutes"},"schema":{"@context":"https:\/\/schema.org","@graph":[{"@type":"WebPage","@id":"https:\/\/www.glyphosate.eu\/fr\/engages-en-faveur-de-la-transparence\/","url":"https:\/\/www.glyphosate.eu\/fr\/engages-en-faveur-de-la-transparence\/","name":"Engag\u00e9s en faveur de la transparence - Glyphosate Renewal Group","isPartOf":{"@id":"https:\/\/www.glyphosate.eu\/#website"},"datePublished":"2020-03-03T11:29:46+00:00","dateModified":"2021-12-21T13:38:09+00:00","inLanguage":"fr-FR","potentialAction":[{"@type":"ReadAction","target":["https:\/\/www.glyphosate.eu\/fr\/engages-en-faveur-de-la-transparence\/"]}]},{"@type":"WebSite","@id":"https:\/\/www.glyphosate.eu\/#website","url":"https:\/\/www.glyphosate.eu\/","name":"Glyphosate Renewal Group","description":"Just another WordPress site","potentialAction":[{"@type":"SearchAction","target":{"@type":"EntryPoint","urlTemplate":"https:\/\/www.glyphosate.eu\/?s={search_term_string}"},"query-input":{"@type":"PropertyValueSpecification","valueRequired":true,"valueName":"search_term_string"}}],"inLanguage":"fr-FR"}]}},"_links":{"self":[{"href":"https:\/\/www.glyphosate.eu\/fr\/wp-json\/wp\/v2\/pages\/1981","targetHints":{"allow":["GET"]}}],"collection":[{"href":"https:\/\/www.glyphosate.eu\/fr\/wp-json\/wp\/v2\/pages"}],"about":[{"href":"https:\/\/www.glyphosate.eu\/fr\/wp-json\/wp\/v2\/types\/page"}],"author":[{"embeddable":true,"href":"https:\/\/www.glyphosate.eu\/fr\/wp-json\/wp\/v2\/users\/1"}],"replies":[{"embeddable":true,"href":"https:\/\/www.glyphosate.eu\/fr\/wp-json\/wp\/v2\/comments?post=1981"}],"version-history":[{"count":7,"href":"https:\/\/www.glyphosate.eu\/fr\/wp-json\/wp\/v2\/pages\/1981\/revisions"}],"predecessor-version":[{"id":26932,"href":"https:\/\/www.glyphosate.eu\/fr\/wp-json\/wp\/v2\/pages\/1981\/revisions\/26932"}],"wp:attachment":[{"href":"https:\/\/www.glyphosate.eu\/fr\/wp-json\/wp\/v2\/media?parent=1981"}],"curies":[{"name":"wp","href":"https:\/\/api.w.org\/{rel}","templated":true}]}}