{"id":18,"date":"2019-10-10T14:33:48","date_gmt":"2019-10-10T13:33:48","guid":{"rendered":"http:\/\/glyphosate-wp.test\/?page_id=18"},"modified":"2021-12-21T13:27:12","modified_gmt":"2021-12-21T13:27:12","slug":"informations-utiles","status":"publish","type":"page","link":"https:\/\/www.glyphosate.eu\/fr\/informations-utiles\/","title":{"rendered":"Informations utiles"},"content":{"rendered":"<p>Les produits \u00e0 base de glyphosate ont \u00e9t\u00e9 approuv\u00e9s pour l\u2019agriculture, la gestion de la v\u00e9g\u00e9tation, les parcs et jardins, les voies ferroviaires etc. Ces produits sont aujourd&#8217;hui enregistr\u00e9s et commercialis\u00e9s dans environ 150 pays.<\/p>\n<p>Utilis\u00e9 conform\u00e9ment aux instructions de l&#8217;\u00e9tiquette, les herbicides \u00e0 base de glyphosate constituent un moyen s\u00fbr et efficace pour contr\u00f4ler les mauvaises herbes qui concurrencent la production agricole, notamment les rendements et la qualit\u00e9 des cultures, mais aussi celles qui pourraient porter atteinte \u00e0 la s\u00e9curit\u00e9, la stabilit\u00e9 et \u00e0 l\u2019accessibilit\u00e9 des voies ferr\u00e9es, autoroutes, digues, viaducs, etc. L\u2019absence d\u2019un d\u00e9sherbage efficace peut conduire \u00e0 des co\u00fbts de production plus \u00e9lev\u00e9s ainsi qu\u2019\u00e0 des pertes de r\u00e9colte et donc de revenus pour les agriculteurs, et peut pr\u00e9senter des risques pour la s\u00e9curit\u00e9 des espaces publics.<\/p>\n<p>Introduits pour la premi\u00e8re fois en 1974, les herbicides \u00e0 base de glyphosate ont depuis \u00e9t\u00e9 utilis\u00e9s de fa\u00e7on s\u00fbre. En agriculture, ils sont destin\u00e9s \u00e0 un vaste \u00e9ventail de cultures et d\u2019herbages.<\/p>\n<p>Le glyphosate contribue depuis longtemps \u00e0 l\u2019am\u00e9lioration de la qualit\u00e9 et de la biodiversit\u00e9 des sols en rendant possibles les pratiques de semis direct ou de travail du sol r\u00e9duit. L\u2019emploi de produits \u00e0 base de glyphosate contribue \u00e0 diminuer l\u2019\u00e9rosion des sols et l\u2019\u00e9mission de gaz \u00e0 effet de serre, mais aussi \u00e0 pr\u00e9server davantage d\u2019espaces pour les habitats naturels.<\/p>\n","protected":false},"excerpt":{"rendered":"<p>Les produits \u00e0 base de glyphosate ont \u00e9t\u00e9 approuv\u00e9s pour l\u2019agriculture, la gestion de la v\u00e9g\u00e9tation, les parcs et jardins, les voies ferroviaires etc. Ces produits sont aujourd&#8217;hui enregistr\u00e9s et commercialis\u00e9s dans environ 150 pays. Utilis\u00e9 conform\u00e9ment aux instructions de l&#8217;\u00e9tiquette, les herbicides \u00e0 base de glyphosate constituent un moyen s\u00fbr et efficace pour contr\u00f4ler &hellip; <a href=\"https:\/\/www.glyphosate.eu\/fr\/informations-utiles\/\">Continuer<\/a><\/p>\n","protected":false},"author":1,"featured_media":0,"parent":0,"menu_order":521,"comment_status":"closed","ping_status":"closed","template":"views\/template-transparency.blade.php","meta":{"_acf_changed":false,"inline_featured_image":false,"footnotes":""},"class_list":["post-18","page","type-page","status-publish","hentry"],"acf":[],"yoast_head":"<!-- This site is optimized with the Yoast SEO plugin v27.4 - https:\/\/yoast.com\/product\/yoast-seo-wordpress\/ -->\n<title>Informations utiles - Glyphosate Renewal Group<\/title>\n<meta name=\"robots\" content=\"index, follow, max-snippet:-1, max-image-preview:large, max-video-preview:-1\" \/>\n<link rel=\"canonical\" href=\"https:\/\/www.glyphosate.eu\/fr\/informations-utiles\/\" \/>\n<meta property=\"og:locale\" content=\"fr_FR\" \/>\n<meta property=\"og:type\" content=\"article\" \/>\n<meta property=\"og:title\" content=\"Informations utiles - Glyphosate Renewal Group\" \/>\n<meta property=\"og:description\" content=\"Les produits \u00e0 base de glyphosate ont \u00e9t\u00e9 approuv\u00e9s pour l\u2019agriculture, la gestion de la v\u00e9g\u00e9tation, les parcs et jardins, les voies ferroviaires etc. Ces produits sont aujourd&#8217;hui enregistr\u00e9s et commercialis\u00e9s dans environ 150 pays. Utilis\u00e9 conform\u00e9ment aux instructions de l&#8217;\u00e9tiquette, les herbicides \u00e0 base de glyphosate constituent un moyen s\u00fbr et efficace pour contr\u00f4ler &hellip; Continuer\" \/>\n<meta property=\"og:url\" content=\"https:\/\/www.glyphosate.eu\/fr\/informations-utiles\/\" \/>\n<meta property=\"og:site_name\" content=\"Glyphosate Renewal Group\" \/>\n<meta property=\"article:modified_time\" content=\"2021-12-21T13:27:12+00:00\" \/>\n<meta name=\"twitter:card\" content=\"summary_large_image\" \/>\n<meta name=\"twitter:label1\" content=\"Est. reading time\" \/>\n\t<meta name=\"twitter:data1\" content=\"1 minute\" \/>\n<script type=\"application\/ld+json\" class=\"yoast-schema-graph\">{\"@context\":\"https:\\\/\\\/schema.org\",\"@graph\":[{\"@type\":\"WebPage\",\"@id\":\"https:\\\/\\\/www.glyphosate.eu\\\/fr\\\/informations-utiles\\\/\",\"url\":\"https:\\\/\\\/www.glyphosate.eu\\\/fr\\\/informations-utiles\\\/\",\"name\":\"Informations utiles - Glyphosate Renewal Group\",\"isPartOf\":{\"@id\":\"https:\\\/\\\/www.glyphosate.eu\\\/#website\"},\"datePublished\":\"2019-10-10T13:33:48+00:00\",\"dateModified\":\"2021-12-21T13:27:12+00:00\",\"inLanguage\":\"fr-FR\",\"potentialAction\":[{\"@type\":\"ReadAction\",\"target\":[\"https:\\\/\\\/www.glyphosate.eu\\\/fr\\\/informations-utiles\\\/\"]}]},{\"@type\":\"WebSite\",\"@id\":\"https:\\\/\\\/www.glyphosate.eu\\\/#website\",\"url\":\"https:\\\/\\\/www.glyphosate.eu\\\/\",\"name\":\"Glyphosate Renewal Group\",\"description\":\"Just another WordPress site\",\"potentialAction\":[{\"@type\":\"SearchAction\",\"target\":{\"@type\":\"EntryPoint\",\"urlTemplate\":\"https:\\\/\\\/www.glyphosate.eu\\\/?s={search_term_string}\"},\"query-input\":{\"@type\":\"PropertyValueSpecification\",\"valueRequired\":true,\"valueName\":\"search_term_string\"}}],\"inLanguage\":\"fr-FR\"}]}<\/script>\n<!-- \/ Yoast SEO plugin. -->","yoast_head_json":{"title":"Informations utiles - Glyphosate Renewal Group","robots":{"index":"index","follow":"follow","max-snippet":"max-snippet:-1","max-image-preview":"max-image-preview:large","max-video-preview":"max-video-preview:-1"},"canonical":"https:\/\/www.glyphosate.eu\/fr\/informations-utiles\/","og_locale":"fr_FR","og_type":"article","og_title":"Informations utiles - Glyphosate Renewal Group","og_description":"Les produits \u00e0 base de glyphosate ont \u00e9t\u00e9 approuv\u00e9s pour l\u2019agriculture, la gestion de la v\u00e9g\u00e9tation, les parcs et jardins, les voies ferroviaires etc. Ces produits sont aujourd&#8217;hui enregistr\u00e9s et commercialis\u00e9s dans environ 150 pays. Utilis\u00e9 conform\u00e9ment aux instructions de l&#8217;\u00e9tiquette, les herbicides \u00e0 base de glyphosate constituent un moyen s\u00fbr et efficace pour contr\u00f4ler &hellip; Continuer","og_url":"https:\/\/www.glyphosate.eu\/fr\/informations-utiles\/","og_site_name":"Glyphosate Renewal Group","article_modified_time":"2021-12-21T13:27:12+00:00","twitter_card":"summary_large_image","twitter_misc":{"Est. reading time":"1 minute"},"schema":{"@context":"https:\/\/schema.org","@graph":[{"@type":"WebPage","@id":"https:\/\/www.glyphosate.eu\/fr\/informations-utiles\/","url":"https:\/\/www.glyphosate.eu\/fr\/informations-utiles\/","name":"Informations utiles - Glyphosate Renewal Group","isPartOf":{"@id":"https:\/\/www.glyphosate.eu\/#website"},"datePublished":"2019-10-10T13:33:48+00:00","dateModified":"2021-12-21T13:27:12+00:00","inLanguage":"fr-FR","potentialAction":[{"@type":"ReadAction","target":["https:\/\/www.glyphosate.eu\/fr\/informations-utiles\/"]}]},{"@type":"WebSite","@id":"https:\/\/www.glyphosate.eu\/#website","url":"https:\/\/www.glyphosate.eu\/","name":"Glyphosate Renewal Group","description":"Just another WordPress site","potentialAction":[{"@type":"SearchAction","target":{"@type":"EntryPoint","urlTemplate":"https:\/\/www.glyphosate.eu\/?s={search_term_string}"},"query-input":{"@type":"PropertyValueSpecification","valueRequired":true,"valueName":"search_term_string"}}],"inLanguage":"fr-FR"}]}},"_links":{"self":[{"href":"https:\/\/www.glyphosate.eu\/fr\/wp-json\/wp\/v2\/pages\/18","targetHints":{"allow":["GET"]}}],"collection":[{"href":"https:\/\/www.glyphosate.eu\/fr\/wp-json\/wp\/v2\/pages"}],"about":[{"href":"https:\/\/www.glyphosate.eu\/fr\/wp-json\/wp\/v2\/types\/page"}],"author":[{"embeddable":true,"href":"https:\/\/www.glyphosate.eu\/fr\/wp-json\/wp\/v2\/users\/1"}],"replies":[{"embeddable":true,"href":"https:\/\/www.glyphosate.eu\/fr\/wp-json\/wp\/v2\/comments?post=18"}],"version-history":[{"count":23,"href":"https:\/\/www.glyphosate.eu\/fr\/wp-json\/wp\/v2\/pages\/18\/revisions"}],"predecessor-version":[{"id":26926,"href":"https:\/\/www.glyphosate.eu\/fr\/wp-json\/wp\/v2\/pages\/18\/revisions\/26926"}],"wp:attachment":[{"href":"https:\/\/www.glyphosate.eu\/fr\/wp-json\/wp\/v2\/media?parent=18"}],"curies":[{"name":"wp","href":"https:\/\/api.w.org\/{rel}","templated":true}]}}