{"id":14437,"date":"2020-10-01T14:50:18","date_gmt":"2020-10-01T13:50:18","guid":{"rendered":"https:\/\/www.glyphosate.eu\/die-glyphosate-renewal-group\/"},"modified":"2024-10-14T14:12:59","modified_gmt":"2024-10-14T13:12:59","slug":"quest-ce-que-le-glyphosate-renewal-group","status":"publish","type":"page","link":"https:\/\/www.glyphosate.eu\/fr\/quest-ce-que-le-glyphosate-renewal-group\/","title":{"rendered":"Qu&#8217;est-ce que le Glyphosate Renewal Group?"},"content":{"rendered":"<p>Ce dossier a \u00e9t\u00e9 pr\u00e9sent\u00e9 aux \u00c9tats membres \u00e9valuateurs et \u00e0 l\u2019Autorit\u00e9 europ\u00e9enne de s\u00e9curit\u00e9 des aliments (EFSA) dans le cadre de la proc\u00e9dure r\u00e9glementaire de l\u2019UE pour le maintien de l\u2019approbation du glyphosate et des produits contenant du glyphosate sur le march\u00e9 de l\u2019UE.<\/p>\n<p>\u00c0 la fin 2019, la Glyphosate Task Force 2 a pris le nom de Glyphosate Renewal Group pour \u00e9viter toute confusion avec les proc\u00e9dures de demande pr\u00e9c\u00e9dentes.<\/p>\n<p>Les membres du groupe sont : Albaugh Europe SARL, Barclay Chemicals Manufacturing Ltd., <span data-teams=\"true\"><span class=\"ui-provider a b c d e f g h i j k l m n o p q r s t u v w x y z ab ac ae af ag ah ai aj ak\" dir=\"ltr\">Bayer Agriculture BV<\/span><\/span>, <span data-teams=\"true\"><span class=\"ui-provider a b c d e f g h i j k l m n o p q r s t u v w x y z ab ac ae af ag ah ai aj ak\" dir=\"ltr\">QEMETICA Agricultural Solutions Poland S.A.<\/span><\/span>, Crop Alliance Unipessoal LDA., Nufarm GMBH &amp; Co.KG, Sinon Corporation et Syngenta Crop Protection AG.\u00a0<\/p>\n","protected":false},"excerpt":{"rendered":"<p>Ce dossier a \u00e9t\u00e9 pr\u00e9sent\u00e9 aux \u00c9tats membres \u00e9valuateurs et \u00e0 l\u2019Autorit\u00e9 europ\u00e9enne de s\u00e9curit\u00e9 des aliments (EFSA) dans le cadre de la proc\u00e9dure r\u00e9glementaire de l\u2019UE pour le maintien de l\u2019approbation du glyphosate et des produits contenant du glyphosate sur le march\u00e9 de l\u2019UE. \u00c0 la fin 2019, la Glyphosate Task Force 2 a &hellip; <a href=\"https:\/\/www.glyphosate.eu\/fr\/quest-ce-que-le-glyphosate-renewal-group\/\">Continuer<\/a><\/p>\n","protected":false},"author":1,"featured_media":0,"parent":0,"menu_order":874,"comment_status":"closed","ping_status":"closed","template":"views\/template-auth-process.blade.php","meta":{"_acf_changed":false,"inline_featured_image":false,"footnotes":""},"class_list":["post-14437","page","type-page","status-publish","hentry"],"acf":[],"yoast_head":"<!-- This site is optimized with the Yoast SEO plugin v27.4 - https:\/\/yoast.com\/product\/yoast-seo-wordpress\/ -->\n<title>Qu&#039;est-ce que le Glyphosate Renewal Group? - Glyphosate Renewal Group<\/title>\n<meta name=\"robots\" content=\"index, follow, max-snippet:-1, max-image-preview:large, max-video-preview:-1\" \/>\n<link rel=\"canonical\" href=\"https:\/\/www.glyphosate.eu\/fr\/quest-ce-que-le-glyphosate-renewal-group\/\" \/>\n<meta property=\"og:locale\" content=\"fr_FR\" \/>\n<meta property=\"og:type\" content=\"article\" \/>\n<meta property=\"og:title\" content=\"Qu&#039;est-ce que le Glyphosate Renewal Group? - Glyphosate Renewal Group\" \/>\n<meta property=\"og:description\" content=\"Ce dossier a \u00e9t\u00e9 pr\u00e9sent\u00e9 aux \u00c9tats membres \u00e9valuateurs et \u00e0 l\u2019Autorit\u00e9 europ\u00e9enne de s\u00e9curit\u00e9 des aliments (EFSA) dans le cadre de la proc\u00e9dure r\u00e9glementaire de l\u2019UE pour le maintien de l\u2019approbation du glyphosate et des produits contenant du glyphosate sur le march\u00e9 de l\u2019UE. \u00c0 la fin 2019, la Glyphosate Task Force 2 a &hellip; Continuer\" \/>\n<meta property=\"og:url\" content=\"https:\/\/www.glyphosate.eu\/fr\/quest-ce-que-le-glyphosate-renewal-group\/\" \/>\n<meta property=\"og:site_name\" content=\"Glyphosate Renewal Group\" \/>\n<meta property=\"article:modified_time\" content=\"2024-10-14T13:12:59+00:00\" \/>\n<meta name=\"twitter:card\" content=\"summary_large_image\" \/>\n<meta name=\"twitter:label1\" content=\"Est. reading time\" \/>\n\t<meta name=\"twitter:data1\" content=\"1 minute\" \/>\n<script type=\"application\/ld+json\" class=\"yoast-schema-graph\">{\"@context\":\"https:\\\/\\\/schema.org\",\"@graph\":[{\"@type\":\"WebPage\",\"@id\":\"https:\\\/\\\/www.glyphosate.eu\\\/fr\\\/quest-ce-que-le-glyphosate-renewal-group\\\/\",\"url\":\"https:\\\/\\\/www.glyphosate.eu\\\/fr\\\/quest-ce-que-le-glyphosate-renewal-group\\\/\",\"name\":\"Qu'est-ce que le Glyphosate Renewal Group? - Glyphosate Renewal Group\",\"isPartOf\":{\"@id\":\"https:\\\/\\\/www.glyphosate.eu\\\/#website\"},\"datePublished\":\"2020-10-01T13:50:18+00:00\",\"dateModified\":\"2024-10-14T13:12:59+00:00\",\"inLanguage\":\"fr-FR\",\"potentialAction\":[{\"@type\":\"ReadAction\",\"target\":[\"https:\\\/\\\/www.glyphosate.eu\\\/fr\\\/quest-ce-que-le-glyphosate-renewal-group\\\/\"]}]},{\"@type\":\"WebSite\",\"@id\":\"https:\\\/\\\/www.glyphosate.eu\\\/#website\",\"url\":\"https:\\\/\\\/www.glyphosate.eu\\\/\",\"name\":\"Glyphosate Renewal Group\",\"description\":\"Just another WordPress site\",\"potentialAction\":[{\"@type\":\"SearchAction\",\"target\":{\"@type\":\"EntryPoint\",\"urlTemplate\":\"https:\\\/\\\/www.glyphosate.eu\\\/?s={search_term_string}\"},\"query-input\":{\"@type\":\"PropertyValueSpecification\",\"valueRequired\":true,\"valueName\":\"search_term_string\"}}],\"inLanguage\":\"fr-FR\"}]}<\/script>\n<!-- \/ Yoast SEO plugin. -->","yoast_head_json":{"title":"Qu'est-ce que le Glyphosate Renewal Group? - Glyphosate Renewal Group","robots":{"index":"index","follow":"follow","max-snippet":"max-snippet:-1","max-image-preview":"max-image-preview:large","max-video-preview":"max-video-preview:-1"},"canonical":"https:\/\/www.glyphosate.eu\/fr\/quest-ce-que-le-glyphosate-renewal-group\/","og_locale":"fr_FR","og_type":"article","og_title":"Qu'est-ce que le Glyphosate Renewal Group? - Glyphosate Renewal Group","og_description":"Ce dossier a \u00e9t\u00e9 pr\u00e9sent\u00e9 aux \u00c9tats membres \u00e9valuateurs et \u00e0 l\u2019Autorit\u00e9 europ\u00e9enne de s\u00e9curit\u00e9 des aliments (EFSA) dans le cadre de la proc\u00e9dure r\u00e9glementaire de l\u2019UE pour le maintien de l\u2019approbation du glyphosate et des produits contenant du glyphosate sur le march\u00e9 de l\u2019UE. \u00c0 la fin 2019, la Glyphosate Task Force 2 a &hellip; Continuer","og_url":"https:\/\/www.glyphosate.eu\/fr\/quest-ce-que-le-glyphosate-renewal-group\/","og_site_name":"Glyphosate Renewal Group","article_modified_time":"2024-10-14T13:12:59+00:00","twitter_card":"summary_large_image","twitter_misc":{"Est. reading time":"1 minute"},"schema":{"@context":"https:\/\/schema.org","@graph":[{"@type":"WebPage","@id":"https:\/\/www.glyphosate.eu\/fr\/quest-ce-que-le-glyphosate-renewal-group\/","url":"https:\/\/www.glyphosate.eu\/fr\/quest-ce-que-le-glyphosate-renewal-group\/","name":"Qu'est-ce que le Glyphosate Renewal Group? - Glyphosate Renewal Group","isPartOf":{"@id":"https:\/\/www.glyphosate.eu\/#website"},"datePublished":"2020-10-01T13:50:18+00:00","dateModified":"2024-10-14T13:12:59+00:00","inLanguage":"fr-FR","potentialAction":[{"@type":"ReadAction","target":["https:\/\/www.glyphosate.eu\/fr\/quest-ce-que-le-glyphosate-renewal-group\/"]}]},{"@type":"WebSite","@id":"https:\/\/www.glyphosate.eu\/#website","url":"https:\/\/www.glyphosate.eu\/","name":"Glyphosate Renewal Group","description":"Just another WordPress site","potentialAction":[{"@type":"SearchAction","target":{"@type":"EntryPoint","urlTemplate":"https:\/\/www.glyphosate.eu\/?s={search_term_string}"},"query-input":{"@type":"PropertyValueSpecification","valueRequired":true,"valueName":"search_term_string"}}],"inLanguage":"fr-FR"}]}},"_links":{"self":[{"href":"https:\/\/www.glyphosate.eu\/fr\/wp-json\/wp\/v2\/pages\/14437","targetHints":{"allow":["GET"]}}],"collection":[{"href":"https:\/\/www.glyphosate.eu\/fr\/wp-json\/wp\/v2\/pages"}],"about":[{"href":"https:\/\/www.glyphosate.eu\/fr\/wp-json\/wp\/v2\/types\/page"}],"author":[{"embeddable":true,"href":"https:\/\/www.glyphosate.eu\/fr\/wp-json\/wp\/v2\/users\/1"}],"replies":[{"embeddable":true,"href":"https:\/\/www.glyphosate.eu\/fr\/wp-json\/wp\/v2\/comments?post=14437"}],"version-history":[{"count":6,"href":"https:\/\/www.glyphosate.eu\/fr\/wp-json\/wp\/v2\/pages\/14437\/revisions"}],"predecessor-version":[{"id":35315,"href":"https:\/\/www.glyphosate.eu\/fr\/wp-json\/wp\/v2\/pages\/14437\/revisions\/35315"}],"wp:attachment":[{"href":"https:\/\/www.glyphosate.eu\/fr\/wp-json\/wp\/v2\/media?parent=14437"}],"curies":[{"name":"wp","href":"https:\/\/api.w.org\/{rel}","templated":true}]}}