{"id":13965,"date":"2020-08-28T12:06:03","date_gmt":"2020-08-28T11:06:03","guid":{"rendered":"https:\/\/www.glyphosate.eu\/declaration-de-confidentialite-2\/"},"modified":"2021-12-21T14:12:03","modified_gmt":"2021-12-21T14:12:03","slug":"declaration-de-confidentialite","status":"publish","type":"page","link":"https:\/\/www.glyphosate.eu\/fr\/declaration-de-confidentialite\/","title":{"rendered":"D\u00e9claration de Confidentialit\u00e9"},"content":{"rendered":"<p><span data-preserver-spaces=\"true\">Ce site web (\u00ab <\/span><strong><span data-preserver-spaces=\"true\">Site web<\/span><\/strong><span data-preserver-spaces=\"true\">\u00a0\u00bb) est fourni par le Glyphosate Renewal Group (\u00ab\u00a0<\/span><strong><span data-preserver-spaces=\"true\">nous<\/span><\/strong><span data-preserver-spaces=\"true\">\u00a0\u00bb). Pour toute information compl\u00e9mentaire relative au fournisseur du site web, veuillez vous r\u00e9f\u00e9rer \u00e0 notre\u00a0<\/span><strong><a href=\"https:\/\/www.glyphosate.eu\/fr\/mentions-legales\/\">imprim\u00e9.<\/a><\/strong><\/p>\n<p><span data-preserver-spaces=\"true\">\u00a0\u00a0<\/span><strong><span data-preserver-spaces=\"true\">A. Traitement des donn\u00e9es personnelles<\/span><\/strong><\/p>\n<p><span data-preserver-spaces=\"true\">Ci-apr\u00e8s, nous souhaitons vous fournir des informations sur la mani\u00e8re dont nous traitons vos donn\u00e9es personnelles lorsque vous utilisez notre site web.<\/span><\/p>\n<p><span data-preserver-spaces=\"true\">\u00a0\u00a0<\/span><strong><em><span data-preserver-spaces=\"true\">A.1 Utilisation de notre site web<\/span><\/em><\/strong><\/p>\n<p><span data-preserver-spaces=\"true\">(i) Acc\u00e8s \u00e0 notre site web<\/span><\/p>\n<p><span data-preserver-spaces=\"true\">Lorsque vous consultez notre site web, votre navigateur transf\u00e8re certaines informations vers notre serveur web. Ceci se fait pour des raisons techniques et n\u00e9cessite de mettre \u00e0 votre dispositions les informations requises.<\/span><\/p>\n<p><span data-preserver-spaces=\"true\">Les informations suivantes sont collect\u00e9es, stock\u00e9es bri\u00e8vement et utilis\u00e9es :<\/span><\/p>\n<ul>\n<li><span data-preserver-spaces=\"true\">Date et heure d\u2019acc\u00e8s<\/span><\/li>\n<li><span data-preserver-spaces=\"true\">Diff\u00e9rence de fuseau horaire par rapport \u00e0 l\u2019heure moyenne de Greenwich (GMT)<\/span><\/li>\n<li><span data-preserver-spaces=\"true\">Contenu de la requ\u00eate (page sp\u00e9cifique)<\/span><\/li>\n<li><span data-preserver-spaces=\"true\">Statut d\u2019acc\u00e8s\/HTTP<\/span><\/li>\n<li><span data-preserver-spaces=\"true\">Site web demandant l\u2019acc\u00e8s<\/span><\/li>\n<li><span data-preserver-spaces=\"true\">Navigateur, param\u00e8tres de langue, version du logiciel de navigateur, syst\u00e8me d\u2019exploitation et surface<\/span><\/li>\n<\/ul>\n<p><span data-preserver-spaces=\"true\"><br \/>\nLa base l\u00e9gale pour le traitement des informations r\u00e9sulte du fait que ce traitement est n\u00e9cessaire pour mettre \u00e0 disposition les fonctionnalit\u00e9s du site web que vous avez demand\u00e9es (Art. 6(1)(b) r\u00e8glement g\u00e9n\u00e9ral sur la protection des donn\u00e9es). De plus, pour prot\u00e9ger nos int\u00e9r\u00eats l\u00e9gitimes, nous conserverons ces informations pendant une p\u00e9riode limit\u00e9e afin de pouvoir lancer un suivi des donn\u00e9es personnelles en cas d&#8217;acc\u00e8s non autoris\u00e9 r\u00e9el ou de tentative d&#8217;acc\u00e8s non autoris\u00e9 \u00e0 nos serveurs (Art. 6(1) (f) du r\u00e8glement g\u00e9n\u00e9ral sur la protection des donn\u00e9es).<\/span><\/p>\n<p><span data-preserver-spaces=\"true\">\u00a0\u00a0(ii) Param\u00e9trage des cookies<\/span><\/p>\n<p><span data-preserver-spaces=\"true\">Le pr\u00e9sent site web utilise ce qu\u2019on appelle des \u00ab cookies \u00bb. Les cookies sont de petits fichiers texte qui sont stock\u00e9s dans la m\u00e9moire de votre terminal via votre navigateur. Ils stockent certaines informations (par ex. votre langue pr\u00e9f\u00e9r\u00e9e ou les param\u00e8tres du site) que votre navigateur peut (en fonction de la dur\u00e9e de vie du cookie) nous retransmettre lors de votre prochaine visite sur notre site web.<\/span><\/p>\n<p><u><span data-preserver-spaces=\"true\">Liste de cookies<\/span><\/u><\/p>\n<p><span data-preserver-spaces=\"true\"> <img loading=\"lazy\" decoding=\"async\" class=\"alignnone  wp-image-26907\" src=\"https:\/\/www.glyphosate.eu\/app\/uploads\/2021\/12\/cookies-FR-300x84.png\" alt=\"\" width=\"518\" height=\"145\" srcset=\"https:\/\/www.glyphosate.eu\/app\/uploads\/2021\/12\/cookies-FR-300x84.png 300w, https:\/\/www.glyphosate.eu\/app\/uploads\/2021\/12\/cookies-FR.png 602w\" sizes=\"auto, (max-width: 518px) 100vw, 518px\" \/><\/span><\/p>\n<p><span data-preserver-spaces=\"true\">Nous cat\u00e9gorisons les cookies pour ce site web en (1) cookies n\u00e9cessaires, qui sont essentiels pour les fonctionnalit\u00e9s de base du site web, et (2) les cookies non n\u00e9cessaires qui sont optionnels et nous aident \u00e0 analyser et \u00e0 comprendre comment vous utilisez ce site web.<\/span><\/p>\n<p><span data-preserver-spaces=\"true\">Les cookies non n\u00e9cessaires sont d\u00e9sactiv\u00e9s par d\u00e9faut. Vous pouvez fournir votre consentement (Art. 6(1)(a) du r\u00e8glement g\u00e9n\u00e9ral sur la protection des donn\u00e9es) pour les d\u00e9sactiver en utilisant le dialogue Param\u00e9trage des cookies sur ce site web. Vous pouvez utiliser le m\u00eame dialogue pour retirer votre consentement et d\u00e9sactiver les cookies non n\u00e9cessaires.<\/span><\/p>\n<p><span data-preserver-spaces=\"true\">Vous pouvez aussi utiliser notre site web sans param\u00e9trer de cookies. Dans votre navigateur, vous pouvez \u00e0 tout moment configurer ou d\u00e9sactiver compl\u00e8tement l\u2019utilisation des cookies. Ceci peut toutefois restreindre certaines fonctions ou avoir des effets d\u00e9favorables sur la convivialit\u00e9 de notre site web.<\/span><\/p>\n<p><span data-preserver-spaces=\"true\">\u00a0\u00a0(iii) Analyse du site web avec Google<\/span><\/p>\n<p><span data-preserver-spaces=\"true\">Sous r\u00e9serve de votre consentement (Art. 6(1)(a) du r\u00e8glement g\u00e9n\u00e9ral sur la protection des donn\u00e9es), notre site web utilisera un service d\u2019analyse web de Google Inc., 1600 Amphitheatre Parkway, Mountain View, CA 94043, \u00c9tats-Unis (\u00ab\u00a0<\/span><strong><span data-preserver-spaces=\"true\">Google<\/span><\/strong><span data-preserver-spaces=\"true\">\u00a0\u00bb).<\/span><\/p>\n<p><span data-preserver-spaces=\"true\">Google analysera votre utilisation de notre site web pour notre compte. \u00c0 cette fin, nous utilisons les cookies d\u00e9crits plus pr\u00e9cis\u00e9ment dans le tableau ci-dessus. Les informations collect\u00e9es par Google en lien avec votre utilisation de notre site web (par exemple, l&#8217;URL de r\u00e9f\u00e9rence, nos pages web que vous avez consult\u00e9es, votre type de navigateur, vos param\u00e8tres linguistiques, votre syst\u00e8me d&#8217;exploitation, votre r\u00e9solution d&#8217;\u00e9cran) seront transmises \u00e0 un serveur de Google aux \u00c9tats-Unis, o\u00f9 elles seront stock\u00e9es et analys\u00e9es. Les r\u00e9sultats respectifs seront ensuite mis \u00e0 notre disposition sous forme anonymis\u00e9e. Vos donn\u00e9es d\u2019utilisation ne seront pas reli\u00e9es \u00e0 votre adresse IP compl\u00e8te pendant ce processus. Nous avons activ\u00e9 sur notre site web la fonction d\u2019anonymisation IP propos\u00e9e par Google, qui supprimera les 8 derniers bits (type IPv4) ou les 80 derniers bits (type IPv6) de votre adresse IP apr\u00e8s chaque transfert de donn\u00e9es \u00e0 Google.<\/span><\/p>\n<p><span data-preserver-spaces=\"true\">Vous pouvez retirer votre consentement \u00e0 l\u2019utilisation de l\u2019analyse web \u00e0 tout moment, soit en t\u00e9l\u00e9chargeant et en installant le plugin du navigateur Google, soit en utilisant le dialogue Param\u00e9trage des cookies de ce site web.<\/span><\/p>\n<p><span data-preserver-spaces=\"true\">\u00a0\u00a0(iv) Utilisation des formulaires de contact<\/span><\/p>\n<p><span data-preserver-spaces=\"true\">Vous pouvez nous contacter directement via les formulaires de contact disponibles sur notre site web. Vous pouvez nous fournir les informations suivantes :<\/span><\/p>\n<ul>\n<li><span data-preserver-spaces=\"true\">Nom<\/span><\/li>\n<li><span data-preserver-spaces=\"true\">Adresse email<\/span><\/li>\n<li><span data-preserver-spaces=\"true\">Message<\/span><\/li>\n<\/ul>\n<p><span data-preserver-spaces=\"true\"><br \/>\nNous traitons les informations que vous nous fournissez via les formulaires de contact exclusivement pour le traitement d\u2019une requ\u00eate sp\u00e9cifique (Art. 6(1)(b) du r\u00e8glement g\u00e9n\u00e9ral sur la protection des donn\u00e9es). Nous d\u00e9truisons ces informations d\u00e8s qu\u2019elles ne sont plus n\u00e9cessaires au traitement et au suivi de votre demande.<\/span><\/p>\n<p><span data-preserver-spaces=\"true\">\u00a0\u00a0<\/span><strong><em><span data-preserver-spaces=\"true\">A.2 Transfert de donn\u00e9es \u00e0 caract\u00e8re personnel pour une demande de traitement<\/span><\/em><\/strong><\/p>\n<p><span data-preserver-spaces=\"true\">(i) Transfert de donn\u00e9es \u00e0 des tiers<\/span><\/p>\n<p><span data-preserver-spaces=\"true\">Pour le traitement des donn\u00e9es personnelles, nous ferons appel, dans une certaine mesure, \u00e0 des prestataires de service sp\u00e9cialis\u00e9s. Ces prestataires de service sont soigneusement s\u00e9lectionn\u00e9s et contr\u00f4l\u00e9s r\u00e9guli\u00e8rement par nos soins. Sur la base d\u2019accords respectifs relatifs au traitement des donn\u00e9es, ils ne traiteront les donn\u00e9es personnelles que selon nos instructions et dans le strict respect de nos directives.<\/span><\/p>\n<p><span data-preserver-spaces=\"true\">Nous partageons vos donn\u00e9es personnelles :<\/span><\/p>\n<p><span data-preserver-spaces=\"true\">\u00a0 <img loading=\"lazy\" decoding=\"async\" class=\"alignnone  wp-image-26915\" src=\"https:\/\/www.glyphosate.eu\/app\/uploads\/2021\/12\/cookies-2-FR-300x73.png\" alt=\"\" width=\"645\" height=\"157\" srcset=\"https:\/\/www.glyphosate.eu\/app\/uploads\/2021\/12\/cookies-2-FR-300x73.png 300w, https:\/\/www.glyphosate.eu\/app\/uploads\/2021\/12\/cookies-2-FR.png 602w\" sizes=\"auto, (max-width: 645px) 100vw, 645px\" \/><\/span><\/p>\n<p><span data-preserver-spaces=\"true\">\u00a0\u00a0(ii) Traitement des donn\u00e9es personnelles hors UE \/ EEE<\/span><\/p>\n<p><span data-preserver-spaces=\"true\">Vos donn\u00e9es personnelles peuvent aussi \u00eatre trait\u00e9es en partie dans des pays hors de l&#8217;Union Europ\u00e9enne (\u00ab UE \u00bb) ou de l&#8217;Espace \u00e9conomique europ\u00e9en (\u00ab EEE \u00bb) qui peuvent avoir un niveau de protection des donn\u00e9es inf\u00e9rieur \u00e0 celui des pays europ\u00e9ens. Dans ces cas-l\u00e0, nous veillerons \u00e0 ce qu\u2019un niveau de protection suffisant soit garanti pour vos donn\u00e9es personnelles, par ex. en concluant des accords sp\u00e9cifiques avec nos partenaires contractuels (copie disponible sur demande), ou nous vous demanderons votre consentement explicite pour ce traitement.<\/span><\/p>\n<p><span data-preserver-spaces=\"true\">\u00a0\u00a0<\/span><strong><span data-preserver-spaces=\"true\">B. Informations relatives \u00e0 vos droits<\/span><\/strong><\/p>\n<p><span data-preserver-spaces=\"true\">Les droits suivants sont en g\u00e9n\u00e9ral \u00e0 votre disposition conform\u00e9ment \u00e0 la l\u00e9gislation en vigueur en mati\u00e8re de confidentialit\u00e9 :<\/span><\/p>\n<ul>\n<li><span data-preserver-spaces=\"true\">Droit \u00e0 l\u2019information sur vos donn\u00e9es personnelles que nous stockons ;<\/span><\/li>\n<li><span data-preserver-spaces=\"true\">Droit \u00e0 la demande de correction, suppression ou traitement restreint des donn\u00e9es personnelles ;<\/span><\/li>\n<li><span data-preserver-spaces=\"true\">Droit de s\u2019opposer \u00e0 un traitement pour des raisons d\u2019int\u00e9r\u00eat l\u00e9gitime, d\u2019int\u00e9r\u00eat public, ou de profilage, \u00e0 moins que nous ne soyons en mesure de prouver qu&#8217;il existe des raisons imp\u00e9rieuses et justifi\u00e9es qui pr\u00e9valent sur vos int\u00e9r\u00eats, vos droits et votre libert\u00e9, ou que ce traitement soit effectu\u00e9 pour faire valoir, exercer ou d\u00e9fendre des droits en justice ;<\/span><\/li>\n<li><span data-preserver-spaces=\"true\">Droit \u00e0 la portabilit\u00e9 des donn\u00e9es ;<\/span><\/li>\n<li><span data-preserver-spaces=\"true\">Droit de d\u00e9poser une plainte aupr\u00e8s d\u2019une autorit\u00e9 charg\u00e9e de la protection des donn\u00e9es ;<\/span><\/li>\n<\/ul>\n<p><span data-preserver-spaces=\"true\"><br \/>\nVous pouvez \u00e0 tout moment, avec effet futur, retirer votre consentement au traitement de vos donn\u00e9es personnelles. Pour plus d\u2019informations, veuillez vous r\u00e9f\u00e9rer aux chapitres ci-dessus d\u00e9crivant le traitement des donn\u00e9es personnelles bas\u00e9 sur votre consentement.<\/span><\/p>\n<p><span data-preserver-spaces=\"true\">Si vous souhaitez exercer vos droits, veuillez adresser votre demande au contact indiqu\u00e9 ci-dessous.<\/span><\/p>\n<p><strong><span data-preserver-spaces=\"true\">C. Contact<\/span><\/strong><\/p>\n<p><span data-preserver-spaces=\"true\">Pour toute question relative au respect de la confidentialit\u00e9 des donn\u00e9es, veuillez adresser un mail \u00e0\u00a0<\/span><a class=\"editor-rtfLink\" href=\"mailto:privacy@glyphosate.eu\" target=\"_blank\" rel=\"noopener\"><span data-preserver-spaces=\"true\">privacy@glyphosate.eu<\/span><\/a><\/p>\n<p><span data-preserver-spaces=\"true\">Si vous souhaitez contacter individuellement des membres du Glyphosate Renewal Group, veuillez vous r\u00e9f\u00e9rer aux coordonn\u00e9es de notre\u00a0<\/span><a class=\"editor-rtfLink\" href=\"https:\/\/glyphosate.eu\/imprint\/\" target=\"_blank\" rel=\"noopener\"><span data-preserver-spaces=\"true\">imprim\u00e9<\/span><\/a><span data-preserver-spaces=\"true\">.<\/span><\/p>\n<p><span data-preserver-spaces=\"true\">\u00a0\u00a0<\/span><strong><span data-preserver-spaces=\"true\">D. Amendement de la d\u00e9claration de confidentialit\u00e9<\/span><\/strong><\/p>\n<p><span data-preserver-spaces=\"true\">Nous pouvons ponctuellement mettre \u00e0 jour notre d\u00e9claration de confidentialit\u00e9. Les mises \u00e0 jour de notre d\u00e9claration de confidentialit\u00e9 seront publi\u00e9es sur notre site web. Tout amendement sera effectif d\u00e8s sa publication sur notre site web. C\u2019est pourquoi nous vous recommandons de consulter r\u00e9guli\u00e8rement le site pour vous tenir au courant des \u00e9ventuelles mises \u00e0 jour.<\/span><\/p>\n<p><span data-preserver-spaces=\"true\">Derni\u00e8re mise \u00e0 jour : 25.06.2020.<\/span><\/p>\n","protected":false},"excerpt":{"rendered":"<p>Ce site web (\u00ab Site web\u00a0\u00bb) est fourni par le Glyphosate Renewal Group (\u00ab\u00a0nous\u00a0\u00bb). Pour toute information compl\u00e9mentaire relative au fournisseur du site web, veuillez vous r\u00e9f\u00e9rer \u00e0 notre\u00a0imprim\u00e9. \u00a0\u00a0A. Traitement des donn\u00e9es personnelles Ci-apr\u00e8s, nous souhaitons vous fournir des informations sur la mani\u00e8re dont nous traitons vos donn\u00e9es personnelles lorsque vous utilisez notre site &hellip; <a href=\"https:\/\/www.glyphosate.eu\/fr\/declaration-de-confidentialite\/\">Continuer<\/a><\/p>\n","protected":false},"author":1,"featured_media":0,"parent":0,"menu_order":718,"comment_status":"closed","ping_status":"closed","template":"","meta":{"_acf_changed":false,"inline_featured_image":false,"footnotes":""},"class_list":["post-13965","page","type-page","status-publish","hentry"],"acf":[],"yoast_head":"<!-- This site is optimized with the Yoast SEO plugin v27.4 - https:\/\/yoast.com\/product\/yoast-seo-wordpress\/ -->\n<title>D\u00e9claration de Confidentialit\u00e9 - Glyphosate Renewal Group<\/title>\n<meta name=\"robots\" content=\"index, follow, max-snippet:-1, max-image-preview:large, max-video-preview:-1\" \/>\n<link rel=\"canonical\" href=\"https:\/\/www.glyphosate.eu\/fr\/declaration-de-confidentialite\/\" \/>\n<meta property=\"og:locale\" content=\"fr_FR\" \/>\n<meta property=\"og:type\" content=\"article\" \/>\n<meta property=\"og:title\" content=\"D\u00e9claration de Confidentialit\u00e9 - Glyphosate Renewal Group\" \/>\n<meta property=\"og:description\" content=\"Ce site web (\u00ab Site web\u00a0\u00bb) est fourni par le Glyphosate Renewal Group (\u00ab\u00a0nous\u00a0\u00bb). Pour toute information compl\u00e9mentaire relative au fournisseur du site web, veuillez vous r\u00e9f\u00e9rer \u00e0 notre\u00a0imprim\u00e9. \u00a0\u00a0A. Traitement des donn\u00e9es personnelles Ci-apr\u00e8s, nous souhaitons vous fournir des informations sur la mani\u00e8re dont nous traitons vos donn\u00e9es personnelles lorsque vous utilisez notre site &hellip; Continuer\" \/>\n<meta property=\"og:url\" content=\"https:\/\/www.glyphosate.eu\/fr\/declaration-de-confidentialite\/\" \/>\n<meta property=\"og:site_name\" content=\"Glyphosate Renewal Group\" \/>\n<meta property=\"article:modified_time\" content=\"2021-12-21T14:12:03+00:00\" \/>\n<meta property=\"og:image\" content=\"https:\/\/www.glyphosate.eu\/app\/uploads\/2021\/12\/cookies-FR-300x84.png\" \/>\n<meta name=\"twitter:card\" content=\"summary_large_image\" \/>\n<meta name=\"twitter:label1\" content=\"Est. reading time\" \/>\n\t<meta name=\"twitter:data1\" content=\"6 minutes\" \/>\n<script type=\"application\/ld+json\" class=\"yoast-schema-graph\">{\"@context\":\"https:\\\/\\\/schema.org\",\"@graph\":[{\"@type\":\"WebPage\",\"@id\":\"https:\\\/\\\/www.glyphosate.eu\\\/fr\\\/declaration-de-confidentialite\\\/\",\"url\":\"https:\\\/\\\/www.glyphosate.eu\\\/fr\\\/declaration-de-confidentialite\\\/\",\"name\":\"D\u00e9claration de Confidentialit\u00e9 - Glyphosate Renewal Group\",\"isPartOf\":{\"@id\":\"https:\\\/\\\/www.glyphosate.eu\\\/#website\"},\"primaryImageOfPage\":{\"@id\":\"https:\\\/\\\/www.glyphosate.eu\\\/fr\\\/declaration-de-confidentialite\\\/#primaryimage\"},\"image\":{\"@id\":\"https:\\\/\\\/www.glyphosate.eu\\\/fr\\\/declaration-de-confidentialite\\\/#primaryimage\"},\"thumbnailUrl\":\"https:\\\/\\\/www.glyphosate.eu\\\/app\\\/uploads\\\/2021\\\/12\\\/cookies-FR-300x84.png\",\"datePublished\":\"2020-08-28T11:06:03+00:00\",\"dateModified\":\"2021-12-21T14:12:03+00:00\",\"inLanguage\":\"fr-FR\",\"potentialAction\":[{\"@type\":\"ReadAction\",\"target\":[\"https:\\\/\\\/www.glyphosate.eu\\\/fr\\\/declaration-de-confidentialite\\\/\"]}]},{\"@type\":\"ImageObject\",\"inLanguage\":\"fr-FR\",\"@id\":\"https:\\\/\\\/www.glyphosate.eu\\\/fr\\\/declaration-de-confidentialite\\\/#primaryimage\",\"url\":\"https:\\\/\\\/www.glyphosate.eu\\\/app\\\/uploads\\\/2021\\\/12\\\/cookies-FR-300x84.png\",\"contentUrl\":\"https:\\\/\\\/www.glyphosate.eu\\\/app\\\/uploads\\\/2021\\\/12\\\/cookies-FR-300x84.png\"},{\"@type\":\"WebSite\",\"@id\":\"https:\\\/\\\/www.glyphosate.eu\\\/#website\",\"url\":\"https:\\\/\\\/www.glyphosate.eu\\\/\",\"name\":\"Glyphosate Renewal Group\",\"description\":\"Just another WordPress site\",\"potentialAction\":[{\"@type\":\"SearchAction\",\"target\":{\"@type\":\"EntryPoint\",\"urlTemplate\":\"https:\\\/\\\/www.glyphosate.eu\\\/?s={search_term_string}\"},\"query-input\":{\"@type\":\"PropertyValueSpecification\",\"valueRequired\":true,\"valueName\":\"search_term_string\"}}],\"inLanguage\":\"fr-FR\"}]}<\/script>\n<!-- \/ Yoast SEO plugin. -->","yoast_head_json":{"title":"D\u00e9claration de Confidentialit\u00e9 - Glyphosate Renewal Group","robots":{"index":"index","follow":"follow","max-snippet":"max-snippet:-1","max-image-preview":"max-image-preview:large","max-video-preview":"max-video-preview:-1"},"canonical":"https:\/\/www.glyphosate.eu\/fr\/declaration-de-confidentialite\/","og_locale":"fr_FR","og_type":"article","og_title":"D\u00e9claration de Confidentialit\u00e9 - Glyphosate Renewal Group","og_description":"Ce site web (\u00ab Site web\u00a0\u00bb) est fourni par le Glyphosate Renewal Group (\u00ab\u00a0nous\u00a0\u00bb). Pour toute information compl\u00e9mentaire relative au fournisseur du site web, veuillez vous r\u00e9f\u00e9rer \u00e0 notre\u00a0imprim\u00e9. \u00a0\u00a0A. Traitement des donn\u00e9es personnelles Ci-apr\u00e8s, nous souhaitons vous fournir des informations sur la mani\u00e8re dont nous traitons vos donn\u00e9es personnelles lorsque vous utilisez notre site &hellip; Continuer","og_url":"https:\/\/www.glyphosate.eu\/fr\/declaration-de-confidentialite\/","og_site_name":"Glyphosate Renewal Group","article_modified_time":"2021-12-21T14:12:03+00:00","og_image":[{"url":"https:\/\/www.glyphosate.eu\/app\/uploads\/2021\/12\/cookies-FR-300x84.png","type":"","width":"","height":""}],"twitter_card":"summary_large_image","twitter_misc":{"Est. reading time":"6 minutes"},"schema":{"@context":"https:\/\/schema.org","@graph":[{"@type":"WebPage","@id":"https:\/\/www.glyphosate.eu\/fr\/declaration-de-confidentialite\/","url":"https:\/\/www.glyphosate.eu\/fr\/declaration-de-confidentialite\/","name":"D\u00e9claration de Confidentialit\u00e9 - Glyphosate Renewal Group","isPartOf":{"@id":"https:\/\/www.glyphosate.eu\/#website"},"primaryImageOfPage":{"@id":"https:\/\/www.glyphosate.eu\/fr\/declaration-de-confidentialite\/#primaryimage"},"image":{"@id":"https:\/\/www.glyphosate.eu\/fr\/declaration-de-confidentialite\/#primaryimage"},"thumbnailUrl":"https:\/\/www.glyphosate.eu\/app\/uploads\/2021\/12\/cookies-FR-300x84.png","datePublished":"2020-08-28T11:06:03+00:00","dateModified":"2021-12-21T14:12:03+00:00","inLanguage":"fr-FR","potentialAction":[{"@type":"ReadAction","target":["https:\/\/www.glyphosate.eu\/fr\/declaration-de-confidentialite\/"]}]},{"@type":"ImageObject","inLanguage":"fr-FR","@id":"https:\/\/www.glyphosate.eu\/fr\/declaration-de-confidentialite\/#primaryimage","url":"https:\/\/www.glyphosate.eu\/app\/uploads\/2021\/12\/cookies-FR-300x84.png","contentUrl":"https:\/\/www.glyphosate.eu\/app\/uploads\/2021\/12\/cookies-FR-300x84.png"},{"@type":"WebSite","@id":"https:\/\/www.glyphosate.eu\/#website","url":"https:\/\/www.glyphosate.eu\/","name":"Glyphosate Renewal Group","description":"Just another WordPress site","potentialAction":[{"@type":"SearchAction","target":{"@type":"EntryPoint","urlTemplate":"https:\/\/www.glyphosate.eu\/?s={search_term_string}"},"query-input":{"@type":"PropertyValueSpecification","valueRequired":true,"valueName":"search_term_string"}}],"inLanguage":"fr-FR"}]}},"_links":{"self":[{"href":"https:\/\/www.glyphosate.eu\/fr\/wp-json\/wp\/v2\/pages\/13965","targetHints":{"allow":["GET"]}}],"collection":[{"href":"https:\/\/www.glyphosate.eu\/fr\/wp-json\/wp\/v2\/pages"}],"about":[{"href":"https:\/\/www.glyphosate.eu\/fr\/wp-json\/wp\/v2\/types\/page"}],"author":[{"embeddable":true,"href":"https:\/\/www.glyphosate.eu\/fr\/wp-json\/wp\/v2\/users\/1"}],"replies":[{"embeddable":true,"href":"https:\/\/www.glyphosate.eu\/fr\/wp-json\/wp\/v2\/comments?post=13965"}],"version-history":[{"count":5,"href":"https:\/\/www.glyphosate.eu\/fr\/wp-json\/wp\/v2\/pages\/13965\/revisions"}],"predecessor-version":[{"id":26946,"href":"https:\/\/www.glyphosate.eu\/fr\/wp-json\/wp\/v2\/pages\/13965\/revisions\/26946"}],"wp:attachment":[{"href":"https:\/\/www.glyphosate.eu\/fr\/wp-json\/wp\/v2\/media?parent=13965"}],"curies":[{"name":"wp","href":"https:\/\/api.w.org\/{rel}","templated":true}]}}