{"id":35048,"date":"2023-11-16T09:59:21","date_gmt":"2023-11-16T09:59:21","guid":{"rendered":"https:\/\/www.glyphosate.eu\/grg\/novedades\/member-states-reached-no-opinion-commission-states-it-will-proceed-with-authorisation\/"},"modified":"2023-11-17T08:34:03","modified_gmt":"2023-11-17T08:34:03","slug":"member-states-reached-no-opinion-commission-states-it-will-proceed-with-authorisation","status":"publish","type":"page","link":"https:\/\/www.glyphosate.eu\/es\/grg\/novedades\/member-states-reached-no-opinion-commission-states-it-will-proceed-with-authorisation\/","title":{"rendered":"Los Estados miembros no alcanzaron un dictamen, la Comisi\u00f3n afirma que proceder\u00e1 con la aprobaci\u00f3n"},"content":{"rendered":"","protected":false},"excerpt":{"rendered":"","protected":false},"author":3,"featured_media":35002,"parent":18858,"menu_order":7,"comment_status":"closed","ping_status":"closed","template":"views\/template-content-page.blade.php","meta":{"_acf_changed":false,"inline_featured_image":false,"footnotes":""},"class_list":["post-35048","page","type-page","status-publish","has-post-thumbnail","hentry"],"acf":[],"yoast_head":"<!-- This site is optimized with the Yoast SEO plugin v27.3 - https:\/\/yoast.com\/product\/yoast-seo-wordpress\/ -->\n<title>Los Estados miembros no alcanzaron un dictamen, la Comisi\u00f3n afirma que proceder\u00e1 con la aprobaci\u00f3n - Glyphosate Renewal Group<\/title>\n<meta name=\"robots\" content=\"index, follow, max-snippet:-1, max-image-preview:large, max-video-preview:-1\" \/>\n<link rel=\"canonical\" href=\"https:\/\/www.glyphosate.eu\/es\/grg\/novedades\/member-states-reached-no-opinion-commission-states-it-will-proceed-with-authorisation\/\" \/>\n<meta property=\"og:locale\" content=\"es_ES\" \/>\n<meta property=\"og:type\" content=\"article\" \/>\n<meta property=\"og:title\" content=\"Los Estados miembros no alcanzaron un dictamen, la Comisi\u00f3n afirma que proceder\u00e1 con la aprobaci\u00f3n - Glyphosate Renewal Group\" \/>\n<meta property=\"og:url\" content=\"https:\/\/www.glyphosate.eu\/es\/grg\/novedades\/member-states-reached-no-opinion-commission-states-it-will-proceed-with-authorisation\/\" \/>\n<meta property=\"og:site_name\" content=\"Glyphosate Renewal Group\" \/>\n<meta property=\"article:modified_time\" content=\"2023-11-17T08:34:03+00:00\" \/>\n<meta property=\"og:image\" content=\"https:\/\/www.glyphosate.eu\/app\/uploads\/2023\/11\/statement-image--scaled.jpg\" \/>\n\t<meta property=\"og:image:width\" content=\"2560\" \/>\n\t<meta property=\"og:image:height\" content=\"1707\" \/>\n\t<meta property=\"og:image:type\" content=\"image\/jpeg\" \/>\n<meta name=\"twitter:card\" content=\"summary_large_image\" \/>\n<script type=\"application\/ld+json\" class=\"yoast-schema-graph\">{\"@context\":\"https:\\\/\\\/schema.org\",\"@graph\":[{\"@type\":\"WebPage\",\"@id\":\"https:\\\/\\\/www.glyphosate.eu\\\/es\\\/grg\\\/novedades\\\/member-states-reached-no-opinion-commission-states-it-will-proceed-with-authorisation\\\/\",\"url\":\"https:\\\/\\\/www.glyphosate.eu\\\/es\\\/grg\\\/novedades\\\/member-states-reached-no-opinion-commission-states-it-will-proceed-with-authorisation\\\/\",\"name\":\"Los Estados miembros no alcanzaron un dictamen, la Comisi\u00f3n afirma que proceder\u00e1 con la aprobaci\u00f3n - Glyphosate Renewal Group\",\"isPartOf\":{\"@id\":\"https:\\\/\\\/www.glyphosate.eu\\\/#website\"},\"primaryImageOfPage\":{\"@id\":\"https:\\\/\\\/www.glyphosate.eu\\\/es\\\/grg\\\/novedades\\\/member-states-reached-no-opinion-commission-states-it-will-proceed-with-authorisation\\\/#primaryimage\"},\"image\":{\"@id\":\"https:\\\/\\\/www.glyphosate.eu\\\/es\\\/grg\\\/novedades\\\/member-states-reached-no-opinion-commission-states-it-will-proceed-with-authorisation\\\/#primaryimage\"},\"thumbnailUrl\":\"https:\\\/\\\/www.glyphosate.eu\\\/app\\\/uploads\\\/2023\\\/11\\\/statement-image--scaled.jpg\",\"datePublished\":\"2023-11-16T09:59:21+00:00\",\"dateModified\":\"2023-11-17T08:34:03+00:00\",\"breadcrumb\":{\"@id\":\"https:\\\/\\\/www.glyphosate.eu\\\/es\\\/grg\\\/novedades\\\/member-states-reached-no-opinion-commission-states-it-will-proceed-with-authorisation\\\/#breadcrumb\"},\"inLanguage\":\"es-ES\",\"potentialAction\":[{\"@type\":\"ReadAction\",\"target\":[\"https:\\\/\\\/www.glyphosate.eu\\\/es\\\/grg\\\/novedades\\\/member-states-reached-no-opinion-commission-states-it-will-proceed-with-authorisation\\\/\"]}]},{\"@type\":\"ImageObject\",\"inLanguage\":\"es-ES\",\"@id\":\"https:\\\/\\\/www.glyphosate.eu\\\/es\\\/grg\\\/novedades\\\/member-states-reached-no-opinion-commission-states-it-will-proceed-with-authorisation\\\/#primaryimage\",\"url\":\"https:\\\/\\\/www.glyphosate.eu\\\/app\\\/uploads\\\/2023\\\/11\\\/statement-image--scaled.jpg\",\"contentUrl\":\"https:\\\/\\\/www.glyphosate.eu\\\/app\\\/uploads\\\/2023\\\/11\\\/statement-image--scaled.jpg\",\"width\":2560,\"height\":1707},{\"@type\":\"BreadcrumbList\",\"@id\":\"https:\\\/\\\/www.glyphosate.eu\\\/es\\\/grg\\\/novedades\\\/member-states-reached-no-opinion-commission-states-it-will-proceed-with-authorisation\\\/#breadcrumb\",\"itemListElement\":[{\"@type\":\"ListItem\",\"position\":1,\"name\":\"Whats New &#8211; DONT DELETE\",\"item\":\"https:\\\/\\\/www.glyphosate.eu\\\/es\\\/grg\\\/\"},{\"@type\":\"ListItem\",\"position\":2,\"name\":\"Novedades\",\"item\":\"https:\\\/\\\/www.glyphosate.eu\\\/es\\\/grg\\\/novedades\\\/\"},{\"@type\":\"ListItem\",\"position\":3,\"name\":\"Los Estados miembros no alcanzaron un dictamen, la Comisi\u00f3n afirma que proceder\u00e1 con la aprobaci\u00f3n\"}]},{\"@type\":\"WebSite\",\"@id\":\"https:\\\/\\\/www.glyphosate.eu\\\/#website\",\"url\":\"https:\\\/\\\/www.glyphosate.eu\\\/\",\"name\":\"Glyphosate Renewal Group\",\"description\":\"Just another WordPress site\",\"potentialAction\":[{\"@type\":\"SearchAction\",\"target\":{\"@type\":\"EntryPoint\",\"urlTemplate\":\"https:\\\/\\\/www.glyphosate.eu\\\/?s={search_term_string}\"},\"query-input\":{\"@type\":\"PropertyValueSpecification\",\"valueRequired\":true,\"valueName\":\"search_term_string\"}}],\"inLanguage\":\"es-ES\"}]}<\/script>\n<!-- \/ Yoast SEO plugin. -->","yoast_head_json":{"title":"Los Estados miembros no alcanzaron un dictamen, la Comisi\u00f3n afirma que proceder\u00e1 con la aprobaci\u00f3n - Glyphosate Renewal Group","robots":{"index":"index","follow":"follow","max-snippet":"max-snippet:-1","max-image-preview":"max-image-preview:large","max-video-preview":"max-video-preview:-1"},"canonical":"https:\/\/www.glyphosate.eu\/es\/grg\/novedades\/member-states-reached-no-opinion-commission-states-it-will-proceed-with-authorisation\/","og_locale":"es_ES","og_type":"article","og_title":"Los Estados miembros no alcanzaron un dictamen, la Comisi\u00f3n afirma que proceder\u00e1 con la aprobaci\u00f3n - Glyphosate Renewal Group","og_url":"https:\/\/www.glyphosate.eu\/es\/grg\/novedades\/member-states-reached-no-opinion-commission-states-it-will-proceed-with-authorisation\/","og_site_name":"Glyphosate Renewal Group","article_modified_time":"2023-11-17T08:34:03+00:00","og_image":[{"width":2560,"height":1707,"url":"https:\/\/www.glyphosate.eu\/app\/uploads\/2023\/11\/statement-image--scaled.jpg","type":"image\/jpeg"}],"twitter_card":"summary_large_image","schema":{"@context":"https:\/\/schema.org","@graph":[{"@type":"WebPage","@id":"https:\/\/www.glyphosate.eu\/es\/grg\/novedades\/member-states-reached-no-opinion-commission-states-it-will-proceed-with-authorisation\/","url":"https:\/\/www.glyphosate.eu\/es\/grg\/novedades\/member-states-reached-no-opinion-commission-states-it-will-proceed-with-authorisation\/","name":"Los Estados miembros no alcanzaron un dictamen, la Comisi\u00f3n afirma que proceder\u00e1 con la aprobaci\u00f3n - Glyphosate Renewal Group","isPartOf":{"@id":"https:\/\/www.glyphosate.eu\/#website"},"primaryImageOfPage":{"@id":"https:\/\/www.glyphosate.eu\/es\/grg\/novedades\/member-states-reached-no-opinion-commission-states-it-will-proceed-with-authorisation\/#primaryimage"},"image":{"@id":"https:\/\/www.glyphosate.eu\/es\/grg\/novedades\/member-states-reached-no-opinion-commission-states-it-will-proceed-with-authorisation\/#primaryimage"},"thumbnailUrl":"https:\/\/www.glyphosate.eu\/app\/uploads\/2023\/11\/statement-image--scaled.jpg","datePublished":"2023-11-16T09:59:21+00:00","dateModified":"2023-11-17T08:34:03+00:00","breadcrumb":{"@id":"https:\/\/www.glyphosate.eu\/es\/grg\/novedades\/member-states-reached-no-opinion-commission-states-it-will-proceed-with-authorisation\/#breadcrumb"},"inLanguage":"es-ES","potentialAction":[{"@type":"ReadAction","target":["https:\/\/www.glyphosate.eu\/es\/grg\/novedades\/member-states-reached-no-opinion-commission-states-it-will-proceed-with-authorisation\/"]}]},{"@type":"ImageObject","inLanguage":"es-ES","@id":"https:\/\/www.glyphosate.eu\/es\/grg\/novedades\/member-states-reached-no-opinion-commission-states-it-will-proceed-with-authorisation\/#primaryimage","url":"https:\/\/www.glyphosate.eu\/app\/uploads\/2023\/11\/statement-image--scaled.jpg","contentUrl":"https:\/\/www.glyphosate.eu\/app\/uploads\/2023\/11\/statement-image--scaled.jpg","width":2560,"height":1707},{"@type":"BreadcrumbList","@id":"https:\/\/www.glyphosate.eu\/es\/grg\/novedades\/member-states-reached-no-opinion-commission-states-it-will-proceed-with-authorisation\/#breadcrumb","itemListElement":[{"@type":"ListItem","position":1,"name":"Whats New &#8211; DONT DELETE","item":"https:\/\/www.glyphosate.eu\/es\/grg\/"},{"@type":"ListItem","position":2,"name":"Novedades","item":"https:\/\/www.glyphosate.eu\/es\/grg\/novedades\/"},{"@type":"ListItem","position":3,"name":"Los Estados miembros no alcanzaron un dictamen, la Comisi\u00f3n afirma que proceder\u00e1 con la aprobaci\u00f3n"}]},{"@type":"WebSite","@id":"https:\/\/www.glyphosate.eu\/#website","url":"https:\/\/www.glyphosate.eu\/","name":"Glyphosate Renewal Group","description":"Just another WordPress site","potentialAction":[{"@type":"SearchAction","target":{"@type":"EntryPoint","urlTemplate":"https:\/\/www.glyphosate.eu\/?s={search_term_string}"},"query-input":{"@type":"PropertyValueSpecification","valueRequired":true,"valueName":"search_term_string"}}],"inLanguage":"es-ES"}]}},"_links":{"self":[{"href":"https:\/\/www.glyphosate.eu\/es\/wp-json\/wp\/v2\/pages\/35048","targetHints":{"allow":["GET"]}}],"collection":[{"href":"https:\/\/www.glyphosate.eu\/es\/wp-json\/wp\/v2\/pages"}],"about":[{"href":"https:\/\/www.glyphosate.eu\/es\/wp-json\/wp\/v2\/types\/page"}],"author":[{"embeddable":true,"href":"https:\/\/www.glyphosate.eu\/es\/wp-json\/wp\/v2\/users\/3"}],"replies":[{"embeddable":true,"href":"https:\/\/www.glyphosate.eu\/es\/wp-json\/wp\/v2\/comments?post=35048"}],"version-history":[{"count":2,"href":"https:\/\/www.glyphosate.eu\/es\/wp-json\/wp\/v2\/pages\/35048\/revisions"}],"predecessor-version":[{"id":35050,"href":"https:\/\/www.glyphosate.eu\/es\/wp-json\/wp\/v2\/pages\/35048\/revisions\/35050"}],"up":[{"embeddable":true,"href":"https:\/\/www.glyphosate.eu\/es\/wp-json\/wp\/v2\/pages\/18858"}],"wp:featuredmedia":[{"embeddable":true,"href":"https:\/\/www.glyphosate.eu\/es\/wp-json\/wp\/v2\/media\/35002"}],"wp:attachment":[{"href":"https:\/\/www.glyphosate.eu\/es\/wp-json\/wp\/v2\/media?parent=35048"}],"curies":[{"name":"wp","href":"https:\/\/api.w.org\/{rel}","templated":true}]}}