{"id":34820,"date":"2023-09-22T12:04:35","date_gmt":"2023-09-22T11:04:35","guid":{"rendered":"https:\/\/www.glyphosate.eu\/?page_id=34820"},"modified":"2023-09-22T12:06:09","modified_gmt":"2023-09-22T11:06:09","slug":"la-comision-europea-publica-la-propuesta-de-renovacion-de-la-autorizacion-del-glifosato-en-la-ue","status":"publish","type":"page","link":"https:\/\/www.glyphosate.eu\/es\/grg\/novedades\/la-comision-europea-publica-la-propuesta-de-renovacion-de-la-autorizacion-del-glifosato-en-la-ue\/","title":{"rendered":"La Comisi\u00f3n Europea publica la propuesta de renovaci\u00f3n de la autorizaci\u00f3n del glifosato en la UE"},"content":{"rendered":"","protected":false},"excerpt":{"rendered":"","protected":false},"author":3,"featured_media":34800,"parent":18858,"menu_order":27,"comment_status":"closed","ping_status":"closed","template":"views\/template-content-page.blade.php","meta":{"_acf_changed":false,"inline_featured_image":false,"footnotes":""},"class_list":["post-34820","page","type-page","status-publish","has-post-thumbnail","hentry"],"acf":[],"yoast_head":"<!-- This site is optimized with the Yoast SEO plugin v27.3 - https:\/\/yoast.com\/product\/yoast-seo-wordpress\/ -->\n<title>La Comisi\u00f3n Europea publica la propuesta de renovaci\u00f3n de la autorizaci\u00f3n del glifosato en la UE - Glyphosate Renewal Group<\/title>\n<meta name=\"robots\" content=\"index, follow, max-snippet:-1, max-image-preview:large, max-video-preview:-1\" \/>\n<link rel=\"canonical\" href=\"https:\/\/www.glyphosate.eu\/es\/grg\/novedades\/la-comision-europea-publica-la-propuesta-de-renovacion-de-la-autorizacion-del-glifosato-en-la-ue\/\" \/>\n<meta property=\"og:locale\" content=\"es_ES\" \/>\n<meta property=\"og:type\" content=\"article\" \/>\n<meta property=\"og:title\" content=\"La Comisi\u00f3n Europea publica la propuesta de renovaci\u00f3n de la autorizaci\u00f3n del glifosato en la UE - Glyphosate Renewal Group\" \/>\n<meta property=\"og:url\" content=\"https:\/\/www.glyphosate.eu\/es\/grg\/novedades\/la-comision-europea-publica-la-propuesta-de-renovacion-de-la-autorizacion-del-glifosato-en-la-ue\/\" \/>\n<meta property=\"og:site_name\" content=\"Glyphosate Renewal Group\" \/>\n<meta property=\"article:modified_time\" content=\"2023-09-22T11:06:09+00:00\" \/>\n<meta property=\"og:image\" content=\"https:\/\/www.glyphosate.eu\/app\/uploads\/2023\/09\/shutterstock_1667334496-scaled.jpg\" \/>\n\t<meta property=\"og:image:width\" content=\"2560\" \/>\n\t<meta property=\"og:image:height\" content=\"1646\" \/>\n\t<meta property=\"og:image:type\" content=\"image\/jpeg\" \/>\n<meta name=\"twitter:card\" content=\"summary_large_image\" \/>\n<script type=\"application\/ld+json\" class=\"yoast-schema-graph\">{\"@context\":\"https:\\\/\\\/schema.org\",\"@graph\":[{\"@type\":\"WebPage\",\"@id\":\"https:\\\/\\\/www.glyphosate.eu\\\/es\\\/grg\\\/novedades\\\/la-comision-europea-publica-la-propuesta-de-renovacion-de-la-autorizacion-del-glifosato-en-la-ue\\\/\",\"url\":\"https:\\\/\\\/www.glyphosate.eu\\\/es\\\/grg\\\/novedades\\\/la-comision-europea-publica-la-propuesta-de-renovacion-de-la-autorizacion-del-glifosato-en-la-ue\\\/\",\"name\":\"La Comisi\u00f3n Europea publica la propuesta de renovaci\u00f3n de la autorizaci\u00f3n del glifosato en la UE - Glyphosate Renewal Group\",\"isPartOf\":{\"@id\":\"https:\\\/\\\/www.glyphosate.eu\\\/#website\"},\"primaryImageOfPage\":{\"@id\":\"https:\\\/\\\/www.glyphosate.eu\\\/es\\\/grg\\\/novedades\\\/la-comision-europea-publica-la-propuesta-de-renovacion-de-la-autorizacion-del-glifosato-en-la-ue\\\/#primaryimage\"},\"image\":{\"@id\":\"https:\\\/\\\/www.glyphosate.eu\\\/es\\\/grg\\\/novedades\\\/la-comision-europea-publica-la-propuesta-de-renovacion-de-la-autorizacion-del-glifosato-en-la-ue\\\/#primaryimage\"},\"thumbnailUrl\":\"https:\\\/\\\/www.glyphosate.eu\\\/app\\\/uploads\\\/2023\\\/09\\\/shutterstock_1667334496-scaled.jpg\",\"datePublished\":\"2023-09-22T11:04:35+00:00\",\"dateModified\":\"2023-09-22T11:06:09+00:00\",\"breadcrumb\":{\"@id\":\"https:\\\/\\\/www.glyphosate.eu\\\/es\\\/grg\\\/novedades\\\/la-comision-europea-publica-la-propuesta-de-renovacion-de-la-autorizacion-del-glifosato-en-la-ue\\\/#breadcrumb\"},\"inLanguage\":\"es-ES\",\"potentialAction\":[{\"@type\":\"ReadAction\",\"target\":[\"https:\\\/\\\/www.glyphosate.eu\\\/es\\\/grg\\\/novedades\\\/la-comision-europea-publica-la-propuesta-de-renovacion-de-la-autorizacion-del-glifosato-en-la-ue\\\/\"]}]},{\"@type\":\"ImageObject\",\"inLanguage\":\"es-ES\",\"@id\":\"https:\\\/\\\/www.glyphosate.eu\\\/es\\\/grg\\\/novedades\\\/la-comision-europea-publica-la-propuesta-de-renovacion-de-la-autorizacion-del-glifosato-en-la-ue\\\/#primaryimage\",\"url\":\"https:\\\/\\\/www.glyphosate.eu\\\/app\\\/uploads\\\/2023\\\/09\\\/shutterstock_1667334496-scaled.jpg\",\"contentUrl\":\"https:\\\/\\\/www.glyphosate.eu\\\/app\\\/uploads\\\/2023\\\/09\\\/shutterstock_1667334496-scaled.jpg\",\"width\":2560,\"height\":1646},{\"@type\":\"BreadcrumbList\",\"@id\":\"https:\\\/\\\/www.glyphosate.eu\\\/es\\\/grg\\\/novedades\\\/la-comision-europea-publica-la-propuesta-de-renovacion-de-la-autorizacion-del-glifosato-en-la-ue\\\/#breadcrumb\",\"itemListElement\":[{\"@type\":\"ListItem\",\"position\":1,\"name\":\"Whats New &#8211; DONT DELETE\",\"item\":\"https:\\\/\\\/www.glyphosate.eu\\\/es\\\/grg\\\/\"},{\"@type\":\"ListItem\",\"position\":2,\"name\":\"Novedades\",\"item\":\"https:\\\/\\\/www.glyphosate.eu\\\/es\\\/grg\\\/novedades\\\/\"},{\"@type\":\"ListItem\",\"position\":3,\"name\":\"La Comisi\u00f3n Europea publica la propuesta de renovaci\u00f3n de la autorizaci\u00f3n del glifosato en la UE\"}]},{\"@type\":\"WebSite\",\"@id\":\"https:\\\/\\\/www.glyphosate.eu\\\/#website\",\"url\":\"https:\\\/\\\/www.glyphosate.eu\\\/\",\"name\":\"Glyphosate Renewal Group\",\"description\":\"Just another WordPress site\",\"potentialAction\":[{\"@type\":\"SearchAction\",\"target\":{\"@type\":\"EntryPoint\",\"urlTemplate\":\"https:\\\/\\\/www.glyphosate.eu\\\/?s={search_term_string}\"},\"query-input\":{\"@type\":\"PropertyValueSpecification\",\"valueRequired\":true,\"valueName\":\"search_term_string\"}}],\"inLanguage\":\"es-ES\"}]}<\/script>\n<!-- \/ Yoast SEO plugin. -->","yoast_head_json":{"title":"La Comisi\u00f3n Europea publica la propuesta de renovaci\u00f3n de la autorizaci\u00f3n del glifosato en la UE - Glyphosate Renewal Group","robots":{"index":"index","follow":"follow","max-snippet":"max-snippet:-1","max-image-preview":"max-image-preview:large","max-video-preview":"max-video-preview:-1"},"canonical":"https:\/\/www.glyphosate.eu\/es\/grg\/novedades\/la-comision-europea-publica-la-propuesta-de-renovacion-de-la-autorizacion-del-glifosato-en-la-ue\/","og_locale":"es_ES","og_type":"article","og_title":"La Comisi\u00f3n Europea publica la propuesta de renovaci\u00f3n de la autorizaci\u00f3n del glifosato en la UE - Glyphosate Renewal Group","og_url":"https:\/\/www.glyphosate.eu\/es\/grg\/novedades\/la-comision-europea-publica-la-propuesta-de-renovacion-de-la-autorizacion-del-glifosato-en-la-ue\/","og_site_name":"Glyphosate Renewal Group","article_modified_time":"2023-09-22T11:06:09+00:00","og_image":[{"width":2560,"height":1646,"url":"https:\/\/www.glyphosate.eu\/app\/uploads\/2023\/09\/shutterstock_1667334496-scaled.jpg","type":"image\/jpeg"}],"twitter_card":"summary_large_image","schema":{"@context":"https:\/\/schema.org","@graph":[{"@type":"WebPage","@id":"https:\/\/www.glyphosate.eu\/es\/grg\/novedades\/la-comision-europea-publica-la-propuesta-de-renovacion-de-la-autorizacion-del-glifosato-en-la-ue\/","url":"https:\/\/www.glyphosate.eu\/es\/grg\/novedades\/la-comision-europea-publica-la-propuesta-de-renovacion-de-la-autorizacion-del-glifosato-en-la-ue\/","name":"La Comisi\u00f3n Europea publica la propuesta de renovaci\u00f3n de la autorizaci\u00f3n del glifosato en la UE - Glyphosate Renewal Group","isPartOf":{"@id":"https:\/\/www.glyphosate.eu\/#website"},"primaryImageOfPage":{"@id":"https:\/\/www.glyphosate.eu\/es\/grg\/novedades\/la-comision-europea-publica-la-propuesta-de-renovacion-de-la-autorizacion-del-glifosato-en-la-ue\/#primaryimage"},"image":{"@id":"https:\/\/www.glyphosate.eu\/es\/grg\/novedades\/la-comision-europea-publica-la-propuesta-de-renovacion-de-la-autorizacion-del-glifosato-en-la-ue\/#primaryimage"},"thumbnailUrl":"https:\/\/www.glyphosate.eu\/app\/uploads\/2023\/09\/shutterstock_1667334496-scaled.jpg","datePublished":"2023-09-22T11:04:35+00:00","dateModified":"2023-09-22T11:06:09+00:00","breadcrumb":{"@id":"https:\/\/www.glyphosate.eu\/es\/grg\/novedades\/la-comision-europea-publica-la-propuesta-de-renovacion-de-la-autorizacion-del-glifosato-en-la-ue\/#breadcrumb"},"inLanguage":"es-ES","potentialAction":[{"@type":"ReadAction","target":["https:\/\/www.glyphosate.eu\/es\/grg\/novedades\/la-comision-europea-publica-la-propuesta-de-renovacion-de-la-autorizacion-del-glifosato-en-la-ue\/"]}]},{"@type":"ImageObject","inLanguage":"es-ES","@id":"https:\/\/www.glyphosate.eu\/es\/grg\/novedades\/la-comision-europea-publica-la-propuesta-de-renovacion-de-la-autorizacion-del-glifosato-en-la-ue\/#primaryimage","url":"https:\/\/www.glyphosate.eu\/app\/uploads\/2023\/09\/shutterstock_1667334496-scaled.jpg","contentUrl":"https:\/\/www.glyphosate.eu\/app\/uploads\/2023\/09\/shutterstock_1667334496-scaled.jpg","width":2560,"height":1646},{"@type":"BreadcrumbList","@id":"https:\/\/www.glyphosate.eu\/es\/grg\/novedades\/la-comision-europea-publica-la-propuesta-de-renovacion-de-la-autorizacion-del-glifosato-en-la-ue\/#breadcrumb","itemListElement":[{"@type":"ListItem","position":1,"name":"Whats New &#8211; DONT DELETE","item":"https:\/\/www.glyphosate.eu\/es\/grg\/"},{"@type":"ListItem","position":2,"name":"Novedades","item":"https:\/\/www.glyphosate.eu\/es\/grg\/novedades\/"},{"@type":"ListItem","position":3,"name":"La Comisi\u00f3n Europea publica la propuesta de renovaci\u00f3n de la autorizaci\u00f3n del glifosato en la UE"}]},{"@type":"WebSite","@id":"https:\/\/www.glyphosate.eu\/#website","url":"https:\/\/www.glyphosate.eu\/","name":"Glyphosate Renewal Group","description":"Just another WordPress site","potentialAction":[{"@type":"SearchAction","target":{"@type":"EntryPoint","urlTemplate":"https:\/\/www.glyphosate.eu\/?s={search_term_string}"},"query-input":{"@type":"PropertyValueSpecification","valueRequired":true,"valueName":"search_term_string"}}],"inLanguage":"es-ES"}]}},"_links":{"self":[{"href":"https:\/\/www.glyphosate.eu\/es\/wp-json\/wp\/v2\/pages\/34820","targetHints":{"allow":["GET"]}}],"collection":[{"href":"https:\/\/www.glyphosate.eu\/es\/wp-json\/wp\/v2\/pages"}],"about":[{"href":"https:\/\/www.glyphosate.eu\/es\/wp-json\/wp\/v2\/types\/page"}],"author":[{"embeddable":true,"href":"https:\/\/www.glyphosate.eu\/es\/wp-json\/wp\/v2\/users\/3"}],"replies":[{"embeddable":true,"href":"https:\/\/www.glyphosate.eu\/es\/wp-json\/wp\/v2\/comments?post=34820"}],"version-history":[{"count":3,"href":"https:\/\/www.glyphosate.eu\/es\/wp-json\/wp\/v2\/pages\/34820\/revisions"}],"predecessor-version":[{"id":34823,"href":"https:\/\/www.glyphosate.eu\/es\/wp-json\/wp\/v2\/pages\/34820\/revisions\/34823"}],"up":[{"embeddable":true,"href":"https:\/\/www.glyphosate.eu\/es\/wp-json\/wp\/v2\/pages\/18858"}],"wp:featuredmedia":[{"embeddable":true,"href":"https:\/\/www.glyphosate.eu\/es\/wp-json\/wp\/v2\/media\/34800"}],"wp:attachment":[{"href":"https:\/\/www.glyphosate.eu\/es\/wp-json\/wp\/v2\/media?parent=34820"}],"curies":[{"name":"wp","href":"https:\/\/api.w.org\/{rel}","templated":true}]}}