{"id":34101,"date":"2022-12-05T07:48:20","date_gmt":"2022-12-05T07:48:20","guid":{"rendered":"https:\/\/www.glyphosate.eu\/grg\/novedades\/the-commission-adopted-a-one-year-authorisation-extension\/"},"modified":"2022-12-05T09:23:15","modified_gmt":"2022-12-05T09:23:15","slug":"the-commission-adopted-a-one-year-authorisation-extension","status":"publish","type":"page","link":"https:\/\/www.glyphosate.eu\/es\/grg\/novedades\/the-commission-adopted-a-one-year-authorisation-extension\/","title":{"rendered":"La Comisi\u00f3n Europea extiende la autorizaci\u00f3n por un a\u00f1o"},"content":{"rendered":"","protected":false},"excerpt":{"rendered":"","protected":false},"author":3,"featured_media":28597,"parent":18858,"menu_order":82,"comment_status":"closed","ping_status":"closed","template":"views\/template-content-page.blade.php","meta":{"_acf_changed":false,"inline_featured_image":false,"footnotes":""},"class_list":["post-34101","page","type-page","status-publish","has-post-thumbnail","hentry"],"acf":[],"yoast_head":"<!-- This site is optimized with the Yoast SEO plugin v27.3 - https:\/\/yoast.com\/product\/yoast-seo-wordpress\/ -->\n<title>La Comisi\u00f3n Europea extiende la autorizaci\u00f3n por un a\u00f1o - Glyphosate Renewal Group<\/title>\n<meta name=\"robots\" content=\"index, follow, max-snippet:-1, max-image-preview:large, max-video-preview:-1\" \/>\n<link rel=\"canonical\" href=\"https:\/\/www.glyphosate.eu\/es\/grg\/novedades\/the-commission-adopted-a-one-year-authorisation-extension\/\" \/>\n<meta property=\"og:locale\" content=\"es_ES\" \/>\n<meta property=\"og:type\" content=\"article\" \/>\n<meta property=\"og:title\" content=\"La Comisi\u00f3n Europea extiende la autorizaci\u00f3n por un a\u00f1o - Glyphosate Renewal Group\" \/>\n<meta property=\"og:url\" content=\"https:\/\/www.glyphosate.eu\/es\/grg\/novedades\/the-commission-adopted-a-one-year-authorisation-extension\/\" \/>\n<meta property=\"og:site_name\" content=\"Glyphosate Renewal Group\" \/>\n<meta property=\"article:modified_time\" content=\"2022-12-05T09:23:15+00:00\" \/>\n<meta property=\"og:image\" content=\"https:\/\/www.glyphosate.eu\/app\/uploads\/2022\/03\/notification-.png\" \/>\n\t<meta property=\"og:image:width\" content=\"417\" \/>\n\t<meta property=\"og:image:height\" content=\"417\" \/>\n\t<meta property=\"og:image:type\" content=\"image\/png\" \/>\n<meta name=\"twitter:card\" content=\"summary_large_image\" \/>\n<script type=\"application\/ld+json\" class=\"yoast-schema-graph\">{\"@context\":\"https:\\\/\\\/schema.org\",\"@graph\":[{\"@type\":\"WebPage\",\"@id\":\"https:\\\/\\\/www.glyphosate.eu\\\/es\\\/grg\\\/novedades\\\/the-commission-adopted-a-one-year-authorisation-extension\\\/\",\"url\":\"https:\\\/\\\/www.glyphosate.eu\\\/es\\\/grg\\\/novedades\\\/the-commission-adopted-a-one-year-authorisation-extension\\\/\",\"name\":\"La Comisi\u00f3n Europea extiende la autorizaci\u00f3n por un a\u00f1o - Glyphosate Renewal Group\",\"isPartOf\":{\"@id\":\"https:\\\/\\\/www.glyphosate.eu\\\/#website\"},\"primaryImageOfPage\":{\"@id\":\"https:\\\/\\\/www.glyphosate.eu\\\/es\\\/grg\\\/novedades\\\/the-commission-adopted-a-one-year-authorisation-extension\\\/#primaryimage\"},\"image\":{\"@id\":\"https:\\\/\\\/www.glyphosate.eu\\\/es\\\/grg\\\/novedades\\\/the-commission-adopted-a-one-year-authorisation-extension\\\/#primaryimage\"},\"thumbnailUrl\":\"https:\\\/\\\/www.glyphosate.eu\\\/app\\\/uploads\\\/2022\\\/03\\\/notification-.png\",\"datePublished\":\"2022-12-05T07:48:20+00:00\",\"dateModified\":\"2022-12-05T09:23:15+00:00\",\"breadcrumb\":{\"@id\":\"https:\\\/\\\/www.glyphosate.eu\\\/es\\\/grg\\\/novedades\\\/the-commission-adopted-a-one-year-authorisation-extension\\\/#breadcrumb\"},\"inLanguage\":\"es-ES\",\"potentialAction\":[{\"@type\":\"ReadAction\",\"target\":[\"https:\\\/\\\/www.glyphosate.eu\\\/es\\\/grg\\\/novedades\\\/the-commission-adopted-a-one-year-authorisation-extension\\\/\"]}]},{\"@type\":\"ImageObject\",\"inLanguage\":\"es-ES\",\"@id\":\"https:\\\/\\\/www.glyphosate.eu\\\/es\\\/grg\\\/novedades\\\/the-commission-adopted-a-one-year-authorisation-extension\\\/#primaryimage\",\"url\":\"https:\\\/\\\/www.glyphosate.eu\\\/app\\\/uploads\\\/2022\\\/03\\\/notification-.png\",\"contentUrl\":\"https:\\\/\\\/www.glyphosate.eu\\\/app\\\/uploads\\\/2022\\\/03\\\/notification-.png\",\"width\":417,\"height\":417},{\"@type\":\"BreadcrumbList\",\"@id\":\"https:\\\/\\\/www.glyphosate.eu\\\/es\\\/grg\\\/novedades\\\/the-commission-adopted-a-one-year-authorisation-extension\\\/#breadcrumb\",\"itemListElement\":[{\"@type\":\"ListItem\",\"position\":1,\"name\":\"Whats New &#8211; DONT DELETE\",\"item\":\"https:\\\/\\\/www.glyphosate.eu\\\/es\\\/grg\\\/\"},{\"@type\":\"ListItem\",\"position\":2,\"name\":\"Novedades\",\"item\":\"https:\\\/\\\/www.glyphosate.eu\\\/es\\\/grg\\\/novedades\\\/\"},{\"@type\":\"ListItem\",\"position\":3,\"name\":\"La Comisi\u00f3n Europea extiende la autorizaci\u00f3n por un a\u00f1o\"}]},{\"@type\":\"WebSite\",\"@id\":\"https:\\\/\\\/www.glyphosate.eu\\\/#website\",\"url\":\"https:\\\/\\\/www.glyphosate.eu\\\/\",\"name\":\"Glyphosate Renewal Group\",\"description\":\"Just another WordPress site\",\"potentialAction\":[{\"@type\":\"SearchAction\",\"target\":{\"@type\":\"EntryPoint\",\"urlTemplate\":\"https:\\\/\\\/www.glyphosate.eu\\\/?s={search_term_string}\"},\"query-input\":{\"@type\":\"PropertyValueSpecification\",\"valueRequired\":true,\"valueName\":\"search_term_string\"}}],\"inLanguage\":\"es-ES\"}]}<\/script>\n<!-- \/ Yoast SEO plugin. -->","yoast_head_json":{"title":"La Comisi\u00f3n Europea extiende la autorizaci\u00f3n por un a\u00f1o - Glyphosate Renewal Group","robots":{"index":"index","follow":"follow","max-snippet":"max-snippet:-1","max-image-preview":"max-image-preview:large","max-video-preview":"max-video-preview:-1"},"canonical":"https:\/\/www.glyphosate.eu\/es\/grg\/novedades\/the-commission-adopted-a-one-year-authorisation-extension\/","og_locale":"es_ES","og_type":"article","og_title":"La Comisi\u00f3n Europea extiende la autorizaci\u00f3n por un a\u00f1o - Glyphosate Renewal Group","og_url":"https:\/\/www.glyphosate.eu\/es\/grg\/novedades\/the-commission-adopted-a-one-year-authorisation-extension\/","og_site_name":"Glyphosate Renewal Group","article_modified_time":"2022-12-05T09:23:15+00:00","og_image":[{"width":417,"height":417,"url":"https:\/\/www.glyphosate.eu\/app\/uploads\/2022\/03\/notification-.png","type":"image\/png"}],"twitter_card":"summary_large_image","schema":{"@context":"https:\/\/schema.org","@graph":[{"@type":"WebPage","@id":"https:\/\/www.glyphosate.eu\/es\/grg\/novedades\/the-commission-adopted-a-one-year-authorisation-extension\/","url":"https:\/\/www.glyphosate.eu\/es\/grg\/novedades\/the-commission-adopted-a-one-year-authorisation-extension\/","name":"La Comisi\u00f3n Europea extiende la autorizaci\u00f3n por un a\u00f1o - Glyphosate Renewal Group","isPartOf":{"@id":"https:\/\/www.glyphosate.eu\/#website"},"primaryImageOfPage":{"@id":"https:\/\/www.glyphosate.eu\/es\/grg\/novedades\/the-commission-adopted-a-one-year-authorisation-extension\/#primaryimage"},"image":{"@id":"https:\/\/www.glyphosate.eu\/es\/grg\/novedades\/the-commission-adopted-a-one-year-authorisation-extension\/#primaryimage"},"thumbnailUrl":"https:\/\/www.glyphosate.eu\/app\/uploads\/2022\/03\/notification-.png","datePublished":"2022-12-05T07:48:20+00:00","dateModified":"2022-12-05T09:23:15+00:00","breadcrumb":{"@id":"https:\/\/www.glyphosate.eu\/es\/grg\/novedades\/the-commission-adopted-a-one-year-authorisation-extension\/#breadcrumb"},"inLanguage":"es-ES","potentialAction":[{"@type":"ReadAction","target":["https:\/\/www.glyphosate.eu\/es\/grg\/novedades\/the-commission-adopted-a-one-year-authorisation-extension\/"]}]},{"@type":"ImageObject","inLanguage":"es-ES","@id":"https:\/\/www.glyphosate.eu\/es\/grg\/novedades\/the-commission-adopted-a-one-year-authorisation-extension\/#primaryimage","url":"https:\/\/www.glyphosate.eu\/app\/uploads\/2022\/03\/notification-.png","contentUrl":"https:\/\/www.glyphosate.eu\/app\/uploads\/2022\/03\/notification-.png","width":417,"height":417},{"@type":"BreadcrumbList","@id":"https:\/\/www.glyphosate.eu\/es\/grg\/novedades\/the-commission-adopted-a-one-year-authorisation-extension\/#breadcrumb","itemListElement":[{"@type":"ListItem","position":1,"name":"Whats New &#8211; DONT DELETE","item":"https:\/\/www.glyphosate.eu\/es\/grg\/"},{"@type":"ListItem","position":2,"name":"Novedades","item":"https:\/\/www.glyphosate.eu\/es\/grg\/novedades\/"},{"@type":"ListItem","position":3,"name":"La Comisi\u00f3n Europea extiende la autorizaci\u00f3n por un a\u00f1o"}]},{"@type":"WebSite","@id":"https:\/\/www.glyphosate.eu\/#website","url":"https:\/\/www.glyphosate.eu\/","name":"Glyphosate Renewal Group","description":"Just another WordPress site","potentialAction":[{"@type":"SearchAction","target":{"@type":"EntryPoint","urlTemplate":"https:\/\/www.glyphosate.eu\/?s={search_term_string}"},"query-input":{"@type":"PropertyValueSpecification","valueRequired":true,"valueName":"search_term_string"}}],"inLanguage":"es-ES"}]}},"_links":{"self":[{"href":"https:\/\/www.glyphosate.eu\/es\/wp-json\/wp\/v2\/pages\/34101","targetHints":{"allow":["GET"]}}],"collection":[{"href":"https:\/\/www.glyphosate.eu\/es\/wp-json\/wp\/v2\/pages"}],"about":[{"href":"https:\/\/www.glyphosate.eu\/es\/wp-json\/wp\/v2\/types\/page"}],"author":[{"embeddable":true,"href":"https:\/\/www.glyphosate.eu\/es\/wp-json\/wp\/v2\/users\/3"}],"replies":[{"embeddable":true,"href":"https:\/\/www.glyphosate.eu\/es\/wp-json\/wp\/v2\/comments?post=34101"}],"version-history":[{"count":4,"href":"https:\/\/www.glyphosate.eu\/es\/wp-json\/wp\/v2\/pages\/34101\/revisions"}],"predecessor-version":[{"id":34109,"href":"https:\/\/www.glyphosate.eu\/es\/wp-json\/wp\/v2\/pages\/34101\/revisions\/34109"}],"up":[{"embeddable":true,"href":"https:\/\/www.glyphosate.eu\/es\/wp-json\/wp\/v2\/pages\/18858"}],"wp:featuredmedia":[{"embeddable":true,"href":"https:\/\/www.glyphosate.eu\/es\/wp-json\/wp\/v2\/media\/28597"}],"wp:attachment":[{"href":"https:\/\/www.glyphosate.eu\/es\/wp-json\/wp\/v2\/media?parent=34101"}],"curies":[{"name":"wp","href":"https:\/\/api.w.org\/{rel}","templated":true}]}}